{"id":8687,"date":"2020-08-13T08:13:08","date_gmt":"2020-08-13T08:13:08","guid":{"rendered":"https:\/\/inzainox.com\/telechargements\/"},"modified":"2026-03-30T12:01:27","modified_gmt":"2026-03-30T12:01:27","slug":"telechargements","status":"publish","type":"page","link":"https:\/\/inzainox.com\/fr\/telechargements\/","title":{"rendered":"T\u00e9l\u00e9chargements"},"content":{"rendered":"\t\t<div data-elementor-type=\"wp-post\" data-elementor-id=\"8687\" class=\"elementor elementor-8687 elementor-725\">\n\t\t\t\t\t\t<section class=\"elementor-section elementor-top-section elementor-element elementor-element-80acb2f elementor-section-content-middle elementor-section-boxed elementor-section-height-default elementor-section-height-default\" data-id=\"80acb2f\" data-element_type=\"section\" data-e-type=\"section\">\n\t\t\t\t\t\t<div class=\"elementor-container elementor-column-gap-default\">\n\t\t\t\t\t<div class=\"elementor-column elementor-col-100 elementor-top-column elementor-element elementor-element-1403654\" data-id=\"1403654\" data-element_type=\"column\" data-e-type=\"column\">\n\t\t\t<div class=\"elementor-widget-wrap elementor-element-populated\">\n\t\t\t\t\t\t<div class=\"elementor-element elementor-element-e633d8e elementor-widget elementor-widget-text-editor\" data-id=\"e633d8e\" data-element_type=\"widget\" data-e-type=\"widget\" data-widget_type=\"text-editor.default\">\n\t\t\t\t<div class=\"elementor-widget-container\">\n\t\t\t\t\t\t\t\t\t<h1 style=\"text-align: center;\"><a class=\"aligncenter\" href=\"https:\/\/inzainox.com\/wp-content\/uploads\/2023\/06\/Catalogo-general-INZA-2023.pdf\">CATALOGUE INZA DRAINAGE INDUSTRIEL 2026<\/a><\/h1>\t\t\t\t\t\t\t\t<\/div>\n\t\t\t\t<\/div>\n\t\t\t\t<div class=\"elementor-element elementor-element-44f347d elementor-widget elementor-widget-text-editor\" data-id=\"44f347d\" data-element_type=\"widget\" data-e-type=\"widget\" data-widget_type=\"text-editor.default\">\n\t\t\t\t<div class=\"elementor-widget-container\">\n\t\t\t\t\t\t\t\t\t<h2>Les produits Inza Inox S.L.<\/h2><p>Le catalogue d\u2019Inza Inox S.L. est une vitrine remarquable de notre large gamme de produits fabriqu\u00e9s en acier inoxydable, sp\u00e9cialis\u00e9s dans les caniveaux et siphons de sol pour l\u2019industrie agroalimentaire. Notre objectif principal est de fournir des solutions de qualit\u00e9, durables et \u00e0 hautes performances, conformes aux normes les plus strictes en mati\u00e8re d\u2019hygi\u00e8ne et de s\u00e9curit\u00e9 alimentaire. <\/p><p>Nos caniveaux et siphons de sol en acier inoxydable sont soigneusement con\u00e7us pour r\u00e9pondre aux besoins sp\u00e9cifiques de l\u2019industrie agroalimentaire. Nous proposons une vari\u00e9t\u00e9 de conceptions et de dimensions adapt\u00e9es \u00e0 diff\u00e9rents environnements de transformation et de production. Ces produits sont fabriqu\u00e9s en acier inoxydable de premi\u00e8re qualit\u00e9, garantissant leur r\u00e9sistance \u00e0 la corrosion, leur durabilit\u00e9 et leur facilit\u00e9 de nettoyage.  <\/p><p>L\u2019hygi\u00e8ne est un aspect essentiel dans l\u2019industrie agroalimentaire ; c\u2019est pourquoi nos caniveaux et siphons de sol sont con\u00e7us pour faciliter le nettoyage et pr\u00e9venir l\u2019accumulation de r\u00e9sidus et de bact\u00e9ries. La surface lisse de l\u2019acier inoxydable emp\u00eache l\u2019adh\u00e9rence des salissures, facilite l\u2019entretien et r\u00e9pond aux normes les plus strictes de qualit\u00e9 et de s\u00e9curit\u00e9 alimentaire. <\/p><p>Au-del\u00e0 de leur fonctionnalit\u00e9 et de leur r\u00e9sistance, nous proposons dans notre catalogue des options personnalis\u00e9es afin de nous adapter aux besoins sp\u00e9cifiques de chaque client. Notre \u00e9quipe d\u2019experts travaille en \u00e9troite collaboration avec les clients pour comprendre leurs exigences et proposer des solutions sur mesure qui optimisent leurs processus de production. <\/p><p>En r\u00e9sum\u00e9, le catalogue d\u2019Inza Inox S.L. refl\u00e8te notre engagement \u00e0 fournir des caniveaux et siphons de sol en acier inoxydable de haute qualit\u00e9 pour l\u2019industrie agroalimentaire. Nous nous engageons \u00e0 offrir des solutions fiables, durables et s\u00fbres, conformes aux normes les plus strictes en mati\u00e8re d\u2019hygi\u00e8ne et de qualit\u00e9 alimentaire. Faites-nous confiance pour r\u00e9pondre \u00e0 vos besoins et d\u00e9passer vos attentes dans le domaine du drainage et du traitement des liquides au sein de l\u2019industrie agroalimentaire.  <\/p>\t\t\t\t\t\t\t\t<\/div>\n\t\t\t\t<\/div>\n\t\t\t\t<div class=\"elementor-element elementor-element-ec732f6 elementor-widget elementor-widget-text-editor\" data-id=\"ec732f6\" data-element_type=\"widget\" data-e-type=\"widget\" data-widget_type=\"text-editor.default\">\n\t\t\t\t<div class=\"elementor-widget-container\">\n\t\t\t\t\t\t\t\t\t<h2>FICHES TECHNIQUES<\/h2>\t\t\t\t\t\t\t\t<\/div>\n\t\t\t\t<\/div>\n\t\t\t\t\t<\/div>\n\t\t<\/div>\n\t\t\t\t\t<\/div>\n\t\t<\/section>\n\t\t\t\t<\/div>\n\t\t","protected":false},"excerpt":{"rendered":"<p>CATALOGUE INZA DRAINAGE INDUSTRIEL 2026 Les produits Inza Inox S.L. Le catalogue d\u2019Inza Inox S.L. est une vitrine remarquable de notre large gamme de produits fabriqu\u00e9s en acier inoxydable, sp\u00e9cialis\u00e9s dans les caniveaux et siphons de sol pour l\u2019industrie agroalimentaire. Notre objectif principal est de fournir des solutions de qualit\u00e9, durables et \u00e0 hautes performances, &#8230; <a title=\"T\u00e9l\u00e9chargements\" class=\"read-more\" href=\"https:\/\/inzainox.com\/fr\/telechargements\/\" aria-label=\"En savoir plus sur T\u00e9l\u00e9chargements\">Lire la suite<\/a><\/p>\n","protected":false},"author":1,"featured_media":0,"parent":0,"menu_order":0,"comment_status":"closed","ping_status":"closed","template":"","meta":{"footnotes":""},"class_list":["post-8687","page","type-page","status-publish"],"yoast_head":"<!-- This site is optimized with the Yoast SEO plugin v27.1.1 - https:\/\/yoast.com\/product\/yoast-seo-wordpress\/ -->\n<title>T\u00e9l\u00e9chargements - Caniveaux et siphons en acier inoxydable Inza. Drainage inox pour l\u2019industrie<\/title>\n<meta name=\"robots\" content=\"index, follow, max-snippet:-1, max-image-preview:large, max-video-preview:-1\" \/>\n<link rel=\"canonical\" href=\"https:\/\/inzainox.com\/fr\/telechargements\/\" \/>\n<meta property=\"og:locale\" content=\"fr_FR\" \/>\n<meta property=\"og:type\" content=\"article\" \/>\n<meta property=\"og:title\" content=\"T\u00e9l\u00e9chargements - Caniveaux et siphons en acier inoxydable Inza. Drainage inox pour l\u2019industrie\" \/>\n<meta property=\"og:description\" content=\"CATALOGUE INZA DRAINAGE INDUSTRIEL 2026 Les produits Inza Inox S.L. Le catalogue d\u2019Inza Inox S.L. est une vitrine remarquable de notre large gamme de produits fabriqu\u00e9s en acier inoxydable, sp\u00e9cialis\u00e9s dans les caniveaux et siphons de sol pour l\u2019industrie agroalimentaire. Notre objectif principal est de fournir des solutions de qualit\u00e9, durables et \u00e0 hautes performances, ... Lire la suite\" \/>\n<meta property=\"og:url\" content=\"https:\/\/inzainox.com\/fr\/telechargements\/\" \/>\n<meta property=\"og:site_name\" content=\"Caniveaux et siphons en acier inoxydable Inza. Drainage inox pour l\u2019industrie\" \/>\n<meta property=\"article:modified_time\" content=\"2026-03-30T12:01:27+00:00\" \/>\n<meta property=\"og:image\" content=\"https:\/\/inzainox.com\/wp-content\/uploads\/2026\/02\/Canales-de-Acero-Inoxidable.png\" \/>\n\t<meta property=\"og:image:width\" content=\"350\" \/>\n\t<meta property=\"og:image:height\" content=\"613\" \/>\n\t<meta property=\"og:image:type\" content=\"image\/png\" \/>\n<meta name=\"twitter:card\" content=\"summary_large_image\" \/>\n<meta name=\"twitter:label1\" content=\"Dur\u00e9e de lecture estim\u00e9e\" \/>\n\t<meta name=\"twitter:data1\" content=\"2 minutes\" \/>\n<!-- \/ Yoast SEO plugin. -->","yoast_head_json":{"title":"T\u00e9l\u00e9chargements - Caniveaux et siphons en acier inoxydable Inza. Drainage inox pour l\u2019industrie","robots":{"index":"index","follow":"follow","max-snippet":"max-snippet:-1","max-image-preview":"max-image-preview:large","max-video-preview":"max-video-preview:-1"},"canonical":"https:\/\/inzainox.com\/fr\/telechargements\/","og_locale":"fr_FR","og_type":"article","og_title":"T\u00e9l\u00e9chargements - Caniveaux et siphons en acier inoxydable Inza. Drainage inox pour l\u2019industrie","og_description":"CATALOGUE INZA DRAINAGE INDUSTRIEL 2026 Les produits Inza Inox S.L. Le catalogue d\u2019Inza Inox S.L. est une vitrine remarquable de notre large gamme de produits fabriqu\u00e9s en acier inoxydable, sp\u00e9cialis\u00e9s dans les caniveaux et siphons de sol pour l\u2019industrie agroalimentaire. Notre objectif principal est de fournir des solutions de qualit\u00e9, durables et \u00e0 hautes performances, ... Lire la suite","og_url":"https:\/\/inzainox.com\/fr\/telechargements\/","og_site_name":"Caniveaux et siphons en acier inoxydable Inza. Drainage inox pour l\u2019industrie","article_modified_time":"2026-03-30T12:01:27+00:00","og_image":[{"width":350,"height":613,"url":"https:\/\/inzainox.com\/wp-content\/uploads\/2026\/02\/Canales-de-Acero-Inoxidable.png","type":"image\/png"}],"twitter_card":"summary_large_image","twitter_misc":{"Dur\u00e9e de lecture estim\u00e9e":"2 minutes"},"schema":{"@context":"https:\/\/schema.org","@graph":[{"@type":"WebPage","@id":"https:\/\/inzainox.com\/fr\/telechargements\/","url":"https:\/\/inzainox.com\/fr\/telechargements\/","name":"T\u00e9l\u00e9chargements - Caniveaux et siphons en acier inoxydable Inza. Drainage inox pour l\u2019industrie","isPartOf":{"@id":"https:\/\/inzainox.com\/fr\/#website"},"datePublished":"2020-08-13T08:13:08+00:00","dateModified":"2026-03-30T12:01:27+00:00","breadcrumb":{"@id":"https:\/\/inzainox.com\/fr\/telechargements\/#breadcrumb"},"inLanguage":"fr-FR","potentialAction":[{"@type":"ReadAction","target":["https:\/\/inzainox.com\/fr\/telechargements\/"]}]},{"@type":"BreadcrumbList","@id":"https:\/\/inzainox.com\/fr\/telechargements\/#breadcrumb","itemListElement":[{"@type":"ListItem","position":1,"name":"Accueil","item":"https:\/\/inzainox.com\/fr\/nouvel-accueil\/"},{"@type":"ListItem","position":2,"name":"T\u00e9l\u00e9chargements"}]},{"@type":"WebSite","@id":"https:\/\/inzainox.com\/fr\/#website","url":"https:\/\/inzainox.com\/fr\/","name":"Caniveaux et siphons en acier inoxydable Inza. Drainage inox pour l\u2019industrie","description":"Drainage en acier inoxydable pour l\u2019industrie","publisher":{"@id":"https:\/\/inzainox.com\/fr\/#organization"},"alternateName":"Inza Inox","potentialAction":[{"@type":"SearchAction","target":{"@type":"EntryPoint","urlTemplate":"https:\/\/inzainox.com\/fr\/?s={search_term_string}"},"query-input":{"@type":"PropertyValueSpecification","valueRequired":true,"valueName":"search_term_string"}}],"inLanguage":"fr-FR"},{"@type":"Organization","@id":"https:\/\/inzainox.com\/fr\/#organization","name":"Inza Inox S.L.","alternateName":"Inza","url":"https:\/\/inzainox.com\/fr\/","logo":{"@type":"ImageObject","inLanguage":"fr-FR","@id":"https:\/\/inzainox.com\/fr\/#\/schema\/logo\/image\/","url":"https:\/\/inzainox.com\/wp-content\/uploads\/2020\/05\/cropped-NUEVA-INZA-2-5.png","contentUrl":"https:\/\/inzainox.com\/wp-content\/uploads\/2020\/05\/cropped-NUEVA-INZA-2-5.png","width":549,"height":264,"caption":"Inza Inox S.L."},"image":{"@id":"https:\/\/inzainox.com\/fr\/#\/schema\/logo\/image\/"}}]}},"_links":{"self":[{"href":"https:\/\/inzainox.com\/fr\/wp-json\/wp\/v2\/pages\/8687","targetHints":{"allow":["GET"]}}],"collection":[{"href":"https:\/\/inzainox.com\/fr\/wp-json\/wp\/v2\/pages"}],"about":[{"href":"https:\/\/inzainox.com\/fr\/wp-json\/wp\/v2\/types\/page"}],"author":[{"embeddable":true,"href":"https:\/\/inzainox.com\/fr\/wp-json\/wp\/v2\/users\/1"}],"replies":[{"embeddable":true,"href":"https:\/\/inzainox.com\/fr\/wp-json\/wp\/v2\/comments?post=8687"}],"version-history":[{"count":1,"href":"https:\/\/inzainox.com\/fr\/wp-json\/wp\/v2\/pages\/8687\/revisions"}],"predecessor-version":[{"id":8688,"href":"https:\/\/inzainox.com\/fr\/wp-json\/wp\/v2\/pages\/8687\/revisions\/8688"}],"wp:attachment":[{"href":"https:\/\/inzainox.com\/fr\/wp-json\/wp\/v2\/media?parent=8687"}],"curies":[{"name":"wp","href":"https:\/\/api.w.org\/{rel}","templated":true}]}}