{"id":8548,"date":"2021-12-21T11:56:37","date_gmt":"2021-12-21T11:56:37","guid":{"rendered":"https:\/\/inzainox.com\/mentions-legales\/"},"modified":"2026-03-30T11:55:06","modified_gmt":"2026-03-30T11:55:06","slug":"mentions-legales","status":"publish","type":"page","link":"https:\/\/inzainox.com\/fr\/mentions-legales\/","title":{"rendered":"Mentions l\u00e9gales"},"content":{"rendered":"\t\t<div data-elementor-type=\"wp-page\" data-elementor-id=\"8548\" class=\"elementor elementor-8548 elementor-2188\">\n\t\t\t\t\t\t<section class=\"elementor-section elementor-top-section elementor-element elementor-element-70b13fe1 elementor-section-boxed elementor-section-height-default elementor-section-height-default\" data-id=\"70b13fe1\" data-element_type=\"section\" data-e-type=\"section\">\n\t\t\t\t\t\t<div class=\"elementor-container elementor-column-gap-default\">\n\t\t\t\t\t<div class=\"elementor-column elementor-col-100 elementor-top-column elementor-element elementor-element-3e7772bc\" data-id=\"3e7772bc\" data-element_type=\"column\" data-e-type=\"column\">\n\t\t\t<div class=\"elementor-widget-wrap elementor-element-populated\">\n\t\t\t\t\t\t<div class=\"elementor-element elementor-element-12219a8f elementor-widget elementor-widget-text-editor\" data-id=\"12219a8f\" data-element_type=\"widget\" data-e-type=\"widget\" data-widget_type=\"text-editor.default\">\n\t\t\t\t<div class=\"elementor-widget-container\">\n\t\t\t\t\t\t\t\t\t<p><strong>Mentions l\u00e9gales<\/strong><\/p><ol><li><strong>  DONN\u00c9ES D&rsquo;IDENTIFICATION<\/strong><\/li><\/ol><p>Conform\u00e9ment au devoir d&rsquo;information stipul\u00e9 \u00e0 l&rsquo;article 10 de la loi 34\/2002 du 11 juillet sur les services de la soci\u00e9t\u00e9 de l&rsquo;information et du commerce \u00e9lectronique, les donn\u00e9es suivantes sont pr\u00e9sent\u00e9es ci-dessous :<\/p><p>D\u00e9nomination sociale : Inza Inox, S.L.<\/p><p>Nom commercial : Inza<\/p><p>Si\u00e8ge social : C\/Mar\u00eda Auxiliadora 35, CP 28221 Majadahonda (Madrid)<\/p><p>CIF \/ NIF : B-16678591<\/p><p>E-mail : info@inzainox.com<\/p><p>Nom de domaine : inzainox.com<\/p><ol start=\"2\"><li><strong>  UTILISATEURS<\/strong><\/li><\/ol><p>L&rsquo;acc\u00e8s et\/ou l&rsquo;utilisation de ce portail d&rsquo;Inza attribue la condition d&rsquo;UTILISATEUR, qui accepte, d\u00e8s ledit acc\u00e8s et\/ou utilisation, les Conditions G\u00e9n\u00e9rales d&rsquo;Utilisation pr\u00e9sent\u00e9es ici. Lesdites conditions s&rsquo;appliqueront ind\u00e9pendamment des Conditions G\u00e9n\u00e9rales de Vente qui, le cas \u00e9ch\u00e9ant, seraient obligatoires. <\/p><ol start=\"3\"><li><strong>  UTILISATION DU PORTAIL<\/strong><\/li><\/ol><p>Inza donne acc\u00e8s \u00e0 une multitude d&rsquo;informations, de services, de programmes ou de donn\u00e9es (ci-apr\u00e8s, \u00ab les contenus \u00bb) sur Internet appartenant \u00e0 Inza ou \u00e0 ses conc\u00e9dants de licence auxquels l&rsquo;UTILISATEUR peut avoir acc\u00e8s. L&rsquo;UTILISATEUR assume la responsabilit\u00e9 de l&rsquo;utilisation du portail. Cette responsabilit\u00e9 s&rsquo;\u00e9tend \u00e0 l&rsquo;enregistrement qui pourrait \u00eatre n\u00e9cessaire pour acc\u00e9der \u00e0 certains services ou contenus. Lors de cet enregistrement, l&rsquo;UTILISATEUR sera responsable de fournir des informations v\u00e9ridiques et licites. \u00c0 la suite de cet enregistrement, l&rsquo;UTILISATEUR peut se voir attribuer un mot de passe dont il sera responsable, en s&rsquo;engageant \u00e0 en faire un usage diligent et confidentiel.    <\/p><p>L&rsquo;UTILISATEUR s&rsquo;engage \u00e0 faire un usage appropri\u00e9 des contenus qu&rsquo;Inza propose via son portail et, \u00e0 titre indicatif mais non limitatif, \u00e0 ne pas les utiliser pour (i) mener des activit\u00e9s illicites, ill\u00e9gales ou contraires \u00e0 la bonne foi et \u00e0 l&rsquo;ordre public ; (ii) diffuser des contenus ou de la propagande \u00e0 caract\u00e8re raciste, x\u00e9nophobe, pornographique ill\u00e9gal, d&rsquo;apologie du terrorisme ou portant atteinte aux droits de l&rsquo;homme ; (iii) causer des dommages aux syst\u00e8mes physiques et logiques d&rsquo;Inza, de ses fournisseurs ou de tiers, introduire ou diffuser sur le r\u00e9seau des virus informatiques ou tout autre syst\u00e8me physique ou logique susceptible de causer les dommages susmentionn\u00e9s ; (iv) tenter d&rsquo;acc\u00e9der et, le cas \u00e9ch\u00e9ant, d&rsquo;utiliser les comptes de courrier \u00e9lectronique d&rsquo;autres utilisateurs et de modifier ou manipuler leurs messages. Inza se r\u00e9serve le droit de retirer tous les commentaires et contributions qui violent le respect de la dignit\u00e9 de la personne, qui sont discriminatoires, x\u00e9nophobes, racistes, pornographiques, qui portent atteinte \u00e0 la jeunesse ou \u00e0 l&rsquo;enfance, \u00e0 l&rsquo;ordre ou \u00e0 la s\u00e9curit\u00e9 publique ou qui, selon son jugement, ne seraient pas appropri\u00e9s pour la publication. En tout \u00e9tat de cause, Inza ne sera pas responsable des opinions exprim\u00e9es par les utilisateurs \u00e0 travers les forums, chats ou autres outils de participation.      <\/p><ol start=\"4\"><li><strong>  PROTECTION DES DONN\u00c9ES<\/strong><\/li><\/ol><p data-path-to-node=\"4,1\">Inza respecte les directives du R\u00e8glement (UE) 2016\/679 du Parlement europ\u00e9en et du Conseil du 27 avril 2016 relatif \u00e0 la protection des personnes physiques (RGPD), ainsi que la loi organique 3\/2018 du 5 d\u00e9cembre relative \u00e0 la protection des donn\u00e9es personnelles et \u00e0 la garantie des droits num\u00e9riques (LOPDGDD), et toute autre r\u00e9glementation en vigueur \u00e0 tout moment, veillant \u00e0 garantir une utilisation et un traitement corrects des donn\u00e9es personnelles de l&rsquo;utilisateur.<\/p><p data-path-to-node=\"4,2\">\u00c0 cette fin, Inza met \u00e0 la disposition des utilisateurs la <span class=\"citation-147 citation-end-147\">Politique de Confidentialit\u00e9 de l&rsquo;entit\u00e9 informant les utilisateurs sur les aspects suivants :<\/span><\/p><div class=\"source-inline-chip-container ng-star-inserted\"> <\/div><ul data-path-to-node=\"4,3\"><li><p data-path-to-node=\"4,3,0,0\"><span class=\"citation-146 citation-end-146\">Coordonn\u00e9es du Responsable du traitement.<\/span><\/p><div class=\"source-inline-chip-container ng-star-inserted\"> <\/div><\/li><li><p data-path-to-node=\"4,3,1,0\"><span class=\"citation-145 citation-end-145\">Donn\u00e9es trait\u00e9es et finalit\u00e9 du traitement.<\/span><\/p><div class=\"source-inline-chip-container ng-star-inserted\"> <\/div><\/li><li><p data-path-to-node=\"4,3,2,0\"><span class=\"citation-144 citation-end-144\">Base l\u00e9gi<\/span>timante et dur\u00e9e de conservation des donn\u00e9es.<\/p><div class=\"source-inline-chip-container ng-star-inserted\"> <\/div><\/li><li><p data-path-to-node=\"4,3,3,0\">Caract\u00e8re obligatoire ou non de les fournir, ainsi que les cons\u00e9quences en cas de non-fourniture.<\/p><\/li><li><p data-path-to-node=\"4,3,4,0\">Sur les droits dont dispose tout utilisateur (acc\u00e8s, rectification, suppression, limitation, portabilit\u00e9 et opposition) et la proc\u00e9dure pour les exercer.<\/p><\/li><\/ul><ol start=\"5\"><li><strong>  PROPRI\u00c9T\u00c9 INTELLECTUELLE ET INDUSTRIELLE<\/strong><\/li><\/ol><p>Le site web, y compris, \u00e0 titre indicatif mais non limitatif, sa programmation, son \u00e9dition, sa compilation et les autres \u00e9l\u00e9ments n\u00e9cessaires \u00e0 son fonctionnement, les designs, logos, textes et\/ou graphiques sont la propri\u00e9t\u00e9 d&rsquo;Inza ou, le cas \u00e9ch\u00e9ant, celle-ci dispose d&rsquo;une licence ou d&rsquo;une autorisation expresse de la part des auteurs. Tous les contenus du site web sont d\u00fbment prot\u00e9g\u00e9s par la r\u00e9glementation sur la propri\u00e9t\u00e9 intellectuelle et industrielle, et inscrits dans les registres publics correspondants. <\/p><p>Ind\u00e9pendamment de la finalit\u00e9 \u00e0 laquelle ils sont destin\u00e9s, la reproduction totale ou partielle, l&rsquo;utilisation, l&rsquo;exploitation, la distribution et la commercialisation n\u00e9cessitent dans tous les cas l&rsquo;autorisation \u00e9crite pr\u00e9alable d&rsquo;Inza. Toute utilisation non autoris\u00e9e pr\u00e9alablement par Inza sera consid\u00e9r\u00e9e comme un manquement grave aux droits de propri\u00e9t\u00e9 intellectuelle ou industrielle de l&rsquo;auteur. <\/p><p>Les designs, logos, textes et\/ou graphiques n&rsquo;appartenant pas \u00e0 Inza et pouvant appara\u00eetre sur le site web appartiennent \u00e0 leurs propri\u00e9taires respectifs, ceux-ci \u00e9tant eux-m\u00eames responsables de toute controverse \u00e9ventuelle qui pourrait survenir \u00e0 leur sujet. En tout \u00e9tat de cause, le prestataire dispose de l&rsquo;autorisation expresse et pr\u00e9alable de ces derniers. <\/p><p>Inza autorise express\u00e9ment les tiers \u00e0 rediriger directement vers les contenus sp\u00e9cifiques du site web.<\/p><p>Inza reconna\u00eet en faveur de leurs titulaires les droits de propri\u00e9t\u00e9 industrielle et intellectuelle correspondants ; leur simple mention ou apparition sur le site web n&rsquo;implique ni l&rsquo;existence de droits ou d&rsquo;une quelconque responsabilit\u00e9 d&rsquo;Inza \u00e0 leur \u00e9gard, ni un soutien, un parrainage ou une recommandation de sa part.<\/p><p>Pour toute observation concernant d&rsquo;\u00e9ventuels manquements aux droits de propri\u00e9t\u00e9 intellectuelle ou industrielle, ainsi que sur l&rsquo;un des contenus du site web, vous pouvez le faire via l&rsquo;adresse e-mail suivante : info@inzainox.com<\/p><ol start=\"6\"><li><strong>  EXCLUSION DE GARANTIES ET DE RESPONSABILIT\u00c9<\/strong><\/li><\/ol><p>Inza d\u00e9cline toute responsabilit\u00e9 d\u00e9coulant des informations publi\u00e9es sur son site web, d\u00e8s lors que ces informations ont \u00e9t\u00e9 manipul\u00e9es ou introduites par un tiers ext\u00e9rieur \u00e0 celui-ci.<\/p><p>Le site web peut utiliser des cookies (petits fichiers d&rsquo;information que le serveur envoie \u00e0 l&rsquo;ordinateur de la personne acc\u00e9dant \u00e0 la page) pour effectuer certaines fonctions consid\u00e9r\u00e9es comme essentielles pour le bon fonctionnement et la visualisation du site. Les cookies utilis\u00e9s sur le site web ont, dans tous les cas, un caract\u00e8re temporaire dans le seul but de rendre leur transmission ult\u00e9rieure plus efficace et disparaissent \u00e0 la fin de la session de l&rsquo;utilisateur. En aucun cas les cookies ne seront utilis\u00e9s pour collecter des informations \u00e0 caract\u00e8re personnel.  <\/p><p>Depuis le site web, il est possible d&rsquo;\u00eatre redirig\u00e9 vers des contenus de sites web tiers. \u00c9tant donn\u00e9 qu&rsquo;Inza ne peut pas toujours contr\u00f4ler les contenus introduits par des tiers sur leurs sites web, elle n&rsquo;assume aucune responsabilit\u00e9 quant auxdits contenus. En tout \u00e9tat de cause, Inza d\u00e9clare qu&rsquo;elle proc\u00e9dera au retrait imm\u00e9diat de tout contenu susceptible de contrevenir \u00e0 la l\u00e9gislation nationale ou internationale, aux bonnes m\u0153urs ou \u00e0 l&rsquo;ordre public, en proc\u00e9dant au retrait imm\u00e9diat de la redirection vers ledit site web et en portant le contenu en question \u00e0 la connaissance des autorit\u00e9s comp\u00e9tentes.  <\/p><p>Inza n&rsquo;est pas responsable des informations et contenus stock\u00e9s, \u00e0 titre indicatif mais non limitatif, dans les forums, chats, g\u00e9n\u00e9rateurs de blogs, commentaires, r\u00e9seaux sociaux ou tout autre support permettant \u00e0 des tiers de publier des contenus de mani\u00e8re ind\u00e9pendante sur la page web. N\u00e9anmoins, et conform\u00e9ment aux dispositions des art. 11 et 16 de la LSSI-CE, le prestataire se tient \u00e0 la disposition de tous les utilisateurs, des autorit\u00e9s et des forces de s\u00e9curit\u00e9, en collaborant activement au retrait ou, le cas \u00e9ch\u00e9ant, au blocage de tous les contenus susceptibles d&rsquo;affecter ou de contrevenir \u00e0 la l\u00e9gislation nationale ou internationale, aux droits des tiers ou \u00e0 la morale et \u00e0 l&rsquo;ordre public. Si l&rsquo;utilisateur estime qu&rsquo;il existe sur le site web un contenu susceptible de faire l&rsquo;objet de cette classification, il est pri\u00e9 d&rsquo;en informer imm\u00e9diatement l&rsquo;administrateur du site web.  <\/p><p>Ce site web a \u00e9t\u00e9 r\u00e9vis\u00e9 et test\u00e9 pour fonctionner correctement. En principe, le bon fonctionnement peut \u00eatre garanti 365 jours par an, 24 heures sur 24. Toutefois, le prestataire n&rsquo;exclut pas la possibilit\u00e9 d&rsquo;erreurs de programmation, ou la survenance de cas de force majeure, de catastrophes naturelles, de gr\u00e8ves ou de circonstances similaires rendant l&rsquo;acc\u00e8s \u00e0 la page web impossible.  <\/p><ol start=\"7\"><li><strong>  MODIFICATIONS<\/strong><\/li><\/ol><p>Inza se r\u00e9serve le droit d&rsquo;effectuer sans pr\u00e9avis les modifications qu&rsquo;elle juge opportunes sur son portail, pouvant changer, supprimer ou ajouter tant les contenus et services fournis par son interm\u00e9diaire que la mani\u00e8re dont ceux-ci sont pr\u00e9sent\u00e9s ou localis\u00e9s sur son portail.<\/p><ol start=\"8\"><li><strong>  LIENS<\/strong><\/li><\/ol><p>Dans le cas o\u00f9 des liens ou hyperliens vers d&rsquo;autres sites Internet seraient mis \u00e0 disposition sous le nom de domaine, Inza n&rsquo;exercera aucun contr\u00f4le sur lesdits sites et contenus. En aucun cas Inza n&rsquo;assumera de responsabilit\u00e9 pour les contenus d&rsquo;un lien appartenant \u00e0 un site web tiers, ni ne garantira la disponibilit\u00e9 technique, la qualit\u00e9, la fiabilit\u00e9, l&rsquo;exactitude, l&rsquo;\u00e9tendue, la v\u00e9racit\u00e9, la validit\u00e9 et la constitutionnalit\u00e9 de tout mat\u00e9riel ou information contenu dans l&rsquo;un de ces hyperliens ou autres sites Internet. De m\u00eame, l&rsquo;inclusion de ces connexions externes n&rsquo;impliquera aucun type d&rsquo;association, de fusion ou de participation avec les entit\u00e9s connect\u00e9es.  <\/p><ol start=\"9\"><li><strong>  DROIT D&rsquo;EXCLUSION<\/strong><\/li><\/ol><p>Inza se r\u00e9serve le droit de refuser ou de retirer l&rsquo;acc\u00e8s au portail et\/ou aux services propos\u00e9s sans pr\u00e9avis, de sa propre initiative ou \u00e0 la demande d&rsquo;un tiers, aux utilisateurs qui ne respecteraient pas les pr\u00e9sentes Conditions G\u00e9n\u00e9rales d&rsquo;Utilisation.<\/p><ol start=\"10\"><li><strong>  G\u00c9N\u00c9RALIT\u00c9S<\/strong><\/li><\/ol><p>Inza poursuivra le non-respect des pr\u00e9sentes conditions ainsi que toute utilisation abusive de son portail en exer\u00e7ant toutes les actions civiles et p\u00e9nales qui pourraient lui correspondre en droit.<\/p><ol start=\"11\"><li><strong>  MODIFICATION DES PR\u00c9SENTES CONDITIONS ET DUR\u00c9E<\/strong><\/li><\/ol><p>Inza pourra modifier \u00e0 tout moment les conditions d\u00e9termin\u00e9es ici, celles-ci \u00e9tant d\u00fbment publi\u00e9es telles qu&rsquo;elles apparaissent ici. La validit\u00e9 desdites conditions d\u00e9pendra de leur exposition et elles seront en vigueur jusqu&rsquo;\u00e0 ce qu&rsquo;elles soient modifi\u00e9es par d&rsquo;autres d\u00fbment publi\u00e9es. <\/p><ol start=\"12\"><li><strong>  L\u00c9GISLATION APPLICABLE ET JURIDICTION<\/strong><\/li><\/ol><p>La relation entre Inza et l&rsquo;UTILISATEUR sera r\u00e9gie par la r\u00e9glementation espagnole en vigueur et tout litige sera soumis aux cours et tribunaux de Madrid.<\/p>\t\t\t\t\t\t\t\t<\/div>\n\t\t\t\t<\/div>\n\t\t\t\t\t<\/div>\n\t\t<\/div>\n\t\t\t\t\t<\/div>\n\t\t<\/section>\n\t\t\t\t<\/div>\n\t\t","protected":false},"excerpt":{"rendered":"<p>Mentions l\u00e9gales DONN\u00c9ES D&rsquo;IDENTIFICATION Conform\u00e9ment au devoir d&rsquo;information stipul\u00e9 \u00e0 l&rsquo;article 10 de la loi 34\/2002 du 11 juillet sur les services de la soci\u00e9t\u00e9 de l&rsquo;information et du commerce \u00e9lectronique, les donn\u00e9es suivantes sont pr\u00e9sent\u00e9es ci-dessous : D\u00e9nomination sociale : Inza Inox, S.L. Nom commercial : Inza Si\u00e8ge social : C\/Mar\u00eda Auxiliadora 35, CP &#8230; <a title=\"Mentions l\u00e9gales\" class=\"read-more\" href=\"https:\/\/inzainox.com\/fr\/mentions-legales\/\" aria-label=\"En savoir plus sur Mentions l\u00e9gales\">Lire la suite<\/a><\/p>\n","protected":false},"author":1,"featured_media":0,"parent":0,"menu_order":0,"comment_status":"closed","ping_status":"closed","template":"","meta":{"footnotes":""},"class_list":["post-8548","page","type-page","status-publish"],"yoast_head":"<!-- This site is optimized with the Yoast SEO plugin v27.1.1 - https:\/\/yoast.com\/product\/yoast-seo-wordpress\/ -->\n<title>Mentions l\u00e9gales - Caniveaux et siphons en acier inoxydable Inza. Drainage inox pour l\u2019industrie<\/title>\n<meta name=\"robots\" content=\"noindex, nofollow\" \/>\n<meta property=\"og:locale\" content=\"fr_FR\" \/>\n<meta property=\"og:type\" content=\"article\" \/>\n<meta property=\"og:title\" content=\"Mentions l\u00e9gales - Caniveaux et siphons en acier inoxydable Inza. Drainage inox pour l\u2019industrie\" \/>\n<meta property=\"og:description\" content=\"Mentions l\u00e9gales DONN\u00c9ES D&rsquo;IDENTIFICATION Conform\u00e9ment au devoir d&rsquo;information stipul\u00e9 \u00e0 l&rsquo;article 10 de la loi 34\/2002 du 11 juillet sur les services de la soci\u00e9t\u00e9 de l&rsquo;information et du commerce \u00e9lectronique, les donn\u00e9es suivantes sont pr\u00e9sent\u00e9es ci-dessous : D\u00e9nomination sociale : Inza Inox, S.L. Nom commercial : Inza Si\u00e8ge social : C\/Mar\u00eda Auxiliadora 35, CP ... Lire la suite\" \/>\n<meta property=\"og:url\" content=\"https:\/\/inzainox.com\/fr\/mentions-legales\/\" \/>\n<meta property=\"og:site_name\" content=\"Caniveaux et siphons en acier inoxydable Inza. Drainage inox pour l\u2019industrie\" \/>\n<meta property=\"article:modified_time\" content=\"2026-03-30T11:55:06+00:00\" \/>\n<meta property=\"og:image\" content=\"https:\/\/inzainox.com\/wp-content\/uploads\/2026\/02\/Canales-de-Acero-Inoxidable.png\" \/>\n\t<meta property=\"og:image:width\" content=\"350\" \/>\n\t<meta property=\"og:image:height\" content=\"613\" \/>\n\t<meta property=\"og:image:type\" content=\"image\/png\" \/>\n<meta name=\"twitter:card\" content=\"summary_large_image\" \/>\n<meta name=\"twitter:label1\" content=\"Dur\u00e9e de lecture estim\u00e9e\" \/>\n\t<meta name=\"twitter:data1\" content=\"8 minutes\" \/>\n<!-- \/ Yoast SEO plugin. -->","yoast_head_json":{"title":"Mentions l\u00e9gales - Caniveaux et siphons en acier inoxydable Inza. Drainage inox pour l\u2019industrie","robots":{"index":"noindex","follow":"nofollow"},"og_locale":"fr_FR","og_type":"article","og_title":"Mentions l\u00e9gales - Caniveaux et siphons en acier inoxydable Inza. Drainage inox pour l\u2019industrie","og_description":"Mentions l\u00e9gales DONN\u00c9ES D&rsquo;IDENTIFICATION Conform\u00e9ment au devoir d&rsquo;information stipul\u00e9 \u00e0 l&rsquo;article 10 de la loi 34\/2002 du 11 juillet sur les services de la soci\u00e9t\u00e9 de l&rsquo;information et du commerce \u00e9lectronique, les donn\u00e9es suivantes sont pr\u00e9sent\u00e9es ci-dessous : D\u00e9nomination sociale : Inza Inox, S.L. Nom commercial : Inza Si\u00e8ge social : C\/Mar\u00eda Auxiliadora 35, CP ... Lire la suite","og_url":"https:\/\/inzainox.com\/fr\/mentions-legales\/","og_site_name":"Caniveaux et siphons en acier inoxydable Inza. Drainage inox pour l\u2019industrie","article_modified_time":"2026-03-30T11:55:06+00:00","og_image":[{"width":350,"height":613,"url":"https:\/\/inzainox.com\/wp-content\/uploads\/2026\/02\/Canales-de-Acero-Inoxidable.png","type":"image\/png"}],"twitter_card":"summary_large_image","twitter_misc":{"Dur\u00e9e de lecture estim\u00e9e":"8 minutes"},"schema":{"@context":"https:\/\/schema.org","@graph":[{"@type":"WebPage","@id":"https:\/\/inzainox.com\/fr\/mentions-legales\/","url":"https:\/\/inzainox.com\/fr\/mentions-legales\/","name":"Mentions l\u00e9gales - Caniveaux et siphons en acier inoxydable Inza. Drainage inox pour l\u2019industrie","isPartOf":{"@id":"https:\/\/inzainox.com\/fr\/#website"},"datePublished":"2021-12-21T11:56:37+00:00","dateModified":"2026-03-30T11:55:06+00:00","breadcrumb":{"@id":"https:\/\/inzainox.com\/fr\/mentions-legales\/#breadcrumb"},"inLanguage":"fr-FR","potentialAction":[{"@type":"ReadAction","target":["https:\/\/inzainox.com\/fr\/mentions-legales\/"]}]},{"@type":"BreadcrumbList","@id":"https:\/\/inzainox.com\/fr\/mentions-legales\/#breadcrumb","itemListElement":[{"@type":"ListItem","position":1,"name":"Accueil","item":"https:\/\/inzainox.com\/fr\/nouvel-accueil\/"},{"@type":"ListItem","position":2,"name":"Mentions l\u00e9gales"}]},{"@type":"WebSite","@id":"https:\/\/inzainox.com\/fr\/#website","url":"https:\/\/inzainox.com\/fr\/","name":"Caniveaux et siphons en acier inoxydable Inza. Drainage inox pour l\u2019industrie","description":"Drainage en acier inoxydable pour l\u2019industrie","publisher":{"@id":"https:\/\/inzainox.com\/fr\/#organization"},"alternateName":"Inza Inox","potentialAction":[{"@type":"SearchAction","target":{"@type":"EntryPoint","urlTemplate":"https:\/\/inzainox.com\/fr\/?s={search_term_string}"},"query-input":{"@type":"PropertyValueSpecification","valueRequired":true,"valueName":"search_term_string"}}],"inLanguage":"fr-FR"},{"@type":"Organization","@id":"https:\/\/inzainox.com\/fr\/#organization","name":"Inza Inox S.L.","alternateName":"Inza","url":"https:\/\/inzainox.com\/fr\/","logo":{"@type":"ImageObject","inLanguage":"fr-FR","@id":"https:\/\/inzainox.com\/fr\/#\/schema\/logo\/image\/","url":"https:\/\/inzainox.com\/wp-content\/uploads\/2020\/05\/cropped-NUEVA-INZA-2-5.png","contentUrl":"https:\/\/inzainox.com\/wp-content\/uploads\/2020\/05\/cropped-NUEVA-INZA-2-5.png","width":549,"height":264,"caption":"Inza Inox S.L."},"image":{"@id":"https:\/\/inzainox.com\/fr\/#\/schema\/logo\/image\/"}}]}},"_links":{"self":[{"href":"https:\/\/inzainox.com\/fr\/wp-json\/wp\/v2\/pages\/8548","targetHints":{"allow":["GET"]}}],"collection":[{"href":"https:\/\/inzainox.com\/fr\/wp-json\/wp\/v2\/pages"}],"about":[{"href":"https:\/\/inzainox.com\/fr\/wp-json\/wp\/v2\/types\/page"}],"author":[{"embeddable":true,"href":"https:\/\/inzainox.com\/fr\/wp-json\/wp\/v2\/users\/1"}],"replies":[{"embeddable":true,"href":"https:\/\/inzainox.com\/fr\/wp-json\/wp\/v2\/comments?post=8548"}],"version-history":[{"count":1,"href":"https:\/\/inzainox.com\/fr\/wp-json\/wp\/v2\/pages\/8548\/revisions"}],"predecessor-version":[{"id":8551,"href":"https:\/\/inzainox.com\/fr\/wp-json\/wp\/v2\/pages\/8548\/revisions\/8551"}],"wp:attachment":[{"href":"https:\/\/inzainox.com\/fr\/wp-json\/wp\/v2\/media?parent=8548"}],"curies":[{"name":"wp","href":"https:\/\/api.w.org\/{rel}","templated":true}]}}