{"id":8531,"date":"2020-05-05T13:30:13","date_gmt":"2020-05-05T13:30:13","guid":{"rendered":"https:\/\/inzainox.com\/politique-relative-aux-cookies\/"},"modified":"2026-03-30T11:54:46","modified_gmt":"2026-03-30T11:54:46","slug":"politique-relative-aux-cookies","status":"publish","type":"page","link":"https:\/\/inzainox.com\/fr\/politique-relative-aux-cookies\/","title":{"rendered":"Politique relative aux cookies"},"content":{"rendered":"\t\t<div data-elementor-type=\"wp-page\" data-elementor-id=\"8531\" class=\"elementor elementor-8531 elementor-358\">\n\t\t\t\t\t\t<section class=\"elementor-section elementor-top-section elementor-element elementor-element-c0c666b elementor-section-boxed elementor-section-height-default elementor-section-height-default\" data-id=\"c0c666b\" data-element_type=\"section\" data-e-type=\"section\">\n\t\t\t\t\t\t<div class=\"elementor-container elementor-column-gap-default\">\n\t\t\t\t\t<div class=\"elementor-column elementor-col-100 elementor-top-column elementor-element elementor-element-92863f4\" data-id=\"92863f4\" data-element_type=\"column\" data-e-type=\"column\">\n\t\t\t<div class=\"elementor-widget-wrap elementor-element-populated\">\n\t\t\t\t\t\t<div class=\"elementor-element elementor-element-24e78ce elementor-widget elementor-widget-text-editor\" data-id=\"24e78ce\" data-element_type=\"widget\" data-e-type=\"widget\" data-widget_type=\"text-editor.default\">\n\t\t\t\t<div class=\"elementor-widget-container\">\n\t\t\t\t\t\t\t\t\t<p> <\/p><p data-path-to-node=\"6\">Sur <b data-path-to-node=\"6\" data-index-in-node=\"3\">inzainox.com<\/b>, nous utilisons des <i data-path-to-node=\"6\" data-index-in-node=\"27\">cookies<\/i> pour rendre votre exp\u00e9rience de navigation plus utile et plus simple. Ci-dessous, nous vous expliquons ce qu\u2019ils sont, lesquels nous utilisons et comment vous pouvez les configurer ou les d\u00e9sactiver selon vos pr\u00e9f\u00e9rences. <\/p><p data-path-to-node=\"7\"><b data-path-to-node=\"7\" data-index-in-node=\"0\">1. Que sont les cookies ?<\/b><\/p><p style=\"padding-left: 40px;\" data-path-to-node=\"7\">Un <i data-path-to-node=\"7\" data-index-in-node=\"29\">cookie<\/i> est un fichier qui se t\u00e9l\u00e9charge sur votre \u00e9quipement pour stocker des donn\u00e9es pouvant \u00eatre r\u00e9cup\u00e9r\u00e9es par l\u2019entit\u00e9 responsable de son installation. Ils sont utilis\u00e9s pour permettre le fonctionnement logique du site web (comme le maintien des produits dans le panier) et pour recueillir des informations statistiques. <\/p><p data-path-to-node=\"8\"><b data-path-to-node=\"8\" data-index-in-node=\"0\">2. Types de cookies selon leur gestion, leur dur\u00e9e et leur finalit\u00e9<\/b><\/p><ul data-path-to-node=\"9\"><li><p data-path-to-node=\"9,0,0\"><b data-path-to-node=\"9,0,0\" data-index-in-node=\"0\">Internes :<\/b> G\u00e9r\u00e9s par <b data-path-to-node=\"9,0,0\" data-index-in-node=\"25\">inzainox.com<\/b>.<\/p><\/li><li><p data-path-to-node=\"9,1,0\"><b data-path-to-node=\"9,1,0\" data-index-in-node=\"0\">Tiers :<\/b> G\u00e9r\u00e9s par d\u2019autres entit\u00e9s (ex. Google Analytics).<\/p><\/li><li><p data-path-to-node=\"9,2,0\"><b data-path-to-node=\"9,2,0\" data-index-in-node=\"0\">De session :<\/b> Ils stockent des donn\u00e9es uniquement pendant la navigation actuelle.<\/p><\/li><li><p data-path-to-node=\"9,3,0\"><b data-path-to-node=\"9,3,0\" data-index-in-node=\"0\">Persistants :<\/b> Les donn\u00e9es restent stock\u00e9es pendant une p\u00e9riode d\u00e9finie.<\/p><\/li><li><p data-path-to-node=\"9,4,0\"><b data-path-to-node=\"9,4,0\" data-index-in-node=\"0\">Techniques (N\u00e9cessaires) :<\/b> Indispensables au fonctionnement du site (identification de session, processus d\u2019achat).<\/p><\/li><li><p data-path-to-node=\"9,5,0\"><b data-path-to-node=\"9,5,0\" data-index-in-node=\"0\">De personnalisation :<\/b> Ils m\u00e9morisent des options telles que la langue.<\/p><\/li><li><p data-path-to-node=\"9,6,0\"><b data-path-to-node=\"9,6,0\" data-index-in-node=\"0\">D\u2019analyse :<\/b> Ils permettent de mesurer l\u2019activit\u00e9 du site afin d\u2019y apporter des am\u00e9liorations.<\/p><\/li><\/ul><p data-path-to-node=\"10\"><b data-path-to-node=\"10\" data-index-in-node=\"0\">3. Cookies utilis\u00e9s sur ce site<\/b><\/p><ul data-path-to-node=\"11\"><li><p data-path-to-node=\"11,0,0\"><b data-path-to-node=\"11,0,0\" data-index-in-node=\"0\">Strictement n\u00e9cessaires :<\/b> Cookies techniques pour le panier et la navigation s\u00e9curis\u00e9e.<\/p><\/li><li><p data-path-to-node=\"11,1,0\"><b data-path-to-node=\"11,1,0\" data-index-in-node=\"0\">Analytiques :<\/b> Nous utilisons Google Analytics pour analyser le trafic de mani\u00e8re agr\u00e9g\u00e9e.<\/p><\/li><\/ul><p data-path-to-node=\"12\"><b data-path-to-node=\"12\" data-index-in-node=\"0\">4. Gestion et consentement<\/b><\/p><p style=\"padding-left: 40px;\" data-path-to-node=\"12\">Vous pouvez accepter tous les <i data-path-to-node=\"12\" data-index-in-node=\"53\">cookies<\/i>, les refuser ou configurer vos pr\u00e9f\u00e9rences via notre <b data-path-to-node=\"12\" data-index-in-node=\"124\">Panneau de configuration<\/b>. Vous pouvez \u00e9galement les g\u00e9rer via les param\u00e8tres de votre navigateur (Chrome, Firefox, Safari, Edge). <\/p><p style=\"padding-left: 40px;\" data-path-to-node=\"12\"><b data-path-to-node=\"12\" data-index-in-node=\"246\">Note :<\/b> Le blocage de certains <i data-path-to-node=\"12\" data-index-in-node=\"274\">cookies<\/i> peut affecter la fonctionnalit\u00e9 de la boutique en ligne.<\/p>\t\t\t\t\t\t\t\t<\/div>\n\t\t\t\t<\/div>\n\t\t\t\t\t<\/div>\n\t\t<\/div>\n\t\t\t\t\t<\/div>\n\t\t<\/section>\n\t\t\t\t<\/div>\n\t\t","protected":false},"excerpt":{"rendered":"<p>Sur inzainox.com, nous utilisons des cookies pour rendre votre exp\u00e9rience de navigation plus utile et plus simple. Ci-dessous, nous vous expliquons ce qu\u2019ils sont, lesquels nous utilisons et comment vous pouvez les configurer ou les d\u00e9sactiver selon vos pr\u00e9f\u00e9rences. 1. Que sont les cookies ? Un cookie est un fichier qui se t\u00e9l\u00e9charge sur votre &#8230; <a title=\"Politique relative aux cookies\" class=\"read-more\" href=\"https:\/\/inzainox.com\/fr\/politique-relative-aux-cookies\/\" aria-label=\"En savoir plus sur Politique relative aux cookies\">Lire la suite<\/a><\/p>\n","protected":false},"author":1,"featured_media":0,"parent":0,"menu_order":0,"comment_status":"closed","ping_status":"closed","template":"","meta":{"footnotes":""},"class_list":["post-8531","page","type-page","status-publish"],"yoast_head":"<!-- This site is optimized with the Yoast SEO plugin v27.1.1 - https:\/\/yoast.com\/product\/yoast-seo-wordpress\/ -->\n<title>Politique relative aux cookies - Caniveaux et siphons en acier inoxydable Inza. Drainage inox pour l\u2019industrie<\/title>\n<meta name=\"robots\" content=\"noindex, follow\" \/>\n<meta property=\"og:locale\" content=\"fr_FR\" \/>\n<meta property=\"og:type\" content=\"article\" \/>\n<meta property=\"og:title\" content=\"Politique relative aux cookies - Caniveaux et siphons en acier inoxydable Inza. Drainage inox pour l\u2019industrie\" \/>\n<meta property=\"og:description\" content=\"Sur inzainox.com, nous utilisons des cookies pour rendre votre exp\u00e9rience de navigation plus utile et plus simple. Ci-dessous, nous vous expliquons ce qu\u2019ils sont, lesquels nous utilisons et comment vous pouvez les configurer ou les d\u00e9sactiver selon vos pr\u00e9f\u00e9rences. 1. Que sont les cookies ? Un cookie est un fichier qui se t\u00e9l\u00e9charge sur votre ... Lire la suite\" \/>\n<meta property=\"og:url\" content=\"https:\/\/inzainox.com\/fr\/politique-relative-aux-cookies\/\" \/>\n<meta property=\"og:site_name\" content=\"Caniveaux et siphons en acier inoxydable Inza. Drainage inox pour l\u2019industrie\" \/>\n<meta property=\"article:modified_time\" content=\"2026-03-30T11:54:46+00:00\" \/>\n<meta property=\"og:image\" content=\"https:\/\/inzainox.com\/wp-content\/uploads\/2026\/02\/Canales-de-Acero-Inoxidable.png\" \/>\n\t<meta property=\"og:image:width\" content=\"350\" \/>\n\t<meta property=\"og:image:height\" content=\"613\" \/>\n\t<meta property=\"og:image:type\" content=\"image\/png\" \/>\n<meta name=\"twitter:card\" content=\"summary_large_image\" \/>\n<meta name=\"twitter:label1\" content=\"Dur\u00e9e de lecture estim\u00e9e\" \/>\n\t<meta name=\"twitter:data1\" content=\"1 minute\" \/>\n<!-- \/ Yoast SEO plugin. -->","yoast_head_json":{"title":"Politique relative aux cookies - Caniveaux et siphons en acier inoxydable Inza. Drainage inox pour l\u2019industrie","robots":{"index":"noindex","follow":"follow"},"og_locale":"fr_FR","og_type":"article","og_title":"Politique relative aux cookies - Caniveaux et siphons en acier inoxydable Inza. Drainage inox pour l\u2019industrie","og_description":"Sur inzainox.com, nous utilisons des cookies pour rendre votre exp\u00e9rience de navigation plus utile et plus simple. Ci-dessous, nous vous expliquons ce qu\u2019ils sont, lesquels nous utilisons et comment vous pouvez les configurer ou les d\u00e9sactiver selon vos pr\u00e9f\u00e9rences. 1. Que sont les cookies ? Un cookie est un fichier qui se t\u00e9l\u00e9charge sur votre ... Lire la suite","og_url":"https:\/\/inzainox.com\/fr\/politique-relative-aux-cookies\/","og_site_name":"Caniveaux et siphons en acier inoxydable Inza. Drainage inox pour l\u2019industrie","article_modified_time":"2026-03-30T11:54:46+00:00","og_image":[{"width":350,"height":613,"url":"https:\/\/inzainox.com\/wp-content\/uploads\/2026\/02\/Canales-de-Acero-Inoxidable.png","type":"image\/png"}],"twitter_card":"summary_large_image","twitter_misc":{"Dur\u00e9e de lecture estim\u00e9e":"1 minute"},"schema":{"@context":"https:\/\/schema.org","@graph":[{"@type":"WebPage","@id":"https:\/\/inzainox.com\/fr\/politique-relative-aux-cookies\/","url":"https:\/\/inzainox.com\/fr\/politique-relative-aux-cookies\/","name":"Politique relative aux cookies - Caniveaux et siphons en acier inoxydable Inza. Drainage inox pour l\u2019industrie","isPartOf":{"@id":"https:\/\/inzainox.com\/fr\/#website"},"datePublished":"2020-05-05T13:30:13+00:00","dateModified":"2026-03-30T11:54:46+00:00","breadcrumb":{"@id":"https:\/\/inzainox.com\/fr\/politique-relative-aux-cookies\/#breadcrumb"},"inLanguage":"fr-FR","potentialAction":[{"@type":"ReadAction","target":["https:\/\/inzainox.com\/fr\/politique-relative-aux-cookies\/"]}]},{"@type":"BreadcrumbList","@id":"https:\/\/inzainox.com\/fr\/politique-relative-aux-cookies\/#breadcrumb","itemListElement":[{"@type":"ListItem","position":1,"name":"Accueil","item":"https:\/\/inzainox.com\/fr\/nouvel-accueil\/"},{"@type":"ListItem","position":2,"name":"Politique relative aux cookies"}]},{"@type":"WebSite","@id":"https:\/\/inzainox.com\/fr\/#website","url":"https:\/\/inzainox.com\/fr\/","name":"Caniveaux et siphons en acier inoxydable Inza. Drainage inox pour l\u2019industrie","description":"Drainage en acier inoxydable pour l\u2019industrie","publisher":{"@id":"https:\/\/inzainox.com\/fr\/#organization"},"alternateName":"Inza Inox","potentialAction":[{"@type":"SearchAction","target":{"@type":"EntryPoint","urlTemplate":"https:\/\/inzainox.com\/fr\/?s={search_term_string}"},"query-input":{"@type":"PropertyValueSpecification","valueRequired":true,"valueName":"search_term_string"}}],"inLanguage":"fr-FR"},{"@type":"Organization","@id":"https:\/\/inzainox.com\/fr\/#organization","name":"Inza Inox S.L.","alternateName":"Inza","url":"https:\/\/inzainox.com\/fr\/","logo":{"@type":"ImageObject","inLanguage":"fr-FR","@id":"https:\/\/inzainox.com\/fr\/#\/schema\/logo\/image\/","url":"https:\/\/inzainox.com\/wp-content\/uploads\/2020\/05\/cropped-NUEVA-INZA-2-5.png","contentUrl":"https:\/\/inzainox.com\/wp-content\/uploads\/2020\/05\/cropped-NUEVA-INZA-2-5.png","width":549,"height":264,"caption":"Inza Inox S.L."},"image":{"@id":"https:\/\/inzainox.com\/fr\/#\/schema\/logo\/image\/"}}]}},"_links":{"self":[{"href":"https:\/\/inzainox.com\/fr\/wp-json\/wp\/v2\/pages\/8531","targetHints":{"allow":["GET"]}}],"collection":[{"href":"https:\/\/inzainox.com\/fr\/wp-json\/wp\/v2\/pages"}],"about":[{"href":"https:\/\/inzainox.com\/fr\/wp-json\/wp\/v2\/types\/page"}],"author":[{"embeddable":true,"href":"https:\/\/inzainox.com\/fr\/wp-json\/wp\/v2\/users\/1"}],"replies":[{"embeddable":true,"href":"https:\/\/inzainox.com\/fr\/wp-json\/wp\/v2\/comments?post=8531"}],"version-history":[{"count":1,"href":"https:\/\/inzainox.com\/fr\/wp-json\/wp\/v2\/pages\/8531\/revisions"}],"predecessor-version":[{"id":8532,"href":"https:\/\/inzainox.com\/fr\/wp-json\/wp\/v2\/pages\/8531\/revisions\/8532"}],"wp:attachment":[{"href":"https:\/\/inzainox.com\/fr\/wp-json\/wp\/v2\/media?parent=8531"}],"curies":[{"name":"wp","href":"https:\/\/api.w.org\/{rel}","templated":true}]}}