{"id":8282,"date":"2023-12-11T16:21:52","date_gmt":"2023-12-11T16:21:52","guid":{"rendered":"https:\/\/inzainox.com\/producto\/inza-pd-polymer-concrete-drainage-channels-for-heavy-traffic\/"},"modified":"2026-03-29T23:43:44","modified_gmt":"2026-03-29T23:43:44","slug":"inza-pd-polymer-concrete-drainage-channels-for-heavy-traffic","status":"publish","type":"product","link":"https:\/\/inzainox.com\/en\/producto\/inza-pd-polymer-concrete-drainage-channels-for-heavy-traffic\/","title":{"rendered":"INZA PD Polymer Concrete Drainage Channels for Heavy Traffic"},"content":{"rendered":"\t\t<div data-elementor-type=\"wp-post\" data-elementor-id=\"8282\" class=\"elementor elementor-8282 elementor-3207\">\n\t\t\t\t<div class=\"elementor-element elementor-element-55da888c e-flex e-con-boxed e-con e-parent\" data-id=\"55da888c\" data-element_type=\"container\" data-e-type=\"container\">\n\t\t\t\t\t<div class=\"e-con-inner\">\n\t\t\t\t<div class=\"elementor-element elementor-element-63282da8 elementor-widget elementor-widget-text-editor\" data-id=\"63282da8\" data-element_type=\"widget\" data-e-type=\"widget\" data-widget_type=\"text-editor.default\">\n\t\t\t\t<div class=\"elementor-widget-container\">\n\t\t\t\t\t\t\t\t\t<p>INZA PD polymer concrete drainage channel with D400 cast iron grate for heavy truck traffic. External widths of 130, 200, 250, 300, and 350mm. Grates are bolted onto steel side profiles. These are prefabricated channels for buried installation on site, designed to collect runoff water from paved platforms using a dual-slope system, simplifying installation compared to conventional point drains or gully traps. Channels with grates for trucks offer extraordinary resistance and can collect water in areas subject to truck traffic.<br>A channel with a grate for truck traffic connects to the next via a tongue and groove joint that can be sealed to achieve a watertight connection. All pieces have pre-marked points for opening outlets of various diameters to connect to drainage pipes.<br>Other channels are available in different widths and with grates of various load classes. D400 ductile iron grates are manufactured to withstand truck loads. They have a length of 500mm and are bolted to the polymer concrete channel body with 4 screws. Ductile iron grates feature a highly resistant black paint finish. Polymer concrete channels are manufactured in 1000mm sections, thus requiring 2 grates per unit. Polymer concrete is a mixture of aggregates with resins, providing the channel with high resistance and lower weight. Additionally, the non-porous surface prevents erosion problems with the drained liquids. The resins in the mixture give the channels a very low roughness coefficient, which increases drainage speed, achieving better hydraulic capacity results and requiring a smaller size to evacuate the same flow rate, while also promoting greater sediment transport in a self-cleaning effect.            <\/p><p> <\/p>\t\t\t\t\t\t\t\t<\/div>\n\t\t\t\t<\/div>\n\t\t\t\t\t<\/div>\n\t\t\t\t<\/div>\n\t\t\t\t<\/div>\n\t\t","protected":false},"excerpt":{"rendered":"<p>PD polymer concrete drainage channel with 2 D400 load class cast iron grates for heavy truck traffic. Channels have different dimensions depending on the required hydraulic capacity. Featuring steel side profiles for supporting 2 bolted ductile iron grates. Channel sections are joined by tongue and groove connections at their ends.   <\/p>\n","protected":false},"featured_media":3191,"comment_status":"open","ping_status":"closed","template":"","meta":[],"product_brand":[],"product_cat":[523,524],"product_tag":[],"class_list":{"0":"post-8282","1":"product","2":"type-product","3":"status-publish","4":"has-post-thumbnail","6":"product_cat-drainage-channels-with-grates","7":"product_cat-polymer-concrete-channels","9":"first","10":"instock","11":"taxable","12":"shipping-taxable","13":"purchasable","14":"product-type-variable"},"yoast_head":"<!-- This site is optimized with the Yoast SEO plugin v27.1.1 - https:\/\/yoast.com\/product\/yoast-seo-wordpress\/ -->\n<title>Polymer Concrete Channel for Heavy Traffic<\/title>\n<meta name=\"description\" content=\"In stock. Drainage channel with grate for heavy traffic. Made of polymer concrete, with ductile iron grate. Various widths and heights available.\" \/>\n<meta name=\"robots\" content=\"index, follow, max-snippet:-1, max-image-preview:large, max-video-preview:-1\" \/>\n<link rel=\"canonical\" href=\"https:\/\/inzainox.com\/en\/producto\/inza-pd-polymer-concrete-drainage-channels-for-heavy-traffic\/\" \/>\n<meta property=\"og:locale\" content=\"en_US\" \/>\n<meta property=\"og:type\" content=\"article\" \/>\n<meta property=\"og:title\" content=\"Polymer Concrete Channel for Heavy Traffic\" \/>\n<meta property=\"og:description\" content=\"In stock. Drainage channel with grate for heavy traffic. Made of polymer concrete, with ductile iron grate. Various widths and heights available.\" \/>\n<meta property=\"og:url\" content=\"https:\/\/inzainox.com\/en\/producto\/inza-pd-polymer-concrete-drainage-channels-for-heavy-traffic\/\" \/>\n<meta property=\"og:site_name\" content=\"Canales y sumideros de acero inoxidable Inza. Drenaje inox para industria\" \/>\n<meta property=\"article:modified_time\" content=\"2026-03-29T23:43:44+00:00\" \/>\n<meta property=\"og:image\" content=\"https:\/\/inzainox.com\/wp-content\/uploads\/2023\/12\/P100.jpg\" \/>\n\t<meta property=\"og:image:width\" content=\"630\" \/>\n\t<meta property=\"og:image:height\" content=\"438\" \/>\n\t<meta property=\"og:image:type\" content=\"image\/jpeg\" \/>\n<meta name=\"twitter:card\" content=\"summary_large_image\" \/>\n<meta name=\"twitter:label1\" content=\"Est. reading time\" \/>\n\t<meta name=\"twitter:data1\" content=\"1 minute\" \/>\n<!-- \/ Yoast SEO plugin. -->","yoast_head_json":{"title":"Polymer Concrete Channel for Heavy Traffic","description":"In stock. Drainage channel with grate for heavy traffic. Made of polymer concrete, with ductile iron grate. Various widths and heights available.","robots":{"index":"index","follow":"follow","max-snippet":"max-snippet:-1","max-image-preview":"max-image-preview:large","max-video-preview":"max-video-preview:-1"},"canonical":"https:\/\/inzainox.com\/en\/producto\/inza-pd-polymer-concrete-drainage-channels-for-heavy-traffic\/","og_locale":"en_US","og_type":"article","og_title":"Polymer Concrete Channel for Heavy Traffic","og_description":"In stock. Drainage channel with grate for heavy traffic. Made of polymer concrete, with ductile iron grate. Various widths and heights available.","og_url":"https:\/\/inzainox.com\/en\/producto\/inza-pd-polymer-concrete-drainage-channels-for-heavy-traffic\/","og_site_name":"Canales y sumideros de acero inoxidable Inza. Drenaje inox para industria","article_modified_time":"2026-03-29T23:43:44+00:00","og_image":[{"width":630,"height":438,"url":"https:\/\/inzainox.com\/wp-content\/uploads\/2023\/12\/P100.jpg","type":"image\/jpeg"}],"twitter_card":"summary_large_image","twitter_misc":{"Est. reading time":"1 minute"},"schema":{"@context":"https:\/\/schema.org","@graph":[{"@type":"WebPage","@id":"https:\/\/inzainox.com\/en\/producto\/inza-pd-polymer-concrete-drainage-channels-for-heavy-traffic\/","url":"https:\/\/inzainox.com\/en\/producto\/inza-pd-polymer-concrete-drainage-channels-for-heavy-traffic\/","name":"Polymer Concrete Channel for Heavy Traffic","isPartOf":{"@id":"https:\/\/inzainox.com\/en\/#website"},"primaryImageOfPage":{"@id":"https:\/\/inzainox.com\/en\/producto\/inza-pd-polymer-concrete-drainage-channels-for-heavy-traffic\/#primaryimage"},"image":{"@id":"https:\/\/inzainox.com\/en\/producto\/inza-pd-polymer-concrete-drainage-channels-for-heavy-traffic\/#primaryimage"},"thumbnailUrl":"https:\/\/inzainox.com\/wp-content\/uploads\/2023\/12\/P100.jpg","datePublished":"2023-12-11T16:21:52+00:00","dateModified":"2026-03-29T23:43:44+00:00","description":"In stock. Drainage channel with grate for heavy traffic. Made of polymer concrete, with ductile iron grate. Various widths and heights available.","breadcrumb":{"@id":"https:\/\/inzainox.com\/en\/producto\/inza-pd-polymer-concrete-drainage-channels-for-heavy-traffic\/#breadcrumb"},"inLanguage":"en-US","potentialAction":[{"@type":"ReadAction","target":["https:\/\/inzainox.com\/en\/producto\/inza-pd-polymer-concrete-drainage-channels-for-heavy-traffic\/"]}]},{"@type":"ImageObject","inLanguage":"en-US","@id":"https:\/\/inzainox.com\/en\/producto\/inza-pd-polymer-concrete-drainage-channels-for-heavy-traffic\/#primaryimage","url":"https:\/\/inzainox.com\/wp-content\/uploads\/2023\/12\/P100.jpg","contentUrl":"https:\/\/inzainox.com\/wp-content\/uploads\/2023\/12\/P100.jpg","width":630,"height":438,"caption":"Canal de hormig\u00f3n pol\u00edmero y rejas de fundici\u00f3n d\u00factil para tr\u00e1fico rodado"},{"@type":"BreadcrumbList","@id":"https:\/\/inzainox.com\/en\/producto\/inza-pd-polymer-concrete-drainage-channels-for-heavy-traffic\/#breadcrumb","itemListElement":[{"@type":"ListItem","position":1,"name":"Home","item":"https:\/\/inzainox.com\/en\/"},{"@type":"ListItem","position":2,"name":"Inza Shop","item":"https:\/\/inzainox.com\/en\/inza-shop\/"},{"@type":"ListItem","position":3,"name":"INZA PD Polymer Concrete Drainage Channels for Heavy Traffic"}]},{"@type":"WebSite","@id":"https:\/\/inzainox.com\/en\/#website","url":"https:\/\/inzainox.com\/en\/","name":"Canales y sumideros de acero inoxidable Inza. Drenaje inox para industria","description":"Drenaje de acero inoxidable para industria","publisher":{"@id":"https:\/\/inzainox.com\/en\/#organization"},"alternateName":"Inza Inox","potentialAction":[{"@type":"SearchAction","target":{"@type":"EntryPoint","urlTemplate":"https:\/\/inzainox.com\/en\/?s={search_term_string}"},"query-input":{"@type":"PropertyValueSpecification","valueRequired":true,"valueName":"search_term_string"}}],"inLanguage":"en-US"},{"@type":"Organization","@id":"https:\/\/inzainox.com\/en\/#organization","name":"Inza Inox S.L.","alternateName":"Inza","url":"https:\/\/inzainox.com\/en\/","logo":{"@type":"ImageObject","inLanguage":"en-US","@id":"https:\/\/inzainox.com\/en\/#\/schema\/logo\/image\/","url":"https:\/\/inzainox.com\/wp-content\/uploads\/2020\/05\/cropped-NUEVA-INZA-2-5.png","contentUrl":"https:\/\/inzainox.com\/wp-content\/uploads\/2020\/05\/cropped-NUEVA-INZA-2-5.png","width":549,"height":264,"caption":"Inza Inox S.L."},"image":{"@id":"https:\/\/inzainox.com\/en\/#\/schema\/logo\/image\/"}}]}},"_links":{"self":[{"href":"https:\/\/inzainox.com\/en\/wp-json\/wp\/v2\/product\/8282","targetHints":{"allow":["GET"]}}],"collection":[{"href":"https:\/\/inzainox.com\/en\/wp-json\/wp\/v2\/product"}],"about":[{"href":"https:\/\/inzainox.com\/en\/wp-json\/wp\/v2\/types\/product"}],"replies":[{"embeddable":true,"href":"https:\/\/inzainox.com\/en\/wp-json\/wp\/v2\/comments?post=8282"}],"version-history":[{"count":1,"href":"https:\/\/inzainox.com\/en\/wp-json\/wp\/v2\/product\/8282\/revisions"}],"predecessor-version":[{"id":8290,"href":"https:\/\/inzainox.com\/en\/wp-json\/wp\/v2\/product\/8282\/revisions\/8290"}],"wp:featuredmedia":[{"embeddable":true,"href":"https:\/\/inzainox.com\/en\/wp-json\/wp\/v2\/media\/3191"}],"wp:attachment":[{"href":"https:\/\/inzainox.com\/en\/wp-json\/wp\/v2\/media?parent=8282"}],"wp:term":[{"taxonomy":"product_brand","embeddable":true,"href":"https:\/\/inzainox.com\/en\/wp-json\/wp\/v2\/product_brand?post=8282"},{"taxonomy":"product_cat","embeddable":true,"href":"https:\/\/inzainox.com\/en\/wp-json\/wp\/v2\/product_cat?post=8282"},{"taxonomy":"product_tag","embeddable":true,"href":"https:\/\/inzainox.com\/en\/wp-json\/wp\/v2\/product_tag?post=8282"}],"curies":[{"name":"wp","href":"https:\/\/api.w.org\/{rel}","templated":true}]}}