{"id":12261,"date":"2020-11-03T13:08:26","date_gmt":"2020-11-03T13:08:26","guid":{"rendered":"https:\/\/inzainox.com\/producto\/watertight-plain-cover-in-stainless-steel\/"},"modified":"2020-11-03T13:08:26","modified_gmt":"2020-11-03T12:08:26","slug":"watertight-plain-cover-in-stainless-steel","status":"publish","type":"product","link":"https:\/\/inzainox.com\/en\/producto\/watertight-plain-cover-in-stainless-steel\/","title":{"rendered":"Watertight plain cover in stainless steel"},"content":{"rendered":"<p>Plain cover and frame for chamber manufactured from AISI304 stainless steel.<\/p>\n<p>Posibilidad de fabricaci\u00f3n en AISI316L stainless steel para instalaciones con un ambiente especialmente agresivo o entornos mar\u00edtimos.<\/p>\n<p>Es una tapa estanca to prevent odours gracias a un cierre mediante junta de EPDM y uni\u00f3n con 4 tornillos de inox en las esquinas de la tapa.<\/p>\n<p>La tapa incluye en el precio las herramientas para quitar los tornillos<\/p>\n<p>Suministramos unos tiradores que se roscan en el alojamiento de los tornillos para facilitar su apertura con comodidad. Estos tiradores con asa tambi\u00e9n est\u00e1n incluidos en el precio.<\/p>\n<p><iframe title=\"Tapa de arqueta estanca lisa de acero inoxidable o galvanizado\" width=\"1200\" height=\"675\" src=\"https:\/\/www.youtube.com\/embed\/i-ht3desZic?feature=oembed\" frameborder=\"0\" allow=\"accelerometer; autoplay; clipboard-write; encrypted-media; gyroscope; picture-in-picture; web-share\" referrerpolicy=\"strict-origin-when-cross-origin\" allowfullscreen><\/iframe><\/p>\n<p>Tapa est\u00e1ndar para cargas de tr\u00e1fico peatonal y tapas especialmente reforzadas para cargas de tr\u00e1fico rodado de veh\u00edculos. Disponemos de tapas para clases de carga A15, B125, C250 y D400.<\/p>\n<p>Tapas cuadradas de diferentes dimensiones desde 300x300mm hasta 1000x1000mm.<\/p>\n<p><span style=\"color: #339966;\"><strong><a style=\"color: #339966;\" href=\"https:\/\/inzainox.com\/wp-content\/uploads\/2022\/03\/Tapas-estancas-de-acero-inoxidable-plains.pdf\">FICHA T\u00c9CNICA<\/a><\/strong><\/span><\/p>\n<p>Consultar tapas redondas y de medidas especiales.<\/p>\n<p>Existen tapas para grandes cargas y apertura asistida por pistones.<\/p>\n<p>&nbsp;<\/p>\n<p><img fetchpriority=\"high\" decoding=\"async\" class=\"alignnone size-full wp-image-1662\" src=\"https:\/\/inzainox.com\/wp-content\/uploads\/2020\/11\/plano-tapa-plain.jpg\" alt=\"plano registros inox estancas plains\" width=\"1191\" height=\"466\" \/><img decoding=\"async\" class=\"size-full wp-image-1592 aligncenter\" src=\"https:\/\/inzainox.com\/wp-content\/uploads\/2020\/04\/TAPAS-GENERAL-DIMENSIONES.jpg\" alt=\"Dimensiones generales de las tapas estancas INZA\" width=\"728\" height=\"265\" srcset=\"https:\/\/inzainox.com\/wp-content\/uploads\/2020\/04\/TAPAS-GENERAL-DIMENSIONES.jpg 728w, https:\/\/inzainox.com\/wp-content\/uploads\/2020\/04\/TAPAS-GENERAL-DIMENSIONES-300x109.jpg 300w, https:\/\/inzainox.com\/wp-content\/uploads\/2020\/04\/TAPAS-GENERAL-DIMENSIONES-600x218.jpg 600w\" sizes=\"(max-width: 728px) 100vw, 728px\" \/><\/p>\n<p>&nbsp;<\/p>\n","protected":false},"excerpt":{"rendered":"<p>Delivery included in the price<\/p>\n<p>We deliver within 24-48h<\/p>\n<p>If you have any questions, call us T. +34 91 127 90 05<\/p>\n<p>Watertight manhole cover plain in AISI304 stainless steel. Four-screw closure with EPDM gasket seal. Puede ser sencilla for pedestrian traffic (load class A15) o reforzada para paso de veh\u00edculos (load class B125).<\/p>\n<p>Todas las tapas se suministran con las herramientas para su apertura.<\/p>\n","protected":false},"featured_media":7845,"comment_status":"open","ping_status":"closed","template":"","meta":[],"product_brand":[],"product_cat":[508,509],"product_tag":[],"class_list":{"0":"post-12261","1":"product","2":"type-product","3":"status-publish","4":"has-post-thumbnail","6":"product_cat-sealed-covers","7":"product_cat-stainless-steel-sealed-covers","8":"pa_dimensiones-1000x1000","9":"pa_dimensiones-30x30","10":"pa_dimensiones-40x40","11":"pa_dimensiones-50x50","12":"pa_dimensiones-60x60","13":"pa_dimensiones-70x70","14":"pa_dimensiones-80x80","15":"pa_dimensiones-90x90","17":"first","18":"instock","19":"taxable","20":"shipping-taxable","21":"purchasable","22":"product-type-variable"},"yoast_head":"<!-- This site is optimized with the Yoast SEO plugin v27.4 - https:\/\/yoast.com\/product\/yoast-seo-wordpress\/ -->\n<title>Watertight plain cover in stainless steel<\/title>\n<meta name=\"description\" content=\"Watertight covers available in stock infills in stainless steel para registro de arqueta. Selecciona y compra la soluci\u00f3n antiolores\" \/>\n<meta name=\"robots\" content=\"index, follow, max-snippet:-1, max-image-preview:large, max-video-preview:-1\" \/>\n<link rel=\"canonical\" href=\"https:\/\/inzainox.com\/en\/producto\/watertight-plain-cover-in-stainless-steel\/\" \/>\n<meta property=\"og:locale\" content=\"en_US\" \/>\n<meta property=\"og:type\" content=\"article\" \/>\n<meta property=\"og:title\" content=\"Watertight plain cover in stainless steel\" \/>\n<meta property=\"og:description\" content=\"Watertight covers available in stock infills in stainless steel para registro de arqueta. Selecciona y compra la soluci\u00f3n antiolores\" \/>\n<meta property=\"og:url\" content=\"https:\/\/inzainox.com\/en\/producto\/watertight-plain-cover-in-stainless-steel\/\" \/>\n<meta property=\"og:site_name\" content=\"Canales y sumideros de acero inoxidable Inza. Drenaje inox para industria\" \/>\n<meta property=\"og:image\" content=\"https:\/\/inzainox.com\/wp-content\/uploads\/2020\/04\/lisa.jpg\" \/>\n\t<meta property=\"og:image:width\" content=\"688\" \/>\n\t<meta property=\"og:image:height\" content=\"480\" \/>\n\t<meta property=\"og:image:type\" content=\"image\/jpeg\" \/>\n<meta name=\"twitter:card\" content=\"summary_large_image\" \/>\n<meta name=\"twitter:label1\" content=\"Est. reading time\" \/>\n\t<meta name=\"twitter:data1\" content=\"1 minute\" \/>\n<!-- \/ Yoast SEO plugin. -->","yoast_head_json":{"title":"Watertight plain cover in stainless steel","description":"Watertight covers available in stock infills in stainless steel para registro de arqueta. Selecciona y compra la soluci\u00f3n antiolores","robots":{"index":"index","follow":"follow","max-snippet":"max-snippet:-1","max-image-preview":"max-image-preview:large","max-video-preview":"max-video-preview:-1"},"canonical":"https:\/\/inzainox.com\/en\/producto\/watertight-plain-cover-in-stainless-steel\/","og_locale":"en_US","og_type":"article","og_title":"Watertight plain cover in stainless steel","og_description":"Watertight covers available in stock infills in stainless steel para registro de arqueta. Selecciona y compra la soluci\u00f3n antiolores","og_url":"https:\/\/inzainox.com\/en\/producto\/watertight-plain-cover-in-stainless-steel\/","og_site_name":"Canales y sumideros de acero inoxidable Inza. Drenaje inox para industria","og_image":[{"width":688,"height":480,"url":"https:\/\/inzainox.com\/wp-content\/uploads\/2020\/04\/lisa.jpg","type":"image\/jpeg"}],"twitter_card":"summary_large_image","twitter_misc":{"Est. reading time":"1 minute"},"schema":{"@context":"https:\/\/schema.org","@graph":[{"@type":"WebPage","@id":"https:\/\/inzainox.com\/en\/producto\/watertight-plain-cover-in-stainless-steel\/","url":"https:\/\/inzainox.com\/en\/producto\/watertight-plain-cover-in-stainless-steel\/","name":"Watertight plain cover in stainless steel","isPartOf":{"@id":"https:\/\/inzainox.com\/en\/#website"},"primaryImageOfPage":{"@id":"https:\/\/inzainox.com\/en\/producto\/watertight-plain-cover-in-stainless-steel\/#primaryimage"},"image":{"@id":"https:\/\/inzainox.com\/en\/producto\/watertight-plain-cover-in-stainless-steel\/#primaryimage"},"thumbnailUrl":"https:\/\/inzainox.com\/wp-content\/uploads\/2020\/04\/lisa.jpg","datePublished":"2020-11-03T13:08:26+00:00","description":"Watertight covers available in stock infills in stainless steel para registro de arqueta. Selecciona y compra la soluci\u00f3n antiolores","breadcrumb":{"@id":"https:\/\/inzainox.com\/en\/producto\/watertight-plain-cover-in-stainless-steel\/#breadcrumb"},"inLanguage":"en-US","potentialAction":[{"@type":"ReadAction","target":["https:\/\/inzainox.com\/en\/producto\/watertight-plain-cover-in-stainless-steel\/"]}]},{"@type":"ImageObject","inLanguage":"en-US","@id":"https:\/\/inzainox.com\/en\/producto\/watertight-plain-cover-in-stainless-steel\/#primaryimage","url":"https:\/\/inzainox.com\/wp-content\/uploads\/2020\/04\/lisa.jpg","contentUrl":"https:\/\/inzainox.com\/wp-content\/uploads\/2020\/04\/lisa.jpg","width":688,"height":480,"caption":"Watertight cover in stainless steel con terminaci\u00f3n plain"},{"@type":"BreadcrumbList","@id":"https:\/\/inzainox.com\/en\/producto\/watertight-plain-cover-in-stainless-steel\/#breadcrumb","itemListElement":[{"@type":"ListItem","position":1,"name":"Home","item":"https:\/\/inzainox.com\/en\/"},{"@type":"ListItem","position":2,"name":"Inza Shop","item":"https:\/\/inzainox.com\/en\/inza-shop\/"},{"@type":"ListItem","position":3,"name":"Watertight plain cover in stainless steel"}]},{"@type":"WebSite","@id":"https:\/\/inzainox.com\/en\/#website","url":"https:\/\/inzainox.com\/en\/","name":"Canales y sumideros de acero inoxidable Inza. Drenaje inox para industria","description":"Drenaje de acero inoxidable para industria","publisher":{"@id":"https:\/\/inzainox.com\/en\/#organization"},"alternateName":"Inza Inox","potentialAction":[{"@type":"SearchAction","target":{"@type":"EntryPoint","urlTemplate":"https:\/\/inzainox.com\/en\/?s={search_term_string}"},"query-input":{"@type":"PropertyValueSpecification","valueRequired":true,"valueName":"search_term_string"}}],"inLanguage":"en-US"},{"@type":"Organization","@id":"https:\/\/inzainox.com\/en\/#organization","name":"Inza Inox S.L.","alternateName":"Inza","url":"https:\/\/inzainox.com\/en\/","logo":{"@type":"ImageObject","inLanguage":"en-US","@id":"https:\/\/inzainox.com\/en\/#\/schema\/logo\/image\/","url":"https:\/\/inzainox.com\/wp-content\/uploads\/2020\/05\/cropped-cropped-NUEVA-INZA-2-1.png","contentUrl":"https:\/\/inzainox.com\/wp-content\/uploads\/2020\/05\/cropped-cropped-NUEVA-INZA-2-1.png","width":487,"height":165,"caption":"Inza Inox S.L."},"image":{"@id":"https:\/\/inzainox.com\/en\/#\/schema\/logo\/image\/"}}]}},"_links":{"self":[{"href":"https:\/\/inzainox.com\/en\/wp-json\/wp\/v2\/product\/12261","targetHints":{"allow":["GET"]}}],"collection":[{"href":"https:\/\/inzainox.com\/en\/wp-json\/wp\/v2\/product"}],"about":[{"href":"https:\/\/inzainox.com\/en\/wp-json\/wp\/v2\/types\/product"}],"replies":[{"embeddable":true,"href":"https:\/\/inzainox.com\/en\/wp-json\/wp\/v2\/comments?post=12261"}],"version-history":[{"count":0,"href":"https:\/\/inzainox.com\/en\/wp-json\/wp\/v2\/product\/12261\/revisions"}],"wp:featuredmedia":[{"embeddable":true,"href":"https:\/\/inzainox.com\/en\/wp-json\/wp\/v2\/media\/7845"}],"wp:attachment":[{"href":"https:\/\/inzainox.com\/en\/wp-json\/wp\/v2\/media?parent=12261"}],"wp:term":[{"taxonomy":"product_brand","embeddable":true,"href":"https:\/\/inzainox.com\/en\/wp-json\/wp\/v2\/product_brand?post=12261"},{"taxonomy":"product_cat","embeddable":true,"href":"https:\/\/inzainox.com\/en\/wp-json\/wp\/v2\/product_cat?post=12261"},{"taxonomy":"product_tag","embeddable":true,"href":"https:\/\/inzainox.com\/en\/wp-json\/wp\/v2\/product_tag?post=12261"}],"curies":[{"name":"wp","href":"https:\/\/api.w.org\/{rel}","templated":true}]}}