{"id":12218,"date":"2020-11-03T15:31:56","date_gmt":"2020-11-03T14:31:56","guid":{"rendered":"https:\/\/inzainox.com\/producto\/watertight-infill-cover-in-galvanised-steel\/"},"modified":"2026-04-28T21:24:55","modified_gmt":"2026-04-28T19:24:55","slug":"watertight-infill-cover-in-galvanised-steel","status":"publish","type":"product","link":"https:\/\/inzainox.com\/en\/producto\/watertight-infill-cover-in-galvanised-steel\/","title":{"rendered":"Watertight infill cover in galvanised steel"},"content":{"rendered":"\t\t<div data-elementor-type=\"wp-post\" data-elementor-id=\"12218\" class=\"elementor elementor-12218 elementor-1146\">\n\t\t\t\t<div class=\"elementor-element elementor-element-492da20b e-flex e-con-boxed e-con e-parent\" data-id=\"492da20b\" data-element_type=\"container\" data-e-type=\"container\">\n\t\t\t\t\t<div class=\"e-con-inner\">\n\t\t\t\t<div class=\"elementor-element elementor-element-3958742d elementor-widget elementor-widget-text-editor\" data-id=\"3958742d\" data-element_type=\"widget\" data-e-type=\"widget\" data-widget_type=\"text-editor.default\">\n\t\t\t\t<div class=\"elementor-widget-container\">\n\t\t\t\t\t\t\t\t\tWatertight infill cover in galvanised steel para arquetas que necesiten evitar entrada de agua o salida de olores. Soluci\u00f3n compuesta de tapa y marco for installation sobre arqueta registrable, manufactured from galvanised steel para rellanar con el pavimento del suelo.\r\n\r\nEs una tapa estanca to prevent odours gracias a un cierre mediante junta de EPDM y uni\u00f3n con 4 tornillos de inox en las esquinas de la tapa.\r\n\r\nDise\u00f1ada para ser rellenada con el mismo pavimento que el resto del suelo, la tapa de registro instalada es pr\u00e1cticamente invisible dejando una soluci\u00f3n perfectamente integrada con el entorno. El fondo de la tapa permite pavimentarla tanto con adoquines de distinta height como utilizar baldosas cer\u00e1micas, madera u otro tipo de suelo.\r\n\r\nLa tapa incluye en el precio las herramientas para quitar los tornillos\r\n\r\nSuministramos unos tiradores que se roscan en el alojamiento de los tornillos para facilitar su apertura con comodidad. Estos tiradores con asa tambi\u00e9n est\u00e1n incluidos en el precio.\r\n\r\n<iframe title=\"Tapa de arqueta rellenable estanca de acero inoxidable\" width=\"1200\" height=\"675\" src=\"https:\/\/www.youtube.com\/embed\/VVrkmHR3nho?feature=oembed\" frameborder=\"0\" allow=\"accelerometer; autoplay; clipboard-write; encrypted-media; gyroscope; picture-in-picture; web-share\" referrerpolicy=\"strict-origin-when-cross-origin\" allowfullscreen><\/iframe>\r\n\r\nTapa est\u00e1ndar para cargas de tr\u00e1fico peatonal y tapas especialmente reforzadas para cargas de tr\u00e1fico rodado de veh\u00edculos. Disponemos de tapas para clases de carga A15, B125, C250 y D400\r\n\r\nTapas cuadradas de diferentes dimensiones desde 300x300mm hasta 1000x1000mm.\r\n\r\nLas tapas estancas infills est\u00e1n manufactured from galvanised steel para conseguir una buena resistencia tanto a las cargas mec\u00e1nicas como a las agresiones qu\u00edmicas. Son tapas especialmente dise\u00f1adas para instalarse sobre arquetas de saneamiento donde predomina un ambiente h\u00famedo. Para instalaciones donde el ambiente pueda ser extremadamente agresivo o en instalaciones con agua marina, disponemos de estas mismas tapas estancas infills manufactured from con stainless steel en calidad AISI304 y AISI316L\r\n\r\nPuede suministrarse en opci\u00f3n con un mallazo para su posterior hormigonado.\r\n\r\n<span style=\"color: #339966;\"><a style=\"color: #339966;\" href=\"https:\/\/inzainox.com\/wp-content\/uploads\/2022\/03\/Tapas-estancas-de-acero-galvanizado-infills.pdf\">FICHA T\u00c9CNICA<\/a><\/span>\r\n\r\nConsultar tapas redondas y de medidas especiales\r\n\r\n<img fetchpriority=\"high\" decoding=\"async\" class=\"size-full wp-image-1594 aligncenter\" src=\"https:\/\/inzainox.com\/wp-content\/uploads\/2020\/04\/TAPAS-GENERAL-DIMENSIONES-1.jpg\" alt=\"DIMENSIONES GENERALES TAPAS ESTANCAS INZA\" width=\"491\" height=\"449\" srcset=\"https:\/\/inzainox.com\/wp-content\/uploads\/2020\/04\/TAPAS-GENERAL-DIMENSIONES-1.jpg 491w, https:\/\/inzainox.com\/wp-content\/uploads\/2020\/04\/TAPAS-GENERAL-DIMENSIONES-1-300x274.jpg 300w\" sizes=\"(max-width: 491px) 100vw, 491px\" \/>\r\n\r\n<img decoding=\"async\" class=\"size-full wp-image-1592 aligncenter\" src=\"https:\/\/inzainox.com\/wp-content\/uploads\/2020\/04\/TAPAS-GENERAL-DIMENSIONES.jpg\" alt=\"Dimensiones generales de las tapas estancas INZA\" width=\"728\" height=\"265\" srcset=\"https:\/\/inzainox.com\/wp-content\/uploads\/2020\/04\/TAPAS-GENERAL-DIMENSIONES.jpg 728w, https:\/\/inzainox.com\/wp-content\/uploads\/2020\/04\/TAPAS-GENERAL-DIMENSIONES-300x109.jpg 300w, https:\/\/inzainox.com\/wp-content\/uploads\/2020\/04\/TAPAS-GENERAL-DIMENSIONES-600x218.jpg 600w\" sizes=\"(max-width: 728px) 100vw, 728px\" \/>\t\t\t\t\t\t\t\t<\/div>\n\t\t\t\t<\/div>\n\t\t\t\t\t<\/div>\n\t\t\t\t<\/div>\n\t\t\t\t<\/div>\n\t\t","protected":false},"excerpt":{"rendered":"<p>Delivery included in the price<\/p>\n<p>We deliver within 24-48h<\/p>\n<p>If you have any questions, call us T. +34 91 127 90 05<\/p>\n<p>Watertight manhole cover infill in galvanised steel. Four-screw closure with EPDM gasket seal. Puede ser sencilla for pedestrian traffic (load class A15) o reforzada para paso de veh\u00edculos (load class B125) o aplicaciones urbanas (load class C250)<\/p>\n<p>Todas las tapas se suministran con las herramientas para su apertura y 2 tiradores roscados que facilitan su apertura con el menor esfuerzo posible.<\/p>\n","protected":false},"featured_media":7970,"comment_status":"open","ping_status":"closed","template":"","meta":[],"product_brand":[],"product_cat":[1144,510,508],"product_tag":[],"class_list":{"0":"post-12218","1":"product","2":"type-product","3":"status-publish","4":"has-post-thumbnail","6":"product_cat-galvanised-steel-watertight-covers","7":"product_cat-recessable-sealed-covers","8":"product_cat-sealed-covers","9":"pa_dimensiones-1000x1000","10":"pa_dimensiones-30x30","11":"pa_dimensiones-40x40","12":"pa_dimensiones-50x50","13":"pa_dimensiones-60x60","14":"pa_dimensiones-70x70","15":"pa_dimensiones-80x80","16":"pa_dimensiones-90x90","18":"first","19":"instock","20":"taxable","21":"shipping-taxable","22":"purchasable","23":"product-type-variable"},"yoast_head":"<!-- This site is optimized with the Yoast SEO plugin v27.4 - https:\/\/yoast.com\/product\/yoast-seo-wordpress\/ -->\n<title>Watertight infill cover in galvanised steel<\/title>\n<meta name=\"description\" content=\"Watertight covers available in stock infills in galvanised steel para registro de arqueta. Selecciona y compra tu soluci\u00f3n antiolores\" \/>\n<meta name=\"robots\" content=\"index, follow, max-snippet:-1, max-image-preview:large, max-video-preview:-1\" \/>\n<link rel=\"canonical\" href=\"https:\/\/inzainox.com\/en\/producto\/watertight-infill-cover-in-galvanised-steel\/\" \/>\n<meta property=\"og:locale\" content=\"en_US\" \/>\n<meta property=\"og:type\" content=\"article\" \/>\n<meta property=\"og:title\" content=\"Watertight infill cover in galvanised steel\" \/>\n<meta property=\"og:description\" content=\"Watertight covers available in stock infills in galvanised steel para registro de arqueta. Selecciona y compra tu soluci\u00f3n antiolores\" \/>\n<meta property=\"og:url\" content=\"https:\/\/inzainox.com\/en\/producto\/watertight-infill-cover-in-galvanised-steel\/\" \/>\n<meta property=\"og:site_name\" content=\"Canales y sumideros de acero inoxidable Inza. Drenaje inox para industria\" \/>\n<meta property=\"article:modified_time\" content=\"2026-04-28T19:24:55+00:00\" \/>\n<meta property=\"og:image\" content=\"https:\/\/inzainox.com\/wp-content\/uploads\/2020\/04\/rellenable.jpg\" \/>\n\t<meta property=\"og:image:width\" content=\"709\" \/>\n\t<meta property=\"og:image:height\" content=\"447\" \/>\n\t<meta property=\"og:image:type\" content=\"image\/jpeg\" \/>\n<meta name=\"twitter:card\" content=\"summary_large_image\" \/>\n<meta name=\"twitter:label1\" content=\"Est. reading time\" \/>\n\t<meta name=\"twitter:data1\" content=\"2 minutes\" \/>\n<!-- \/ Yoast SEO plugin. -->","yoast_head_json":{"title":"Watertight infill cover in galvanised steel","description":"Watertight covers available in stock infills in galvanised steel para registro de arqueta. Selecciona y compra tu soluci\u00f3n antiolores","robots":{"index":"index","follow":"follow","max-snippet":"max-snippet:-1","max-image-preview":"max-image-preview:large","max-video-preview":"max-video-preview:-1"},"canonical":"https:\/\/inzainox.com\/en\/producto\/watertight-infill-cover-in-galvanised-steel\/","og_locale":"en_US","og_type":"article","og_title":"Watertight infill cover in galvanised steel","og_description":"Watertight covers available in stock infills in galvanised steel para registro de arqueta. Selecciona y compra tu soluci\u00f3n antiolores","og_url":"https:\/\/inzainox.com\/en\/producto\/watertight-infill-cover-in-galvanised-steel\/","og_site_name":"Canales y sumideros de acero inoxidable Inza. Drenaje inox para industria","article_modified_time":"2026-04-28T19:24:55+00:00","og_image":[{"width":709,"height":447,"url":"https:\/\/inzainox.com\/wp-content\/uploads\/2020\/04\/rellenable.jpg","type":"image\/jpeg"}],"twitter_card":"summary_large_image","twitter_misc":{"Est. reading time":"2 minutes"},"schema":{"@context":"https:\/\/schema.org","@graph":[{"@type":"WebPage","@id":"https:\/\/inzainox.com\/en\/producto\/watertight-infill-cover-in-galvanised-steel\/","url":"https:\/\/inzainox.com\/en\/producto\/watertight-infill-cover-in-galvanised-steel\/","name":"Watertight infill cover in galvanised steel","isPartOf":{"@id":"https:\/\/inzainox.com\/en\/#website"},"primaryImageOfPage":{"@id":"https:\/\/inzainox.com\/en\/producto\/watertight-infill-cover-in-galvanised-steel\/#primaryimage"},"image":{"@id":"https:\/\/inzainox.com\/en\/producto\/watertight-infill-cover-in-galvanised-steel\/#primaryimage"},"thumbnailUrl":"https:\/\/inzainox.com\/wp-content\/uploads\/2020\/04\/rellenable.jpg","datePublished":"2020-11-03T14:31:56+00:00","dateModified":"2026-04-28T19:24:55+00:00","description":"Watertight covers available in stock infills in galvanised steel para registro de arqueta. Selecciona y compra tu soluci\u00f3n antiolores","breadcrumb":{"@id":"https:\/\/inzainox.com\/en\/producto\/watertight-infill-cover-in-galvanised-steel\/#breadcrumb"},"inLanguage":"en-US","potentialAction":[{"@type":"ReadAction","target":["https:\/\/inzainox.com\/en\/producto\/watertight-infill-cover-in-galvanised-steel\/"]}]},{"@type":"ImageObject","inLanguage":"en-US","@id":"https:\/\/inzainox.com\/en\/producto\/watertight-infill-cover-in-galvanised-steel\/#primaryimage","url":"https:\/\/inzainox.com\/wp-content\/uploads\/2020\/04\/rellenable.jpg","contentUrl":"https:\/\/inzainox.com\/wp-content\/uploads\/2020\/04\/rellenable.jpg","width":709,"height":447,"caption":"watertight infill manhole cover"},{"@type":"BreadcrumbList","@id":"https:\/\/inzainox.com\/en\/producto\/watertight-infill-cover-in-galvanised-steel\/#breadcrumb","itemListElement":[{"@type":"ListItem","position":1,"name":"Home","item":"https:\/\/inzainox.com\/en\/"},{"@type":"ListItem","position":2,"name":"Inza Shop","item":"https:\/\/inzainox.com\/en\/inza-shop\/"},{"@type":"ListItem","position":3,"name":"Watertight infill cover in galvanised steel"}]},{"@type":"WebSite","@id":"https:\/\/inzainox.com\/en\/#website","url":"https:\/\/inzainox.com\/en\/","name":"Canales y sumideros de acero inoxidable Inza. Drenaje inox para industria","description":"Drenaje de acero inoxidable para industria","publisher":{"@id":"https:\/\/inzainox.com\/en\/#organization"},"alternateName":"Inza Inox","potentialAction":[{"@type":"SearchAction","target":{"@type":"EntryPoint","urlTemplate":"https:\/\/inzainox.com\/en\/?s={search_term_string}"},"query-input":{"@type":"PropertyValueSpecification","valueRequired":true,"valueName":"search_term_string"}}],"inLanguage":"en-US"},{"@type":"Organization","@id":"https:\/\/inzainox.com\/en\/#organization","name":"Inza Inox S.L.","alternateName":"Inza","url":"https:\/\/inzainox.com\/en\/","logo":{"@type":"ImageObject","inLanguage":"en-US","@id":"https:\/\/inzainox.com\/en\/#\/schema\/logo\/image\/","url":"https:\/\/inzainox.com\/wp-content\/uploads\/2020\/05\/cropped-cropped-NUEVA-INZA-2-1.png","contentUrl":"https:\/\/inzainox.com\/wp-content\/uploads\/2020\/05\/cropped-cropped-NUEVA-INZA-2-1.png","width":487,"height":165,"caption":"Inza Inox S.L."},"image":{"@id":"https:\/\/inzainox.com\/en\/#\/schema\/logo\/image\/"}}]}},"_links":{"self":[{"href":"https:\/\/inzainox.com\/en\/wp-json\/wp\/v2\/product\/12218","targetHints":{"allow":["GET"]}}],"collection":[{"href":"https:\/\/inzainox.com\/en\/wp-json\/wp\/v2\/product"}],"about":[{"href":"https:\/\/inzainox.com\/en\/wp-json\/wp\/v2\/types\/product"}],"replies":[{"embeddable":true,"href":"https:\/\/inzainox.com\/en\/wp-json\/wp\/v2\/comments?post=12218"}],"version-history":[{"count":1,"href":"https:\/\/inzainox.com\/en\/wp-json\/wp\/v2\/product\/12218\/revisions"}],"predecessor-version":[{"id":12243,"href":"https:\/\/inzainox.com\/en\/wp-json\/wp\/v2\/product\/12218\/revisions\/12243"}],"wp:featuredmedia":[{"embeddable":true,"href":"https:\/\/inzainox.com\/en\/wp-json\/wp\/v2\/media\/7970"}],"wp:attachment":[{"href":"https:\/\/inzainox.com\/en\/wp-json\/wp\/v2\/media?parent=12218"}],"wp:term":[{"taxonomy":"product_brand","embeddable":true,"href":"https:\/\/inzainox.com\/en\/wp-json\/wp\/v2\/product_brand?post=12218"},{"taxonomy":"product_cat","embeddable":true,"href":"https:\/\/inzainox.com\/en\/wp-json\/wp\/v2\/product_cat?post=12218"},{"taxonomy":"product_tag","embeddable":true,"href":"https:\/\/inzainox.com\/en\/wp-json\/wp\/v2\/product_tag?post=12218"}],"curies":[{"name":"wp","href":"https:\/\/api.w.org\/{rel}","templated":true}]}}