{"id":12168,"date":"2020-11-03T16:32:43","date_gmt":"2020-11-03T16:32:43","guid":{"rendered":"https:\/\/inzainox.com\/producto\/watertight-plain-anti-slip-cover-in-galvanised-steel\/"},"modified":"2020-11-03T16:32:43","modified_gmt":"2020-11-03T15:32:43","slug":"watertight-plain-anti-slip-cover-in-galvanised-steel","status":"publish","type":"product","link":"https:\/\/inzainox.com\/en\/producto\/watertight-plain-anti-slip-cover-in-galvanised-steel\/","title":{"rendered":"Watertight plain anti-slip cover in galvanised steel"},"content":{"rendered":"<p>Plain anti-slip cover and frame for chamber manufactured from galvanised steel<\/p>\n<p>Es una tapa estanca to prevent odours gracias a un cierre mediante junta de EPDM with 4 corner screws de la tapa.<\/p>\n<p>La tapa incluye en el precio las herramientas para quitar los tornillos<\/p>\n<p>Suministramos unos tiradores que se roscan en el alojamiento de los tornillos para facilitar su apertura con comodidad. Estos tiradores con asa tambi\u00e9n est\u00e1n incluidos en el precio<\/p>\n<p>Tapa est\u00e1ndar para cargas de tr\u00e1fico peatonal y tapas especialmente reforzadas para cargas de tr\u00e1fico rodado de veh\u00edculos. Disponemos de tapas para clases de carga A15, B125, C250 y D400. Parte superior de la tapa manufactured from chapa in galvanised steel antideslizante de 5mm<\/p>\n<p>Tapas cuadradas de diferentes dimensiones desde 300x300mm hasta 1000x1000mm.<\/p>\n<p>Consultar tapas redondas y de medidas especiales.<\/p>\n<p><span style=\"color: #339966;\"><strong><a style=\"color: #339966;\" href=\"https:\/\/inzainox.com\/wp-content\/uploads\/2022\/03\/Tapas-estancas-de-acero-galvanizado-antideslizante.pdf\">FICHA T\u00c9CNICA<\/a><\/strong><\/span><\/p>\n<p>Existen tapas para grandes cargas y apertura asistida por pistones.<\/p>\n<p><img fetchpriority=\"high\" decoding=\"async\" class=\"alignnone size-full wp-image-1687\" src=\"https:\/\/inzainox.com\/wp-content\/uploads\/2020\/11\/PLANO-GENERAL-ANTIDESLIZANTES.jpg\" alt=\"plano de tapas estancas antideslizantes\" width=\"1213\" height=\"454\" srcset=\"https:\/\/inzainox.com\/wp-content\/uploads\/2020\/11\/PLANO-GENERAL-ANTIDESLIZANTES.jpg 1213w, https:\/\/inzainox.com\/wp-content\/uploads\/2020\/11\/PLANO-GENERAL-ANTIDESLIZANTES-300x112.jpg 300w, https:\/\/inzainox.com\/wp-content\/uploads\/2020\/11\/PLANO-GENERAL-ANTIDESLIZANTES-1024x383.jpg 1024w, https:\/\/inzainox.com\/wp-content\/uploads\/2020\/11\/PLANO-GENERAL-ANTIDESLIZANTES-768x287.jpg 768w, https:\/\/inzainox.com\/wp-content\/uploads\/2020\/11\/PLANO-GENERAL-ANTIDESLIZANTES-600x225.jpg 600w\" sizes=\"(max-width: 1213px) 100vw, 1213px\" \/><\/p>\n<p><img decoding=\"async\" class=\"size-full wp-image-1592 aligncenter\" src=\"https:\/\/inzainox.com\/wp-content\/uploads\/2020\/04\/TAPAS-GENERAL-DIMENSIONES.jpg\" alt=\"Dimensiones generales de las tapas estancas INZA\" width=\"728\" height=\"265\" srcset=\"https:\/\/inzainox.com\/wp-content\/uploads\/2020\/04\/TAPAS-GENERAL-DIMENSIONES.jpg 728w, https:\/\/inzainox.com\/wp-content\/uploads\/2020\/04\/TAPAS-GENERAL-DIMENSIONES-300x109.jpg 300w, https:\/\/inzainox.com\/wp-content\/uploads\/2020\/04\/TAPAS-GENERAL-DIMENSIONES-600x218.jpg 600w\" sizes=\"(max-width: 728px) 100vw, 728px\" \/><\/p>\n","protected":false},"excerpt":{"rendered":"<p>Manufacturing lead time 1 week. Delivery included in the price<\/p>\n<p>If you have any questions, call us T. +34 91 127 90 05<\/p>\n<p>Watertight manhole cover plain in galvanised steel. Four-screw closure with EPDM gasket seal. Puede ser sencilla for pedestrian traffic (load class A15) o reforzada para paso de veh\u00edculos (load class B125) o aplicaciones urbanas (load class C250)<\/p>\n<p>Todas las tapas se suministran con las herramientas para su apertura.<\/p>\n","protected":false},"featured_media":7854,"comment_status":"open","ping_status":"closed","template":"","meta":[],"product_brand":[],"product_cat":[1144,508],"product_tag":[],"class_list":{"0":"post-12168","1":"product","2":"type-product","3":"status-publish","4":"has-post-thumbnail","6":"product_cat-galvanised-steel-watertight-covers","7":"product_cat-sealed-covers","8":"pa_dimensiones-1000x1000","9":"pa_dimensiones-30x30","10":"pa_dimensiones-40x40","11":"pa_dimensiones-50x50","12":"pa_dimensiones-60x60","13":"pa_dimensiones-70x70","14":"pa_dimensiones-80x80","15":"pa_dimensiones-90x90","17":"first","18":"instock","19":"taxable","20":"shipping-taxable","21":"purchasable","22":"product-type-variable"},"yoast_head":"<!-- This site is optimized with the Yoast SEO plugin v27.4 - https:\/\/yoast.com\/product\/yoast-seo-wordpress\/ -->\n<title>Watertight plain anti-slip cover in galvanised steel<\/title>\n<meta name=\"description\" content=\"Watertight covers available in stock plains antideslizantes in galvanised steel para registro de arqueta. Selecciona y compra la soluci\u00f3n antiolores\" \/>\n<meta name=\"robots\" content=\"index, follow, max-snippet:-1, max-image-preview:large, max-video-preview:-1\" \/>\n<link rel=\"canonical\" href=\"https:\/\/inzainox.com\/en\/producto\/watertight-plain-anti-slip-cover-in-galvanised-steel\/\" \/>\n<meta property=\"og:locale\" content=\"en_US\" \/>\n<meta property=\"og:type\" content=\"article\" \/>\n<meta property=\"og:title\" content=\"Watertight plain anti-slip cover in galvanised steel\" \/>\n<meta property=\"og:description\" content=\"Watertight covers available in stock plains antideslizantes in galvanised steel para registro de arqueta. Selecciona y compra la soluci\u00f3n antiolores\" \/>\n<meta property=\"og:url\" content=\"https:\/\/inzainox.com\/en\/producto\/watertight-plain-anti-slip-cover-in-galvanised-steel\/\" \/>\n<meta property=\"og:site_name\" content=\"Canales y sumideros de acero inoxidable Inza. Drenaje inox para industria\" \/>\n<meta property=\"og:image\" content=\"https:\/\/inzainox.com\/wp-content\/uploads\/2020\/04\/tapas-inox-antideslizantes.jpg\" \/>\n\t<meta property=\"og:image:width\" content=\"695\" \/>\n\t<meta property=\"og:image:height\" content=\"493\" \/>\n\t<meta property=\"og:image:type\" content=\"image\/jpeg\" \/>\n<meta name=\"twitter:card\" content=\"summary_large_image\" \/>\n<meta name=\"twitter:label1\" content=\"Est. reading time\" \/>\n\t<meta name=\"twitter:data1\" content=\"1 minute\" \/>\n<!-- \/ Yoast SEO plugin. -->","yoast_head_json":{"title":"Watertight plain anti-slip cover in galvanised steel","description":"Watertight covers available in stock plains antideslizantes in galvanised steel para registro de arqueta. Selecciona y compra la soluci\u00f3n antiolores","robots":{"index":"index","follow":"follow","max-snippet":"max-snippet:-1","max-image-preview":"max-image-preview:large","max-video-preview":"max-video-preview:-1"},"canonical":"https:\/\/inzainox.com\/en\/producto\/watertight-plain-anti-slip-cover-in-galvanised-steel\/","og_locale":"en_US","og_type":"article","og_title":"Watertight plain anti-slip cover in galvanised steel","og_description":"Watertight covers available in stock plains antideslizantes in galvanised steel para registro de arqueta. Selecciona y compra la soluci\u00f3n antiolores","og_url":"https:\/\/inzainox.com\/en\/producto\/watertight-plain-anti-slip-cover-in-galvanised-steel\/","og_site_name":"Canales y sumideros de acero inoxidable Inza. Drenaje inox para industria","og_image":[{"width":695,"height":493,"url":"https:\/\/inzainox.com\/wp-content\/uploads\/2020\/04\/tapas-inox-antideslizantes.jpg","type":"image\/jpeg"}],"twitter_card":"summary_large_image","twitter_misc":{"Est. reading time":"1 minute"},"schema":{"@context":"https:\/\/schema.org","@graph":[{"@type":"WebPage","@id":"https:\/\/inzainox.com\/en\/producto\/watertight-plain-anti-slip-cover-in-galvanised-steel\/","url":"https:\/\/inzainox.com\/en\/producto\/watertight-plain-anti-slip-cover-in-galvanised-steel\/","name":"Watertight plain anti-slip cover in galvanised steel","isPartOf":{"@id":"https:\/\/inzainox.com\/en\/#website"},"primaryImageOfPage":{"@id":"https:\/\/inzainox.com\/en\/producto\/watertight-plain-anti-slip-cover-in-galvanised-steel\/#primaryimage"},"image":{"@id":"https:\/\/inzainox.com\/en\/producto\/watertight-plain-anti-slip-cover-in-galvanised-steel\/#primaryimage"},"thumbnailUrl":"https:\/\/inzainox.com\/wp-content\/uploads\/2020\/04\/tapas-inox-antideslizantes.jpg","datePublished":"2020-11-03T16:32:43+00:00","description":"Watertight covers available in stock plains antideslizantes in galvanised steel para registro de arqueta. Selecciona y compra la soluci\u00f3n antiolores","breadcrumb":{"@id":"https:\/\/inzainox.com\/en\/producto\/watertight-plain-anti-slip-cover-in-galvanised-steel\/#breadcrumb"},"inLanguage":"en-US","potentialAction":[{"@type":"ReadAction","target":["https:\/\/inzainox.com\/en\/producto\/watertight-plain-anti-slip-cover-in-galvanised-steel\/"]}]},{"@type":"ImageObject","inLanguage":"en-US","@id":"https:\/\/inzainox.com\/en\/producto\/watertight-plain-anti-slip-cover-in-galvanised-steel\/#primaryimage","url":"https:\/\/inzainox.com\/wp-content\/uploads\/2020\/04\/tapas-inox-antideslizantes.jpg","contentUrl":"https:\/\/inzainox.com\/wp-content\/uploads\/2020\/04\/tapas-inox-antideslizantes.jpg","width":695,"height":493,"caption":"Watertight access cover in stainless steel INZA with anti-slip surface tipo chapa palillo, damero, lagrima, m\u00e1xima seguridad y sellado anti-olores para pavimentos industriales"},{"@type":"BreadcrumbList","@id":"https:\/\/inzainox.com\/en\/producto\/watertight-plain-anti-slip-cover-in-galvanised-steel\/#breadcrumb","itemListElement":[{"@type":"ListItem","position":1,"name":"Home","item":"https:\/\/inzainox.com\/en\/"},{"@type":"ListItem","position":2,"name":"Inza Shop","item":"https:\/\/inzainox.com\/en\/inza-shop\/"},{"@type":"ListItem","position":3,"name":"Watertight plain anti-slip cover in galvanised steel"}]},{"@type":"WebSite","@id":"https:\/\/inzainox.com\/en\/#website","url":"https:\/\/inzainox.com\/en\/","name":"Canales y sumideros de acero inoxidable Inza. Drenaje inox para industria","description":"Drenaje de acero inoxidable para industria","publisher":{"@id":"https:\/\/inzainox.com\/en\/#organization"},"alternateName":"Inza Inox","potentialAction":[{"@type":"SearchAction","target":{"@type":"EntryPoint","urlTemplate":"https:\/\/inzainox.com\/en\/?s={search_term_string}"},"query-input":{"@type":"PropertyValueSpecification","valueRequired":true,"valueName":"search_term_string"}}],"inLanguage":"en-US"},{"@type":"Organization","@id":"https:\/\/inzainox.com\/en\/#organization","name":"Inza Inox S.L.","alternateName":"Inza","url":"https:\/\/inzainox.com\/en\/","logo":{"@type":"ImageObject","inLanguage":"en-US","@id":"https:\/\/inzainox.com\/en\/#\/schema\/logo\/image\/","url":"https:\/\/inzainox.com\/wp-content\/uploads\/2020\/05\/cropped-cropped-NUEVA-INZA-2-1.png","contentUrl":"https:\/\/inzainox.com\/wp-content\/uploads\/2020\/05\/cropped-cropped-NUEVA-INZA-2-1.png","width":487,"height":165,"caption":"Inza Inox S.L."},"image":{"@id":"https:\/\/inzainox.com\/en\/#\/schema\/logo\/image\/"}}]}},"_links":{"self":[{"href":"https:\/\/inzainox.com\/en\/wp-json\/wp\/v2\/product\/12168","targetHints":{"allow":["GET"]}}],"collection":[{"href":"https:\/\/inzainox.com\/en\/wp-json\/wp\/v2\/product"}],"about":[{"href":"https:\/\/inzainox.com\/en\/wp-json\/wp\/v2\/types\/product"}],"replies":[{"embeddable":true,"href":"https:\/\/inzainox.com\/en\/wp-json\/wp\/v2\/comments?post=12168"}],"version-history":[{"count":0,"href":"https:\/\/inzainox.com\/en\/wp-json\/wp\/v2\/product\/12168\/revisions"}],"wp:featuredmedia":[{"embeddable":true,"href":"https:\/\/inzainox.com\/en\/wp-json\/wp\/v2\/media\/7854"}],"wp:attachment":[{"href":"https:\/\/inzainox.com\/en\/wp-json\/wp\/v2\/media?parent=12168"}],"wp:term":[{"taxonomy":"product_brand","embeddable":true,"href":"https:\/\/inzainox.com\/en\/wp-json\/wp\/v2\/product_brand?post=12168"},{"taxonomy":"product_cat","embeddable":true,"href":"https:\/\/inzainox.com\/en\/wp-json\/wp\/v2\/product_cat?post=12168"},{"taxonomy":"product_tag","embeddable":true,"href":"https:\/\/inzainox.com\/en\/wp-json\/wp\/v2\/product_tag?post=12168"}],"curies":[{"name":"wp","href":"https:\/\/api.w.org\/{rel}","templated":true}]}}