{"id":12164,"date":"2020-11-18T19:32:22","date_gmt":"2020-11-18T19:32:22","guid":{"rendered":"https:\/\/inzainox.com\/producto\/sumidero-sifonico-in-stainless-steel-with-grating-infill\/"},"modified":"2020-11-18T19:32:22","modified_gmt":"2020-11-18T18:32:22","slug":"sumidero-sifonico-in-stainless-steel-with-grating-infill","status":"publish","type":"product","link":"https:\/\/inzainox.com\/en\/producto\/sumidero-sifonico-in-stainless-steel-with-grating-infill\/","title":{"rendered":"Sumidero sif\u00f3nico in stainless steel with grating infill"},"content":{"rendered":"<p>Sumidero sif\u00f3nico in stainless steel with grating infill. for paving with the same flooring as the rest of the bathroom.. Cuerpo y reja in stainless steel. With DN50mm horizontal outlet. With removable anti-odour trap for easy maintenance.. Con ala perimetral para apoyo de la impermeabilizaci\u00f3n y la baldosa.<\/p>\n<p>Distintos dise\u00f1os de rejas in stainless steel disponibles. Opci\u00f3n de patas de nivelaci\u00f3n y tela de impermeabilizaci\u00f3n.<\/p>\n<p><img fetchpriority=\"high\" decoding=\"async\" class=\"alignnone size-full wp-image-1744\" src=\"https:\/\/inzainox.com\/wp-content\/uploads\/2020\/11\/plano-SM-reja-infill.jpg\" alt=\"plano dimensiones sumidero in stainless steel INZA SM\" width=\"1000\" height=\"1000\" \/><\/p>\n","protected":false},"excerpt":{"rendered":"<p>Sumidero sif\u00f3nico in stainless steel with grating infill. for paving with the same flooring as the rest of the bathroom.. Cuerpo y reja in stainless steel.<\/p>\n","protected":false},"featured_media":7920,"comment_status":"open","ping_status":"closed","template":"","meta":[],"product_brand":[],"product_cat":[1091],"product_tag":[],"class_list":{"0":"post-12164","1":"product","2":"type-product","3":"status-publish","4":"has-post-thumbnail","6":"product_cat-stainless-steel-trapped-gullies","8":"first","9":"instock","10":"taxable","11":"shipping-taxable","12":"purchasable","13":"product-type-variable"},"yoast_head":"<!-- This site is optimized with the Yoast SEO plugin v27.4 - https:\/\/yoast.com\/product\/yoast-seo-wordpress\/ -->\n<title>Sumidero sif\u00f3nico in stainless steel with grating infill<\/title>\n<meta name=\"description\" content=\"Sumidero sif\u00f3nico in stainless steel with grating infill. for paving with the same flooring as the rest of the bathroom.. Cuerpo y reja de inox\" \/>\n<meta name=\"robots\" content=\"index, follow, max-snippet:-1, max-image-preview:large, max-video-preview:-1\" \/>\n<link rel=\"canonical\" href=\"https:\/\/inzainox.com\/en\/producto\/sumidero-sifonico-in-stainless-steel-with-grating-infill\/\" \/>\n<meta property=\"og:locale\" content=\"en_US\" \/>\n<meta property=\"og:type\" content=\"article\" \/>\n<meta property=\"og:title\" content=\"Sumidero sif\u00f3nico in stainless steel with grating infill\" \/>\n<meta property=\"og:description\" content=\"Sumidero sif\u00f3nico in stainless steel with grating infill. for paving with the same flooring as the rest of the bathroom.. Cuerpo y reja de inox\" \/>\n<meta property=\"og:url\" content=\"https:\/\/inzainox.com\/en\/producto\/sumidero-sifonico-in-stainless-steel-with-grating-infill\/\" \/>\n<meta property=\"og:site_name\" content=\"Canales y sumideros de acero inoxidable Inza. Drenaje inox para industria\" \/>\n<meta property=\"og:image\" content=\"https:\/\/inzainox.com\/wp-content\/uploads\/2020\/11\/SM-rellenable.jpg\" \/>\n\t<meta property=\"og:image:width\" content=\"1000\" \/>\n\t<meta property=\"og:image:height\" content=\"1000\" \/>\n\t<meta property=\"og:image:type\" content=\"image\/jpeg\" \/>\n<meta name=\"twitter:card\" content=\"summary_large_image\" \/>\n<!-- \/ Yoast SEO plugin. -->","yoast_head_json":{"title":"Sumidero sif\u00f3nico in stainless steel with grating infill","description":"Sumidero sif\u00f3nico in stainless steel with grating infill. for paving with the same flooring as the rest of the bathroom.. Cuerpo y reja de inox","robots":{"index":"index","follow":"follow","max-snippet":"max-snippet:-1","max-image-preview":"max-image-preview:large","max-video-preview":"max-video-preview:-1"},"canonical":"https:\/\/inzainox.com\/en\/producto\/sumidero-sifonico-in-stainless-steel-with-grating-infill\/","og_locale":"en_US","og_type":"article","og_title":"Sumidero sif\u00f3nico in stainless steel with grating infill","og_description":"Sumidero sif\u00f3nico in stainless steel with grating infill. for paving with the same flooring as the rest of the bathroom.. Cuerpo y reja de inox","og_url":"https:\/\/inzainox.com\/en\/producto\/sumidero-sifonico-in-stainless-steel-with-grating-infill\/","og_site_name":"Canales y sumideros de acero inoxidable Inza. Drenaje inox para industria","og_image":[{"width":1000,"height":1000,"url":"https:\/\/inzainox.com\/wp-content\/uploads\/2020\/11\/SM-rellenable.jpg","type":"image\/jpeg"}],"twitter_card":"summary_large_image","schema":{"@context":"https:\/\/schema.org","@graph":[{"@type":"WebPage","@id":"https:\/\/inzainox.com\/en\/producto\/sumidero-sifonico-in-stainless-steel-with-grating-infill\/","url":"https:\/\/inzainox.com\/en\/producto\/sumidero-sifonico-in-stainless-steel-with-grating-infill\/","name":"Sumidero sif\u00f3nico in stainless steel with grating infill","isPartOf":{"@id":"https:\/\/inzainox.com\/en\/#website"},"primaryImageOfPage":{"@id":"https:\/\/inzainox.com\/en\/producto\/sumidero-sifonico-in-stainless-steel-with-grating-infill\/#primaryimage"},"image":{"@id":"https:\/\/inzainox.com\/en\/producto\/sumidero-sifonico-in-stainless-steel-with-grating-infill\/#primaryimage"},"thumbnailUrl":"https:\/\/inzainox.com\/wp-content\/uploads\/2020\/11\/SM-rellenable.jpg","datePublished":"2020-11-18T19:32:22+00:00","description":"Sumidero sif\u00f3nico in stainless steel with grating infill. for paving with the same flooring as the rest of the bathroom.. Cuerpo y reja de inox","breadcrumb":{"@id":"https:\/\/inzainox.com\/en\/producto\/sumidero-sifonico-in-stainless-steel-with-grating-infill\/#breadcrumb"},"inLanguage":"en-US","potentialAction":[{"@type":"ReadAction","target":["https:\/\/inzainox.com\/en\/producto\/sumidero-sifonico-in-stainless-steel-with-grating-infill\/"]}]},{"@type":"ImageObject","inLanguage":"en-US","@id":"https:\/\/inzainox.com\/en\/producto\/sumidero-sifonico-in-stainless-steel-with-grating-infill\/#primaryimage","url":"https:\/\/inzainox.com\/wp-content\/uploads\/2020\/11\/SM-rellenable.jpg","contentUrl":"https:\/\/inzainox.com\/wp-content\/uploads\/2020\/11\/SM-rellenable.jpg","width":1000,"height":1000,"caption":"Sumidero sif\u00f3nico de inox with grating pavimentable"},{"@type":"BreadcrumbList","@id":"https:\/\/inzainox.com\/en\/producto\/sumidero-sifonico-in-stainless-steel-with-grating-infill\/#breadcrumb","itemListElement":[{"@type":"ListItem","position":1,"name":"Home","item":"https:\/\/inzainox.com\/en\/"},{"@type":"ListItem","position":2,"name":"Inza Shop","item":"https:\/\/inzainox.com\/en\/inza-shop\/"},{"@type":"ListItem","position":3,"name":"Sumidero sif\u00f3nico in stainless steel with grating infill"}]},{"@type":"WebSite","@id":"https:\/\/inzainox.com\/en\/#website","url":"https:\/\/inzainox.com\/en\/","name":"Canales y sumideros de acero inoxidable Inza. Drenaje inox para industria","description":"Drenaje de acero inoxidable para industria","publisher":{"@id":"https:\/\/inzainox.com\/en\/#organization"},"alternateName":"Inza Inox","potentialAction":[{"@type":"SearchAction","target":{"@type":"EntryPoint","urlTemplate":"https:\/\/inzainox.com\/en\/?s={search_term_string}"},"query-input":{"@type":"PropertyValueSpecification","valueRequired":true,"valueName":"search_term_string"}}],"inLanguage":"en-US"},{"@type":"Organization","@id":"https:\/\/inzainox.com\/en\/#organization","name":"Inza Inox S.L.","alternateName":"Inza","url":"https:\/\/inzainox.com\/en\/","logo":{"@type":"ImageObject","inLanguage":"en-US","@id":"https:\/\/inzainox.com\/en\/#\/schema\/logo\/image\/","url":"https:\/\/inzainox.com\/wp-content\/uploads\/2020\/05\/cropped-cropped-NUEVA-INZA-2-1.png","contentUrl":"https:\/\/inzainox.com\/wp-content\/uploads\/2020\/05\/cropped-cropped-NUEVA-INZA-2-1.png","width":487,"height":165,"caption":"Inza Inox S.L."},"image":{"@id":"https:\/\/inzainox.com\/en\/#\/schema\/logo\/image\/"}}]}},"_links":{"self":[{"href":"https:\/\/inzainox.com\/en\/wp-json\/wp\/v2\/product\/12164","targetHints":{"allow":["GET"]}}],"collection":[{"href":"https:\/\/inzainox.com\/en\/wp-json\/wp\/v2\/product"}],"about":[{"href":"https:\/\/inzainox.com\/en\/wp-json\/wp\/v2\/types\/product"}],"replies":[{"embeddable":true,"href":"https:\/\/inzainox.com\/en\/wp-json\/wp\/v2\/comments?post=12164"}],"version-history":[{"count":0,"href":"https:\/\/inzainox.com\/en\/wp-json\/wp\/v2\/product\/12164\/revisions"}],"wp:featuredmedia":[{"embeddable":true,"href":"https:\/\/inzainox.com\/en\/wp-json\/wp\/v2\/media\/7920"}],"wp:attachment":[{"href":"https:\/\/inzainox.com\/en\/wp-json\/wp\/v2\/media?parent=12164"}],"wp:term":[{"taxonomy":"product_brand","embeddable":true,"href":"https:\/\/inzainox.com\/en\/wp-json\/wp\/v2\/product_brand?post=12164"},{"taxonomy":"product_cat","embeddable":true,"href":"https:\/\/inzainox.com\/en\/wp-json\/wp\/v2\/product_cat?post=12164"},{"taxonomy":"product_tag","embeddable":true,"href":"https:\/\/inzainox.com\/en\/wp-json\/wp\/v2\/product_tag?post=12164"}],"curies":[{"name":"wp","href":"https:\/\/api.w.org\/{rel}","templated":true}]}}