{"id":12157,"date":"2020-11-19T09:20:44","date_gmt":"2020-11-19T09:20:44","guid":{"rendered":"https:\/\/inzainox.com\/producto\/sumidero-sifonico-in-stainless-steel-with-grating-perforada-cuadrada\/"},"modified":"2020-11-19T09:20:44","modified_gmt":"2020-11-19T08:20:44","slug":"sumidero-sifonico-in-stainless-steel-with-grating-perforada-cuadrada","status":"publish","type":"product","link":"https:\/\/inzainox.com\/en\/producto\/sumidero-sifonico-in-stainless-steel-with-grating-perforada-cuadrada\/","title":{"rendered":"Sumidero sif\u00f3nico in stainless steel with grating perforada cuadrada"},"content":{"rendered":"<p>Sumidero sif\u00f3nico in stainless steel with grating perforada cuadrada. Cuerpo y reja in stainless steel. With DN50mm horizontal outlet. With removable anti-odour trap for easy maintenance.. Con ala perimetral para apoyo de la impermeabilizaci\u00f3n y la baldosa.<\/p>\n<p>Distintos dise\u00f1os de rejas in stainless steel disponibles. Opci\u00f3n de patas de nivelaci\u00f3n y tela de impermeabilizaci\u00f3n.<\/p>\n<p><img fetchpriority=\"high\" decoding=\"async\" class=\"wp-image-1742 aligncenter\" src=\"https:\/\/inzainox.com\/wp-content\/uploads\/2020\/11\/plano-SM-reja-cuadrada.jpg\" alt=\"dimensiones de sumidero inox INZA SM\" width=\"645\" height=\"645\" srcset=\"https:\/\/inzainox.com\/wp-content\/uploads\/2020\/11\/plano-SM-reja-cuadrada.jpg 1000w, https:\/\/inzainox.com\/wp-content\/uploads\/2020\/11\/plano-SM-reja-cuadrada-300x300.jpg 300w, https:\/\/inzainox.com\/wp-content\/uploads\/2020\/11\/plano-SM-reja-cuadrada-150x150.jpg 150w, https:\/\/inzainox.com\/wp-content\/uploads\/2020\/11\/plano-SM-reja-cuadrada-768x768.jpg 768w, https:\/\/inzainox.com\/wp-content\/uploads\/2020\/11\/plano-SM-reja-cuadrada-600x600.jpg 600w, https:\/\/inzainox.com\/wp-content\/uploads\/2020\/11\/plano-SM-reja-cuadrada-100x100.jpg 100w\" sizes=\"(max-width: 645px) 100vw, 645px\" \/><\/p>\n","protected":false},"excerpt":{"rendered":"<p>Sumidero sif\u00f3nico in stainless steel with grating perforada cuadrada. Cuerpo y reja in stainless steel.<\/p>\n","protected":false},"featured_media":12160,"comment_status":"open","ping_status":"closed","template":"","meta":[],"product_brand":[],"product_cat":[1091],"product_tag":[],"class_list":{"0":"post-12157","1":"product","2":"type-product","3":"status-publish","4":"has-post-thumbnail","6":"product_cat-stainless-steel-trapped-gullies","8":"first","9":"instock","10":"taxable","11":"shipping-taxable","12":"purchasable","13":"product-type-variable"},"yoast_head":"<!-- This site is optimized with the Yoast SEO plugin v27.4 - https:\/\/yoast.com\/product\/yoast-seo-wordpress\/ -->\n<title>Sumidero sif\u00f3nico in stainless steel with grating perforada cuadrada<\/title>\n<meta name=\"description\" content=\"Sumidero sif\u00f3nico in stainless steel with grating perforada cuadrada.. Cuerpo y reja de inox. Salida horizontal DN50mm\" \/>\n<meta name=\"robots\" content=\"index, follow, max-snippet:-1, max-image-preview:large, max-video-preview:-1\" \/>\n<link rel=\"canonical\" href=\"https:\/\/inzainox.com\/en\/producto\/sumidero-sifonico-in-stainless-steel-with-grating-perforada-cuadrada\/\" \/>\n<meta property=\"og:locale\" content=\"en_US\" \/>\n<meta property=\"og:type\" content=\"article\" \/>\n<meta property=\"og:title\" content=\"Sumidero sif\u00f3nico in stainless steel with grating perforada cuadrada\" \/>\n<meta property=\"og:description\" content=\"Sumidero sif\u00f3nico in stainless steel with grating perforada cuadrada.. Cuerpo y reja de inox. Salida horizontal DN50mm\" \/>\n<meta property=\"og:url\" content=\"https:\/\/inzainox.com\/en\/producto\/sumidero-sifonico-in-stainless-steel-with-grating-perforada-cuadrada\/\" \/>\n<meta property=\"og:site_name\" content=\"Canales y sumideros de acero inoxidable Inza. Drenaje inox para industria\" \/>\n<meta property=\"og:image\" content=\"https:\/\/inzainox.com\/wp-content\/uploads\/2020\/11\/cuadrado.jpg\" \/>\n\t<meta property=\"og:image:width\" content=\"444\" \/>\n\t<meta property=\"og:image:height\" content=\"293\" \/>\n\t<meta property=\"og:image:type\" content=\"image\/jpeg\" \/>\n<meta name=\"twitter:card\" content=\"summary_large_image\" \/>\n<!-- \/ Yoast SEO plugin. -->","yoast_head_json":{"title":"Sumidero sif\u00f3nico in stainless steel with grating perforada cuadrada","description":"Sumidero sif\u00f3nico in stainless steel with grating perforada cuadrada.. Cuerpo y reja de inox. Salida horizontal DN50mm","robots":{"index":"index","follow":"follow","max-snippet":"max-snippet:-1","max-image-preview":"max-image-preview:large","max-video-preview":"max-video-preview:-1"},"canonical":"https:\/\/inzainox.com\/en\/producto\/sumidero-sifonico-in-stainless-steel-with-grating-perforada-cuadrada\/","og_locale":"en_US","og_type":"article","og_title":"Sumidero sif\u00f3nico in stainless steel with grating perforada cuadrada","og_description":"Sumidero sif\u00f3nico in stainless steel with grating perforada cuadrada.. Cuerpo y reja de inox. Salida horizontal DN50mm","og_url":"https:\/\/inzainox.com\/en\/producto\/sumidero-sifonico-in-stainless-steel-with-grating-perforada-cuadrada\/","og_site_name":"Canales y sumideros de acero inoxidable Inza. Drenaje inox para industria","og_image":[{"width":444,"height":293,"url":"https:\/\/inzainox.com\/wp-content\/uploads\/2020\/11\/cuadrado.jpg","type":"image\/jpeg"}],"twitter_card":"summary_large_image","schema":{"@context":"https:\/\/schema.org","@graph":[{"@type":"WebPage","@id":"https:\/\/inzainox.com\/en\/producto\/sumidero-sifonico-in-stainless-steel-with-grating-perforada-cuadrada\/","url":"https:\/\/inzainox.com\/en\/producto\/sumidero-sifonico-in-stainless-steel-with-grating-perforada-cuadrada\/","name":"Sumidero sif\u00f3nico in stainless steel with grating perforada cuadrada","isPartOf":{"@id":"https:\/\/inzainox.com\/en\/#website"},"primaryImageOfPage":{"@id":"https:\/\/inzainox.com\/en\/producto\/sumidero-sifonico-in-stainless-steel-with-grating-perforada-cuadrada\/#primaryimage"},"image":{"@id":"https:\/\/inzainox.com\/en\/producto\/sumidero-sifonico-in-stainless-steel-with-grating-perforada-cuadrada\/#primaryimage"},"thumbnailUrl":"https:\/\/inzainox.com\/wp-content\/uploads\/2020\/11\/cuadrado.jpg","datePublished":"2020-11-19T09:20:44+00:00","description":"Sumidero sif\u00f3nico in stainless steel with grating perforada cuadrada.. Cuerpo y reja de inox. Salida horizontal DN50mm","breadcrumb":{"@id":"https:\/\/inzainox.com\/en\/producto\/sumidero-sifonico-in-stainless-steel-with-grating-perforada-cuadrada\/#breadcrumb"},"inLanguage":"en-US","potentialAction":[{"@type":"ReadAction","target":["https:\/\/inzainox.com\/en\/producto\/sumidero-sifonico-in-stainless-steel-with-grating-perforada-cuadrada\/"]}]},{"@type":"ImageObject","inLanguage":"en-US","@id":"https:\/\/inzainox.com\/en\/producto\/sumidero-sifonico-in-stainless-steel-with-grating-perforada-cuadrada\/#primaryimage","url":"https:\/\/inzainox.com\/wp-content\/uploads\/2020\/11\/cuadrado.jpg","contentUrl":"https:\/\/inzainox.com\/wp-content\/uploads\/2020\/11\/cuadrado.jpg","width":444,"height":293,"caption":"sumidero de ducha in stainless steel"},{"@type":"BreadcrumbList","@id":"https:\/\/inzainox.com\/en\/producto\/sumidero-sifonico-in-stainless-steel-with-grating-perforada-cuadrada\/#breadcrumb","itemListElement":[{"@type":"ListItem","position":1,"name":"Home","item":"https:\/\/inzainox.com\/en\/"},{"@type":"ListItem","position":2,"name":"Inza Shop","item":"https:\/\/inzainox.com\/en\/inza-shop\/"},{"@type":"ListItem","position":3,"name":"Sumidero sif\u00f3nico in stainless steel with grating perforada cuadrada"}]},{"@type":"WebSite","@id":"https:\/\/inzainox.com\/en\/#website","url":"https:\/\/inzainox.com\/en\/","name":"Canales y sumideros de acero inoxidable Inza. Drenaje inox para industria","description":"Drenaje de acero inoxidable para industria","publisher":{"@id":"https:\/\/inzainox.com\/en\/#organization"},"alternateName":"Inza Inox","potentialAction":[{"@type":"SearchAction","target":{"@type":"EntryPoint","urlTemplate":"https:\/\/inzainox.com\/en\/?s={search_term_string}"},"query-input":{"@type":"PropertyValueSpecification","valueRequired":true,"valueName":"search_term_string"}}],"inLanguage":"en-US"},{"@type":"Organization","@id":"https:\/\/inzainox.com\/en\/#organization","name":"Inza Inox S.L.","alternateName":"Inza","url":"https:\/\/inzainox.com\/en\/","logo":{"@type":"ImageObject","inLanguage":"en-US","@id":"https:\/\/inzainox.com\/en\/#\/schema\/logo\/image\/","url":"https:\/\/inzainox.com\/wp-content\/uploads\/2020\/05\/cropped-cropped-NUEVA-INZA-2-1.png","contentUrl":"https:\/\/inzainox.com\/wp-content\/uploads\/2020\/05\/cropped-cropped-NUEVA-INZA-2-1.png","width":487,"height":165,"caption":"Inza Inox S.L."},"image":{"@id":"https:\/\/inzainox.com\/en\/#\/schema\/logo\/image\/"}}]}},"_links":{"self":[{"href":"https:\/\/inzainox.com\/en\/wp-json\/wp\/v2\/product\/12157","targetHints":{"allow":["GET"]}}],"collection":[{"href":"https:\/\/inzainox.com\/en\/wp-json\/wp\/v2\/product"}],"about":[{"href":"https:\/\/inzainox.com\/en\/wp-json\/wp\/v2\/types\/product"}],"replies":[{"embeddable":true,"href":"https:\/\/inzainox.com\/en\/wp-json\/wp\/v2\/comments?post=12157"}],"version-history":[{"count":0,"href":"https:\/\/inzainox.com\/en\/wp-json\/wp\/v2\/product\/12157\/revisions"}],"wp:featuredmedia":[{"embeddable":true,"href":"https:\/\/inzainox.com\/en\/wp-json\/wp\/v2\/media\/12160"}],"wp:attachment":[{"href":"https:\/\/inzainox.com\/en\/wp-json\/wp\/v2\/media?parent=12157"}],"wp:term":[{"taxonomy":"product_brand","embeddable":true,"href":"https:\/\/inzainox.com\/en\/wp-json\/wp\/v2\/product_brand?post=12157"},{"taxonomy":"product_cat","embeddable":true,"href":"https:\/\/inzainox.com\/en\/wp-json\/wp\/v2\/product_cat?post=12157"},{"taxonomy":"product_tag","embeddable":true,"href":"https:\/\/inzainox.com\/en\/wp-json\/wp\/v2\/product_tag?post=12157"}],"curies":[{"name":"wp","href":"https:\/\/api.w.org\/{rel}","templated":true}]}}