{"id":12141,"date":"2022-03-03T12:20:22","date_gmt":"2022-03-03T11:20:22","guid":{"rendered":"https:\/\/inzainox.com\/producto\/canal-inza-s100-de-polymer-concrete-ancho-100mm\/"},"modified":"2026-04-28T21:24:04","modified_gmt":"2026-04-28T19:24:04","slug":"canal-inza-s100-de-polymer-concrete-ancho-100mm","status":"publish","type":"product","link":"https:\/\/inzainox.com\/en\/producto\/canal-inza-s100-de-polymer-concrete-ancho-100mm\/","title":{"rendered":"Canal INZA S100 de polymer concrete ancho 100mm"},"content":{"rendered":"\t\t<div data-elementor-type=\"wp-post\" data-elementor-id=\"12141\" class=\"elementor elementor-12141 elementor-2287\">\n\t\t\t\t<div class=\"elementor-element elementor-element-156c8aaf e-flex e-con-boxed e-con e-parent\" data-id=\"156c8aaf\" data-element_type=\"container\" data-e-type=\"container\">\n\t\t\t\t\t<div class=\"e-con-inner\">\n\t\t\t\t<div class=\"elementor-element elementor-element-69cbc51d elementor-widget elementor-widget-text-editor\" data-id=\"69cbc51d\" data-element_type=\"widget\" data-e-type=\"widget\" data-widget_type=\"text-editor.default\">\n\t\t\t\t<div class=\"elementor-widget-container\">\n\t\t\t\t\t\t\t\t\t<p>Polymer concrete channel with grating S100. 100mm internal width with various heights. Sections of 1000mm length. With tongue-and-groove joint and pre-marks for opening the outlets<\/p><p>Disponen de rejas manufactured from galvanised steel, stainless steel, fundici\u00f3n y polipropileno<\/p><p>Los canales son de load class C250 y existen rejas para load class A15 &#8211; trafico peatonal, B125 &#8211; trafico de veh\u00edculos y C250 &#8211; trafico urbano<\/p><p>\u00a0<\/p><p>Pasarela in galvanised steel y in stainless steel peatonal A15<\/p><p><img decoding=\"async\" class=\"alignnone wp-image-2265\" src=\"https:\/\/inzainox.com\/wp-content\/uploads\/2022\/03\/reja-pasarela.png\" alt=\"walkway grating galvanised steel peatonal para canal polymer concrete inza\" width=\"205\" height=\"93\" srcset=\"https:\/\/inzainox.com\/wp-content\/uploads\/2022\/03\/reja-pasarela.png 849w, https:\/\/inzainox.com\/wp-content\/uploads\/2022\/03\/reja-pasarela-300x136.png 300w, https:\/\/inzainox.com\/wp-content\/uploads\/2022\/03\/reja-pasarela-768x349.png 768w, https:\/\/inzainox.com\/wp-content\/uploads\/2022\/03\/reja-pasarela-600x273.png 600w\" sizes=\"(max-width: 205px) 100vw, 205px\" \/><\/p><p>Entramada in galvanised steel y in stainless steel<\/p><p><img decoding=\"async\" class=\"alignnone wp-image-2261\" src=\"https:\/\/inzainox.com\/wp-content\/uploads\/2022\/03\/reja-entramada.png\" alt=\"\" width=\"207\" height=\"97\" srcset=\"https:\/\/inzainox.com\/wp-content\/uploads\/2022\/03\/reja-entramada.png 846w, https:\/\/inzainox.com\/wp-content\/uploads\/2022\/03\/reja-entramada-300x141.png 300w, https:\/\/inzainox.com\/wp-content\/uploads\/2022\/03\/reja-entramada-768x360.png 768w, https:\/\/inzainox.com\/wp-content\/uploads\/2022\/03\/reja-entramada-600x282.png 600w\" sizes=\"(max-width: 207px) 100vw, 207px\" \/><\/p><p>Reja de fundici\u00f3n C250 para cargas de trafico de veh\u00edculos. Especialmente dise\u00f1adas para entradas de garajes<\/p><p><img decoding=\"async\" class=\"alignnone wp-image-2262 \" src=\"https:\/\/inzainox.com\/wp-content\/uploads\/2022\/03\/REJA-FUNDICION-300x140.png\" alt=\"\" width=\"196\" height=\"91\" srcset=\"https:\/\/inzainox.com\/wp-content\/uploads\/2022\/03\/REJA-FUNDICION-300x140.png 300w, https:\/\/inzainox.com\/wp-content\/uploads\/2022\/03\/REJA-FUNDICION-768x359.png 768w, https:\/\/inzainox.com\/wp-content\/uploads\/2022\/03\/REJA-FUNDICION-600x280.png 600w, https:\/\/inzainox.com\/wp-content\/uploads\/2022\/03\/REJA-FUNDICION.png 846w\" sizes=\"(max-width: 196px) 100vw, 196px\" \/><\/p><p>Reja oculta ranurada en &#8220;T&#8221; o &#8220;L&#8221; in galvanised steel o inoxidable, para un drenaje pr\u00e1cticamente invisible con diferentes height de pavimento<\/p><p><img loading=\"lazy\" decoding=\"async\" class=\"alignnone wp-image-2268\" src=\"https:\/\/inzainox.com\/wp-content\/uploads\/2022\/03\/S100GLH100.jpg\" alt=\"canal with concealed slotted grating\" width=\"262\" height=\"168\" srcset=\"https:\/\/inzainox.com\/wp-content\/uploads\/2022\/03\/S100GLH100.jpg 694w, https:\/\/inzainox.com\/wp-content\/uploads\/2022\/03\/S100GLH100-300x192.jpg 300w, https:\/\/inzainox.com\/wp-content\/uploads\/2022\/03\/S100GLH100-600x385.jpg 600w\" sizes=\"(max-width: 262px) 100vw, 262px\" \/><\/p><p>Rejas especiales in stainless steel con una terminaci\u00f3n premium para los canales de drenaje INZA<\/p><p><img loading=\"lazy\" decoding=\"async\" class=\"alignnone wp-image-2245\" src=\"https:\/\/inzainox.com\/wp-content\/uploads\/2022\/03\/REJAS-ESPECIALES.jpg\" alt=\"rejas especiales in stainless steel\" width=\"463\" height=\"81\" srcset=\"https:\/\/inzainox.com\/wp-content\/uploads\/2022\/03\/REJAS-ESPECIALES.jpg 993w, https:\/\/inzainox.com\/wp-content\/uploads\/2022\/03\/REJAS-ESPECIALES-300x53.jpg 300w, https:\/\/inzainox.com\/wp-content\/uploads\/2022\/03\/REJAS-ESPECIALES-768x135.jpg 768w, https:\/\/inzainox.com\/wp-content\/uploads\/2022\/03\/REJAS-ESPECIALES-600x105.jpg 600w\" sizes=\"(max-width: 463px) 100vw, 463px\" \/><\/p><p>Existen distintos accesorios para la canaleta de drenaje with grating de fundici\u00f3n S100RP como tapas de final, sumideros sif\u00f3nicos, cestos de recogida de s\u00f3lidos, etc (env\u00edenos un mail a info@inzainox.com para consultarnos)<\/p><p><img loading=\"lazy\" decoding=\"async\" class=\"alignnone size-full wp-image-2246\" src=\"https:\/\/inzainox.com\/wp-content\/uploads\/2022\/03\/PIEZAS-ESPECIALES.jpg\" alt=\"piezas especiales canales polymer concrete\" width=\"585\" height=\"169\" srcset=\"https:\/\/inzainox.com\/wp-content\/uploads\/2022\/03\/PIEZAS-ESPECIALES.jpg 585w, https:\/\/inzainox.com\/wp-content\/uploads\/2022\/03\/PIEZAS-ESPECIALES-300x87.jpg 300w\" sizes=\"(max-width: 585px) 100vw, 585px\" \/><\/p><p>\u00a0<\/p>\t\t\t\t\t\t\t\t<\/div>\n\t\t\t\t<\/div>\n\t\t\t\t\t<\/div>\n\t\t\t\t<\/div>\n\t\t\t\t<\/div>\n\t\t","protected":false},"excerpt":{"rendered":"<p>Polymer concrete drainage channels with grating S100. 100mm internal width with various heights. Sections of 1000mm length. With tongue-and-groove joint and pre-marks for opening the outlets<\/p>\n<p>Disponen de rejas manufactured from galvanised steel, stainless steel, fundici\u00f3n y polipropileno<\/p>\n<p>Los canales son de load class C250 y existen rejas para load class A15 &#8211; trafico peatonal, B125 &#8211; trafico de veh\u00edculos y C250 &#8211; trafico urbano<\/p>\n<p>&nbsp;<\/p>\n<p>Pasarela in galvanised steel peatonal A15<\/p>\n","protected":false},"featured_media":12143,"comment_status":"open","ping_status":"closed","template":"","meta":[],"product_brand":[],"product_cat":[523,524],"product_tag":[],"class_list":{"0":"post-12141","1":"product","2":"type-product","3":"status-publish","4":"has-post-thumbnail","6":"product_cat-drainage-channels-with-grates","7":"product_cat-polymer-concrete-channels","8":"pa_altura-exterior-de-canal-100mm","9":"pa_altura-exterior-de-canal-150mm","10":"pa_altura-exterior-de-canal-60mm","12":"first","13":"instock","14":"taxable","15":"shipping-taxable","16":"purchasable","17":"product-type-variable","18":"has-default-attributes"},"yoast_head":"<!-- This site is optimized with the Yoast SEO plugin v27.4 - https:\/\/yoast.com\/product\/yoast-seo-wordpress\/ -->\n<title>Canales y sumideros de acero inoxidable Inza. Drenaje inox para industria<\/title>\n<meta name=\"description\" content=\"Polymer concrete drainage channels de ancho 100 con distintas heights y anchuras. Disponibles en stock para env\u00edo inmediato\" \/>\n<meta name=\"robots\" content=\"index, follow, max-snippet:-1, max-image-preview:large, max-video-preview:-1\" \/>\n<link rel=\"canonical\" href=\"https:\/\/inzainox.com\/en\/producto\/canal-inza-s100-de-polymer-concrete-ancho-100mm\/\" \/>\n<meta property=\"og:locale\" content=\"en_US\" \/>\n<meta property=\"og:type\" content=\"article\" \/>\n<meta property=\"og:title\" content=\"Canales y sumideros de acero inoxidable Inza. Drenaje inox para industria\" \/>\n<meta property=\"og:description\" content=\"Polymer concrete drainage channels de ancho 100 con distintas heights y anchuras. Disponibles en stock para env\u00edo inmediato\" \/>\n<meta property=\"og:url\" content=\"https:\/\/inzainox.com\/en\/producto\/canal-inza-s100-de-polymer-concrete-ancho-100mm\/\" \/>\n<meta property=\"og:site_name\" content=\"Canales y sumideros de acero inoxidable Inza. Drenaje inox para industria\" \/>\n<meta property=\"article:modified_time\" content=\"2026-04-28T19:24:04+00:00\" \/>\n<meta property=\"og:image\" content=\"https:\/\/inzainox.com\/wp-content\/uploads\/2022\/03\/S100.jpg\" \/>\n\t<meta property=\"og:image:width\" content=\"615\" \/>\n\t<meta property=\"og:image:height\" content=\"422\" \/>\n\t<meta property=\"og:image:type\" content=\"image\/jpeg\" \/>\n<meta name=\"twitter:card\" content=\"summary_large_image\" \/>\n<meta name=\"twitter:label1\" content=\"Est. reading time\" \/>\n\t<meta name=\"twitter:data1\" content=\"1 minute\" \/>\n<!-- \/ Yoast SEO plugin. -->","yoast_head_json":{"title":"Canales y sumideros de acero inoxidable Inza. Drenaje inox para industria","description":"Polymer concrete drainage channels de ancho 100 con distintas heights y anchuras. Disponibles en stock para env\u00edo inmediato","robots":{"index":"index","follow":"follow","max-snippet":"max-snippet:-1","max-image-preview":"max-image-preview:large","max-video-preview":"max-video-preview:-1"},"canonical":"https:\/\/inzainox.com\/en\/producto\/canal-inza-s100-de-polymer-concrete-ancho-100mm\/","og_locale":"en_US","og_type":"article","og_title":"Canales y sumideros de acero inoxidable Inza. Drenaje inox para industria","og_description":"Polymer concrete drainage channels de ancho 100 con distintas heights y anchuras. Disponibles en stock para env\u00edo inmediato","og_url":"https:\/\/inzainox.com\/en\/producto\/canal-inza-s100-de-polymer-concrete-ancho-100mm\/","og_site_name":"Canales y sumideros de acero inoxidable Inza. Drenaje inox para industria","article_modified_time":"2026-04-28T19:24:04+00:00","og_image":[{"width":615,"height":422,"url":"https:\/\/inzainox.com\/wp-content\/uploads\/2022\/03\/S100.jpg","type":"image\/jpeg"}],"twitter_card":"summary_large_image","twitter_misc":{"Est. reading time":"1 minute"},"schema":{"@context":"https:\/\/schema.org","@graph":[{"@type":"WebPage","@id":"https:\/\/inzainox.com\/en\/producto\/canal-inza-s100-de-polymer-concrete-ancho-100mm\/","url":"https:\/\/inzainox.com\/en\/producto\/canal-inza-s100-de-polymer-concrete-ancho-100mm\/","name":"Canales y sumideros de acero inoxidable Inza. Drenaje inox para industria","isPartOf":{"@id":"https:\/\/inzainox.com\/en\/#website"},"primaryImageOfPage":{"@id":"https:\/\/inzainox.com\/en\/producto\/canal-inza-s100-de-polymer-concrete-ancho-100mm\/#primaryimage"},"image":{"@id":"https:\/\/inzainox.com\/en\/producto\/canal-inza-s100-de-polymer-concrete-ancho-100mm\/#primaryimage"},"thumbnailUrl":"https:\/\/inzainox.com\/wp-content\/uploads\/2022\/03\/S100.jpg","datePublished":"2022-03-03T11:20:22+00:00","dateModified":"2026-04-28T19:24:04+00:00","description":"Polymer concrete drainage channels de ancho 100 con distintas heights y anchuras. Disponibles en stock para env\u00edo inmediato","breadcrumb":{"@id":"https:\/\/inzainox.com\/en\/producto\/canal-inza-s100-de-polymer-concrete-ancho-100mm\/#breadcrumb"},"inLanguage":"en-US","potentialAction":[{"@type":"ReadAction","target":["https:\/\/inzainox.com\/en\/producto\/canal-inza-s100-de-polymer-concrete-ancho-100mm\/"]}]},{"@type":"ImageObject","inLanguage":"en-US","@id":"https:\/\/inzainox.com\/en\/producto\/canal-inza-s100-de-polymer-concrete-ancho-100mm\/#primaryimage","url":"https:\/\/inzainox.com\/wp-content\/uploads\/2022\/03\/S100.jpg","contentUrl":"https:\/\/inzainox.com\/wp-content\/uploads\/2022\/03\/S100.jpg","width":615,"height":422},{"@type":"BreadcrumbList","@id":"https:\/\/inzainox.com\/en\/producto\/canal-inza-s100-de-polymer-concrete-ancho-100mm\/#breadcrumb","itemListElement":[{"@type":"ListItem","position":1,"name":"Home","item":"https:\/\/inzainox.com\/en\/"},{"@type":"ListItem","position":2,"name":"Inza Shop","item":"https:\/\/inzainox.com\/en\/inza-shop\/"},{"@type":"ListItem","position":3,"name":"Canal INZA S100 de polymer concrete ancho 100mm"}]},{"@type":"WebSite","@id":"https:\/\/inzainox.com\/en\/#website","url":"https:\/\/inzainox.com\/en\/","name":"Canales y sumideros de acero inoxidable Inza. Drenaje inox para industria","description":"Drenaje de acero inoxidable para industria","publisher":{"@id":"https:\/\/inzainox.com\/en\/#organization"},"alternateName":"Inza Inox","potentialAction":[{"@type":"SearchAction","target":{"@type":"EntryPoint","urlTemplate":"https:\/\/inzainox.com\/en\/?s={search_term_string}"},"query-input":{"@type":"PropertyValueSpecification","valueRequired":true,"valueName":"search_term_string"}}],"inLanguage":"en-US"},{"@type":"Organization","@id":"https:\/\/inzainox.com\/en\/#organization","name":"Inza Inox S.L.","alternateName":"Inza","url":"https:\/\/inzainox.com\/en\/","logo":{"@type":"ImageObject","inLanguage":"en-US","@id":"https:\/\/inzainox.com\/en\/#\/schema\/logo\/image\/","url":"https:\/\/inzainox.com\/wp-content\/uploads\/2020\/05\/cropped-cropped-NUEVA-INZA-2-1.png","contentUrl":"https:\/\/inzainox.com\/wp-content\/uploads\/2020\/05\/cropped-cropped-NUEVA-INZA-2-1.png","width":487,"height":165,"caption":"Inza Inox S.L."},"image":{"@id":"https:\/\/inzainox.com\/en\/#\/schema\/logo\/image\/"}}]}},"_links":{"self":[{"href":"https:\/\/inzainox.com\/en\/wp-json\/wp\/v2\/product\/12141","targetHints":{"allow":["GET"]}}],"collection":[{"href":"https:\/\/inzainox.com\/en\/wp-json\/wp\/v2\/product"}],"about":[{"href":"https:\/\/inzainox.com\/en\/wp-json\/wp\/v2\/types\/product"}],"replies":[{"embeddable":true,"href":"https:\/\/inzainox.com\/en\/wp-json\/wp\/v2\/comments?post=12141"}],"version-history":[{"count":1,"href":"https:\/\/inzainox.com\/en\/wp-json\/wp\/v2\/product\/12141\/revisions"}],"predecessor-version":[{"id":12156,"href":"https:\/\/inzainox.com\/en\/wp-json\/wp\/v2\/product\/12141\/revisions\/12156"}],"wp:featuredmedia":[{"embeddable":true,"href":"https:\/\/inzainox.com\/en\/wp-json\/wp\/v2\/media\/12143"}],"wp:attachment":[{"href":"https:\/\/inzainox.com\/en\/wp-json\/wp\/v2\/media?parent=12141"}],"wp:term":[{"taxonomy":"product_brand","embeddable":true,"href":"https:\/\/inzainox.com\/en\/wp-json\/wp\/v2\/product_brand?post=12141"},{"taxonomy":"product_cat","embeddable":true,"href":"https:\/\/inzainox.com\/en\/wp-json\/wp\/v2\/product_cat?post=12141"},{"taxonomy":"product_tag","embeddable":true,"href":"https:\/\/inzainox.com\/en\/wp-json\/wp\/v2\/product_tag?post=12141"}],"curies":[{"name":"wp","href":"https:\/\/api.w.org\/{rel}","templated":true}]}}