{"id":9935,"date":"2020-11-03T15:31:56","date_gmt":"2020-11-03T15:31:56","guid":{"rendered":"https:\/\/inzainox.com\/producto\/befuellbarer-wasserdichter-deckel-aus-verzinktem-stahl\/"},"modified":"2026-03-30T13:38:35","modified_gmt":"2026-03-30T13:38:35","slug":"befuellbarer-wasserdichter-deckel-aus-verzinktem-stahl","status":"publish","type":"product","link":"https:\/\/inzainox.com\/de\/produkt\/befuellbarer-wasserdichter-deckel-aus-verzinktem-stahl\/","title":{"rendered":"Bef\u00fcllbarer, wasserdichter Deckel aus verzinktem Stahl"},"content":{"rendered":"\t\t<div data-elementor-type=\"wp-post\" data-elementor-id=\"9935\" class=\"elementor elementor-9935 elementor-1146\">\n\t\t\t\t<div class=\"elementor-element elementor-element-492da20b e-flex e-con-boxed e-con e-parent\" data-id=\"492da20b\" data-element_type=\"container\" data-e-type=\"container\">\n\t\t\t\t\t<div class=\"e-con-inner\">\n\t\t\t\t<div class=\"elementor-element elementor-element-3958742d elementor-widget elementor-widget-text-editor\" data-id=\"3958742d\" data-element_type=\"widget\" data-e-type=\"widget\" data-widget_type=\"text-editor.default\">\n\t\t\t\t<div class=\"elementor-widget-container\">\n\t\t\t\t\t\t\t\t\tBef\u00fcllbarer, wasserdichter Deckel aus verzinktem Stahl f\u00fcr Sch\u00e4chte, bei denen das Eindringen von Wasser oder das Austreten von Ger\u00fcchen verhindert werden muss. L\u00f6sung aus Deckel und Rahmen zur Montage auf einem Revisionsschacht, aus verzinktem Stahl gefertigt, zum Bef\u00fcllen b\u00fcndig mit dem Bodenbelag. \r\n\r\nEin wasserdichter Deckel zur Geruchsvermeidung dank EPDM-Dichtung und Verschraubung mit 4 Edelstahlschrauben in den Deckelecken.\r\n\r\nAusgelegt zum Bef\u00fcllen mit demselben Bodenbelag wie der restliche Boden ist der installierte Revisionsdeckel praktisch unsichtbar und bietet eine perfekt in die Umgebung integrierte L\u00f6sung. Der Deckelboden erm\u00f6glicht sowohl das Verlegen von Pflastersteinen unterschiedlicher H\u00f6he als auch die Verwendung von Keramikfliesen, Holz oder anderen Bodenbel\u00e4gen. \r\n\r\nIm Preis sind die Werkzeuge zum Entfernen der Schrauben enthalten\r\n\r\nWir liefern Griffe, die in die Schraubenaufnahmen eingeschraubt werden, um ein bequemes \u00d6ffnen zu erleichtern. Diese Griffe mit B\u00fcgel sind ebenfalls im Preis inbegriffen. \r\n\r\n<iframe title=\"Tapa de arqueta rellenable estanca de acero inoxidable\" width=\"1200\" height=\"675\" src=\"https:\/\/www.youtube.com\/embed\/VVrkmHR3nho?feature=oembed\" frameborder=\"0\" allow=\"accelerometer; autoplay; clipboard-write; encrypted-media; gyroscope; picture-in-picture; web-share\" referrerpolicy=\"strict-origin-when-cross-origin\" allowfullscreen><\/iframe>\r\n\r\nStandardabdeckungen f\u00fcr Fu\u00dfg\u00e4ngerverkehr und besonders verst\u00e4rkte Abdeckungen f\u00fcr Fahrzeugverkehr. Wir f\u00fchren Abdeckungen der Belastungsklassen A15, B125, C250 und D400 \r\n\r\nQuadratische Deckel in verschiedenen Abmessungen von 300&#215;300 mm bis 1000&#215;1000 mm.\r\n\r\nBef\u00fcllbare, wasserdichte Abdeckungen aus verzinktem Stahl f\u00fcr hohe Best\u00e4ndigkeit gegen mechanische Belastungen und chemische Einwirkungen. Speziell f\u00fcr die Montage auf Entw\u00e4sserungssch\u00e4chten in \u00fcberwiegend feuchter Umgebung. F\u00fcr extrem aggressive Umgebungen oder Anlagen mit Meerwasser bieten wir dieselben bef\u00fcllbaren, wasserdichten Abdeckungen aus Edelstahl in den Qualit\u00e4ten AISI 304 und AISI 316L an.  \r\n\r\nOptional mit Bewehrungsmatte zur sp\u00e4teren Einbetonierung lieferbar.\r\n\r\n<span style=\"color: #339966;\"><a style=\"color: #339966;\" href=\"https:\/\/inzainox.com\/wp-content\/uploads\/2022\/03\/Tapas-estancas-de-acero-galvanizado-rellenables.pdf\">TECHNISCHES DATENBLATT<\/a><\/span>\r\n\r\nRunde Deckel und Sonderma\u00dfe anfragen\r\n\r\n<img fetchpriority=\"high\" decoding=\"async\" class=\"size-full wp-image-1594 aligncenter\" src=\"https:\/\/inzainox.com\/wp-content\/uploads\/2020\/04\/TAPAS-GENERAL-DIMENSIONES-1.jpg\" alt=\"ALLGEMEINE ABMESSUNGEN WASSERDICHTE DECKEL INZA\" width=\"491\" height=\"449\" srcset=\"https:\/\/inzainox.com\/wp-content\/uploads\/2020\/04\/TAPAS-GENERAL-DIMENSIONES-1.jpg 491w, https:\/\/inzainox.com\/wp-content\/uploads\/2020\/04\/TAPAS-GENERAL-DIMENSIONES-1-300x274.jpg 300w\" sizes=\"(max-width: 491px) 100vw, 491px\" \/>\r\n\r\n<img decoding=\"async\" class=\"size-full wp-image-1592 aligncenter\" src=\"https:\/\/inzainox.com\/wp-content\/uploads\/2020\/04\/TAPAS-GENERAL-DIMENSIONES.jpg\" alt=\"Allgemeine Abmessungen der wasserdichten INZA-Deckel\" width=\"728\" height=\"265\" srcset=\"https:\/\/inzainox.com\/wp-content\/uploads\/2020\/04\/TAPAS-GENERAL-DIMENSIONES.jpg 728w, https:\/\/inzainox.com\/wp-content\/uploads\/2020\/04\/TAPAS-GENERAL-DIMENSIONES-300x109.jpg 300w, https:\/\/inzainox.com\/wp-content\/uploads\/2020\/04\/TAPAS-GENERAL-DIMENSIONES-600x218.jpg 600w\" sizes=\"(max-width: 728px) 100vw, 728px\" \/>\t\t\t\t\t\t\t\t<\/div>\n\t\t\t\t<\/div>\n\t\t\t\t\t<\/div>\n\t\t\t\t<\/div>\n\t\t\t\t<\/div>\n\t\t","protected":false},"excerpt":{"rendered":"<p>Transport im Preis inbegriffen<\/p>\n<p>Wir liefern sie Ihnen innerhalb von 24-48 Stunden.<\/p>\n<p>Wenn Sie Fragen haben, rufen Sie uns an: T. +34 91 127 90 05<\/p>\n<p>Bef\u00fcllbare, wasserdichte Schachtabdeckung aus verzinktem Stahl. Verschluss mit vier Schrauben und Abdichtung mit EPDM-Dichtung. Als Standardausf\u00fchrung f\u00fcr Fu\u00dfg\u00e4ngerverkehr (Belastungsklasse A15) oder verst\u00e4rkt f\u00fcr Fahrzeugverkehr (Belastungsklasse B125) bzw. f\u00fcr urbane Anwendungen (Belastungsklasse C250)  <\/p>\n<p>Alle Abdeckungen werden mit dem \u00d6ffnungswerkzeug sowie 2 Gewindehebern geliefert, die das \u00d6ffnen mit minimalem Kraftaufwand erleichtern.<\/p>\n","protected":false},"featured_media":56,"comment_status":"open","ping_status":"closed","template":"","meta":[],"product_brand":[],"product_cat":[497,569,495],"product_tag":[],"class_list":{"0":"post-9935","1":"product","2":"type-product","3":"status-publish","4":"has-post-thumbnail","6":"product_cat-befullbare-wasserdichte-deckel","7":"product_cat-geruchsdichte-abdeckungen-aus-verzinktem-stahl","8":"product_cat-wasserdichte-deckel","9":"pa_dimensiones-1000x1000","10":"pa_dimensiones-30x30","11":"pa_dimensiones-40x40","12":"pa_dimensiones-50x50","13":"pa_dimensiones-60x60","14":"pa_dimensiones-70x70","15":"pa_dimensiones-80x80","16":"pa_dimensiones-90x90","18":"first","19":"instock","20":"taxable","21":"shipping-taxable","22":"purchasable","23":"product-type-variable"},"yoast_head":"<!-- This site is optimized with the Yoast SEO plugin v27.1.1 - https:\/\/yoast.com\/product\/yoast-seo-wordpress\/ -->\n<title>Bef\u00fcllbarer, wasserdichter Deckel aus verzinktem Stahl<\/title>\n<meta name=\"description\" content=\"Verf\u00fcgbarer Lagerbestand an bef\u00fcllbaren, wasserdichten Deckeln aus verzinktem Stahl f\u00fcr Schachtabdeckungen. W\u00e4hlen und kaufen Sie Ihre Anti-Geruchs-L\u00f6sung\" \/>\n<meta name=\"robots\" content=\"index, follow, max-snippet:-1, max-image-preview:large, max-video-preview:-1\" \/>\n<link rel=\"canonical\" href=\"https:\/\/inzainox.com\/de\/produkt\/befuellbarer-wasserdichter-deckel-aus-verzinktem-stahl\/\" \/>\n<meta property=\"og:locale\" content=\"de_DE\" \/>\n<meta property=\"og:type\" content=\"article\" \/>\n<meta property=\"og:title\" content=\"Bef\u00fcllbarer, wasserdichter Deckel aus verzinktem Stahl\" \/>\n<meta property=\"og:description\" content=\"Verf\u00fcgbarer Lagerbestand an bef\u00fcllbaren, wasserdichten Deckeln aus verzinktem Stahl f\u00fcr Schachtabdeckungen. W\u00e4hlen und kaufen Sie Ihre Anti-Geruchs-L\u00f6sung\" \/>\n<meta property=\"og:url\" content=\"https:\/\/inzainox.com\/de\/produkt\/befuellbarer-wasserdichter-deckel-aus-verzinktem-stahl\/\" \/>\n<meta property=\"og:site_name\" content=\"Inza Rinnen und Abl\u00e4ufe aus Edelstahl. Edelstahl-Entw\u00e4sserung f\u00fcr die Industrie\" \/>\n<meta property=\"article:modified_time\" content=\"2026-03-30T13:38:35+00:00\" \/>\n<meta property=\"og:image\" content=\"https:\/\/inzainox.com\/wp-content\/uploads\/2020\/04\/rellenable.jpg\" \/>\n\t<meta property=\"og:image:width\" content=\"709\" \/>\n\t<meta property=\"og:image:height\" content=\"447\" \/>\n\t<meta property=\"og:image:type\" content=\"image\/jpeg\" \/>\n<meta name=\"twitter:card\" content=\"summary_large_image\" \/>\n<meta name=\"twitter:label1\" content=\"Gesch\u00e4tzte Lesezeit\" \/>\n\t<meta name=\"twitter:data1\" content=\"1\u00a0Minute\" \/>\n<!-- \/ Yoast SEO plugin. -->","yoast_head_json":{"title":"Bef\u00fcllbarer, wasserdichter Deckel aus verzinktem Stahl","description":"Verf\u00fcgbarer Lagerbestand an bef\u00fcllbaren, wasserdichten Deckeln aus verzinktem Stahl f\u00fcr Schachtabdeckungen. W\u00e4hlen und kaufen Sie Ihre Anti-Geruchs-L\u00f6sung","robots":{"index":"index","follow":"follow","max-snippet":"max-snippet:-1","max-image-preview":"max-image-preview:large","max-video-preview":"max-video-preview:-1"},"canonical":"https:\/\/inzainox.com\/de\/produkt\/befuellbarer-wasserdichter-deckel-aus-verzinktem-stahl\/","og_locale":"de_DE","og_type":"article","og_title":"Bef\u00fcllbarer, wasserdichter Deckel aus verzinktem Stahl","og_description":"Verf\u00fcgbarer Lagerbestand an bef\u00fcllbaren, wasserdichten Deckeln aus verzinktem Stahl f\u00fcr Schachtabdeckungen. W\u00e4hlen und kaufen Sie Ihre Anti-Geruchs-L\u00f6sung","og_url":"https:\/\/inzainox.com\/de\/produkt\/befuellbarer-wasserdichter-deckel-aus-verzinktem-stahl\/","og_site_name":"Inza Rinnen und Abl\u00e4ufe aus Edelstahl. Edelstahl-Entw\u00e4sserung f\u00fcr die Industrie","article_modified_time":"2026-03-30T13:38:35+00:00","og_image":[{"width":709,"height":447,"url":"https:\/\/inzainox.com\/wp-content\/uploads\/2020\/04\/rellenable.jpg","type":"image\/jpeg"}],"twitter_card":"summary_large_image","twitter_misc":{"Gesch\u00e4tzte Lesezeit":"1\u00a0Minute"},"schema":{"@context":"https:\/\/schema.org","@graph":[{"@type":"WebPage","@id":"https:\/\/inzainox.com\/de\/produkt\/befuellbarer-wasserdichter-deckel-aus-verzinktem-stahl\/","url":"https:\/\/inzainox.com\/de\/produkt\/befuellbarer-wasserdichter-deckel-aus-verzinktem-stahl\/","name":"Bef\u00fcllbarer, wasserdichter Deckel aus verzinktem Stahl","isPartOf":{"@id":"https:\/\/inzainox.com\/de\/#website"},"primaryImageOfPage":{"@id":"https:\/\/inzainox.com\/de\/produkt\/befuellbarer-wasserdichter-deckel-aus-verzinktem-stahl\/#primaryimage"},"image":{"@id":"https:\/\/inzainox.com\/de\/produkt\/befuellbarer-wasserdichter-deckel-aus-verzinktem-stahl\/#primaryimage"},"thumbnailUrl":"https:\/\/inzainox.com\/wp-content\/uploads\/2020\/04\/rellenable.jpg","datePublished":"2020-11-03T15:31:56+00:00","dateModified":"2026-03-30T13:38:35+00:00","description":"Verf\u00fcgbarer Lagerbestand an bef\u00fcllbaren, wasserdichten Deckeln aus verzinktem Stahl f\u00fcr Schachtabdeckungen. W\u00e4hlen und kaufen Sie Ihre Anti-Geruchs-L\u00f6sung","breadcrumb":{"@id":"https:\/\/inzainox.com\/de\/produkt\/befuellbarer-wasserdichter-deckel-aus-verzinktem-stahl\/#breadcrumb"},"inLanguage":"de","potentialAction":[{"@type":"ReadAction","target":["https:\/\/inzainox.com\/de\/produkt\/befuellbarer-wasserdichter-deckel-aus-verzinktem-stahl\/"]}]},{"@type":"ImageObject","inLanguage":"de","@id":"https:\/\/inzainox.com\/de\/produkt\/befuellbarer-wasserdichter-deckel-aus-verzinktem-stahl\/#primaryimage","url":"https:\/\/inzainox.com\/wp-content\/uploads\/2020\/04\/rellenable.jpg","contentUrl":"https:\/\/inzainox.com\/wp-content\/uploads\/2020\/04\/rellenable.jpg","width":709,"height":447,"caption":"tapa de arqueta estanca rellenable"},{"@type":"BreadcrumbList","@id":"https:\/\/inzainox.com\/de\/produkt\/befuellbarer-wasserdichter-deckel-aus-verzinktem-stahl\/#breadcrumb","itemListElement":[{"@type":"ListItem","position":1,"name":"Startseite","item":"https:\/\/inzainox.com\/de\/neue-startseite\/"},{"@type":"ListItem","position":2,"name":"Inza-Shop","item":"https:\/\/inzainox.com\/de\/inza-shop\/"},{"@type":"ListItem","position":3,"name":"Bef\u00fcllbarer, wasserdichter Deckel aus verzinktem Stahl"}]},{"@type":"WebSite","@id":"https:\/\/inzainox.com\/de\/#website","url":"https:\/\/inzainox.com\/de\/","name":"Inza Rinnen und Abl\u00e4ufe aus Edelstahl. Edelstahl-Entw\u00e4sserung f\u00fcr die Industrie","description":"Edelstahl-Entw\u00e4sserung f\u00fcr die Industrie","publisher":{"@id":"https:\/\/inzainox.com\/de\/#organization"},"alternateName":"Inza Inox","potentialAction":[{"@type":"SearchAction","target":{"@type":"EntryPoint","urlTemplate":"https:\/\/inzainox.com\/de\/?s={search_term_string}"},"query-input":{"@type":"PropertyValueSpecification","valueRequired":true,"valueName":"search_term_string"}}],"inLanguage":"de"},{"@type":"Organization","@id":"https:\/\/inzainox.com\/de\/#organization","name":"Inza Inox S.L.","alternateName":"Inza","url":"https:\/\/inzainox.com\/de\/","logo":{"@type":"ImageObject","inLanguage":"de","@id":"https:\/\/inzainox.com\/de\/#\/schema\/logo\/image\/","url":"https:\/\/inzainox.com\/wp-content\/uploads\/2020\/05\/cropped-NUEVA-INZA-2-5.png","contentUrl":"https:\/\/inzainox.com\/wp-content\/uploads\/2020\/05\/cropped-NUEVA-INZA-2-5.png","width":549,"height":264,"caption":"Inza Inox S.L."},"image":{"@id":"https:\/\/inzainox.com\/de\/#\/schema\/logo\/image\/"}}]}},"_links":{"self":[{"href":"https:\/\/inzainox.com\/de\/wp-json\/wp\/v2\/product\/9935","targetHints":{"allow":["GET"]}}],"collection":[{"href":"https:\/\/inzainox.com\/de\/wp-json\/wp\/v2\/product"}],"about":[{"href":"https:\/\/inzainox.com\/de\/wp-json\/wp\/v2\/types\/product"}],"replies":[{"embeddable":true,"href":"https:\/\/inzainox.com\/de\/wp-json\/wp\/v2\/comments?post=9935"}],"version-history":[{"count":1,"href":"https:\/\/inzainox.com\/de\/wp-json\/wp\/v2\/product\/9935\/revisions"}],"predecessor-version":[{"id":9960,"href":"https:\/\/inzainox.com\/de\/wp-json\/wp\/v2\/product\/9935\/revisions\/9960"}],"wp:featuredmedia":[{"embeddable":true,"href":"https:\/\/inzainox.com\/de\/wp-json\/wp\/v2\/media\/56"}],"wp:attachment":[{"href":"https:\/\/inzainox.com\/de\/wp-json\/wp\/v2\/media?parent=9935"}],"wp:term":[{"taxonomy":"product_brand","embeddable":true,"href":"https:\/\/inzainox.com\/de\/wp-json\/wp\/v2\/product_brand?post=9935"},{"taxonomy":"product_cat","embeddable":true,"href":"https:\/\/inzainox.com\/de\/wp-json\/wp\/v2\/product_cat?post=9935"},{"taxonomy":"product_tag","embeddable":true,"href":"https:\/\/inzainox.com\/de\/wp-json\/wp\/v2\/product_tag?post=9935"}],"curies":[{"name":"wp","href":"https:\/\/api.w.org\/{rel}","templated":true}]}}