{"id":9774,"date":"2026-02-17T11:48:28","date_gmt":"2026-02-17T11:48:28","guid":{"rendered":"https:\/\/inzainox.com\/producto\/glatte-geruchsdichte-schachtabdeckung-aus-edelstahl-aisi-316l\/"},"modified":"2026-03-30T13:35:21","modified_gmt":"2026-03-30T13:35:21","slug":"glatte-geruchsdichte-schachtabdeckung-aus-edelstahl-aisi-316l","status":"publish","type":"product","link":"https:\/\/inzainox.com\/de\/produkt\/glatte-geruchsdichte-schachtabdeckung-aus-edelstahl-aisi-316l\/","title":{"rendered":"Glatte, geruchsdichte Schachtabdeckung aus Edelstahl AISI 316L"},"content":{"rendered":"\t\t<div data-elementor-type=\"wp-post\" data-elementor-id=\"9774\" class=\"elementor elementor-9774 elementor-5932\">\n\t\t\t\t<div class=\"elementor-element elementor-element-1c0f95ed e-flex e-con-boxed e-con e-parent\" data-id=\"1c0f95ed\" data-element_type=\"container\" data-e-type=\"container\">\n\t\t\t\t\t<div class=\"e-con-inner\">\n\t\t\t\t<div class=\"elementor-element elementor-element-6e3e585b elementor-widget elementor-widget-text-editor\" data-id=\"6e3e585b\" data-element_type=\"widget\" data-e-type=\"widget\" data-widget_type=\"text-editor.default\">\n\t\t\t\t<div class=\"elementor-widget-container\">\n\t\t\t\t\t\t\t\t\t<p>Schachtabdeckung und Rahmen f\u00fcr Revisionssch\u00e4chte aus Edelstahl AISI 316, glatte Ausf\u00fchrung f\u00fcr bodengleichen Einbau.<\/p><p>Die Fertigung der Deckel aus Edelstahl AISI316L macht sie besonders widerstandsf\u00e4hig gegen Oxidation unter sehr anspruchsvollen Bedingungen wie Meeresumgebungen, hohen Salzkonzentrationen, Einwirkung aggressiver Chemikalien usw.<\/p><p>Dies sind Deckel mit hoher Lebensdauer und ideal f\u00fcr Bereiche, in denen die Bedingungen die Optik eines aus Edelstahl AISI304 gefertigten Deckels beeintr\u00e4chtigen k\u00f6nnen.<\/p><p>Ein wasserdichter Deckel zur Geruchsvermeidung dank EPDM-Dichtung und Verschraubung mit 4 Edelstahlschrauben in den Deckelecken.<\/p><p>F\u00fcr den b\u00fcndigen Einbau im Boden konzipiert, mit glatter Oberfl\u00e4che in Edelstahl-Finish 2B.<\/p><p>Im Preis sind die Werkzeuge zum Entfernen der Schrauben enthalten<\/p><p>Wir liefern Griffe, die in die Schraubenaufnahmen eingeschraubt werden, um das \u00d6ffnen bequem zu erleichtern. Diese Griffe mit B\u00fcgel sind ebenfalls im Preis enthalten <\/p><p><iframe title=\"Tapa de arqueta rellenable estanca de acero inoxidable\" width=\"1200\" height=\"675\" src=\"https:\/\/www.youtube.com\/embed\/VVrkmHR3nho?feature=oembed\" frameborder=\"0\" allow=\"accelerometer; autoplay; clipboard-write; encrypted-media; gyroscope; picture-in-picture; web-share\" referrerpolicy=\"strict-origin-when-cross-origin\" allowfullscreen><\/iframe><\/p><p>Standarddeckel f\u00fcr Fu\u00dfg\u00e4ngerverkehr und besonders verst\u00e4rkte Deckel f\u00fcr Fahrzeugverkehr. Wir f\u00fchren Deckel f\u00fcr die Belastungsklassen A15, B125, C250 und D400. <\/p><p>Quadratische Deckel in verschiedenen Abmessungen von 300&#215;300 mm bis 1000&#215;1000 mm.<\/p><p>Optional mit Bewehrungsmatte zur sp\u00e4teren Einbetonierung lieferbar.<\/p><p><span style=\"color: #339966;\"><strong><a style=\"color: #339966;\" href=\"https:\/\/inzainox.com\/wp-content\/uploads\/2022\/03\/Tapas-estancas-de-acero-inoxidable-rellenables.pdf\">TECHNISCHES DATENBLATT<\/a><\/strong><\/span><\/p><p>Runde Deckel und Sonderma\u00dfe anfragen<\/p><p><img fetchpriority=\"high\" decoding=\"async\" class=\"aligncenter wp-image-1662 size-large\" src=\"https:\/\/inzainox.com\/wp-content\/uploads\/2020\/11\/plano-tapa-lisa-1024x401.jpg\" alt=\"Zeichnung glatte, geruchsdichte Edelstahlsch\u00e4chte\" width=\"1024\" height=\"401\" srcset=\"https:\/\/inzainox.com\/wp-content\/uploads\/2020\/11\/plano-tapa-lisa-1024x401.jpg 1024w, https:\/\/inzainox.com\/wp-content\/uploads\/2020\/11\/plano-tapa-lisa-300x117.jpg 300w, https:\/\/inzainox.com\/wp-content\/uploads\/2020\/11\/plano-tapa-lisa-768x300.jpg 768w, https:\/\/inzainox.com\/wp-content\/uploads\/2020\/11\/plano-tapa-lisa-600x235.jpg 600w, https:\/\/inzainox.com\/wp-content\/uploads\/2020\/11\/plano-tapa-lisa.jpg 1191w\" sizes=\"(max-width: 1024px) 100vw, 1024px\" \/><img decoding=\"async\" class=\"wp-image-1592 aligncenter\" src=\"https:\/\/inzainox.com\/wp-content\/uploads\/2020\/04\/TAPAS-GENERAL-DIMENSIONES.jpg\" alt=\"Allgemeine Abmessungen der wasserdichten INZA-Deckel\" width=\"791\" height=\"288\" srcset=\"https:\/\/inzainox.com\/wp-content\/uploads\/2020\/04\/TAPAS-GENERAL-DIMENSIONES.jpg 728w, https:\/\/inzainox.com\/wp-content\/uploads\/2020\/04\/TAPAS-GENERAL-DIMENSIONES-300x109.jpg 300w, https:\/\/inzainox.com\/wp-content\/uploads\/2020\/04\/TAPAS-GENERAL-DIMENSIONES-600x218.jpg 600w\" sizes=\"(max-width: 791px) 100vw, 791px\" \/><\/p><p><a href=\"https:\/\/inzainox.com\/producto\/tapa-estanca-lisa-de-acero-inoxidable\/\">Technisches Datenblatt f\u00fcr glatte, geruchsdichte Schachtabdeckungen aus Edelstahl<\/a><\/p>\t\t\t\t\t\t\t\t<\/div>\n\t\t\t\t<\/div>\n\t\t\t\t\t<\/div>\n\t\t\t\t<\/div>\n\t\t\t\t<\/div>\n\t\t","protected":false},"excerpt":{"rendered":"<p>Transport im Preis inbegriffen<\/p>\n<p>Wir fertigen ihn f\u00fcr Sie auf Bestellung. Lieferzeit: 1 Woche <\/p>\n<p>Wenn Sie Fragen haben, rufen Sie uns an: T. +34 91 127 90 05<\/p>\n<p>Glatte, geruchsdichte Schachtabdeckung aus Edelstahl AISI 316. Vierfach verschraubt mit EPDM-Dichtung. Erh\u00e4ltlich als begehbare Ausf\u00fchrung (Belastungsklasse A15) oder verst\u00e4rkt als befahrbare Ausf\u00fchrung (Belastungsklasse B125).  <\/p>\n<p>Alle Deckel werden mit Werkzeugen zum \u00d6ffnen geliefert.<\/p>\n","protected":false},"featured_media":73,"comment_status":"open","ping_status":"closed","template":"","meta":[],"product_brand":[],"product_cat":[495,496],"product_tag":[],"class_list":{"0":"post-9774","1":"product","2":"type-product","3":"status-publish","4":"has-post-thumbnail","6":"product_cat-wasserdichte-deckel","7":"product_cat-wasserdichte-edelstahl-deckel","8":"pa_dimensiones-1000x1000","9":"pa_dimensiones-30x30","10":"pa_dimensiones-40x40","11":"pa_dimensiones-50x50","12":"pa_dimensiones-60x60","13":"pa_dimensiones-70x70","14":"pa_dimensiones-80x80","15":"pa_dimensiones-90x90","17":"first","18":"instock","19":"taxable","20":"shipping-taxable","21":"purchasable","22":"product-type-variable"},"yoast_head":"<!-- This site is optimized with the Yoast SEO plugin v27.1.1 - https:\/\/yoast.com\/product\/yoast-seo-wordpress\/ -->\n<title>Glatte, geruchsdichte Schachtabdeckung aus Edelstahl AISI 316L<\/title>\n<meta name=\"description\" content=\"Glatte, geruchsdichte Schachtabdeckungen aus Edelstahl AISI 316L f\u00fcr Revisionssch\u00e4chte. Speziell f\u00fcr aggressive Umgebungen gefertigt.\" \/>\n<meta name=\"robots\" content=\"index, follow, max-snippet:-1, max-image-preview:large, max-video-preview:-1\" \/>\n<link rel=\"canonical\" href=\"https:\/\/inzainox.com\/de\/produkt\/glatte-geruchsdichte-schachtabdeckung-aus-edelstahl-aisi-316l\/\" \/>\n<meta property=\"og:locale\" content=\"de_DE\" \/>\n<meta property=\"og:type\" content=\"article\" \/>\n<meta property=\"og:title\" content=\"Glatte, geruchsdichte Schachtabdeckung aus Edelstahl AISI 316L\" \/>\n<meta property=\"og:description\" content=\"Glatte, geruchsdichte Schachtabdeckungen aus Edelstahl AISI 316L f\u00fcr Revisionssch\u00e4chte. Speziell f\u00fcr aggressive Umgebungen gefertigt.\" \/>\n<meta property=\"og:url\" content=\"https:\/\/inzainox.com\/de\/produkt\/glatte-geruchsdichte-schachtabdeckung-aus-edelstahl-aisi-316l\/\" \/>\n<meta property=\"og:site_name\" content=\"Inza Rinnen und Abl\u00e4ufe aus Edelstahl. Edelstahl-Entw\u00e4sserung f\u00fcr die Industrie\" \/>\n<meta property=\"article:modified_time\" content=\"2026-03-30T13:35:21+00:00\" \/>\n<meta property=\"og:image\" content=\"https:\/\/inzainox.com\/wp-content\/uploads\/2020\/04\/lisa.jpg\" \/>\n\t<meta property=\"og:image:width\" content=\"688\" \/>\n\t<meta property=\"og:image:height\" content=\"480\" \/>\n\t<meta property=\"og:image:type\" content=\"image\/jpeg\" \/>\n<meta name=\"twitter:card\" content=\"summary_large_image\" \/>\n<meta name=\"twitter:label1\" content=\"Gesch\u00e4tzte Lesezeit\" \/>\n\t<meta name=\"twitter:data1\" content=\"1\u00a0Minute\" \/>\n<!-- \/ Yoast SEO plugin. -->","yoast_head_json":{"title":"Glatte, geruchsdichte Schachtabdeckung aus Edelstahl AISI 316L","description":"Glatte, geruchsdichte Schachtabdeckungen aus Edelstahl AISI 316L f\u00fcr Revisionssch\u00e4chte. Speziell f\u00fcr aggressive Umgebungen gefertigt.","robots":{"index":"index","follow":"follow","max-snippet":"max-snippet:-1","max-image-preview":"max-image-preview:large","max-video-preview":"max-video-preview:-1"},"canonical":"https:\/\/inzainox.com\/de\/produkt\/glatte-geruchsdichte-schachtabdeckung-aus-edelstahl-aisi-316l\/","og_locale":"de_DE","og_type":"article","og_title":"Glatte, geruchsdichte Schachtabdeckung aus Edelstahl AISI 316L","og_description":"Glatte, geruchsdichte Schachtabdeckungen aus Edelstahl AISI 316L f\u00fcr Revisionssch\u00e4chte. Speziell f\u00fcr aggressive Umgebungen gefertigt.","og_url":"https:\/\/inzainox.com\/de\/produkt\/glatte-geruchsdichte-schachtabdeckung-aus-edelstahl-aisi-316l\/","og_site_name":"Inza Rinnen und Abl\u00e4ufe aus Edelstahl. Edelstahl-Entw\u00e4sserung f\u00fcr die Industrie","article_modified_time":"2026-03-30T13:35:21+00:00","og_image":[{"width":688,"height":480,"url":"https:\/\/inzainox.com\/wp-content\/uploads\/2020\/04\/lisa.jpg","type":"image\/jpeg"}],"twitter_card":"summary_large_image","twitter_misc":{"Gesch\u00e4tzte Lesezeit":"1\u00a0Minute"},"schema":{"@context":"https:\/\/schema.org","@graph":[{"@type":"WebPage","@id":"https:\/\/inzainox.com\/de\/produkt\/glatte-geruchsdichte-schachtabdeckung-aus-edelstahl-aisi-316l\/","url":"https:\/\/inzainox.com\/de\/produkt\/glatte-geruchsdichte-schachtabdeckung-aus-edelstahl-aisi-316l\/","name":"Glatte, geruchsdichte Schachtabdeckung aus Edelstahl AISI 316L","isPartOf":{"@id":"https:\/\/inzainox.com\/de\/#website"},"primaryImageOfPage":{"@id":"https:\/\/inzainox.com\/de\/produkt\/glatte-geruchsdichte-schachtabdeckung-aus-edelstahl-aisi-316l\/#primaryimage"},"image":{"@id":"https:\/\/inzainox.com\/de\/produkt\/glatte-geruchsdichte-schachtabdeckung-aus-edelstahl-aisi-316l\/#primaryimage"},"thumbnailUrl":"https:\/\/inzainox.com\/wp-content\/uploads\/2020\/04\/lisa.jpg","datePublished":"2026-02-17T11:48:28+00:00","dateModified":"2026-03-30T13:35:21+00:00","description":"Glatte, geruchsdichte Schachtabdeckungen aus Edelstahl AISI 316L f\u00fcr Revisionssch\u00e4chte. Speziell f\u00fcr aggressive Umgebungen gefertigt.","breadcrumb":{"@id":"https:\/\/inzainox.com\/de\/produkt\/glatte-geruchsdichte-schachtabdeckung-aus-edelstahl-aisi-316l\/#breadcrumb"},"inLanguage":"de","potentialAction":[{"@type":"ReadAction","target":["https:\/\/inzainox.com\/de\/produkt\/glatte-geruchsdichte-schachtabdeckung-aus-edelstahl-aisi-316l\/"]}]},{"@type":"ImageObject","inLanguage":"de","@id":"https:\/\/inzainox.com\/de\/produkt\/glatte-geruchsdichte-schachtabdeckung-aus-edelstahl-aisi-316l\/#primaryimage","url":"https:\/\/inzainox.com\/wp-content\/uploads\/2020\/04\/lisa.jpg","contentUrl":"https:\/\/inzainox.com\/wp-content\/uploads\/2020\/04\/lisa.jpg","width":688,"height":480,"caption":"Tapa estanca de acero inoxidable con terminaci\u00f3n lisa"},{"@type":"BreadcrumbList","@id":"https:\/\/inzainox.com\/de\/produkt\/glatte-geruchsdichte-schachtabdeckung-aus-edelstahl-aisi-316l\/#breadcrumb","itemListElement":[{"@type":"ListItem","position":1,"name":"Startseite","item":"https:\/\/inzainox.com\/de\/neue-startseite\/"},{"@type":"ListItem","position":2,"name":"Inza-Shop","item":"https:\/\/inzainox.com\/de\/inza-shop\/"},{"@type":"ListItem","position":3,"name":"Glatte, geruchsdichte Schachtabdeckung aus Edelstahl AISI 316L"}]},{"@type":"WebSite","@id":"https:\/\/inzainox.com\/de\/#website","url":"https:\/\/inzainox.com\/de\/","name":"Inza Rinnen und Abl\u00e4ufe aus Edelstahl. Edelstahl-Entw\u00e4sserung f\u00fcr die Industrie","description":"Edelstahl-Entw\u00e4sserung f\u00fcr die Industrie","publisher":{"@id":"https:\/\/inzainox.com\/de\/#organization"},"alternateName":"Inza Inox","potentialAction":[{"@type":"SearchAction","target":{"@type":"EntryPoint","urlTemplate":"https:\/\/inzainox.com\/de\/?s={search_term_string}"},"query-input":{"@type":"PropertyValueSpecification","valueRequired":true,"valueName":"search_term_string"}}],"inLanguage":"de"},{"@type":"Organization","@id":"https:\/\/inzainox.com\/de\/#organization","name":"Inza Inox S.L.","alternateName":"Inza","url":"https:\/\/inzainox.com\/de\/","logo":{"@type":"ImageObject","inLanguage":"de","@id":"https:\/\/inzainox.com\/de\/#\/schema\/logo\/image\/","url":"https:\/\/inzainox.com\/wp-content\/uploads\/2020\/05\/cropped-NUEVA-INZA-2-5.png","contentUrl":"https:\/\/inzainox.com\/wp-content\/uploads\/2020\/05\/cropped-NUEVA-INZA-2-5.png","width":549,"height":264,"caption":"Inza Inox S.L."},"image":{"@id":"https:\/\/inzainox.com\/de\/#\/schema\/logo\/image\/"}}]}},"_links":{"self":[{"href":"https:\/\/inzainox.com\/de\/wp-json\/wp\/v2\/product\/9774","targetHints":{"allow":["GET"]}}],"collection":[{"href":"https:\/\/inzainox.com\/de\/wp-json\/wp\/v2\/product"}],"about":[{"href":"https:\/\/inzainox.com\/de\/wp-json\/wp\/v2\/types\/product"}],"replies":[{"embeddable":true,"href":"https:\/\/inzainox.com\/de\/wp-json\/wp\/v2\/comments?post=9774"}],"version-history":[{"count":1,"href":"https:\/\/inzainox.com\/de\/wp-json\/wp\/v2\/product\/9774\/revisions"}],"predecessor-version":[{"id":9792,"href":"https:\/\/inzainox.com\/de\/wp-json\/wp\/v2\/product\/9774\/revisions\/9792"}],"wp:featuredmedia":[{"embeddable":true,"href":"https:\/\/inzainox.com\/de\/wp-json\/wp\/v2\/media\/73"}],"wp:attachment":[{"href":"https:\/\/inzainox.com\/de\/wp-json\/wp\/v2\/media?parent=9774"}],"wp:term":[{"taxonomy":"product_brand","embeddable":true,"href":"https:\/\/inzainox.com\/de\/wp-json\/wp\/v2\/product_brand?post=9774"},{"taxonomy":"product_cat","embeddable":true,"href":"https:\/\/inzainox.com\/de\/wp-json\/wp\/v2\/product_cat?post=9774"},{"taxonomy":"product_tag","embeddable":true,"href":"https:\/\/inzainox.com\/de\/wp-json\/wp\/v2\/product_tag?post=9774"}],"curies":[{"name":"wp","href":"https:\/\/api.w.org\/{rel}","templated":true}]}}