{"id":9570,"date":"2026-03-05T11:54:28","date_gmt":"2026-03-05T11:54:28","guid":{"rendered":"https:\/\/inzainox.com\/producto\/runde-rutschfeste-edelstahl-dichtungsabdeckung\/"},"modified":"2026-03-30T13:32:31","modified_gmt":"2026-03-30T13:32:31","slug":"runde-rutschfeste-edelstahl-dichtungsabdeckung","status":"publish","type":"product","link":"https:\/\/inzainox.com\/de\/produkt\/runde-rutschfeste-edelstahl-dichtungsabdeckung\/","title":{"rendered":"Runde rutschfeste Edelstahl-Dichtungsabdeckung"},"content":{"rendered":"\t\t<div data-elementor-type=\"wp-post\" data-elementor-id=\"9570\" class=\"elementor elementor-9570 elementor-6283\">\n\t\t\t\t<div class=\"elementor-element elementor-element-4ba642bf e-flex e-con-boxed e-con e-parent\" data-id=\"4ba642bf\" data-element_type=\"container\" data-e-type=\"container\">\n\t\t\t\t\t<div class=\"e-con-inner\">\n\t\t\t\t<div class=\"elementor-element elementor-element-2922d311 elementor-widget elementor-widget-text-editor\" data-id=\"2922d311\" data-element_type=\"widget\" data-e-type=\"widget\" data-widget_type=\"text-editor.default\">\n\t\t\t\t<div class=\"elementor-widget-container\">\n\t\t\t\t\t\t\t\t\t<p>Rutschfeste Abdeckung und Rahmen f\u00fcr runde Sch\u00e4chte aus Edelstahl AISI304. Fertigung auch in Edelstahl AISI316L f\u00fcr besonders aggressive Umgebungen oder maritime Bereiche m\u00f6glich. <\/p><p>Durch das Fehlen von Ecken gew\u00e4hrleistet die kreisf\u00f6rmige Geometrie eine radiale und gleichm\u00e4\u00dfige Spannungsverteilung, wodurch strukturelle Schwachstellen minimiert und das Risiko von Verformungen oder Rissen im Pflaster unter schweren Lasten erheblich reduziert wird.<\/p><p>Es handelt sich um eine runde Dichtungsabdeckung zur Geruchsvermeidung, dank eines Verschlusses mittels EPDM-Dichtung und einer Befestigung mit 4 Edelstahlschrauben an den Ecken der Abdeckung. Im Preis sind die Werkzeuge zum Entfernen der Schrauben enthalten<\/p><p>Wir liefern Griffe, die in die Schraubenaufnahmen eingeschraubt werden, um ein bequemes \u00d6ffnen zu erleichtern. Diese Griffe mit B\u00fcgel sind ebenfalls im Preis inbegriffen.  Der Vorgang zum Demontieren der Abdeckung \u00e4hnelt dem im folgenden Demontagevideo einer quadratischen Dichtungsabdeckung gezeigten.<\/p><p><iframe title=\"Tapa de arqueta estanca lisa de acero inoxidable o galvanizado\" width=\"1200\" height=\"675\" src=\"https:\/\/www.youtube.com\/embed\/i-ht3desZic?feature=oembed\" frameborder=\"0\" allow=\"accelerometer; autoplay; clipboard-write; encrypted-media; gyroscope; picture-in-picture; web-share\" referrerpolicy=\"strict-origin-when-cross-origin\" allowfullscreen><\/iframe><\/p><p>Standarddeckel f\u00fcr Fu\u00dfg\u00e4ngerverkehr und besonders verst\u00e4rkte Deckel f\u00fcr Fahrzeugverkehr. Wir f\u00fchren Deckel f\u00fcr die Belastungsklassen A15, B125, C250 und D400. <\/p><p>Lagernde Abdeckungen in verschiedenen Abmessungen von 300 mm \u00d7 300 mm bis 1000 mm \u00d7 1000 mm.<\/p><p> <\/p><p><span style=\"color: #339966;\"><strong><a style=\"color: #339966;\" href=\"https:\/\/inzainox.com\/wp-content\/uploads\/2026\/03\/FT-TRIA-Circular-Lisa-Antideslizante.pdf\">TECHNISCHES DATENBLATT<\/a><\/strong><\/span><\/p><p>Fragen Sie nach anderen Arten von Abdeckungen aus verschiedenen Materialien und in Sonderma\u00dfen.<\/p><p>Es gibt Abdeckungen f\u00fcr hohe Lasten und mit kolbenunterst\u00fctzter \u00d6ffnung.<\/p><p><img fetchpriority=\"high\" decoding=\"async\" class=\"aligncenter wp-image-6366\" src=\"https:\/\/inzainox.com\/wp-content\/uploads\/2026\/03\/FT-TRIA-Circular-Lisa-Antideslizante.png\" alt=\"\" width=\"999\" height=\"1429\" srcset=\"https:\/\/inzainox.com\/wp-content\/uploads\/2026\/03\/FT-TRIA-Circular-Lisa-Antideslizante.png 593w, https:\/\/inzainox.com\/wp-content\/uploads\/2026\/03\/FT-TRIA-Circular-Lisa-Antideslizante-210x300.png 210w\" sizes=\"(max-width: 999px) 100vw, 999px\" \/><\/p>\t\t\t\t\t\t\t\t<\/div>\n\t\t\t\t<\/div>\n\t\t\t\t\t<\/div>\n\t\t\t\t<\/div>\n\t\t\t\t<\/div>\n\t\t","protected":false},"excerpt":{"rendered":"<p>Transport im Preis inbegriffen<\/p>\n<p>Wir liefern sie Ihnen innerhalb von 24-48 Stunden.<\/p>\n<p>Wenn Sie Fragen haben, rufen Sie uns an: T. +34 91 127 90 05<\/p>\n<p>Runde rutschfeste Edelstahl-Schachtabdeckung AISI304. Verschluss mittels vier Schrauben und EPDM-Dichtung. Erh\u00e4ltlich in einfacher Ausf\u00fchrung f\u00fcr Fu\u00dfg\u00e4ngerverkehr (Belastungsklasse A15) oder verst\u00e4rkt f\u00fcr Fahrzeugverkehr (Belastungsklasse B125).  <\/p>\n<p>Ihr kreisf\u00f6rmiges Design verteilt das Gewicht gleichm\u00e4\u00dfig und spannungsfrei, was die Druckfestigkeit maximiert und die Entstehung von Rissen im angrenzenden Pflaster effektiv verhindert.<\/p>\n<p>Alle Deckel werden mit Werkzeugen zum \u00d6ffnen geliefert.<\/p>\n","protected":false},"featured_media":6296,"comment_status":"open","ping_status":"closed","template":"","meta":[],"product_brand":[],"product_cat":[596,495,496],"product_tag":[],"class_list":{"0":"post-9570","1":"product","2":"type-product","3":"status-publish","4":"has-post-thumbnail","6":"product_cat-runde-edelstahl-dichtungsabdeckungen","7":"product_cat-wasserdichte-deckel","8":"product_cat-wasserdichte-edelstahl-deckel","10":"first","11":"instock","12":"taxable","13":"shipping-taxable","14":"purchasable","15":"product-type-variable"},"yoast_head":"<!-- This site is optimized with the Yoast SEO plugin v27.1.1 - https:\/\/yoast.com\/product\/yoast-seo-wordpress\/ -->\n<title>Runde rutschfeste Edelstahl-Dichtungsabdeckung<\/title>\n<meta name=\"description\" content=\"Verf\u00fcgbarer Lagerbestand an runden Edelstahl-Dichtungsabdeckungen f\u00fcr Schachtzug\u00e4nge. W\u00e4hlen und kaufen Sie die geruchshemmende L\u00f6sung.\" \/>\n<meta name=\"robots\" content=\"index, follow, max-snippet:-1, max-image-preview:large, max-video-preview:-1\" \/>\n<link rel=\"canonical\" href=\"https:\/\/inzainox.com\/de\/produkt\/runde-rutschfeste-edelstahl-dichtungsabdeckung\/\" \/>\n<meta property=\"og:locale\" content=\"de_DE\" \/>\n<meta property=\"og:type\" content=\"article\" \/>\n<meta property=\"og:title\" content=\"Runde rutschfeste Edelstahl-Dichtungsabdeckung\" \/>\n<meta property=\"og:description\" content=\"Verf\u00fcgbarer Lagerbestand an runden Edelstahl-Dichtungsabdeckungen f\u00fcr Schachtzug\u00e4nge. W\u00e4hlen und kaufen Sie die geruchshemmende L\u00f6sung.\" \/>\n<meta property=\"og:url\" content=\"https:\/\/inzainox.com\/de\/produkt\/runde-rutschfeste-edelstahl-dichtungsabdeckung\/\" \/>\n<meta property=\"og:site_name\" content=\"Inza Rinnen und Abl\u00e4ufe aus Edelstahl. Edelstahl-Entw\u00e4sserung f\u00fcr die Industrie\" \/>\n<meta property=\"article:modified_time\" content=\"2026-03-30T13:32:31+00:00\" \/>\n<meta property=\"og:image\" content=\"https:\/\/inzainox.com\/wp-content\/uploads\/2026\/03\/tapa-estanca-antideslizante-redonda.jpg\" \/>\n\t<meta property=\"og:image:width\" content=\"2478\" \/>\n\t<meta property=\"og:image:height\" content=\"1728\" \/>\n\t<meta property=\"og:image:type\" content=\"image\/jpeg\" \/>\n<meta name=\"twitter:card\" content=\"summary_large_image\" \/>\n<meta name=\"twitter:label1\" content=\"Gesch\u00e4tzte Lesezeit\" \/>\n\t<meta name=\"twitter:data1\" content=\"1\u00a0Minute\" \/>\n<!-- \/ Yoast SEO plugin. -->","yoast_head_json":{"title":"Runde rutschfeste Edelstahl-Dichtungsabdeckung","description":"Verf\u00fcgbarer Lagerbestand an runden Edelstahl-Dichtungsabdeckungen f\u00fcr Schachtzug\u00e4nge. W\u00e4hlen und kaufen Sie die geruchshemmende L\u00f6sung.","robots":{"index":"index","follow":"follow","max-snippet":"max-snippet:-1","max-image-preview":"max-image-preview:large","max-video-preview":"max-video-preview:-1"},"canonical":"https:\/\/inzainox.com\/de\/produkt\/runde-rutschfeste-edelstahl-dichtungsabdeckung\/","og_locale":"de_DE","og_type":"article","og_title":"Runde rutschfeste Edelstahl-Dichtungsabdeckung","og_description":"Verf\u00fcgbarer Lagerbestand an runden Edelstahl-Dichtungsabdeckungen f\u00fcr Schachtzug\u00e4nge. W\u00e4hlen und kaufen Sie die geruchshemmende L\u00f6sung.","og_url":"https:\/\/inzainox.com\/de\/produkt\/runde-rutschfeste-edelstahl-dichtungsabdeckung\/","og_site_name":"Inza Rinnen und Abl\u00e4ufe aus Edelstahl. Edelstahl-Entw\u00e4sserung f\u00fcr die Industrie","article_modified_time":"2026-03-30T13:32:31+00:00","og_image":[{"width":2478,"height":1728,"url":"https:\/\/inzainox.com\/wp-content\/uploads\/2026\/03\/tapa-estanca-antideslizante-redonda.jpg","type":"image\/jpeg"}],"twitter_card":"summary_large_image","twitter_misc":{"Gesch\u00e4tzte Lesezeit":"1\u00a0Minute"},"schema":{"@context":"https:\/\/schema.org","@graph":[{"@type":"WebPage","@id":"https:\/\/inzainox.com\/de\/produkt\/runde-rutschfeste-edelstahl-dichtungsabdeckung\/","url":"https:\/\/inzainox.com\/de\/produkt\/runde-rutschfeste-edelstahl-dichtungsabdeckung\/","name":"Runde rutschfeste Edelstahl-Dichtungsabdeckung","isPartOf":{"@id":"https:\/\/inzainox.com\/de\/#website"},"primaryImageOfPage":{"@id":"https:\/\/inzainox.com\/de\/produkt\/runde-rutschfeste-edelstahl-dichtungsabdeckung\/#primaryimage"},"image":{"@id":"https:\/\/inzainox.com\/de\/produkt\/runde-rutschfeste-edelstahl-dichtungsabdeckung\/#primaryimage"},"thumbnailUrl":"https:\/\/inzainox.com\/wp-content\/uploads\/2026\/03\/tapa-estanca-antideslizante-redonda.jpg","datePublished":"2026-03-05T11:54:28+00:00","dateModified":"2026-03-30T13:32:31+00:00","description":"Verf\u00fcgbarer Lagerbestand an runden Edelstahl-Dichtungsabdeckungen f\u00fcr Schachtzug\u00e4nge. W\u00e4hlen und kaufen Sie die geruchshemmende L\u00f6sung.","breadcrumb":{"@id":"https:\/\/inzainox.com\/de\/produkt\/runde-rutschfeste-edelstahl-dichtungsabdeckung\/#breadcrumb"},"inLanguage":"de","potentialAction":[{"@type":"ReadAction","target":["https:\/\/inzainox.com\/de\/produkt\/runde-rutschfeste-edelstahl-dichtungsabdeckung\/"]}]},{"@type":"ImageObject","inLanguage":"de","@id":"https:\/\/inzainox.com\/de\/produkt\/runde-rutschfeste-edelstahl-dichtungsabdeckung\/#primaryimage","url":"https:\/\/inzainox.com\/wp-content\/uploads\/2026\/03\/tapa-estanca-antideslizante-redonda.jpg","contentUrl":"https:\/\/inzainox.com\/wp-content\/uploads\/2026\/03\/tapa-estanca-antideslizante-redonda.jpg","width":2478,"height":1728,"caption":"tapa estanca antideslizante redonda de acero inoxidable para sistemas de drenaje industrial y alimentario. Registro estanco circular de acero inoxidable liso. Tapa de inspecci\u00f3n para saneamiento industrial o residencial dise\u00f1ada para evitar olores y garantizar la estanqueidad en zonas con altos requisitos de higiene"},{"@type":"BreadcrumbList","@id":"https:\/\/inzainox.com\/de\/produkt\/runde-rutschfeste-edelstahl-dichtungsabdeckung\/#breadcrumb","itemListElement":[{"@type":"ListItem","position":1,"name":"Startseite","item":"https:\/\/inzainox.com\/de\/neue-startseite\/"},{"@type":"ListItem","position":2,"name":"Inza-Shop","item":"https:\/\/inzainox.com\/de\/inza-shop\/"},{"@type":"ListItem","position":3,"name":"Runde rutschfeste Edelstahl-Dichtungsabdeckung"}]},{"@type":"WebSite","@id":"https:\/\/inzainox.com\/de\/#website","url":"https:\/\/inzainox.com\/de\/","name":"Inza Rinnen und Abl\u00e4ufe aus Edelstahl. Edelstahl-Entw\u00e4sserung f\u00fcr die Industrie","description":"Edelstahl-Entw\u00e4sserung f\u00fcr die Industrie","publisher":{"@id":"https:\/\/inzainox.com\/de\/#organization"},"alternateName":"Inza Inox","potentialAction":[{"@type":"SearchAction","target":{"@type":"EntryPoint","urlTemplate":"https:\/\/inzainox.com\/de\/?s={search_term_string}"},"query-input":{"@type":"PropertyValueSpecification","valueRequired":true,"valueName":"search_term_string"}}],"inLanguage":"de"},{"@type":"Organization","@id":"https:\/\/inzainox.com\/de\/#organization","name":"Inza Inox S.L.","alternateName":"Inza","url":"https:\/\/inzainox.com\/de\/","logo":{"@type":"ImageObject","inLanguage":"de","@id":"https:\/\/inzainox.com\/de\/#\/schema\/logo\/image\/","url":"https:\/\/inzainox.com\/wp-content\/uploads\/2020\/05\/cropped-NUEVA-INZA-2-5.png","contentUrl":"https:\/\/inzainox.com\/wp-content\/uploads\/2020\/05\/cropped-NUEVA-INZA-2-5.png","width":549,"height":264,"caption":"Inza Inox S.L."},"image":{"@id":"https:\/\/inzainox.com\/de\/#\/schema\/logo\/image\/"}}]}},"_links":{"self":[{"href":"https:\/\/inzainox.com\/de\/wp-json\/wp\/v2\/product\/9570","targetHints":{"allow":["GET"]}}],"collection":[{"href":"https:\/\/inzainox.com\/de\/wp-json\/wp\/v2\/product"}],"about":[{"href":"https:\/\/inzainox.com\/de\/wp-json\/wp\/v2\/types\/product"}],"replies":[{"embeddable":true,"href":"https:\/\/inzainox.com\/de\/wp-json\/wp\/v2\/comments?post=9570"}],"version-history":[{"count":1,"href":"https:\/\/inzainox.com\/de\/wp-json\/wp\/v2\/product\/9570\/revisions"}],"predecessor-version":[{"id":9584,"href":"https:\/\/inzainox.com\/de\/wp-json\/wp\/v2\/product\/9570\/revisions\/9584"}],"wp:featuredmedia":[{"embeddable":true,"href":"https:\/\/inzainox.com\/de\/wp-json\/wp\/v2\/media\/6296"}],"wp:attachment":[{"href":"https:\/\/inzainox.com\/de\/wp-json\/wp\/v2\/media?parent=9570"}],"wp:term":[{"taxonomy":"product_brand","embeddable":true,"href":"https:\/\/inzainox.com\/de\/wp-json\/wp\/v2\/product_brand?post=9570"},{"taxonomy":"product_cat","embeddable":true,"href":"https:\/\/inzainox.com\/de\/wp-json\/wp\/v2\/product_cat?post=9570"},{"taxonomy":"product_tag","embeddable":true,"href":"https:\/\/inzainox.com\/de\/wp-json\/wp\/v2\/product_tag?post=9570"}],"curies":[{"name":"wp","href":"https:\/\/api.w.org\/{rel}","templated":true}]}}