{"id":9455,"date":"2020-11-03T16:02:18","date_gmt":"2020-11-03T16:02:18","guid":{"rendered":"https:\/\/inzainox.com\/producto\/glatte-dichte-schachtabdeckung-aus-verzinktem-stahl\/"},"modified":"2020-11-03T16:02:18","modified_gmt":"2020-11-03T16:02:18","slug":"glatte-dichte-schachtabdeckung-aus-verzinktem-stahl","status":"publish","type":"product","link":"https:\/\/inzainox.com\/de\/produkt\/glatte-dichte-schachtabdeckung-aus-verzinktem-stahl\/","title":{"rendered":"Glatte, dichte Schachtabdeckung aus verzinktem Stahl"},"content":{"rendered":"<p>Abdeckung und Rahmen f\u00fcr Revisionssch\u00e4chte aus verzinktem Stahl. Mit einer sehr sorgf\u00e4ltigen glatten Oberfl\u00e4che ist die Abdeckung sehr widerstandsf\u00e4hig und leicht in einwandfreiem Zustand zu halten. <\/p>\n<p>Es handelt sich um eine dichte Abdeckung zur Geruchsvermeidung dank eines Verschlusses mittels EPDM-Dichtung und einer Verbindung mit 4 Schrauben an den Ecken der Abdeckung.<\/p>\n<p>Im Preis sind die Werkzeuge zum Entfernen der Schrauben enthalten<\/p>\n<p>Wir liefern Griffe, die in die Schraubenaufnahmen eingeschraubt werden, um das \u00d6ffnen bequem zu erleichtern. Diese Griffe mit B\u00fcgel sind ebenfalls im Preis enthalten <\/p>\n<p>Standarddeckel f\u00fcr Fu\u00dfg\u00e4ngerverkehr und besonders verst\u00e4rkte Deckel f\u00fcr Fahrzeugverkehr. Wir f\u00fchren Deckel f\u00fcr die Belastungsklassen A15, B125, C250 und D400. <\/p>\n<p><iframe title=\"Tapa de arqueta estanca lisa de acero inoxidable o galvanizado\" width=\"1200\" height=\"675\" src=\"https:\/\/www.youtube.com\/embed\/i-ht3desZic?feature=oembed\" frameborder=\"0\" allow=\"accelerometer; autoplay; clipboard-write; encrypted-media; gyroscope; picture-in-picture; web-share\" referrerpolicy=\"strict-origin-when-cross-origin\" allowfullscreen><\/iframe><\/p>\n<p>Quadratische Deckel in verschiedenen Abmessungen von 300&#215;300 mm bis 1000&#215;1000 mm.<\/p>\n<p><span style=\"color: #339966;\"><strong><a style=\"color: #339966;\" href=\"https:\/\/inzainox.com\/wp-content\/uploads\/2022\/03\/Tapas-estancas-de-acero-galvanizado-lisas.pdf\">TECHNISCHES DATENBLATT<\/a><\/strong><\/span><\/p>\n<p>Runde Deckel und Sonderma\u00dfe anfragen<img fetchpriority=\"high\" decoding=\"async\" class=\"alignnone size-full wp-image-1662\" src=\"https:\/\/inzainox.com\/wp-content\/uploads\/2020\/11\/plano-tapa-lisa.jpg\" alt=\"Plan glatte, dichte Edelstahl-Revisionssch\u00e4chte\" width=\"1191\" height=\"466\" srcset=\"https:\/\/inzainox.com\/wp-content\/uploads\/2020\/11\/plano-tapa-lisa.jpg 1191w, https:\/\/inzainox.com\/wp-content\/uploads\/2020\/11\/plano-tapa-lisa-300x117.jpg 300w, https:\/\/inzainox.com\/wp-content\/uploads\/2020\/11\/plano-tapa-lisa-1024x401.jpg 1024w, https:\/\/inzainox.com\/wp-content\/uploads\/2020\/11\/plano-tapa-lisa-768x300.jpg 768w, https:\/\/inzainox.com\/wp-content\/uploads\/2020\/11\/plano-tapa-lisa-600x235.jpg 600w\" sizes=\"(max-width: 1191px) 100vw, 1191px\" \/><img decoding=\"async\" class=\"size-full wp-image-1592 aligncenter\" src=\"https:\/\/inzainox.com\/wp-content\/uploads\/2020\/04\/TAPAS-GENERAL-DIMENSIONES.jpg\" alt=\"Allgemeine Abmessungen der wasserdichten INZA-Deckel\" width=\"728\" height=\"265\" srcset=\"https:\/\/inzainox.com\/wp-content\/uploads\/2020\/04\/TAPAS-GENERAL-DIMENSIONES.jpg 728w, https:\/\/inzainox.com\/wp-content\/uploads\/2020\/04\/TAPAS-GENERAL-DIMENSIONES-300x109.jpg 300w, https:\/\/inzainox.com\/wp-content\/uploads\/2020\/04\/TAPAS-GENERAL-DIMENSIONES-600x218.jpg 600w\" sizes=\"(max-width: 728px) 100vw, 728px\" \/><\/p>\n<p>&nbsp;<\/p>\n","protected":false},"excerpt":{"rendered":"<p>Transport im Preis inbegriffen<\/p>\n<p>Wir liefern sie Ihnen innerhalb von 24-48 Stunden.<\/p>\n<p>Wenn Sie Fragen haben, rufen Sie uns an: T. +34 91 127 90 05<\/p>\n<p>Glatte, dichte Schachtabdeckung aus verzinktem Stahl. Verschluss durch vier Schrauben und Verbindung mittels EPDM-Dichtung. Erh\u00e4ltlich als einfache Ausf\u00fchrung f\u00fcr Fu\u00dfg\u00e4nger (Belastungsklasse A15) oder verst\u00e4rkt f\u00fcr Fahrzeuge (Belastungsklasse B125) oder st\u00e4dtische Anwendungen (Belastungsklasse C250).  <\/p>\n<p>Alle Deckel werden mit Werkzeugen zum \u00d6ffnen geliefert.<\/p>\n","protected":false},"featured_media":73,"comment_status":"open","ping_status":"closed","template":"","meta":[],"product_brand":[],"product_cat":[569,495],"product_tag":[],"class_list":{"0":"post-9455","1":"product","2":"type-product","3":"status-publish","4":"has-post-thumbnail","6":"product_cat-geruchsdichte-abdeckungen-aus-verzinktem-stahl","7":"product_cat-wasserdichte-deckel","8":"pa_dimensiones-1000x1000","9":"pa_dimensiones-30x30","10":"pa_dimensiones-40x40","11":"pa_dimensiones-50x50","12":"pa_dimensiones-60x60","13":"pa_dimensiones-70x70","14":"pa_dimensiones-80x80","15":"pa_dimensiones-90x90","17":"first","18":"instock","19":"taxable","20":"shipping-taxable","21":"purchasable","22":"product-type-variable"},"yoast_head":"<!-- This site is optimized with the Yoast SEO plugin v27.1.1 - https:\/\/yoast.com\/product\/yoast-seo-wordpress\/ -->\n<title>Glatte, dichte Schachtabdeckung aus verzinktem Stahl<\/title>\n<meta name=\"description\" content=\"Verf\u00fcgbarer Lagerbestand an glatten, dichten Schachtabdeckungen aus verzinktem Stahl f\u00fcr Revisionssch\u00e4chte. W\u00e4hlen Sie die geruchsdichte L\u00f6sung und kaufen Sie diese.\" \/>\n<meta name=\"robots\" content=\"index, follow, max-snippet:-1, max-image-preview:large, max-video-preview:-1\" \/>\n<link rel=\"canonical\" href=\"https:\/\/inzainox.com\/de\/produkt\/glatte-dichte-schachtabdeckung-aus-verzinktem-stahl\/\" \/>\n<meta property=\"og:locale\" content=\"de_DE\" \/>\n<meta property=\"og:type\" content=\"article\" \/>\n<meta property=\"og:title\" content=\"Glatte, dichte Schachtabdeckung aus verzinktem Stahl\" \/>\n<meta property=\"og:description\" content=\"Verf\u00fcgbarer Lagerbestand an glatten, dichten Schachtabdeckungen aus verzinktem Stahl f\u00fcr Revisionssch\u00e4chte. W\u00e4hlen Sie die geruchsdichte L\u00f6sung und kaufen Sie diese.\" \/>\n<meta property=\"og:url\" content=\"https:\/\/inzainox.com\/de\/produkt\/glatte-dichte-schachtabdeckung-aus-verzinktem-stahl\/\" \/>\n<meta property=\"og:site_name\" content=\"Inza Rinnen und Abl\u00e4ufe aus Edelstahl. Edelstahl-Entw\u00e4sserung f\u00fcr die Industrie\" \/>\n<meta property=\"og:image\" content=\"https:\/\/inzainox.com\/wp-content\/uploads\/2020\/04\/lisa.jpg\" \/>\n\t<meta property=\"og:image:width\" content=\"688\" \/>\n\t<meta property=\"og:image:height\" content=\"480\" \/>\n\t<meta property=\"og:image:type\" content=\"image\/jpeg\" \/>\n<meta name=\"twitter:card\" content=\"summary_large_image\" \/>\n<meta name=\"twitter:label1\" content=\"Gesch\u00e4tzte Lesezeit\" \/>\n\t<meta name=\"twitter:data1\" content=\"1\u00a0Minute\" \/>\n<!-- \/ Yoast SEO plugin. -->","yoast_head_json":{"title":"Glatte, dichte Schachtabdeckung aus verzinktem Stahl","description":"Verf\u00fcgbarer Lagerbestand an glatten, dichten Schachtabdeckungen aus verzinktem Stahl f\u00fcr Revisionssch\u00e4chte. W\u00e4hlen Sie die geruchsdichte L\u00f6sung und kaufen Sie diese.","robots":{"index":"index","follow":"follow","max-snippet":"max-snippet:-1","max-image-preview":"max-image-preview:large","max-video-preview":"max-video-preview:-1"},"canonical":"https:\/\/inzainox.com\/de\/produkt\/glatte-dichte-schachtabdeckung-aus-verzinktem-stahl\/","og_locale":"de_DE","og_type":"article","og_title":"Glatte, dichte Schachtabdeckung aus verzinktem Stahl","og_description":"Verf\u00fcgbarer Lagerbestand an glatten, dichten Schachtabdeckungen aus verzinktem Stahl f\u00fcr Revisionssch\u00e4chte. W\u00e4hlen Sie die geruchsdichte L\u00f6sung und kaufen Sie diese.","og_url":"https:\/\/inzainox.com\/de\/produkt\/glatte-dichte-schachtabdeckung-aus-verzinktem-stahl\/","og_site_name":"Inza Rinnen und Abl\u00e4ufe aus Edelstahl. Edelstahl-Entw\u00e4sserung f\u00fcr die Industrie","og_image":[{"width":688,"height":480,"url":"https:\/\/inzainox.com\/wp-content\/uploads\/2020\/04\/lisa.jpg","type":"image\/jpeg"}],"twitter_card":"summary_large_image","twitter_misc":{"Gesch\u00e4tzte Lesezeit":"1\u00a0Minute"},"schema":{"@context":"https:\/\/schema.org","@graph":[{"@type":"WebPage","@id":"https:\/\/inzainox.com\/de\/produkt\/glatte-dichte-schachtabdeckung-aus-verzinktem-stahl\/","url":"https:\/\/inzainox.com\/de\/produkt\/glatte-dichte-schachtabdeckung-aus-verzinktem-stahl\/","name":"Glatte, dichte Schachtabdeckung aus verzinktem Stahl","isPartOf":{"@id":"https:\/\/inzainox.com\/de\/#website"},"primaryImageOfPage":{"@id":"https:\/\/inzainox.com\/de\/produkt\/glatte-dichte-schachtabdeckung-aus-verzinktem-stahl\/#primaryimage"},"image":{"@id":"https:\/\/inzainox.com\/de\/produkt\/glatte-dichte-schachtabdeckung-aus-verzinktem-stahl\/#primaryimage"},"thumbnailUrl":"https:\/\/inzainox.com\/wp-content\/uploads\/2020\/04\/lisa.jpg","datePublished":"2020-11-03T16:02:18+00:00","description":"Verf\u00fcgbarer Lagerbestand an glatten, dichten Schachtabdeckungen aus verzinktem Stahl f\u00fcr Revisionssch\u00e4chte. W\u00e4hlen Sie die geruchsdichte L\u00f6sung und kaufen Sie diese.","breadcrumb":{"@id":"https:\/\/inzainox.com\/de\/produkt\/glatte-dichte-schachtabdeckung-aus-verzinktem-stahl\/#breadcrumb"},"inLanguage":"de","potentialAction":[{"@type":"ReadAction","target":["https:\/\/inzainox.com\/de\/produkt\/glatte-dichte-schachtabdeckung-aus-verzinktem-stahl\/"]}]},{"@type":"ImageObject","inLanguage":"de","@id":"https:\/\/inzainox.com\/de\/produkt\/glatte-dichte-schachtabdeckung-aus-verzinktem-stahl\/#primaryimage","url":"https:\/\/inzainox.com\/wp-content\/uploads\/2020\/04\/lisa.jpg","contentUrl":"https:\/\/inzainox.com\/wp-content\/uploads\/2020\/04\/lisa.jpg","width":688,"height":480,"caption":"Tapa estanca de acero inoxidable con terminaci\u00f3n lisa"},{"@type":"BreadcrumbList","@id":"https:\/\/inzainox.com\/de\/produkt\/glatte-dichte-schachtabdeckung-aus-verzinktem-stahl\/#breadcrumb","itemListElement":[{"@type":"ListItem","position":1,"name":"Startseite","item":"https:\/\/inzainox.com\/de\/neue-startseite\/"},{"@type":"ListItem","position":2,"name":"Inza-Shop","item":"https:\/\/inzainox.com\/de\/inza-shop\/"},{"@type":"ListItem","position":3,"name":"Glatte, dichte Schachtabdeckung aus verzinktem Stahl"}]},{"@type":"WebSite","@id":"https:\/\/inzainox.com\/de\/#website","url":"https:\/\/inzainox.com\/de\/","name":"Inza Rinnen und Abl\u00e4ufe aus Edelstahl. Edelstahl-Entw\u00e4sserung f\u00fcr die Industrie","description":"Edelstahl-Entw\u00e4sserung f\u00fcr die Industrie","publisher":{"@id":"https:\/\/inzainox.com\/de\/#organization"},"alternateName":"Inza Inox","potentialAction":[{"@type":"SearchAction","target":{"@type":"EntryPoint","urlTemplate":"https:\/\/inzainox.com\/de\/?s={search_term_string}"},"query-input":{"@type":"PropertyValueSpecification","valueRequired":true,"valueName":"search_term_string"}}],"inLanguage":"de"},{"@type":"Organization","@id":"https:\/\/inzainox.com\/de\/#organization","name":"Inza Inox S.L.","alternateName":"Inza","url":"https:\/\/inzainox.com\/de\/","logo":{"@type":"ImageObject","inLanguage":"de","@id":"https:\/\/inzainox.com\/de\/#\/schema\/logo\/image\/","url":"https:\/\/inzainox.com\/wp-content\/uploads\/2020\/05\/cropped-NUEVA-INZA-2-5.png","contentUrl":"https:\/\/inzainox.com\/wp-content\/uploads\/2020\/05\/cropped-NUEVA-INZA-2-5.png","width":549,"height":264,"caption":"Inza Inox S.L."},"image":{"@id":"https:\/\/inzainox.com\/de\/#\/schema\/logo\/image\/"}}]}},"_links":{"self":[{"href":"https:\/\/inzainox.com\/de\/wp-json\/wp\/v2\/product\/9455","targetHints":{"allow":["GET"]}}],"collection":[{"href":"https:\/\/inzainox.com\/de\/wp-json\/wp\/v2\/product"}],"about":[{"href":"https:\/\/inzainox.com\/de\/wp-json\/wp\/v2\/types\/product"}],"replies":[{"embeddable":true,"href":"https:\/\/inzainox.com\/de\/wp-json\/wp\/v2\/comments?post=9455"}],"version-history":[{"count":0,"href":"https:\/\/inzainox.com\/de\/wp-json\/wp\/v2\/product\/9455\/revisions"}],"wp:featuredmedia":[{"embeddable":true,"href":"https:\/\/inzainox.com\/de\/wp-json\/wp\/v2\/media\/73"}],"wp:attachment":[{"href":"https:\/\/inzainox.com\/de\/wp-json\/wp\/v2\/media?parent=9455"}],"wp:term":[{"taxonomy":"product_brand","embeddable":true,"href":"https:\/\/inzainox.com\/de\/wp-json\/wp\/v2\/product_brand?post=9455"},{"taxonomy":"product_cat","embeddable":true,"href":"https:\/\/inzainox.com\/de\/wp-json\/wp\/v2\/product_cat?post=9455"},{"taxonomy":"product_tag","embeddable":true,"href":"https:\/\/inzainox.com\/de\/wp-json\/wp\/v2\/product_tag?post=9455"}],"curies":[{"name":"wp","href":"https:\/\/api.w.org\/{rel}","templated":true}]}}