{"id":9416,"date":"2025-04-18T07:01:17","date_gmt":"2025-04-18T07:01:17","guid":{"rendered":"https:\/\/inzainox.com\/producto\/edelstahl-kuechenrinnen\/"},"modified":"2026-03-30T13:32:31","modified_gmt":"2026-03-30T13:32:31","slug":"edelstahl-kuechenrinnen","status":"publish","type":"product","link":"https:\/\/inzainox.com\/de\/produkt\/edelstahl-kuechenrinnen\/","title":{"rendered":"Edelstahl-K\u00fcchenrinnen"},"content":{"rendered":"\t\t<div data-elementor-type=\"wp-post\" data-elementor-id=\"9416\" class=\"elementor elementor-9416 elementor-4424\">\n\t\t\t\t<div class=\"elementor-element elementor-element-156c8aaf e-flex e-con-boxed e-con e-parent\" data-id=\"156c8aaf\" data-element_type=\"container\" data-e-type=\"container\">\n\t\t\t\t\t<div class=\"e-con-inner\">\n\t\t\t\t<div class=\"elementor-element elementor-element-69cbc51d elementor-widget elementor-widget-text-editor\" data-id=\"69cbc51d\" data-element_type=\"widget\" data-e-type=\"widget\" data-widget_type=\"text-editor.default\">\n\t\t\t\t<div class=\"elementor-widget-container\">\n\t\t\t\t\t\t\t\t\t<p>Edelstahl-K\u00fcchenrinnen aus AISI304 oder AISI316. Mit herausnehmbarem Siphon und Feststoff-Sammelkorb. Mit Gitterrosten aus Edelstahl.  <\/p><p>In verschiedenen Breiten und L\u00e4ngen lieferbar. Wir f\u00fchren ein Standardsortiment mit Lagerbestand der g\u00e4ngigsten Referenzen und fertigen die Rinne nach Ma\u00df, die Ihr Betrieb ben\u00f6tigt. <\/p><p>INZA-K\u00fcchenrinnen sind Rinnen mit hoher hydraulischer Leistungsf\u00e4higkeit. In der Regel sind es niedrig bauende Rinnen, um die Montage auf einer Decke zu erleichtern. Die Abl\u00e4ufe k\u00f6nnen vertikal oder horizontal mit den Durchmessern D160, 110 und 75 mm ausgef\u00fchrt werden. Wir k\u00f6nnen den Ablauf an einem Rinnenende platzieren oder ihn dorthin versetzen, wo es f\u00fcr Sie am besten passt. Die Rinnen werden mit einem V-f\u00f6rmigen Boden gefertigt, um das hydraulische Verhalten zu verbessern und die Selbstreinigung zu erleichtern. Sie verf\u00fcgen \u00fcber ein integriertes Gef\u00e4lle, damit Fl\u00fcssigkeiten m\u00f6glichst kurz in der Rinne verbleiben und den Ablauf in k\u00fcrzester Zeit erreichen. So werden K\u00fcchen trockener und besser entw\u00e4ssert und das Risiko von Kontaminationsherden wird reduziert. Edelstahlrinnen sind sehr langlebig und speziell daf\u00fcr ausgelegt, mit minimalem Aufwand gereinigt zu werden \u2013 f\u00fcr eine perfekte Wartung.      <\/p><p>Wir bieten verschiedene Rosttypen f\u00fcr Anwendungen, bei denen die Rinnen in Bereichen mit Fahrzeugverkehr oder industrieller T\u00e4tigkeit installiert werden.<\/p><p>Wir k\u00f6nnen die Rinnen mit speziell entwickelten Abschl\u00fcssen fertigen, um sie an Umgebungen anzupassen, z. B. Rinnen mit Klemmprofil f\u00fcr Vinylb\u00f6den. Wir k\u00f6nnen die Rinnen mit einem Flansch zur Aufnahme der Abdichtung in der Rinne oder am Ablauf fertigen. <\/p><p>Wir bieten Rinnen in Standardl\u00e4ngen von 1.000, 1.500 und 2.000 mm, k\u00f6nnen sie aber in der von Ihnen ben\u00f6tigten L\u00e4nge fertigen. Ab 3.000 mm werden die Rinnen in Modulen zur Baustelle geliefert und \u00fcber dichte Verbindungen mit Dichtungen und Edelstahlschrauben montiert. <\/p><p>Sowohl unsere Rinnen als auch unsere Roste erhalten eine abschlie\u00dfende Beizbehandlung.<\/p>\t\t\t\t\t\t\t\t<\/div>\n\t\t\t\t<\/div>\n\t\t\t\t\t<\/div>\n\t\t\t\t<\/div>\n\t\t\t\t<\/div>\n\t\t","protected":false},"excerpt":{"rendered":"<p>Edelstahl-K\u00fcchenrinnen aus AISI304 oder AISI316. Mit herausnehmbarem Siphon und Feststoff-Sammelkorb. Mit Gitterrosten aus Edelstahl.  <\/p>\n<p>In verschiedenen Breiten und L\u00e4ngen lieferbar. Wir f\u00fchren ein Standardsortiment mit Lagerbestand der g\u00e4ngigsten Referenzen und fertigen die Rinne nach Ma\u00df, die Ihr Betrieb ben\u00f6tigt. <\/p>\n","protected":false},"featured_media":3976,"comment_status":"open","ping_status":"closed","template":"","meta":[],"product_brand":[],"product_cat":[537,567],"product_tag":[],"class_list":{"0":"post-9416","1":"product","2":"type-product","3":"status-publish","4":"has-post-thumbnail","6":"product_cat-entwasserungsrinnen-mit-rost","7":"product_cat-kuchenrinnen","9":"first","10":"instock","11":"taxable","12":"shipping-taxable","13":"purchasable","14":"product-type-variable"},"yoast_head":"<!-- This site is optimized with the Yoast SEO plugin v27.1.1 - https:\/\/yoast.com\/product\/yoast-seo-wordpress\/ -->\n<title>Edelstahl-K\u00fcchenrinne<\/title>\n<meta name=\"description\" content=\"Edelstahl-K\u00fcchenrinnen in verschiedenen H\u00f6hen und Breiten. Mit herausnehmbarem Siphon und Feststoff-Sammelkorb. Lagerbestand je nach Abmessungen\" \/>\n<meta name=\"robots\" content=\"index, follow, max-snippet:-1, max-image-preview:large, max-video-preview:-1\" \/>\n<link rel=\"canonical\" href=\"https:\/\/inzainox.com\/de\/produkt\/edelstahl-kuechenrinnen\/\" \/>\n<meta property=\"og:locale\" content=\"de_DE\" \/>\n<meta property=\"og:type\" content=\"article\" \/>\n<meta property=\"og:title\" content=\"Edelstahl-K\u00fcchenrinne\" \/>\n<meta property=\"og:description\" content=\"Edelstahl-K\u00fcchenrinnen in verschiedenen H\u00f6hen und Breiten. Mit herausnehmbarem Siphon und Feststoff-Sammelkorb. Lagerbestand je nach Abmessungen\" \/>\n<meta property=\"og:url\" content=\"https:\/\/inzainox.com\/de\/produkt\/edelstahl-kuechenrinnen\/\" \/>\n<meta property=\"og:site_name\" content=\"Inza Rinnen und Abl\u00e4ufe aus Edelstahl. Edelstahl-Entw\u00e4sserung f\u00fcr die Industrie\" \/>\n<meta property=\"article:modified_time\" content=\"2026-03-30T13:32:31+00:00\" \/>\n<meta property=\"og:image\" content=\"https:\/\/inzainox.com\/wp-content\/uploads\/2025\/03\/RV3.20.jpg\" \/>\n\t<meta property=\"og:image:width\" content=\"1600\" \/>\n\t<meta property=\"og:image:height\" content=\"905\" \/>\n\t<meta property=\"og:image:type\" content=\"image\/jpeg\" \/>\n<meta name=\"twitter:card\" content=\"summary_large_image\" \/>\n<meta name=\"twitter:label1\" content=\"Gesch\u00e4tzte Lesezeit\" \/>\n\t<meta name=\"twitter:data1\" content=\"2\u00a0Minuten\" \/>\n<!-- \/ Yoast SEO plugin. -->","yoast_head_json":{"title":"Edelstahl-K\u00fcchenrinne","description":"Edelstahl-K\u00fcchenrinnen in verschiedenen H\u00f6hen und Breiten. Mit herausnehmbarem Siphon und Feststoff-Sammelkorb. Lagerbestand je nach Abmessungen","robots":{"index":"index","follow":"follow","max-snippet":"max-snippet:-1","max-image-preview":"max-image-preview:large","max-video-preview":"max-video-preview:-1"},"canonical":"https:\/\/inzainox.com\/de\/produkt\/edelstahl-kuechenrinnen\/","og_locale":"de_DE","og_type":"article","og_title":"Edelstahl-K\u00fcchenrinne","og_description":"Edelstahl-K\u00fcchenrinnen in verschiedenen H\u00f6hen und Breiten. Mit herausnehmbarem Siphon und Feststoff-Sammelkorb. Lagerbestand je nach Abmessungen","og_url":"https:\/\/inzainox.com\/de\/produkt\/edelstahl-kuechenrinnen\/","og_site_name":"Inza Rinnen und Abl\u00e4ufe aus Edelstahl. Edelstahl-Entw\u00e4sserung f\u00fcr die Industrie","article_modified_time":"2026-03-30T13:32:31+00:00","og_image":[{"width":1600,"height":905,"url":"https:\/\/inzainox.com\/wp-content\/uploads\/2025\/03\/RV3.20.jpg","type":"image\/jpeg"}],"twitter_card":"summary_large_image","twitter_misc":{"Gesch\u00e4tzte Lesezeit":"2\u00a0Minuten"},"schema":{"@context":"https:\/\/schema.org","@graph":[{"@type":"WebPage","@id":"https:\/\/inzainox.com\/de\/produkt\/edelstahl-kuechenrinnen\/","url":"https:\/\/inzainox.com\/de\/produkt\/edelstahl-kuechenrinnen\/","name":"Edelstahl-K\u00fcchenrinne","isPartOf":{"@id":"https:\/\/inzainox.com\/de\/#website"},"primaryImageOfPage":{"@id":"https:\/\/inzainox.com\/de\/produkt\/edelstahl-kuechenrinnen\/#primaryimage"},"image":{"@id":"https:\/\/inzainox.com\/de\/produkt\/edelstahl-kuechenrinnen\/#primaryimage"},"thumbnailUrl":"https:\/\/inzainox.com\/wp-content\/uploads\/2025\/03\/RV3.20.jpg","datePublished":"2025-04-18T07:01:17+00:00","dateModified":"2026-03-30T13:32:31+00:00","description":"Edelstahl-K\u00fcchenrinnen in verschiedenen H\u00f6hen und Breiten. Mit herausnehmbarem Siphon und Feststoff-Sammelkorb. Lagerbestand je nach Abmessungen","breadcrumb":{"@id":"https:\/\/inzainox.com\/de\/produkt\/edelstahl-kuechenrinnen\/#breadcrumb"},"inLanguage":"de","potentialAction":[{"@type":"ReadAction","target":["https:\/\/inzainox.com\/de\/produkt\/edelstahl-kuechenrinnen\/"]}]},{"@type":"ImageObject","inLanguage":"de","@id":"https:\/\/inzainox.com\/de\/produkt\/edelstahl-kuechenrinnen\/#primaryimage","url":"https:\/\/inzainox.com\/wp-content\/uploads\/2025\/03\/RV3.20.jpg","contentUrl":"https:\/\/inzainox.com\/wp-content\/uploads\/2025\/03\/RV3.20.jpg","width":1600,"height":905,"caption":"Inza K\u00fcchenrinne aus Edelstahl"},{"@type":"BreadcrumbList","@id":"https:\/\/inzainox.com\/de\/produkt\/edelstahl-kuechenrinnen\/#breadcrumb","itemListElement":[{"@type":"ListItem","position":1,"name":"Startseite","item":"https:\/\/inzainox.com\/de\/neue-startseite\/"},{"@type":"ListItem","position":2,"name":"Inza-Shop","item":"https:\/\/inzainox.com\/de\/inza-shop\/"},{"@type":"ListItem","position":3,"name":"Edelstahl-K\u00fcchenrinnen"}]},{"@type":"WebSite","@id":"https:\/\/inzainox.com\/de\/#website","url":"https:\/\/inzainox.com\/de\/","name":"Inza Rinnen und Abl\u00e4ufe aus Edelstahl. Edelstahl-Entw\u00e4sserung f\u00fcr die Industrie","description":"Edelstahl-Entw\u00e4sserung f\u00fcr die Industrie","publisher":{"@id":"https:\/\/inzainox.com\/de\/#organization"},"alternateName":"Inza Inox","potentialAction":[{"@type":"SearchAction","target":{"@type":"EntryPoint","urlTemplate":"https:\/\/inzainox.com\/de\/?s={search_term_string}"},"query-input":{"@type":"PropertyValueSpecification","valueRequired":true,"valueName":"search_term_string"}}],"inLanguage":"de"},{"@type":"Organization","@id":"https:\/\/inzainox.com\/de\/#organization","name":"Inza Inox S.L.","alternateName":"Inza","url":"https:\/\/inzainox.com\/de\/","logo":{"@type":"ImageObject","inLanguage":"de","@id":"https:\/\/inzainox.com\/de\/#\/schema\/logo\/image\/","url":"https:\/\/inzainox.com\/wp-content\/uploads\/2020\/05\/cropped-NUEVA-INZA-2-5.png","contentUrl":"https:\/\/inzainox.com\/wp-content\/uploads\/2020\/05\/cropped-NUEVA-INZA-2-5.png","width":549,"height":264,"caption":"Inza Inox S.L."},"image":{"@id":"https:\/\/inzainox.com\/de\/#\/schema\/logo\/image\/"}}]}},"_links":{"self":[{"href":"https:\/\/inzainox.com\/de\/wp-json\/wp\/v2\/product\/9416","targetHints":{"allow":["GET"]}}],"collection":[{"href":"https:\/\/inzainox.com\/de\/wp-json\/wp\/v2\/product"}],"about":[{"href":"https:\/\/inzainox.com\/de\/wp-json\/wp\/v2\/types\/product"}],"replies":[{"embeddable":true,"href":"https:\/\/inzainox.com\/de\/wp-json\/wp\/v2\/comments?post=9416"}],"version-history":[{"count":1,"href":"https:\/\/inzainox.com\/de\/wp-json\/wp\/v2\/product\/9416\/revisions"}],"predecessor-version":[{"id":9456,"href":"https:\/\/inzainox.com\/de\/wp-json\/wp\/v2\/product\/9416\/revisions\/9456"}],"wp:featuredmedia":[{"embeddable":true,"href":"https:\/\/inzainox.com\/de\/wp-json\/wp\/v2\/media\/3976"}],"wp:attachment":[{"href":"https:\/\/inzainox.com\/de\/wp-json\/wp\/v2\/media?parent=9416"}],"wp:term":[{"taxonomy":"product_brand","embeddable":true,"href":"https:\/\/inzainox.com\/de\/wp-json\/wp\/v2\/product_brand?post=9416"},{"taxonomy":"product_cat","embeddable":true,"href":"https:\/\/inzainox.com\/de\/wp-json\/wp\/v2\/product_cat?post=9416"},{"taxonomy":"product_tag","embeddable":true,"href":"https:\/\/inzainox.com\/de\/wp-json\/wp\/v2\/product_tag?post=9416"}],"curies":[{"name":"wp","href":"https:\/\/api.w.org\/{rel}","templated":true}]}}