{"id":8300,"date":"2023-12-11T16:21:52","date_gmt":"2023-12-11T16:21:52","guid":{"rendered":"https:\/\/inzainox.com\/producto\/inza-pd-entwaesserungsrinnen-aus-polymerbeton-fuer-schwerlastverkehr\/"},"modified":"2026-03-29T23:44:27","modified_gmt":"2026-03-29T23:44:27","slug":"inza-pd-entwaesserungsrinnen-aus-polymerbeton-fuer-schwerlastverkehr","status":"publish","type":"product","link":"https:\/\/inzainox.com\/de\/produkt\/inza-pd-entwaesserungsrinnen-aus-polymerbeton-fuer-schwerlastverkehr\/","title":{"rendered":"INZA PD Entw\u00e4sserungsrinnen aus Polymerbeton f\u00fcr Schwerlastverkehr"},"content":{"rendered":"\t\t<div data-elementor-type=\"wp-post\" data-elementor-id=\"8300\" class=\"elementor elementor-8300 elementor-3207\">\n\t\t\t\t<div class=\"elementor-element elementor-element-55da888c e-flex e-con-boxed e-con e-parent\" data-id=\"55da888c\" data-element_type=\"container\" data-e-type=\"container\">\n\t\t\t\t\t<div class=\"e-con-inner\">\n\t\t\t\t<div class=\"elementor-element elementor-element-63282da8 elementor-widget elementor-widget-text-editor\" data-id=\"63282da8\" data-element_type=\"widget\" data-e-type=\"widget\" data-widget_type=\"text-editor.default\">\n\t\t\t\t<div class=\"elementor-widget-container\">\n\t\t\t\t\t\t\t\t\t<p>INZA PD Entw\u00e4sserungsrinne aus Polymerbeton mit Gussrost D400 f\u00fcr Schwerlast-LKW-Verkehr. Mit Au\u00dfenbreite 130, 200, 250, 300 und 350 mm. Roste auf seitliche Stahlprofile verschraubt. Es handelt sich um vorgefertigte Rinnen f\u00fcr eine erdverlegte Installation auf der Baustelle zur Aufnahme des Oberfl\u00e4chenwassers von gepflasterten Plattformen mittels eines Gef\u00e4llesystems zu 2 Seiten, was die Installation gegen\u00fcber konventionellen Systemen mit Punktabl\u00e4ufen oder Stra\u00dfenabl\u00e4ufen vereinfacht. Die Rinnen mit Rost f\u00fcr LKW haben eine au\u00dferordentliche Festigkeit und k\u00f6nnen Wasser in Bereichen aufnehmen, die von LKW befahren werden k\u00f6nnen.<br>Eine Rinne mit Rost f\u00fcr LKW-Verkehr wird mit der n\u00e4chsten durch Nut und Feder verbunden, die zur Erzielung einer dichten Verbindung abgedichtet werden kann. Alle Teile haben Vormarkierungen, um Ausl\u00e4sse verschiedener Durchmesser \u00f6ffnen zu k\u00f6nnen, um sie an Ablaufrohre anschlie\u00dfen zu k\u00f6nnen.<br>Es gibt weitere Rinnen verschiedener Breiten und mit Rosten verschiedener Belastungsklassen. Die Roste aus duktilem Guss D400 sind f\u00fcr LKW-Belastungen ausgelegt. Sie haben eine L\u00e4nge von 500 mm und werden mit 4 Schrauben am Polymerbetonrinnenk\u00f6rper verschraubt. Die Roste aus duktilem Guss haben eine hochbest\u00e4ndige schwarze Lackierung. Die Polymerbetonrinnen werden in Abschnitten von 1000 mm gefertigt, sodass sie 2 Roste pro Einheit tragen. Polymerbeton ist eine Mischung aus Zuschlagstoffen mit Harzen, die der Rinne bei geringerem Gewicht eine hohe Festigkeit verleiht. Au\u00dferdem ist die Oberfl\u00e4che nicht por\u00f6s, sodass Erosionsprobleme mit den abgeleiteten Fl\u00fcssigkeiten vermieden werden. Die Harze der Mischung verleihen den Rinnen einen sehr niedrigen Rauigkeitskoeffizienten, wodurch die Entw\u00e4sserungsgeschwindigkeit zunimmt und bessere Ergebnisse bei der hydraulischen Leistung der Rinnen erzielt werden, wobei eine geringere Gr\u00f6\u00dfe zur Ableitung derselben Durchflussmenge erforderlich ist, zus\u00e4tzlich zu einem gr\u00f6\u00dferen Abtransport von Sedimenten in einem Selbstreinigungseffekt.            <\/p><p> <\/p>\t\t\t\t\t\t\t\t<\/div>\n\t\t\t\t<\/div>\n\t\t\t\t\t<\/div>\n\t\t\t\t<\/div>\n\t\t\t\t<\/div>\n\t\t","protected":false},"excerpt":{"rendered":"<p>Entw\u00e4sserungsrinne aus Polymerbeton PD mit 2 Gussrosten der Belastungsklasse D400 f\u00fcr Schwerlast-LKW-Verkehr. Die Rinnen haben unterschiedliche Abmessungen je nach erforderlicher hydraulischer Leistung. Mit seitlichen Stahlprofilen zur Auflage von 2 verschraubten Rosten aus duktilem Guss. Die Verbindungen zwischen den Rinnen erfolgen durch Nut und Feder der Polymerbetonrinnenk\u00f6rper an ihren Enden.   <\/p>\n","protected":false},"featured_media":3191,"comment_status":"open","ping_status":"closed","template":"","meta":[],"product_brand":[],"product_cat":[537,538],"product_tag":[],"class_list":{"0":"post-8300","1":"product","2":"type-product","3":"status-publish","4":"has-post-thumbnail","6":"product_cat-entwasserungsrinnen-mit-rost","7":"product_cat-polymerbeton-rinnen","9":"first","10":"instock","11":"taxable","12":"shipping-taxable","13":"purchasable","14":"product-type-variable"},"yoast_head":"<!-- This site is optimized with the Yoast SEO plugin v27.1.1 - https:\/\/yoast.com\/product\/yoast-seo-wordpress\/ -->\n<title>Polymerbetonrinne f\u00fcr Schwerlastverkehr<\/title>\n<meta name=\"description\" content=\"Auf Lager. Entw\u00e4sserungsrinne mit Rost f\u00fcr Schwerlastverkehr. Aus Polymerbeton gefertigt, mit Rost aus duktilem Guss. Verschiedene Breiten und H\u00f6hen.\" \/>\n<meta name=\"robots\" content=\"index, follow, max-snippet:-1, max-image-preview:large, max-video-preview:-1\" \/>\n<link rel=\"canonical\" href=\"https:\/\/inzainox.com\/de\/produkt\/inza-pd-entwaesserungsrinnen-aus-polymerbeton-fuer-schwerlastverkehr\/\" \/>\n<meta property=\"og:locale\" content=\"de_DE\" \/>\n<meta property=\"og:type\" content=\"article\" \/>\n<meta property=\"og:title\" content=\"Polymerbetonrinne f\u00fcr Schwerlastverkehr\" \/>\n<meta property=\"og:description\" content=\"Auf Lager. Entw\u00e4sserungsrinne mit Rost f\u00fcr Schwerlastverkehr. Aus Polymerbeton gefertigt, mit Rost aus duktilem Guss. Verschiedene Breiten und H\u00f6hen.\" \/>\n<meta property=\"og:url\" content=\"https:\/\/inzainox.com\/de\/produkt\/inza-pd-entwaesserungsrinnen-aus-polymerbeton-fuer-schwerlastverkehr\/\" \/>\n<meta property=\"og:site_name\" content=\"Inza Rinnen und Abl\u00e4ufe aus Edelstahl. Edelstahl-Entw\u00e4sserung f\u00fcr die Industrie\" \/>\n<meta property=\"article:modified_time\" content=\"2026-03-29T23:44:27+00:00\" \/>\n<meta property=\"og:image\" content=\"https:\/\/inzainox.com\/wp-content\/uploads\/2023\/12\/P100.jpg\" \/>\n\t<meta property=\"og:image:width\" content=\"630\" \/>\n\t<meta property=\"og:image:height\" content=\"438\" \/>\n\t<meta property=\"og:image:type\" content=\"image\/jpeg\" \/>\n<meta name=\"twitter:card\" content=\"summary_large_image\" \/>\n<meta name=\"twitter:label1\" content=\"Gesch\u00e4tzte Lesezeit\" \/>\n\t<meta name=\"twitter:data1\" content=\"1\u00a0Minute\" \/>\n<!-- \/ Yoast SEO plugin. -->","yoast_head_json":{"title":"Polymerbetonrinne f\u00fcr Schwerlastverkehr","description":"Auf Lager. Entw\u00e4sserungsrinne mit Rost f\u00fcr Schwerlastverkehr. Aus Polymerbeton gefertigt, mit Rost aus duktilem Guss. Verschiedene Breiten und H\u00f6hen.","robots":{"index":"index","follow":"follow","max-snippet":"max-snippet:-1","max-image-preview":"max-image-preview:large","max-video-preview":"max-video-preview:-1"},"canonical":"https:\/\/inzainox.com\/de\/produkt\/inza-pd-entwaesserungsrinnen-aus-polymerbeton-fuer-schwerlastverkehr\/","og_locale":"de_DE","og_type":"article","og_title":"Polymerbetonrinne f\u00fcr Schwerlastverkehr","og_description":"Auf Lager. Entw\u00e4sserungsrinne mit Rost f\u00fcr Schwerlastverkehr. Aus Polymerbeton gefertigt, mit Rost aus duktilem Guss. Verschiedene Breiten und H\u00f6hen.","og_url":"https:\/\/inzainox.com\/de\/produkt\/inza-pd-entwaesserungsrinnen-aus-polymerbeton-fuer-schwerlastverkehr\/","og_site_name":"Inza Rinnen und Abl\u00e4ufe aus Edelstahl. Edelstahl-Entw\u00e4sserung f\u00fcr die Industrie","article_modified_time":"2026-03-29T23:44:27+00:00","og_image":[{"width":630,"height":438,"url":"https:\/\/inzainox.com\/wp-content\/uploads\/2023\/12\/P100.jpg","type":"image\/jpeg"}],"twitter_card":"summary_large_image","twitter_misc":{"Gesch\u00e4tzte Lesezeit":"1\u00a0Minute"},"schema":{"@context":"https:\/\/schema.org","@graph":[{"@type":"WebPage","@id":"https:\/\/inzainox.com\/de\/produkt\/inza-pd-entwaesserungsrinnen-aus-polymerbeton-fuer-schwerlastverkehr\/","url":"https:\/\/inzainox.com\/de\/produkt\/inza-pd-entwaesserungsrinnen-aus-polymerbeton-fuer-schwerlastverkehr\/","name":"Polymerbetonrinne f\u00fcr Schwerlastverkehr","isPartOf":{"@id":"https:\/\/inzainox.com\/de\/#website"},"primaryImageOfPage":{"@id":"https:\/\/inzainox.com\/de\/produkt\/inza-pd-entwaesserungsrinnen-aus-polymerbeton-fuer-schwerlastverkehr\/#primaryimage"},"image":{"@id":"https:\/\/inzainox.com\/de\/produkt\/inza-pd-entwaesserungsrinnen-aus-polymerbeton-fuer-schwerlastverkehr\/#primaryimage"},"thumbnailUrl":"https:\/\/inzainox.com\/wp-content\/uploads\/2023\/12\/P100.jpg","datePublished":"2023-12-11T16:21:52+00:00","dateModified":"2026-03-29T23:44:27+00:00","description":"Auf Lager. Entw\u00e4sserungsrinne mit Rost f\u00fcr Schwerlastverkehr. Aus Polymerbeton gefertigt, mit Rost aus duktilem Guss. Verschiedene Breiten und H\u00f6hen.","breadcrumb":{"@id":"https:\/\/inzainox.com\/de\/produkt\/inza-pd-entwaesserungsrinnen-aus-polymerbeton-fuer-schwerlastverkehr\/#breadcrumb"},"inLanguage":"de","potentialAction":[{"@type":"ReadAction","target":["https:\/\/inzainox.com\/de\/produkt\/inza-pd-entwaesserungsrinnen-aus-polymerbeton-fuer-schwerlastverkehr\/"]}]},{"@type":"ImageObject","inLanguage":"de","@id":"https:\/\/inzainox.com\/de\/produkt\/inza-pd-entwaesserungsrinnen-aus-polymerbeton-fuer-schwerlastverkehr\/#primaryimage","url":"https:\/\/inzainox.com\/wp-content\/uploads\/2023\/12\/P100.jpg","contentUrl":"https:\/\/inzainox.com\/wp-content\/uploads\/2023\/12\/P100.jpg","width":630,"height":438,"caption":"Canal de hormig\u00f3n pol\u00edmero y rejas de fundici\u00f3n d\u00factil para tr\u00e1fico rodado"},{"@type":"BreadcrumbList","@id":"https:\/\/inzainox.com\/de\/produkt\/inza-pd-entwaesserungsrinnen-aus-polymerbeton-fuer-schwerlastverkehr\/#breadcrumb","itemListElement":[{"@type":"ListItem","position":1,"name":"Startseite","item":"https:\/\/inzainox.com\/de\/neue-startseite\/"},{"@type":"ListItem","position":2,"name":"Inza-Shop","item":"https:\/\/inzainox.com\/de\/inza-shop\/"},{"@type":"ListItem","position":3,"name":"INZA PD Entw\u00e4sserungsrinnen aus Polymerbeton f\u00fcr Schwerlastverkehr"}]},{"@type":"WebSite","@id":"https:\/\/inzainox.com\/de\/#website","url":"https:\/\/inzainox.com\/de\/","name":"Inza Rinnen und Abl\u00e4ufe aus Edelstahl. Edelstahl-Entw\u00e4sserung f\u00fcr die Industrie","description":"Edelstahl-Entw\u00e4sserung f\u00fcr die Industrie","publisher":{"@id":"https:\/\/inzainox.com\/de\/#organization"},"alternateName":"Inza Inox","potentialAction":[{"@type":"SearchAction","target":{"@type":"EntryPoint","urlTemplate":"https:\/\/inzainox.com\/de\/?s={search_term_string}"},"query-input":{"@type":"PropertyValueSpecification","valueRequired":true,"valueName":"search_term_string"}}],"inLanguage":"de"},{"@type":"Organization","@id":"https:\/\/inzainox.com\/de\/#organization","name":"Inza Inox S.L.","alternateName":"Inza","url":"https:\/\/inzainox.com\/de\/","logo":{"@type":"ImageObject","inLanguage":"de","@id":"https:\/\/inzainox.com\/de\/#\/schema\/logo\/image\/","url":"https:\/\/inzainox.com\/wp-content\/uploads\/2020\/05\/cropped-NUEVA-INZA-2-5.png","contentUrl":"https:\/\/inzainox.com\/wp-content\/uploads\/2020\/05\/cropped-NUEVA-INZA-2-5.png","width":549,"height":264,"caption":"Inza Inox S.L."},"image":{"@id":"https:\/\/inzainox.com\/de\/#\/schema\/logo\/image\/"}}]}},"_links":{"self":[{"href":"https:\/\/inzainox.com\/de\/wp-json\/wp\/v2\/product\/8300","targetHints":{"allow":["GET"]}}],"collection":[{"href":"https:\/\/inzainox.com\/de\/wp-json\/wp\/v2\/product"}],"about":[{"href":"https:\/\/inzainox.com\/de\/wp-json\/wp\/v2\/types\/product"}],"replies":[{"embeddable":true,"href":"https:\/\/inzainox.com\/de\/wp-json\/wp\/v2\/comments?post=8300"}],"version-history":[{"count":1,"href":"https:\/\/inzainox.com\/de\/wp-json\/wp\/v2\/product\/8300\/revisions"}],"predecessor-version":[{"id":8308,"href":"https:\/\/inzainox.com\/de\/wp-json\/wp\/v2\/product\/8300\/revisions\/8308"}],"wp:featuredmedia":[{"embeddable":true,"href":"https:\/\/inzainox.com\/de\/wp-json\/wp\/v2\/media\/3191"}],"wp:attachment":[{"href":"https:\/\/inzainox.com\/de\/wp-json\/wp\/v2\/media?parent=8300"}],"wp:term":[{"taxonomy":"product_brand","embeddable":true,"href":"https:\/\/inzainox.com\/de\/wp-json\/wp\/v2\/product_brand?post=8300"},{"taxonomy":"product_cat","embeddable":true,"href":"https:\/\/inzainox.com\/de\/wp-json\/wp\/v2\/product_cat?post=8300"},{"taxonomy":"product_tag","embeddable":true,"href":"https:\/\/inzainox.com\/de\/wp-json\/wp\/v2\/product_tag?post=8300"}],"curies":[{"name":"wp","href":"https:\/\/api.w.org\/{rel}","templated":true}]}}