{"id":11066,"date":"2020-11-03T09:06:28","date_gmt":"2020-11-03T09:06:28","guid":{"rendered":"https:\/\/inzainox.com\/producto\/befuellbare-wasserdichte-abdeckung-aus-edelstahl\/"},"modified":"2020-11-03T09:06:28","modified_gmt":"2020-11-03T09:06:28","slug":"befuellbare-wasserdichte-abdeckung-aus-edelstahl","status":"publish","type":"product","link":"https:\/\/inzainox.com\/de\/produkt\/befuellbare-wasserdichte-abdeckung-aus-edelstahl\/","title":{"rendered":"Bef\u00fcllbare, wasserdichte Abdeckung aus Edelstahl"},"content":{"rendered":"<p>Abdeckung und Rahmen f\u00fcr Revisionsschacht aus Edelstahl AISI 304, zum Bef\u00fcllen mit dem Bodenbelag.<\/p>\n<p>Ein wasserdichter Deckel zur Geruchsvermeidung dank EPDM-Dichtung und Verschraubung mit 4 Edelstahlschrauben in den Deckelecken.<\/p>\n<p>Ausgelegt zum Bef\u00fcllen mit demselben Bodenbelag wie der restliche Boden ist der installierte Revisionsdeckel praktisch unsichtbar und bietet eine perfekt in die Umgebung integrierte L\u00f6sung. Der Deckelboden erm\u00f6glicht sowohl das Verlegen von Pflastersteinen unterschiedlicher H\u00f6he als auch die Verwendung von Keramikfliesen, Holz oder anderen Bodenbel\u00e4gen. <\/p>\n<p>Im Preis sind die Werkzeuge zum Entfernen der Schrauben enthalten<\/p>\n<p>Wir liefern Griffe, die in die Schraubenaufnahmen eingeschraubt werden, um das \u00d6ffnen bequem zu erleichtern. Diese Griffe mit B\u00fcgel sind ebenfalls im Preis enthalten <\/p>\n<p><iframe title=\"Tapa de arqueta rellenable estanca de acero inoxidable\" width=\"1200\" height=\"675\" src=\"https:\/\/www.youtube.com\/embed\/VVrkmHR3nho?feature=oembed\" frameborder=\"0\" allow=\"accelerometer; autoplay; clipboard-write; encrypted-media; gyroscope; picture-in-picture; web-share\" referrerpolicy=\"strict-origin-when-cross-origin\" allowfullscreen><\/iframe><\/p>\n<p>Standarddeckel f\u00fcr Fu\u00dfg\u00e4ngerverkehr und besonders verst\u00e4rkte Deckel f\u00fcr Fahrzeugverkehr. Wir f\u00fchren Deckel f\u00fcr die Belastungsklassen A15, B125, C250 und D400. <\/p>\n<p>Wir fertigen alle Abdeckungen auch aus Edelstahl AISI 316.<\/p>\n<p>Quadratische Deckel in verschiedenen Abmessungen von 300&#215;300 mm bis 1000&#215;1000 mm.<\/p>\n<p>Die bef\u00fcllbaren, wasserdichten Abdeckungen sind aus Edelstahl AISI 304 gefertigt, um eine hohe Best\u00e4ndigkeit sowohl gegen mechanische Belastungen als auch gegen chemische Einwirkungen zu erzielen. Es sind Abdeckungen, die speziell f\u00fcr den Einbau auf Sch\u00e4chten in \u00fcberwiegend feuchter und aggressiver Umgebung konzipiert sind. F\u00fcr Installationen, bei denen der h\u00f6chste Schutzgrad erforderlich ist, bieten wir dieselben bef\u00fcllbaren, wasserdichten Abdeckungen aus Edelstahl in der Qualit\u00e4t AISI 316L an.  <\/p>\n<p>Optional mit Bewehrungsmatte zur sp\u00e4teren Einbetonierung lieferbar.<\/p>\n<p><span style=\"color: #339966;\"><strong><a style=\"color: #339966;\" href=\"https:\/\/inzainox.com\/wp-content\/uploads\/2022\/03\/Tapas-estancas-de-acero-inoxidable-rellenables.pdf\">TECHNISCHES DATENBLATT<\/a><\/strong><\/span><\/p>\n<p>Runde Deckel und Sonderma\u00dfe anfragen<\/p>\n<p><img fetchpriority=\"high\" decoding=\"async\" class=\"size-full wp-image-1594 aligncenter\" src=\"https:\/\/inzainox.com\/wp-content\/uploads\/2020\/04\/TAPAS-GENERAL-DIMENSIONES-1.jpg\" alt=\"ALLGEMEINE ABMESSUNGEN WASSERDICHTE DECKEL INZA\" width=\"491\" height=\"449\" srcset=\"https:\/\/inzainox.com\/wp-content\/uploads\/2020\/04\/TAPAS-GENERAL-DIMENSIONES-1.jpg 491w, https:\/\/inzainox.com\/wp-content\/uploads\/2020\/04\/TAPAS-GENERAL-DIMENSIONES-1-300x274.jpg 300w\" sizes=\"(max-width: 491px) 100vw, 491px\" \/><img decoding=\"async\" class=\"wp-image-1592 aligncenter\" src=\"https:\/\/inzainox.com\/wp-content\/uploads\/2020\/04\/TAPAS-GENERAL-DIMENSIONES.jpg\" alt=\"Allgemeine Abmessungen der wasserdichten INZA-Deckel\" width=\"791\" height=\"288\" srcset=\"https:\/\/inzainox.com\/wp-content\/uploads\/2020\/04\/TAPAS-GENERAL-DIMENSIONES.jpg 728w, https:\/\/inzainox.com\/wp-content\/uploads\/2020\/04\/TAPAS-GENERAL-DIMENSIONES-300x109.jpg 300w, https:\/\/inzainox.com\/wp-content\/uploads\/2020\/04\/TAPAS-GENERAL-DIMENSIONES-600x218.jpg 600w\" sizes=\"(max-width: 791px) 100vw, 791px\" \/><\/p>\n<p><a href=\"https:\/\/inzainox.com\/wp-content\/uploads\/2020\/11\/Tapas-estancas-de-acero-inoxidable-rellenables.pdf\">Technisches Datenblatt \u2013 bef\u00fcllbare, wasserdichte Edelstahl-Abdeckungen<\/a><\/p>\n","protected":false},"excerpt":{"rendered":"<p>Transport im Preis inbegriffen<\/p>\n<p>Wir liefern sie Ihnen innerhalb von 24-48 Stunden.<\/p>\n<p>Wenn Sie Fragen haben, rufen Sie uns an: T. +34 91 127 90 05<\/p>\n<p>Bef\u00fcllbarer, wasserdichter Schachtdeckel aus Edelstahl AISI 304. Verschluss mit vier Schrauben und Abdichtung \u00fcber EPDM-Dichtung. Als Ausf\u00fchrung f\u00fcr Fu\u00dfg\u00e4ngerverkehr (Belastungsklasse A15) oder verst\u00e4rkt f\u00fcr Fahrzeugverkehr (Belastungsklasse B125) erh\u00e4ltlich.  <\/p>\n<p>Alle Deckel werden mit Werkzeugen zum \u00d6ffnen geliefert.<\/p>\n","protected":false},"featured_media":56,"comment_status":"open","ping_status":"closed","template":"","meta":[],"product_brand":[],"product_cat":[497,495,496],"product_tag":[],"class_list":{"0":"post-11066","1":"product","2":"type-product","3":"status-publish","4":"has-post-thumbnail","6":"product_cat-befullbare-wasserdichte-deckel","7":"product_cat-wasserdichte-deckel","8":"product_cat-wasserdichte-edelstahl-deckel","9":"pa_dimensiones-1000x1000","10":"pa_dimensiones-30x30","11":"pa_dimensiones-40x40","12":"pa_dimensiones-50x50","13":"pa_dimensiones-60x60","14":"pa_dimensiones-70x70","15":"pa_dimensiones-80x80","16":"pa_dimensiones-90x90","18":"first","19":"instock","20":"taxable","21":"shipping-taxable","22":"purchasable","23":"product-type-variable"},"yoast_head":"<!-- This site is optimized with the Yoast SEO plugin v27.1.1 - https:\/\/yoast.com\/product\/yoast-seo-wordpress\/ -->\n<title>Bef\u00fcllbare, wasserdichte Abdeckung aus Edelstahl<\/title>\n<meta name=\"description\" content=\"Lagerbestand an bef\u00fcllbaren, wasserdichten Edelstahl-Abdeckungen f\u00fcr Schachtabdeckungen. W\u00e4hlen und kaufen Sie die geruchsdichte L\u00f6sung\" \/>\n<meta name=\"robots\" content=\"index, follow, max-snippet:-1, max-image-preview:large, max-video-preview:-1\" \/>\n<link rel=\"canonical\" href=\"https:\/\/inzainox.com\/de\/produkt\/befuellbare-wasserdichte-abdeckung-aus-edelstahl\/\" \/>\n<meta property=\"og:locale\" content=\"de_DE\" \/>\n<meta property=\"og:type\" content=\"article\" \/>\n<meta property=\"og:title\" content=\"Bef\u00fcllbare, wasserdichte Abdeckung aus Edelstahl\" \/>\n<meta property=\"og:description\" content=\"Lagerbestand an bef\u00fcllbaren, wasserdichten Edelstahl-Abdeckungen f\u00fcr Schachtabdeckungen. W\u00e4hlen und kaufen Sie die geruchsdichte L\u00f6sung\" \/>\n<meta property=\"og:url\" content=\"https:\/\/inzainox.com\/de\/produkt\/befuellbare-wasserdichte-abdeckung-aus-edelstahl\/\" \/>\n<meta property=\"og:site_name\" content=\"Inza Rinnen und Abl\u00e4ufe aus Edelstahl. Edelstahl-Entw\u00e4sserung f\u00fcr die Industrie\" \/>\n<meta property=\"og:image\" content=\"https:\/\/inzainox.com\/wp-content\/uploads\/2020\/04\/rellenable.jpg\" \/>\n\t<meta property=\"og:image:width\" content=\"709\" \/>\n\t<meta property=\"og:image:height\" content=\"447\" \/>\n\t<meta property=\"og:image:type\" content=\"image\/jpeg\" \/>\n<meta name=\"twitter:card\" content=\"summary_large_image\" \/>\n<meta name=\"twitter:label1\" content=\"Gesch\u00e4tzte Lesezeit\" \/>\n\t<meta name=\"twitter:data1\" content=\"1\u00a0Minute\" \/>\n<!-- \/ Yoast SEO plugin. -->","yoast_head_json":{"title":"Bef\u00fcllbare, wasserdichte Abdeckung aus Edelstahl","description":"Lagerbestand an bef\u00fcllbaren, wasserdichten Edelstahl-Abdeckungen f\u00fcr Schachtabdeckungen. W\u00e4hlen und kaufen Sie die geruchsdichte L\u00f6sung","robots":{"index":"index","follow":"follow","max-snippet":"max-snippet:-1","max-image-preview":"max-image-preview:large","max-video-preview":"max-video-preview:-1"},"canonical":"https:\/\/inzainox.com\/de\/produkt\/befuellbare-wasserdichte-abdeckung-aus-edelstahl\/","og_locale":"de_DE","og_type":"article","og_title":"Bef\u00fcllbare, wasserdichte Abdeckung aus Edelstahl","og_description":"Lagerbestand an bef\u00fcllbaren, wasserdichten Edelstahl-Abdeckungen f\u00fcr Schachtabdeckungen. W\u00e4hlen und kaufen Sie die geruchsdichte L\u00f6sung","og_url":"https:\/\/inzainox.com\/de\/produkt\/befuellbare-wasserdichte-abdeckung-aus-edelstahl\/","og_site_name":"Inza Rinnen und Abl\u00e4ufe aus Edelstahl. Edelstahl-Entw\u00e4sserung f\u00fcr die Industrie","og_image":[{"width":709,"height":447,"url":"https:\/\/inzainox.com\/wp-content\/uploads\/2020\/04\/rellenable.jpg","type":"image\/jpeg"}],"twitter_card":"summary_large_image","twitter_misc":{"Gesch\u00e4tzte Lesezeit":"1\u00a0Minute"},"schema":{"@context":"https:\/\/schema.org","@graph":[{"@type":"WebPage","@id":"https:\/\/inzainox.com\/de\/produkt\/befuellbare-wasserdichte-abdeckung-aus-edelstahl\/","url":"https:\/\/inzainox.com\/de\/produkt\/befuellbare-wasserdichte-abdeckung-aus-edelstahl\/","name":"Bef\u00fcllbare, wasserdichte Abdeckung aus Edelstahl","isPartOf":{"@id":"https:\/\/inzainox.com\/de\/#website"},"primaryImageOfPage":{"@id":"https:\/\/inzainox.com\/de\/produkt\/befuellbare-wasserdichte-abdeckung-aus-edelstahl\/#primaryimage"},"image":{"@id":"https:\/\/inzainox.com\/de\/produkt\/befuellbare-wasserdichte-abdeckung-aus-edelstahl\/#primaryimage"},"thumbnailUrl":"https:\/\/inzainox.com\/wp-content\/uploads\/2020\/04\/rellenable.jpg","datePublished":"2020-11-03T09:06:28+00:00","description":"Lagerbestand an bef\u00fcllbaren, wasserdichten Edelstahl-Abdeckungen f\u00fcr Schachtabdeckungen. W\u00e4hlen und kaufen Sie die geruchsdichte L\u00f6sung","breadcrumb":{"@id":"https:\/\/inzainox.com\/de\/produkt\/befuellbare-wasserdichte-abdeckung-aus-edelstahl\/#breadcrumb"},"inLanguage":"de","potentialAction":[{"@type":"ReadAction","target":["https:\/\/inzainox.com\/de\/produkt\/befuellbare-wasserdichte-abdeckung-aus-edelstahl\/"]}]},{"@type":"ImageObject","inLanguage":"de","@id":"https:\/\/inzainox.com\/de\/produkt\/befuellbare-wasserdichte-abdeckung-aus-edelstahl\/#primaryimage","url":"https:\/\/inzainox.com\/wp-content\/uploads\/2020\/04\/rellenable.jpg","contentUrl":"https:\/\/inzainox.com\/wp-content\/uploads\/2020\/04\/rellenable.jpg","width":709,"height":447,"caption":"tapa de arqueta estanca rellenable"},{"@type":"BreadcrumbList","@id":"https:\/\/inzainox.com\/de\/produkt\/befuellbare-wasserdichte-abdeckung-aus-edelstahl\/#breadcrumb","itemListElement":[{"@type":"ListItem","position":1,"name":"Startseite","item":"https:\/\/inzainox.com\/de\/neue-startseite\/"},{"@type":"ListItem","position":2,"name":"Inza-Shop","item":"https:\/\/inzainox.com\/de\/inza-shop\/"},{"@type":"ListItem","position":3,"name":"Bef\u00fcllbare, wasserdichte Abdeckung aus Edelstahl"}]},{"@type":"WebSite","@id":"https:\/\/inzainox.com\/de\/#website","url":"https:\/\/inzainox.com\/de\/","name":"Inza Rinnen und Abl\u00e4ufe aus Edelstahl. Edelstahl-Entw\u00e4sserung f\u00fcr die Industrie","description":"Edelstahl-Entw\u00e4sserung f\u00fcr die Industrie","publisher":{"@id":"https:\/\/inzainox.com\/de\/#organization"},"alternateName":"Inza Inox","potentialAction":[{"@type":"SearchAction","target":{"@type":"EntryPoint","urlTemplate":"https:\/\/inzainox.com\/de\/?s={search_term_string}"},"query-input":{"@type":"PropertyValueSpecification","valueRequired":true,"valueName":"search_term_string"}}],"inLanguage":"de"},{"@type":"Organization","@id":"https:\/\/inzainox.com\/de\/#organization","name":"Inza Inox S.L.","alternateName":"Inza","url":"https:\/\/inzainox.com\/de\/","logo":{"@type":"ImageObject","inLanguage":"de","@id":"https:\/\/inzainox.com\/de\/#\/schema\/logo\/image\/","url":"https:\/\/inzainox.com\/wp-content\/uploads\/2020\/05\/cropped-NUEVA-INZA-2-5.png","contentUrl":"https:\/\/inzainox.com\/wp-content\/uploads\/2020\/05\/cropped-NUEVA-INZA-2-5.png","width":549,"height":264,"caption":"Inza Inox S.L."},"image":{"@id":"https:\/\/inzainox.com\/de\/#\/schema\/logo\/image\/"}}]}},"_links":{"self":[{"href":"https:\/\/inzainox.com\/de\/wp-json\/wp\/v2\/product\/11066","targetHints":{"allow":["GET"]}}],"collection":[{"href":"https:\/\/inzainox.com\/de\/wp-json\/wp\/v2\/product"}],"about":[{"href":"https:\/\/inzainox.com\/de\/wp-json\/wp\/v2\/types\/product"}],"replies":[{"embeddable":true,"href":"https:\/\/inzainox.com\/de\/wp-json\/wp\/v2\/comments?post=11066"}],"version-history":[{"count":0,"href":"https:\/\/inzainox.com\/de\/wp-json\/wp\/v2\/product\/11066\/revisions"}],"wp:featuredmedia":[{"embeddable":true,"href":"https:\/\/inzainox.com\/de\/wp-json\/wp\/v2\/media\/56"}],"wp:attachment":[{"href":"https:\/\/inzainox.com\/de\/wp-json\/wp\/v2\/media?parent=11066"}],"wp:term":[{"taxonomy":"product_brand","embeddable":true,"href":"https:\/\/inzainox.com\/de\/wp-json\/wp\/v2\/product_brand?post=11066"},{"taxonomy":"product_cat","embeddable":true,"href":"https:\/\/inzainox.com\/de\/wp-json\/wp\/v2\/product_cat?post=11066"},{"taxonomy":"product_tag","embeddable":true,"href":"https:\/\/inzainox.com\/de\/wp-json\/wp\/v2\/product_tag?post=11066"}],"curies":[{"name":"wp","href":"https:\/\/api.w.org\/{rel}","templated":true}]}}