{"id":10974,"date":"2026-03-02T19:19:25","date_gmt":"2026-03-02T19:19:25","guid":{"rendered":"https:\/\/inzainox.com\/producto\/befuellbare-tagwasserdichte-schachtabdeckung-aus-edelstahl-aisi-304-mit-zentralem-bodenablauf-mit-geruchsverschluss\/"},"modified":"2026-03-30T15:03:48","modified_gmt":"2026-03-30T15:03:48","slug":"befuellbare-tagwasserdichte-schachtabdeckung-aus-edelstahl-aisi-304-mit-zentralem-bodenablauf-mit-geruchsverschluss","status":"publish","type":"product","link":"https:\/\/inzainox.com\/de\/produkt\/befuellbare-tagwasserdichte-schachtabdeckung-aus-edelstahl-aisi-304-mit-zentralem-bodenablauf-mit-geruchsverschluss\/","title":{"rendered":"Bef\u00fcllbare, tagwasserdichte Schachtabdeckung aus Edelstahl AISI 304 mit zentralem Bodenablauf mit Geruchsverschluss"},"content":{"rendered":"\t\t<div data-elementor-type=\"wp-post\" data-elementor-id=\"10974\" class=\"elementor elementor-10974 elementor-6155\">\n\t\t\t\t<div class=\"elementor-element elementor-element-e436c71 e-flex e-con-boxed e-con e-parent\" data-id=\"e436c71\" data-element_type=\"container\" data-e-type=\"container\">\n\t\t\t\t\t<div class=\"e-con-inner\">\n\t\t\t\t<div class=\"elementor-element elementor-element-bfdd8b3 elementor-widget elementor-widget-text-editor\" data-id=\"bfdd8b3\" data-element_type=\"widget\" data-e-type=\"widget\" data-widget_type=\"text-editor.default\">\n\t\t\t\t<div class=\"elementor-widget-container\">\n\t\t\t\t\t\t\t\t\t<p> <\/p><p>Schachtabdeckung und Rahmen, glatt, mit zentralem Bodenablauf, gefertigt aus Edelstahl AISI 304.<\/p><p>Fertigung in Edelstahl AISI 316L f\u00fcr besonders aggressive Umgebungen oder K\u00fcstenbereiche m\u00f6glich.<\/p><p>Ein wasserdichter Deckel zur Geruchsvermeidung dank EPDM-Dichtung und Verschraubung mit 4 Edelstahlschrauben in den Deckelecken.<\/p><p>Im Preis sind die Werkzeuge zum Entfernen der Schrauben enthalten<\/p><p>Wir liefern Griffe, die in die Schraubenaufnahmen eingeschraubt werden, um ein bequemes \u00d6ffnen zu erleichtern. Diese Griffe mit B\u00fcgel sind ebenfalls im Preis inbegriffen. <\/p><p><iframe title=\"Tapa de arqueta estanca lisa de acero inoxidable o galvanizado\" width=\"1200\" height=\"675\" src=\"https:\/\/www.youtube.com\/embed\/i-ht3desZic?feature=oembed\" frameborder=\"0\" allow=\"accelerometer; autoplay; clipboard-write; encrypted-media; gyroscope; picture-in-picture; web-share\" referrerpolicy=\"strict-origin-when-cross-origin\" allowfullscreen><\/iframe><\/p><p>Standardabdeckung f\u00fcr Fu\u00dfg\u00e4ngerverkehr Belastungsklasse A15. <\/p><p>Quadratische Abdeckungen in verschiedenen Ma\u00dfen von 300&#215;300 mm bis 700&#215;700 mm.<\/p><p><span style=\"color: #339966;\"><strong><a style=\"color: #339966;\" href=\"https:\/\/inzainox.com\/wp-content\/uploads\/2022\/03\/Tapas-estancas-de-acero-inoxidable-lisas.pdf\">TECHNISCHES DATENBLATT<\/a><\/strong><\/span><\/p><p>Runde Abdeckungen und Sonderma\u00dfe auf Anfrage.<\/p><p>Es gibt Abdeckungen f\u00fcr hohe Lasten und mit kolbenunterst\u00fctzter \u00d6ffnung.<\/p><p><img fetchpriority=\"high\" decoding=\"async\" class=\"alignnone size-full wp-image-1662\" src=\"https:\/\/inzainox.com\/wp-content\/uploads\/2020\/11\/plano-tapa-lisa.jpg\" alt=\"Zeichnung Revisionssch\u00e4chte Edelstahl tagwasserdicht glatt\" width=\"1191\" height=\"466\" srcset=\"https:\/\/inzainox.com\/wp-content\/uploads\/2020\/11\/plano-tapa-lisa.jpg 1191w, https:\/\/inzainox.com\/wp-content\/uploads\/2020\/11\/plano-tapa-lisa-300x117.jpg 300w, https:\/\/inzainox.com\/wp-content\/uploads\/2020\/11\/plano-tapa-lisa-1024x401.jpg 1024w, https:\/\/inzainox.com\/wp-content\/uploads\/2020\/11\/plano-tapa-lisa-768x300.jpg 768w, https:\/\/inzainox.com\/wp-content\/uploads\/2020\/11\/plano-tapa-lisa-600x235.jpg 600w\" sizes=\"(max-width: 1191px) 100vw, 1191px\" \/><img decoding=\"async\" class=\"size-full wp-image-1592 aligncenter\" src=\"https:\/\/inzainox.com\/wp-content\/uploads\/2020\/04\/TAPAS-GENERAL-DIMENSIONES.jpg\" alt=\"Allgemeine Abmessungen der wasserdichten INZA-Deckel\" width=\"728\" height=\"265\" srcset=\"https:\/\/inzainox.com\/wp-content\/uploads\/2020\/04\/TAPAS-GENERAL-DIMENSIONES.jpg 728w, https:\/\/inzainox.com\/wp-content\/uploads\/2020\/04\/TAPAS-GENERAL-DIMENSIONES-300x109.jpg 300w, https:\/\/inzainox.com\/wp-content\/uploads\/2020\/04\/TAPAS-GENERAL-DIMENSIONES-600x218.jpg 600w\" sizes=\"(max-width: 728px) 100vw, 728px\" \/><\/p>\t\t\t\t\t\t\t\t<\/div>\n\t\t\t\t<\/div>\n\t\t\t\t\t<\/div>\n\t\t\t\t<\/div>\n\t\t\t\t<\/div>\n\t\t","protected":false},"excerpt":{"rendered":"<p>Transport im Preis inbegriffen<\/p>\n<p>Bei Sonderw\u00fcnschen fertigen wir diese gerne f\u00fcr Sie auf Bestellung an. Die Lieferzeit betr\u00e4gt 1 Woche <\/p>\n<p>Wenn Sie Fragen haben, rufen Sie uns an: T. +34 91 127 90 05<\/p>\n<p>Bef\u00fcllbare, tagwasserdichte Schachtabdeckung aus Edelstahl AISI 304 mit zentralem Bodenablauf. Verschraubung mit vier Schrauben und EPDM-Dichtung. Einfache Abdeckung f\u00fcr Fu\u00dfg\u00e4ngerverkehr (Belastungsklasse A15) mit Bodenablauf 150&#215;150 oder 250&#215;250  <\/p>\n<p>Alle Deckel werden mit Werkzeugen zum \u00d6ffnen geliefert.<\/p>\n","protected":false},"featured_media":6196,"comment_status":"open","ping_status":"closed","template":"","meta":[],"product_brand":[],"product_cat":[495,496],"product_tag":[],"class_list":{"0":"post-10974","1":"product","2":"type-product","3":"status-publish","4":"has-post-thumbnail","6":"product_cat-wasserdichte-deckel","7":"product_cat-wasserdichte-edelstahl-deckel","8":"pa_dimensiones-30x30","9":"pa_dimensiones-40x40","10":"pa_dimensiones-50x50","11":"pa_dimensiones-60x60","12":"pa_dimensiones-70x70","14":"first","15":"instock","16":"taxable","17":"shipping-taxable","18":"purchasable","19":"product-type-variable"},"yoast_head":"<!-- This site is optimized with the Yoast SEO plugin v27.4 - https:\/\/yoast.com\/product\/yoast-seo-wordpress\/ -->\n<title>Bef\u00fcllbare, tagwasserdichte Schachtabdeckung mit zentralem Bodenablauf aus Edelstahl<\/title>\n<meta name=\"description\" content=\"Maximale Hygiene, einfache Reinigung und Best\u00e4ndigkeit f\u00fcr alle Entw\u00e4sserungsarten. Normkonformit\u00e4t und hohe Langlebigkeit. Ma\u00dfe auf Anfrage. Informieren Sie sich!\" \/>\n<meta name=\"robots\" content=\"index, follow, max-snippet:-1, max-image-preview:large, max-video-preview:-1\" \/>\n<link rel=\"canonical\" href=\"https:\/\/inzainox.com\/de\/produkt\/befuellbare-tagwasserdichte-schachtabdeckung-aus-edelstahl-aisi-304-mit-zentralem-bodenablauf-mit-geruchsverschluss\/\" \/>\n<meta property=\"og:locale\" content=\"de_DE\" \/>\n<meta property=\"og:type\" content=\"article\" \/>\n<meta property=\"og:title\" content=\"Bef\u00fcllbare, tagwasserdichte Schachtabdeckung mit zentralem Bodenablauf aus Edelstahl\" \/>\n<meta property=\"og:description\" content=\"Maximale Hygiene, einfache Reinigung und Best\u00e4ndigkeit f\u00fcr alle Entw\u00e4sserungsarten. Normkonformit\u00e4t und hohe Langlebigkeit. Ma\u00dfe auf Anfrage. Informieren Sie sich!\" \/>\n<meta property=\"og:url\" content=\"https:\/\/inzainox.com\/de\/produkt\/befuellbare-tagwasserdichte-schachtabdeckung-aus-edelstahl-aisi-304-mit-zentralem-bodenablauf-mit-geruchsverschluss\/\" \/>\n<meta property=\"og:site_name\" content=\"Inza Rinnen und Abl\u00e4ufe aus Edelstahl. Edelstahl-Entw\u00e4sserung f\u00fcr die Industrie\" \/>\n<meta property=\"article:modified_time\" content=\"2026-03-30T15:03:48+00:00\" \/>\n<meta property=\"og:image\" content=\"https:\/\/inzainox.com\/wp-content\/uploads\/2026\/03\/tapa-estanca-rellenable-acero-inoxidable-con-sumidero-sifonico-central.jpg\" \/>\n\t<meta property=\"og:image:width\" content=\"2560\" \/>\n\t<meta property=\"og:image:height\" content=\"1664\" \/>\n\t<meta property=\"og:image:type\" content=\"image\/jpeg\" \/>\n<meta name=\"twitter:card\" content=\"summary_large_image\" \/>\n<meta name=\"twitter:label1\" content=\"Gesch\u00e4tzte Lesezeit\" \/>\n\t<meta name=\"twitter:data1\" content=\"1\u00a0Minute\" \/>\n<!-- \/ Yoast SEO plugin. -->","yoast_head_json":{"title":"Bef\u00fcllbare, tagwasserdichte Schachtabdeckung mit zentralem Bodenablauf aus Edelstahl","description":"Maximale Hygiene, einfache Reinigung und Best\u00e4ndigkeit f\u00fcr alle Entw\u00e4sserungsarten. Normkonformit\u00e4t und hohe Langlebigkeit. Ma\u00dfe auf Anfrage. Informieren Sie sich!","robots":{"index":"index","follow":"follow","max-snippet":"max-snippet:-1","max-image-preview":"max-image-preview:large","max-video-preview":"max-video-preview:-1"},"canonical":"https:\/\/inzainox.com\/de\/produkt\/befuellbare-tagwasserdichte-schachtabdeckung-aus-edelstahl-aisi-304-mit-zentralem-bodenablauf-mit-geruchsverschluss\/","og_locale":"de_DE","og_type":"article","og_title":"Bef\u00fcllbare, tagwasserdichte Schachtabdeckung mit zentralem Bodenablauf aus Edelstahl","og_description":"Maximale Hygiene, einfache Reinigung und Best\u00e4ndigkeit f\u00fcr alle Entw\u00e4sserungsarten. Normkonformit\u00e4t und hohe Langlebigkeit. Ma\u00dfe auf Anfrage. Informieren Sie sich!","og_url":"https:\/\/inzainox.com\/de\/produkt\/befuellbare-tagwasserdichte-schachtabdeckung-aus-edelstahl-aisi-304-mit-zentralem-bodenablauf-mit-geruchsverschluss\/","og_site_name":"Inza Rinnen und Abl\u00e4ufe aus Edelstahl. Edelstahl-Entw\u00e4sserung f\u00fcr die Industrie","article_modified_time":"2026-03-30T15:03:48+00:00","og_image":[{"width":2560,"height":1664,"url":"https:\/\/inzainox.com\/wp-content\/uploads\/2026\/03\/tapa-estanca-rellenable-acero-inoxidable-con-sumidero-sifonico-central.jpg","type":"image\/jpeg"}],"twitter_card":"summary_large_image","twitter_misc":{"Gesch\u00e4tzte Lesezeit":"1\u00a0Minute"},"schema":{"@context":"https:\/\/schema.org","@graph":[{"@type":"WebPage","@id":"https:\/\/inzainox.com\/de\/produkt\/befuellbare-tagwasserdichte-schachtabdeckung-aus-edelstahl-aisi-304-mit-zentralem-bodenablauf-mit-geruchsverschluss\/","url":"https:\/\/inzainox.com\/de\/produkt\/befuellbare-tagwasserdichte-schachtabdeckung-aus-edelstahl-aisi-304-mit-zentralem-bodenablauf-mit-geruchsverschluss\/","name":"Bef\u00fcllbare, tagwasserdichte Schachtabdeckung mit zentralem Bodenablauf aus Edelstahl","isPartOf":{"@id":"https:\/\/inzainox.com\/de\/#website"},"primaryImageOfPage":{"@id":"https:\/\/inzainox.com\/de\/produkt\/befuellbare-tagwasserdichte-schachtabdeckung-aus-edelstahl-aisi-304-mit-zentralem-bodenablauf-mit-geruchsverschluss\/#primaryimage"},"image":{"@id":"https:\/\/inzainox.com\/de\/produkt\/befuellbare-tagwasserdichte-schachtabdeckung-aus-edelstahl-aisi-304-mit-zentralem-bodenablauf-mit-geruchsverschluss\/#primaryimage"},"thumbnailUrl":"https:\/\/inzainox.com\/wp-content\/uploads\/2026\/03\/tapa-estanca-rellenable-acero-inoxidable-con-sumidero-sifonico-central.jpg","datePublished":"2026-03-02T19:19:25+00:00","dateModified":"2026-03-30T15:03:48+00:00","description":"Maximale Hygiene, einfache Reinigung und Best\u00e4ndigkeit f\u00fcr alle Entw\u00e4sserungsarten. Normkonformit\u00e4t und hohe Langlebigkeit. Ma\u00dfe auf Anfrage. Informieren Sie sich!","breadcrumb":{"@id":"https:\/\/inzainox.com\/de\/produkt\/befuellbare-tagwasserdichte-schachtabdeckung-aus-edelstahl-aisi-304-mit-zentralem-bodenablauf-mit-geruchsverschluss\/#breadcrumb"},"inLanguage":"de","potentialAction":[{"@type":"ReadAction","target":["https:\/\/inzainox.com\/de\/produkt\/befuellbare-tagwasserdichte-schachtabdeckung-aus-edelstahl-aisi-304-mit-zentralem-bodenablauf-mit-geruchsverschluss\/"]}]},{"@type":"ImageObject","inLanguage":"de","@id":"https:\/\/inzainox.com\/de\/produkt\/befuellbare-tagwasserdichte-schachtabdeckung-aus-edelstahl-aisi-304-mit-zentralem-bodenablauf-mit-geruchsverschluss\/#primaryimage","url":"https:\/\/inzainox.com\/wp-content\/uploads\/2026\/03\/tapa-estanca-rellenable-acero-inoxidable-con-sumidero-sifonico-central.jpg","contentUrl":"https:\/\/inzainox.com\/wp-content\/uploads\/2026\/03\/tapa-estanca-rellenable-acero-inoxidable-con-sumidero-sifonico-central.jpg","width":2560,"height":1664,"caption":"Tapa estanca rellenable de acero inoxidable con sumidero sif\u00f3nico central y rejilla para sistemas de drenaje industrial y alimentario. Registro estanco de acero inoxidable rellenable con desag\u00fce sif\u00f3nico. Tapa de inspecci\u00f3n para saneamiento industrial dise\u00f1ada para evitar olores y garantizar la estanqueidad en zonas con altos requisitos de higiene"},{"@type":"BreadcrumbList","@id":"https:\/\/inzainox.com\/de\/produkt\/befuellbare-tagwasserdichte-schachtabdeckung-aus-edelstahl-aisi-304-mit-zentralem-bodenablauf-mit-geruchsverschluss\/#breadcrumb","itemListElement":[{"@type":"ListItem","position":1,"name":"Startseite","item":"https:\/\/inzainox.com\/de\/neue-startseite\/"},{"@type":"ListItem","position":2,"name":"Inza-Shop","item":"https:\/\/inzainox.com\/de\/inza-shop\/"},{"@type":"ListItem","position":3,"name":"Bef\u00fcllbare, tagwasserdichte Schachtabdeckung aus Edelstahl AISI 304 mit zentralem Bodenablauf mit Geruchsverschluss"}]},{"@type":"WebSite","@id":"https:\/\/inzainox.com\/de\/#website","url":"https:\/\/inzainox.com\/de\/","name":"Inza Rinnen und Abl\u00e4ufe aus Edelstahl. Edelstahl-Entw\u00e4sserung f\u00fcr die Industrie","description":"Edelstahl-Entw\u00e4sserung f\u00fcr die Industrie","publisher":{"@id":"https:\/\/inzainox.com\/de\/#organization"},"alternateName":"Inza Inox","potentialAction":[{"@type":"SearchAction","target":{"@type":"EntryPoint","urlTemplate":"https:\/\/inzainox.com\/de\/?s={search_term_string}"},"query-input":{"@type":"PropertyValueSpecification","valueRequired":true,"valueName":"search_term_string"}}],"inLanguage":"de"},{"@type":"Organization","@id":"https:\/\/inzainox.com\/de\/#organization","name":"Inza Inox S.L.","alternateName":"Inza","url":"https:\/\/inzainox.com\/de\/","logo":{"@type":"ImageObject","inLanguage":"de","@id":"https:\/\/inzainox.com\/de\/#\/schema\/logo\/image\/","url":"https:\/\/inzainox.com\/wp-content\/uploads\/2020\/05\/cropped-cropped-NUEVA-INZA-2-1.png","contentUrl":"https:\/\/inzainox.com\/wp-content\/uploads\/2020\/05\/cropped-cropped-NUEVA-INZA-2-1.png","width":487,"height":165,"caption":"Inza Inox S.L."},"image":{"@id":"https:\/\/inzainox.com\/de\/#\/schema\/logo\/image\/"}}]}},"_links":{"self":[{"href":"https:\/\/inzainox.com\/de\/wp-json\/wp\/v2\/product\/10974","targetHints":{"allow":["GET"]}}],"collection":[{"href":"https:\/\/inzainox.com\/de\/wp-json\/wp\/v2\/product"}],"about":[{"href":"https:\/\/inzainox.com\/de\/wp-json\/wp\/v2\/types\/product"}],"replies":[{"embeddable":true,"href":"https:\/\/inzainox.com\/de\/wp-json\/wp\/v2\/comments?post=10974"}],"version-history":[{"count":1,"href":"https:\/\/inzainox.com\/de\/wp-json\/wp\/v2\/product\/10974\/revisions"}],"predecessor-version":[{"id":10981,"href":"https:\/\/inzainox.com\/de\/wp-json\/wp\/v2\/product\/10974\/revisions\/10981"}],"wp:featuredmedia":[{"embeddable":true,"href":"https:\/\/inzainox.com\/de\/wp-json\/wp\/v2\/media\/6196"}],"wp:attachment":[{"href":"https:\/\/inzainox.com\/de\/wp-json\/wp\/v2\/media?parent=10974"}],"wp:term":[{"taxonomy":"product_brand","embeddable":true,"href":"https:\/\/inzainox.com\/de\/wp-json\/wp\/v2\/product_brand?post=10974"},{"taxonomy":"product_cat","embeddable":true,"href":"https:\/\/inzainox.com\/de\/wp-json\/wp\/v2\/product_cat?post=10974"},{"taxonomy":"product_tag","embeddable":true,"href":"https:\/\/inzainox.com\/de\/wp-json\/wp\/v2\/product_tag?post=10974"}],"curies":[{"name":"wp","href":"https:\/\/api.w.org\/{rel}","templated":true}]}}