{"id":10952,"date":"2026-03-05T00:14:09","date_gmt":"2026-03-05T00:14:09","guid":{"rendered":"https:\/\/inzainox.com\/producto\/dichter-glatter-runddeckel-aus-edelstahl\/"},"modified":"2026-03-05T00:14:09","modified_gmt":"2026-03-05T00:14:09","slug":"dichter-glatter-runddeckel-aus-edelstahl","status":"publish","type":"product","link":"https:\/\/inzainox.com\/de\/produkt\/dichter-glatter-runddeckel-aus-edelstahl\/","title":{"rendered":"Dichter, glatter Runddeckel aus Edelstahl"},"content":{"rendered":"<p>Deckel und Rahmen f\u00fcr einen glatten, runden Revisionsschacht aus Edelstahl AISI304. M\u00f6glichkeit der Fertigung aus Edelstahl AISI316L f\u00fcr Anlagen in besonders aggressiven Umgebungen oder maritimen Bereichen. <\/p>\n<p>Durch das Fehlen von Ecken gew\u00e4hrleistet die kreisf\u00f6rmige Geometrie eine radiale und gleichm\u00e4\u00dfige Spannungsverteilung, wodurch strukturelle Schwachstellen minimiert und das Risiko von Verformungen oder Rissen im Pflaster unter schweren Lasten erheblich reduziert wird.<\/p>\n<p>Es handelt sich um eine runde Dichtungsabdeckung zur Geruchsvermeidung, dank eines Verschlusses mittels EPDM-Dichtung und einer Befestigung mit 4 Edelstahlschrauben an den Ecken der Abdeckung. Im Preis sind die Werkzeuge zum Entfernen der Schrauben enthalten<\/p>\n<p>Wir liefern Griffe, die in die Schraubenaufnahmen eingeschraubt werden, um ein bequemes \u00d6ffnen zu erleichtern. Diese Griffe mit B\u00fcgel sind ebenfalls im Preis inbegriffen.  Der Vorgang zum Demontieren der Abdeckung \u00e4hnelt dem im folgenden Demontagevideo einer quadratischen Dichtungsabdeckung gezeigten.<\/p>\n<p>Standarddeckel f\u00fcr Fu\u00dfg\u00e4ngerverkehr und besonders verst\u00e4rkte Deckel f\u00fcr Fahrzeugverkehr. Wir f\u00fchren Deckel f\u00fcr die Belastungsklassen A15, B125, C250 und D400. <\/p>\n<p><iframe title=\"Tapa de arqueta estanca lisa de acero inoxidable o galvanizado\" width=\"1200\" height=\"675\" src=\"https:\/\/www.youtube.com\/embed\/i-ht3desZic?feature=oembed\" frameborder=\"0\" allow=\"accelerometer; autoplay; clipboard-write; encrypted-media; gyroscope; picture-in-picture; web-share\" referrerpolicy=\"strict-origin-when-cross-origin\" allowfullscreen><\/iframe><\/p>\n<p>Quadratische Deckel in verschiedenen Abmessungen von 300 x 300 mm bis 1000 x 1000 mm auf Lager.<\/p>\n<p><a href=\"https:\/\/inzainox.com\/wp-content\/uploads\/2026\/03\/FT-TRIL-Circular-Lisa.pdf\"><strong>TECHNISCHES DATENBLATT<\/strong><\/a><\/p>\n<p>Fragen Sie nach anderen Arten von Abdeckungen aus verschiedenen Materialien und in Sonderma\u00dfen.<\/p>\n<p>Es gibt Abdeckungen f\u00fcr hohe Lasten und mit kolbenunterst\u00fctzter \u00d6ffnung.<\/p>\n<p><img fetchpriority=\"high\" decoding=\"async\" src=\"https:\/\/inzainox.com\/wp-content\/uploads\/2026\/03\/FT-TRIL-Circular-Lisa.png\" alt=\"\" width=\"755\" height=\"1053\"><\/p>\n","protected":false},"excerpt":{"rendered":"<p>Transport im Preis inbegriffen<\/p>\n<p>Wir liefern sie Ihnen innerhalb von 24-48 Stunden.<\/p>\n<p>Wenn Sie Fragen haben, rufen Sie uns an: T. +34 91 127 90 05<\/p>\n<p>Dichter, runder Revisionsschachtdeckel aus Edelstahl AISI304. Verschluss mittels vier Schrauben und EPDM-Dichtung. Erh\u00e4ltlich als einfache Ausf\u00fchrung f\u00fcr Fu\u00dfg\u00e4ngerverkehr (Belastungsklasse A15) oder verst\u00e4rkt f\u00fcr Fahrzeugverkehr (Belastungsklasse B125).  <\/p>\n<p>Ihr kreisf\u00f6rmiges Design verteilt das Gewicht gleichm\u00e4\u00dfig und spannungsfrei, was die Druckfestigkeit maximiert und die Entstehung von Rissen im angrenzenden Pflaster effektiv verhindert.<\/p>\n<p>Alle Deckel werden mit Werkzeugen zum \u00d6ffnen geliefert.<\/p>\n","protected":false},"featured_media":6254,"comment_status":"open","ping_status":"closed","template":"","meta":[],"product_brand":[],"product_cat":[596,495,496],"product_tag":[],"class_list":{"0":"post-10952","1":"product","2":"type-product","3":"status-publish","4":"has-post-thumbnail","6":"product_cat-runde-edelstahl-dichtungsabdeckungen","7":"product_cat-wasserdichte-deckel","8":"product_cat-wasserdichte-edelstahl-deckel","10":"first","11":"instock","12":"taxable","13":"shipping-taxable","14":"purchasable","15":"product-type-variable"},"yoast_head":"<!-- This site is optimized with the Yoast SEO plugin v27.1.1 - https:\/\/yoast.com\/product\/yoast-seo-wordpress\/ -->\n<title>Dichter, glatter Runddeckel aus Edelstahl<\/title>\n<meta name=\"description\" content=\"Verf\u00fcgbarer Lagerbestand an runden Edelstahl-Dichtungsabdeckungen f\u00fcr Schachtzug\u00e4nge. W\u00e4hlen und kaufen Sie die geruchshemmende L\u00f6sung.\" \/>\n<meta name=\"robots\" content=\"index, follow, max-snippet:-1, max-image-preview:large, max-video-preview:-1\" \/>\n<link rel=\"canonical\" href=\"https:\/\/inzainox.com\/de\/produkt\/dichter-glatter-runddeckel-aus-edelstahl\/\" \/>\n<meta property=\"og:locale\" content=\"de_DE\" \/>\n<meta property=\"og:type\" content=\"article\" \/>\n<meta property=\"og:title\" content=\"Dichter, glatter Runddeckel aus Edelstahl\" \/>\n<meta property=\"og:description\" content=\"Verf\u00fcgbarer Lagerbestand an runden Edelstahl-Dichtungsabdeckungen f\u00fcr Schachtzug\u00e4nge. W\u00e4hlen und kaufen Sie die geruchshemmende L\u00f6sung.\" \/>\n<meta property=\"og:url\" content=\"https:\/\/inzainox.com\/de\/produkt\/dichter-glatter-runddeckel-aus-edelstahl\/\" \/>\n<meta property=\"og:site_name\" content=\"Inza Rinnen und Abl\u00e4ufe aus Edelstahl. Edelstahl-Entw\u00e4sserung f\u00fcr die Industrie\" \/>\n<meta property=\"og:image\" content=\"https:\/\/inzainox.com\/wp-content\/uploads\/2026\/03\/tapa-estanca-lisa-redonda.jpg\" \/>\n\t<meta property=\"og:image:width\" content=\"2478\" \/>\n\t<meta property=\"og:image:height\" content=\"1728\" \/>\n\t<meta property=\"og:image:type\" content=\"image\/jpeg\" \/>\n<meta name=\"twitter:card\" content=\"summary_large_image\" \/>\n<meta name=\"twitter:label1\" content=\"Gesch\u00e4tzte Lesezeit\" \/>\n\t<meta name=\"twitter:data1\" content=\"1\u00a0Minute\" \/>\n<!-- \/ Yoast SEO plugin. -->","yoast_head_json":{"title":"Dichter, glatter Runddeckel aus Edelstahl","description":"Verf\u00fcgbarer Lagerbestand an runden Edelstahl-Dichtungsabdeckungen f\u00fcr Schachtzug\u00e4nge. W\u00e4hlen und kaufen Sie die geruchshemmende L\u00f6sung.","robots":{"index":"index","follow":"follow","max-snippet":"max-snippet:-1","max-image-preview":"max-image-preview:large","max-video-preview":"max-video-preview:-1"},"canonical":"https:\/\/inzainox.com\/de\/produkt\/dichter-glatter-runddeckel-aus-edelstahl\/","og_locale":"de_DE","og_type":"article","og_title":"Dichter, glatter Runddeckel aus Edelstahl","og_description":"Verf\u00fcgbarer Lagerbestand an runden Edelstahl-Dichtungsabdeckungen f\u00fcr Schachtzug\u00e4nge. W\u00e4hlen und kaufen Sie die geruchshemmende L\u00f6sung.","og_url":"https:\/\/inzainox.com\/de\/produkt\/dichter-glatter-runddeckel-aus-edelstahl\/","og_site_name":"Inza Rinnen und Abl\u00e4ufe aus Edelstahl. Edelstahl-Entw\u00e4sserung f\u00fcr die Industrie","og_image":[{"width":2478,"height":1728,"url":"https:\/\/inzainox.com\/wp-content\/uploads\/2026\/03\/tapa-estanca-lisa-redonda.jpg","type":"image\/jpeg"}],"twitter_card":"summary_large_image","twitter_misc":{"Gesch\u00e4tzte Lesezeit":"1\u00a0Minute"},"schema":{"@context":"https:\/\/schema.org","@graph":[{"@type":"WebPage","@id":"https:\/\/inzainox.com\/de\/produkt\/dichter-glatter-runddeckel-aus-edelstahl\/","url":"https:\/\/inzainox.com\/de\/produkt\/dichter-glatter-runddeckel-aus-edelstahl\/","name":"Dichter, glatter Runddeckel aus Edelstahl","isPartOf":{"@id":"https:\/\/inzainox.com\/de\/#website"},"primaryImageOfPage":{"@id":"https:\/\/inzainox.com\/de\/produkt\/dichter-glatter-runddeckel-aus-edelstahl\/#primaryimage"},"image":{"@id":"https:\/\/inzainox.com\/de\/produkt\/dichter-glatter-runddeckel-aus-edelstahl\/#primaryimage"},"thumbnailUrl":"https:\/\/inzainox.com\/wp-content\/uploads\/2026\/03\/tapa-estanca-lisa-redonda.jpg","datePublished":"2026-03-05T00:14:09+00:00","description":"Verf\u00fcgbarer Lagerbestand an runden Edelstahl-Dichtungsabdeckungen f\u00fcr Schachtzug\u00e4nge. W\u00e4hlen und kaufen Sie die geruchshemmende L\u00f6sung.","breadcrumb":{"@id":"https:\/\/inzainox.com\/de\/produkt\/dichter-glatter-runddeckel-aus-edelstahl\/#breadcrumb"},"inLanguage":"de","potentialAction":[{"@type":"ReadAction","target":["https:\/\/inzainox.com\/de\/produkt\/dichter-glatter-runddeckel-aus-edelstahl\/"]}]},{"@type":"ImageObject","inLanguage":"de","@id":"https:\/\/inzainox.com\/de\/produkt\/dichter-glatter-runddeckel-aus-edelstahl\/#primaryimage","url":"https:\/\/inzainox.com\/wp-content\/uploads\/2026\/03\/tapa-estanca-lisa-redonda.jpg","contentUrl":"https:\/\/inzainox.com\/wp-content\/uploads\/2026\/03\/tapa-estanca-lisa-redonda.jpg","width":2478,"height":1728,"caption":"tapa estanca lisa redonda de acero inoxidable para sistemas de drenaje industrial y alimentario. Registro estanco circular de acero inoxidable liso. Tapa de inspecci\u00f3n para saneamiento industrial o residencial dise\u00f1ada para evitar olores y garantizar la estanqueidad en zonas con altos requisitos de higiene"},{"@type":"BreadcrumbList","@id":"https:\/\/inzainox.com\/de\/produkt\/dichter-glatter-runddeckel-aus-edelstahl\/#breadcrumb","itemListElement":[{"@type":"ListItem","position":1,"name":"Startseite","item":"https:\/\/inzainox.com\/de\/neue-startseite\/"},{"@type":"ListItem","position":2,"name":"Inza-Shop","item":"https:\/\/inzainox.com\/de\/inza-shop\/"},{"@type":"ListItem","position":3,"name":"Dichter, glatter Runddeckel aus Edelstahl"}]},{"@type":"WebSite","@id":"https:\/\/inzainox.com\/de\/#website","url":"https:\/\/inzainox.com\/de\/","name":"Inza Rinnen und Abl\u00e4ufe aus Edelstahl. Edelstahl-Entw\u00e4sserung f\u00fcr die Industrie","description":"Edelstahl-Entw\u00e4sserung f\u00fcr die Industrie","publisher":{"@id":"https:\/\/inzainox.com\/de\/#organization"},"alternateName":"Inza Inox","potentialAction":[{"@type":"SearchAction","target":{"@type":"EntryPoint","urlTemplate":"https:\/\/inzainox.com\/de\/?s={search_term_string}"},"query-input":{"@type":"PropertyValueSpecification","valueRequired":true,"valueName":"search_term_string"}}],"inLanguage":"de"},{"@type":"Organization","@id":"https:\/\/inzainox.com\/de\/#organization","name":"Inza Inox S.L.","alternateName":"Inza","url":"https:\/\/inzainox.com\/de\/","logo":{"@type":"ImageObject","inLanguage":"de","@id":"https:\/\/inzainox.com\/de\/#\/schema\/logo\/image\/","url":"https:\/\/inzainox.com\/wp-content\/uploads\/2020\/05\/cropped-NUEVA-INZA-2-5.png","contentUrl":"https:\/\/inzainox.com\/wp-content\/uploads\/2020\/05\/cropped-NUEVA-INZA-2-5.png","width":549,"height":264,"caption":"Inza Inox S.L."},"image":{"@id":"https:\/\/inzainox.com\/de\/#\/schema\/logo\/image\/"}}]}},"_links":{"self":[{"href":"https:\/\/inzainox.com\/de\/wp-json\/wp\/v2\/product\/10952","targetHints":{"allow":["GET"]}}],"collection":[{"href":"https:\/\/inzainox.com\/de\/wp-json\/wp\/v2\/product"}],"about":[{"href":"https:\/\/inzainox.com\/de\/wp-json\/wp\/v2\/types\/product"}],"replies":[{"embeddable":true,"href":"https:\/\/inzainox.com\/de\/wp-json\/wp\/v2\/comments?post=10952"}],"version-history":[{"count":0,"href":"https:\/\/inzainox.com\/de\/wp-json\/wp\/v2\/product\/10952\/revisions"}],"wp:featuredmedia":[{"embeddable":true,"href":"https:\/\/inzainox.com\/de\/wp-json\/wp\/v2\/media\/6254"}],"wp:attachment":[{"href":"https:\/\/inzainox.com\/de\/wp-json\/wp\/v2\/media?parent=10952"}],"wp:term":[{"taxonomy":"product_brand","embeddable":true,"href":"https:\/\/inzainox.com\/de\/wp-json\/wp\/v2\/product_brand?post=10952"},{"taxonomy":"product_cat","embeddable":true,"href":"https:\/\/inzainox.com\/de\/wp-json\/wp\/v2\/product_cat?post=10952"},{"taxonomy":"product_tag","embeddable":true,"href":"https:\/\/inzainox.com\/de\/wp-json\/wp\/v2\/product_tag?post=10952"}],"curies":[{"name":"wp","href":"https:\/\/api.w.org\/{rel}","templated":true}]}}