{"id":10840,"date":"2025-09-30T10:28:18","date_gmt":"2025-09-30T10:28:18","guid":{"rendered":"https:\/\/inzainox.com\/producto\/quadratische-deckel-aus-duktilem-gusseisen\/"},"modified":"2025-09-30T10:28:18","modified_gmt":"2025-09-30T10:28:18","slug":"quadratische-deckel-aus-duktilem-gusseisen","status":"publish","type":"product","link":"https:\/\/inzainox.com\/de\/produkt\/quadratische-deckel-aus-duktilem-gusseisen\/","title":{"rendered":"Quadratische Deckel aus duktilem Gusseisen"},"content":{"rendered":"<p>&nbsp;<\/p>\n<p>Deckel und Rahmen aus duktilem Gusseisen in quadratischen Abmessungen<\/p>\n<p>F\u00fcr die Revision von Kontrollsch\u00e4chten mit Widerstand f\u00fcr Fahrzeugverkehr<\/p>\n<p>Verschiedene Belastungsklassen je nach Anwendung.<\/p>\n<ul>\n<li>Fu\u00dfg\u00e4nger (A15)<\/li>\n<li>Fahrzeugverkehr (B125)<\/li>\n<li>St\u00e4dtische Anwendungen (C250)<\/li>\n<li>Schwerverkehr (D400)<\/li>\n<li>Industrieverkehr (E600)<\/li>\n<li>H\u00e4fen und Flugh\u00e4fen (F900)<\/li>\n<\/ul>\n<p>Wir f\u00fchren auch quadratische, wasserdichte, bef\u00fcllbare und rechteckige Deckel aus duktilem Gusseisen sowie mit Multideckel-System<\/p>\n<p>Wir bieten die M\u00f6glichkeit, Logos und Wappen als Reliefpr\u00e4gung anzubringen<\/p>\n<p>Kontaktieren Sie uns in jedem dieser F\u00e4lle unter info@inzainox.com oder telefonisch unter +34 91 127 90 05.<\/p>\n","protected":false},"excerpt":{"rendered":"<p>Deckel und Rahmen aus duktilem Gusseisen f\u00fcr die Revision von Kontrollsch\u00e4chten unter Fahrzeugverkehr<\/p>\n","protected":false},"featured_media":5450,"comment_status":"open","ping_status":"closed","template":"","meta":[],"product_brand":[],"product_cat":[642],"product_tag":[],"class_list":{"0":"post-10840","1":"product","2":"type-product","3":"status-publish","4":"has-post-thumbnail","6":"product_cat-gussabdeckungen","8":"first","9":"instock","10":"taxable","11":"shipping-taxable","12":"purchasable","13":"product-type-variable"},"yoast_head":"<!-- This site is optimized with the Yoast SEO plugin v27.1.1 - https:\/\/yoast.com\/product\/yoast-seo-wordpress\/ -->\n<title>Quadratische Deckel aus duktilem Gusseisen<\/title>\n<meta name=\"description\" content=\"Schachtdeckel aus duktilem Gusseisen. Widerstandsf\u00e4hig gegen Fahrzeugverkehr. Verschiedene Gr\u00f6\u00dfen. M\u00f6glichkeit zur Pr\u00e4gung von Logo und Wappen\" \/>\n<meta name=\"robots\" content=\"index, follow, max-snippet:-1, max-image-preview:large, max-video-preview:-1\" \/>\n<link rel=\"canonical\" href=\"https:\/\/inzainox.com\/de\/produkt\/quadratische-deckel-aus-duktilem-gusseisen\/\" \/>\n<meta property=\"og:locale\" content=\"de_DE\" \/>\n<meta property=\"og:type\" content=\"article\" \/>\n<meta property=\"og:title\" content=\"Quadratische Deckel aus duktilem Gusseisen\" \/>\n<meta property=\"og:description\" content=\"Schachtdeckel aus duktilem Gusseisen. Widerstandsf\u00e4hig gegen Fahrzeugverkehr. Verschiedene Gr\u00f6\u00dfen. M\u00f6glichkeit zur Pr\u00e4gung von Logo und Wappen\" \/>\n<meta property=\"og:url\" content=\"https:\/\/inzainox.com\/de\/produkt\/quadratische-deckel-aus-duktilem-gusseisen\/\" \/>\n<meta property=\"og:site_name\" content=\"Inza Rinnen und Abl\u00e4ufe aus Edelstahl. Edelstahl-Entw\u00e4sserung f\u00fcr die Industrie\" \/>\n<meta property=\"og:image\" content=\"https:\/\/inzainox.com\/wp-content\/uploads\/2025\/09\/TAPA-FUNDICION-CUADRADA.jpg\" \/>\n\t<meta property=\"og:image:width\" content=\"480\" \/>\n\t<meta property=\"og:image:height\" content=\"360\" \/>\n\t<meta property=\"og:image:type\" content=\"image\/jpeg\" \/>\n<meta name=\"twitter:card\" content=\"summary_large_image\" \/>\n<!-- \/ Yoast SEO plugin. -->","yoast_head_json":{"title":"Quadratische Deckel aus duktilem Gusseisen","description":"Schachtdeckel aus duktilem Gusseisen. Widerstandsf\u00e4hig gegen Fahrzeugverkehr. Verschiedene Gr\u00f6\u00dfen. M\u00f6glichkeit zur Pr\u00e4gung von Logo und Wappen","robots":{"index":"index","follow":"follow","max-snippet":"max-snippet:-1","max-image-preview":"max-image-preview:large","max-video-preview":"max-video-preview:-1"},"canonical":"https:\/\/inzainox.com\/de\/produkt\/quadratische-deckel-aus-duktilem-gusseisen\/","og_locale":"de_DE","og_type":"article","og_title":"Quadratische Deckel aus duktilem Gusseisen","og_description":"Schachtdeckel aus duktilem Gusseisen. Widerstandsf\u00e4hig gegen Fahrzeugverkehr. Verschiedene Gr\u00f6\u00dfen. M\u00f6glichkeit zur Pr\u00e4gung von Logo und Wappen","og_url":"https:\/\/inzainox.com\/de\/produkt\/quadratische-deckel-aus-duktilem-gusseisen\/","og_site_name":"Inza Rinnen und Abl\u00e4ufe aus Edelstahl. Edelstahl-Entw\u00e4sserung f\u00fcr die Industrie","og_image":[{"width":480,"height":360,"url":"https:\/\/inzainox.com\/wp-content\/uploads\/2025\/09\/TAPA-FUNDICION-CUADRADA.jpg","type":"image\/jpeg"}],"twitter_card":"summary_large_image","schema":{"@context":"https:\/\/schema.org","@graph":[{"@type":"WebPage","@id":"https:\/\/inzainox.com\/de\/produkt\/quadratische-deckel-aus-duktilem-gusseisen\/","url":"https:\/\/inzainox.com\/de\/produkt\/quadratische-deckel-aus-duktilem-gusseisen\/","name":"Quadratische Deckel aus duktilem Gusseisen","isPartOf":{"@id":"https:\/\/inzainox.com\/de\/#website"},"primaryImageOfPage":{"@id":"https:\/\/inzainox.com\/de\/produkt\/quadratische-deckel-aus-duktilem-gusseisen\/#primaryimage"},"image":{"@id":"https:\/\/inzainox.com\/de\/produkt\/quadratische-deckel-aus-duktilem-gusseisen\/#primaryimage"},"thumbnailUrl":"https:\/\/inzainox.com\/wp-content\/uploads\/2025\/09\/TAPA-FUNDICION-CUADRADA.jpg","datePublished":"2025-09-30T10:28:18+00:00","description":"Schachtdeckel aus duktilem Gusseisen. Widerstandsf\u00e4hig gegen Fahrzeugverkehr. Verschiedene Gr\u00f6\u00dfen. M\u00f6glichkeit zur Pr\u00e4gung von Logo und Wappen","breadcrumb":{"@id":"https:\/\/inzainox.com\/de\/produkt\/quadratische-deckel-aus-duktilem-gusseisen\/#breadcrumb"},"inLanguage":"de","potentialAction":[{"@type":"ReadAction","target":["https:\/\/inzainox.com\/de\/produkt\/quadratische-deckel-aus-duktilem-gusseisen\/"]}]},{"@type":"ImageObject","inLanguage":"de","@id":"https:\/\/inzainox.com\/de\/produkt\/quadratische-deckel-aus-duktilem-gusseisen\/#primaryimage","url":"https:\/\/inzainox.com\/wp-content\/uploads\/2025\/09\/TAPA-FUNDICION-CUADRADA.jpg","contentUrl":"https:\/\/inzainox.com\/wp-content\/uploads\/2025\/09\/TAPA-FUNDICION-CUADRADA.jpg","width":480,"height":360},{"@type":"BreadcrumbList","@id":"https:\/\/inzainox.com\/de\/produkt\/quadratische-deckel-aus-duktilem-gusseisen\/#breadcrumb","itemListElement":[{"@type":"ListItem","position":1,"name":"Startseite","item":"https:\/\/inzainox.com\/de\/neue-startseite\/"},{"@type":"ListItem","position":2,"name":"Inza-Shop","item":"https:\/\/inzainox.com\/de\/inza-shop\/"},{"@type":"ListItem","position":3,"name":"Quadratische Deckel aus duktilem Gusseisen"}]},{"@type":"WebSite","@id":"https:\/\/inzainox.com\/de\/#website","url":"https:\/\/inzainox.com\/de\/","name":"Inza Rinnen und Abl\u00e4ufe aus Edelstahl. Edelstahl-Entw\u00e4sserung f\u00fcr die Industrie","description":"Edelstahl-Entw\u00e4sserung f\u00fcr die Industrie","publisher":{"@id":"https:\/\/inzainox.com\/de\/#organization"},"alternateName":"Inza Inox","potentialAction":[{"@type":"SearchAction","target":{"@type":"EntryPoint","urlTemplate":"https:\/\/inzainox.com\/de\/?s={search_term_string}"},"query-input":{"@type":"PropertyValueSpecification","valueRequired":true,"valueName":"search_term_string"}}],"inLanguage":"de"},{"@type":"Organization","@id":"https:\/\/inzainox.com\/de\/#organization","name":"Inza Inox S.L.","alternateName":"Inza","url":"https:\/\/inzainox.com\/de\/","logo":{"@type":"ImageObject","inLanguage":"de","@id":"https:\/\/inzainox.com\/de\/#\/schema\/logo\/image\/","url":"https:\/\/inzainox.com\/wp-content\/uploads\/2020\/05\/cropped-NUEVA-INZA-2-5.png","contentUrl":"https:\/\/inzainox.com\/wp-content\/uploads\/2020\/05\/cropped-NUEVA-INZA-2-5.png","width":549,"height":264,"caption":"Inza Inox S.L."},"image":{"@id":"https:\/\/inzainox.com\/de\/#\/schema\/logo\/image\/"}}]}},"_links":{"self":[{"href":"https:\/\/inzainox.com\/de\/wp-json\/wp\/v2\/product\/10840","targetHints":{"allow":["GET"]}}],"collection":[{"href":"https:\/\/inzainox.com\/de\/wp-json\/wp\/v2\/product"}],"about":[{"href":"https:\/\/inzainox.com\/de\/wp-json\/wp\/v2\/types\/product"}],"replies":[{"embeddable":true,"href":"https:\/\/inzainox.com\/de\/wp-json\/wp\/v2\/comments?post=10840"}],"version-history":[{"count":0,"href":"https:\/\/inzainox.com\/de\/wp-json\/wp\/v2\/product\/10840\/revisions"}],"wp:featuredmedia":[{"embeddable":true,"href":"https:\/\/inzainox.com\/de\/wp-json\/wp\/v2\/media\/5450"}],"wp:attachment":[{"href":"https:\/\/inzainox.com\/de\/wp-json\/wp\/v2\/media?parent=10840"}],"wp:term":[{"taxonomy":"product_brand","embeddable":true,"href":"https:\/\/inzainox.com\/de\/wp-json\/wp\/v2\/product_brand?post=10840"},{"taxonomy":"product_cat","embeddable":true,"href":"https:\/\/inzainox.com\/de\/wp-json\/wp\/v2\/product_cat?post=10840"},{"taxonomy":"product_tag","embeddable":true,"href":"https:\/\/inzainox.com\/de\/wp-json\/wp\/v2\/product_tag?post=10840"}],"curies":[{"name":"wp","href":"https:\/\/api.w.org\/{rel}","templated":true}]}}