{"id":10728,"date":"2025-09-04T17:21:04","date_gmt":"2025-09-04T17:21:04","guid":{"rendered":"https:\/\/inzainox.com\/producto\/industrielle-und-kuechen-fettabscheider-fuer-vertikalen-einbau\/"},"modified":"2026-03-30T15:03:35","modified_gmt":"2026-03-30T15:03:35","slug":"industrielle-und-kuechen-fettabscheider-fuer-vertikalen-einbau","status":"publish","type":"product","link":"https:\/\/inzainox.com\/de\/produkt\/industrielle-und-kuechen-fettabscheider-fuer-vertikalen-einbau\/","title":{"rendered":"Industrielle und K\u00fcchen-Fettabscheider f\u00fcr vertikalen Einbau"},"content":{"rendered":"\t\t<div data-elementor-type=\"wp-post\" data-elementor-id=\"10728\" class=\"elementor elementor-10728 elementor-5323\">\n\t\t\t\t<div class=\"elementor-element elementor-element-758b215d e-flex e-con-boxed e-con e-parent\" data-id=\"758b215d\" data-element_type=\"container\" data-e-type=\"container\">\n\t\t\t\t\t<div class=\"e-con-inner\">\n\t\t\t\t<div class=\"elementor-element elementor-element-102539dc elementor-widget elementor-widget-text-editor\" data-id=\"102539dc\" data-element_type=\"widget\" data-e-type=\"widget\" data-widget_type=\"text-editor.default\">\n\t\t\t\t<div class=\"elementor-widget-container\">\n\t\t\t\t\t\t\t\t\t<p>Die ISGP Fett- und \u00d6labscheider werden zur Trennung und R\u00fcckhaltung von pflanzlichen und\/oder tierischen Fetten und \u00d6len verwendet, die in den Abw\u00e4ssern von K\u00fcchen enthalten sind. Diese Ger\u00e4te sind gem\u00e4\u00df der Norm UNE-EN 1825-1 gebaut. <\/p><p>\uf061Haltbarkeit: Materialien, die gegen\u00fcber Fetten und \u00d6len inert sind.<\/p><p>\uf061Konformit\u00e4t: CE-Kennzeichnung gem\u00e4\u00df UNE-EN 1825-1.<\/p><p>\uf061Handhabung: Leichte Ger\u00e4te f\u00fcr einfache Installation.<\/p><p>\uf061Verf\u00fcgbarkeit: Ger\u00e4te auf Lager.<\/p>\t\t\t\t\t\t\t\t<\/div>\n\t\t\t\t<\/div>\n\t\t\t\t\t<\/div>\n\t\t\t\t<\/div>\n\t\t<div class=\"elementor-element elementor-element-021c17d e-flex e-con-boxed e-con e-parent\" data-id=\"021c17d\" data-element_type=\"container\" data-e-type=\"container\">\n\t\t\t\t\t<div class=\"e-con-inner\">\n\t\t\t\t<div class=\"elementor-element elementor-element-41a7de8 elementor-widget elementor-widget-heading\" data-id=\"41a7de8\" data-element_type=\"widget\" data-e-type=\"widget\" data-widget_type=\"heading.default\">\n\t\t\t\t<div class=\"elementor-widget-container\">\n\t\t\t\t\t<h2 class=\"elementor-heading-title elementor-size-medium\">Fettabscheider f\u00fcr K\u00fcchen<\/h2>\t\t\t\t<\/div>\n\t\t\t\t<\/div>\n\t\t\t\t\t<\/div>\n\t\t\t\t<\/div>\n\t\t<div class=\"elementor-element elementor-element-799a19c e-flex e-con-boxed e-con e-parent\" data-id=\"799a19c\" data-element_type=\"container\" data-e-type=\"container\">\n\t\t\t\t\t<div class=\"e-con-inner\">\n\t\t\t\t<div class=\"elementor-element elementor-element-eeb55a7 elementor-widget elementor-widget-image\" data-id=\"eeb55a7\" data-element_type=\"widget\" data-e-type=\"widget\" data-widget_type=\"image.default\">\n\t\t\t\t<div class=\"elementor-widget-container\">\n\t\t\t\t\t\t\t\t\t\t\t\t\t\t\t<img fetchpriority=\"high\" decoding=\"async\" width=\"332\" height=\"188\" src=\"https:\/\/inzainox.com\/wp-content\/uploads\/2025\/09\/ISGPV-cotas.png\" class=\"attachment-large size-large wp-image-10646\" alt=\"\" srcset=\"https:\/\/inzainox.com\/wp-content\/uploads\/2025\/09\/ISGPV-cotas.png 332w, https:\/\/inzainox.com\/wp-content\/uploads\/2025\/09\/ISGPV-cotas-300x170.png 300w\" sizes=\"(max-width: 332px) 100vw, 332px\" \/>\t\t\t\t\t\t\t\t\t\t\t\t\t\t\t<\/div>\n\t\t\t\t<\/div>\n\t\t\t\t<div class=\"elementor-element elementor-element-fa8c204 elementor-widget elementor-widget-image\" data-id=\"fa8c204\" data-element_type=\"widget\" data-e-type=\"widget\" data-widget_type=\"image.default\">\n\t\t\t\t<div class=\"elementor-widget-container\">\n\t\t\t\t\t\t\t\t\t\t\t\t\t\t\t<img decoding=\"async\" width=\"949\" height=\"247\" src=\"https:\/\/inzainox.com\/wp-content\/uploads\/2025\/09\/ISGPV-1.png\" class=\"attachment-large size-large wp-image-10730\" alt=\"Inza vertikale HDPE Fettabscheider\" srcset=\"https:\/\/inzainox.com\/wp-content\/uploads\/2025\/09\/ISGPV-1.png 949w, https:\/\/inzainox.com\/wp-content\/uploads\/2025\/09\/ISGPV-1-300x78.png 300w, https:\/\/inzainox.com\/wp-content\/uploads\/2025\/09\/ISGPV-1-768x200.png 768w, https:\/\/inzainox.com\/wp-content\/uploads\/2025\/09\/ISGPV-1-600x156.png 600w\" sizes=\"(max-width: 949px) 100vw, 949px\" \/>\t\t\t\t\t\t\t\t\t\t\t\t\t\t\t<\/div>\n\t\t\t\t<\/div>\n\t\t\t\t<div class=\"elementor-element elementor-element-ee2a370 elementor-widget elementor-widget-text-editor\" data-id=\"ee2a370\" data-element_type=\"widget\" data-e-type=\"widget\" data-widget_type=\"text-editor.default\">\n\t\t\t\t<div class=\"elementor-widget-container\">\n\t\t\t\t\t\t\t\t\t<p>FUNKTIONSWEISE<\/p><p>Der Dichteunterschied der verschiedenen Verunreinigungen erm\u00f6glicht eine Trennung in zwei Phasen: gr\u00f6\u00dfere Feststoffe, wie Speisereste oder andere Abf\u00e4lle, setzen sich am Boden des Abscheiders ab, w\u00e4hrend Fette und \u00d6le aufgrund ihrer geringeren Dichte an der Oberfl\u00e4che schwimmen. Die Funktion des Ger\u00e4ts ist stets gew\u00e4hrleistet, sofern es korrekt dimensioniert und die Wartungsarbeiten durchgef\u00fchrt werden. Reinigungsleistung: pflanzliche und tierische Fette und \u00d6le &lt; 40 %; Schwebstoffe &lt; 90 %.  <\/p><p>INSTALLATION<\/p><p>Das Ger\u00e4t muss auf einer horizontalen Fl\u00e4che installiert werden. Vor der Inbetriebnahme und nach jeder Entleerung mit Wasser f\u00fcllen. <\/p><p>WARTUNG<\/p><p>Die Entleerung und Reinigung des Ger\u00e4ts muss gem\u00e4\u00df der in der Norm EN1825-2 beschriebenen Interventionsh\u00e4ufigkeit erfolgen, d.h. einmal pro Monat und vorzugsweise alle 15 Tage.<\/p>\t\t\t\t\t\t\t\t<\/div>\n\t\t\t\t<\/div>\n\t\t\t\t\t<\/div>\n\t\t\t\t<\/div>\n\t\t\t\t<\/div>\n\t\t","protected":false},"excerpt":{"rendered":"<p>Kunststoff-Fettabscheider sind Ger\u00e4te, die die Trennung und Entfernung von pflanzlichen und tierischen Fetten erleichtern, die in einer K\u00fcche entstehen, wodurch h\u00f6chste Wartungs- und Qualit\u00e4tsstandards eingehalten werden k\u00f6nnen. Es handelt sich um kompakte und leichte Ger\u00e4te, die eine einfache Installation erm\u00f6glichen. Sie sind ideal f\u00fcr den Einbau eines Fettabscheiders bei der Renovierung oder Erweiterung einer K\u00fcche, ohne dass Bauarbeiten erforderlich sind.  <\/p>\n","protected":false},"featured_media":5300,"comment_status":"open","ping_status":"closed","template":"","meta":[],"product_brand":[],"product_cat":[832],"product_tag":[],"class_list":{"0":"post-10728","1":"product","2":"type-product","3":"status-publish","4":"has-post-thumbnail","6":"product_cat-fettabscheider","8":"first","9":"instock","10":"taxable","11":"shipping-taxable","12":"purchasable","13":"product-type-variable"},"yoast_head":"<!-- This site is optimized with the Yoast SEO plugin v27.1.1 - https:\/\/yoast.com\/product\/yoast-seo-wordpress\/ -->\n<title>Industrielle und K\u00fcchen-Fettabscheider f\u00fcr vertikalen Einbau<\/title>\n<meta name=\"description\" content=\"Fettabscheider aus HDPE (Polyethylen hoher Dichte) f\u00fcr Industrie und K\u00fcchen. F\u00fcr vertikale Installation.\" \/>\n<meta name=\"robots\" content=\"index, follow, max-snippet:-1, max-image-preview:large, max-video-preview:-1\" \/>\n<link rel=\"canonical\" href=\"https:\/\/inzainox.com\/de\/produkt\/industrielle-und-kuechen-fettabscheider-fuer-vertikalen-einbau\/\" \/>\n<meta property=\"og:locale\" content=\"de_DE\" \/>\n<meta property=\"og:type\" content=\"article\" \/>\n<meta property=\"og:title\" content=\"Industrielle und K\u00fcchen-Fettabscheider f\u00fcr vertikalen Einbau\" \/>\n<meta property=\"og:description\" content=\"Fettabscheider aus HDPE (Polyethylen hoher Dichte) f\u00fcr Industrie und K\u00fcchen. F\u00fcr vertikale Installation.\" \/>\n<meta property=\"og:url\" content=\"https:\/\/inzainox.com\/de\/produkt\/industrielle-und-kuechen-fettabscheider-fuer-vertikalen-einbau\/\" \/>\n<meta property=\"og:site_name\" content=\"Inza Rinnen und Abl\u00e4ufe aus Edelstahl. Edelstahl-Entw\u00e4sserung f\u00fcr die Industrie\" \/>\n<meta property=\"article:modified_time\" content=\"2026-03-30T15:03:35+00:00\" \/>\n<meta property=\"og:image\" content=\"https:\/\/inzainox.com\/wp-content\/uploads\/2025\/09\/ISGPV.png\" \/>\n\t<meta property=\"og:image:width\" content=\"260\" \/>\n\t<meta property=\"og:image:height\" content=\"322\" \/>\n\t<meta property=\"og:image:type\" content=\"image\/png\" \/>\n<meta name=\"twitter:card\" content=\"summary_large_image\" \/>\n<meta name=\"twitter:label1\" content=\"Gesch\u00e4tzte Lesezeit\" \/>\n\t<meta name=\"twitter:data1\" content=\"1\u00a0Minute\" \/>\n<!-- \/ Yoast SEO plugin. -->","yoast_head_json":{"title":"Industrielle und K\u00fcchen-Fettabscheider f\u00fcr vertikalen Einbau","description":"Fettabscheider aus HDPE (Polyethylen hoher Dichte) f\u00fcr Industrie und K\u00fcchen. F\u00fcr vertikale Installation.","robots":{"index":"index","follow":"follow","max-snippet":"max-snippet:-1","max-image-preview":"max-image-preview:large","max-video-preview":"max-video-preview:-1"},"canonical":"https:\/\/inzainox.com\/de\/produkt\/industrielle-und-kuechen-fettabscheider-fuer-vertikalen-einbau\/","og_locale":"de_DE","og_type":"article","og_title":"Industrielle und K\u00fcchen-Fettabscheider f\u00fcr vertikalen Einbau","og_description":"Fettabscheider aus HDPE (Polyethylen hoher Dichte) f\u00fcr Industrie und K\u00fcchen. F\u00fcr vertikale Installation.","og_url":"https:\/\/inzainox.com\/de\/produkt\/industrielle-und-kuechen-fettabscheider-fuer-vertikalen-einbau\/","og_site_name":"Inza Rinnen und Abl\u00e4ufe aus Edelstahl. Edelstahl-Entw\u00e4sserung f\u00fcr die Industrie","article_modified_time":"2026-03-30T15:03:35+00:00","og_image":[{"width":260,"height":322,"url":"https:\/\/inzainox.com\/wp-content\/uploads\/2025\/09\/ISGPV.png","type":"image\/png"}],"twitter_card":"summary_large_image","twitter_misc":{"Gesch\u00e4tzte Lesezeit":"1\u00a0Minute"},"schema":{"@context":"https:\/\/schema.org","@graph":[{"@type":"WebPage","@id":"https:\/\/inzainox.com\/de\/produkt\/industrielle-und-kuechen-fettabscheider-fuer-vertikalen-einbau\/","url":"https:\/\/inzainox.com\/de\/produkt\/industrielle-und-kuechen-fettabscheider-fuer-vertikalen-einbau\/","name":"Industrielle und K\u00fcchen-Fettabscheider f\u00fcr vertikalen Einbau","isPartOf":{"@id":"https:\/\/inzainox.com\/de\/#website"},"primaryImageOfPage":{"@id":"https:\/\/inzainox.com\/de\/produkt\/industrielle-und-kuechen-fettabscheider-fuer-vertikalen-einbau\/#primaryimage"},"image":{"@id":"https:\/\/inzainox.com\/de\/produkt\/industrielle-und-kuechen-fettabscheider-fuer-vertikalen-einbau\/#primaryimage"},"thumbnailUrl":"https:\/\/inzainox.com\/wp-content\/uploads\/2025\/09\/ISGPV.png","datePublished":"2025-09-04T17:21:04+00:00","dateModified":"2026-03-30T15:03:35+00:00","description":"Fettabscheider aus HDPE (Polyethylen hoher Dichte) f\u00fcr Industrie und K\u00fcchen. F\u00fcr vertikale Installation.","breadcrumb":{"@id":"https:\/\/inzainox.com\/de\/produkt\/industrielle-und-kuechen-fettabscheider-fuer-vertikalen-einbau\/#breadcrumb"},"inLanguage":"de","potentialAction":[{"@type":"ReadAction","target":["https:\/\/inzainox.com\/de\/produkt\/industrielle-und-kuechen-fettabscheider-fuer-vertikalen-einbau\/"]}]},{"@type":"ImageObject","inLanguage":"de","@id":"https:\/\/inzainox.com\/de\/produkt\/industrielle-und-kuechen-fettabscheider-fuer-vertikalen-einbau\/#primaryimage","url":"https:\/\/inzainox.com\/wp-content\/uploads\/2025\/09\/ISGPV.png","contentUrl":"https:\/\/inzainox.com\/wp-content\/uploads\/2025\/09\/ISGPV.png","width":260,"height":322,"caption":"Inza Separador grasas PEAD instalaci\u00f3n vertical"},{"@type":"BreadcrumbList","@id":"https:\/\/inzainox.com\/de\/produkt\/industrielle-und-kuechen-fettabscheider-fuer-vertikalen-einbau\/#breadcrumb","itemListElement":[{"@type":"ListItem","position":1,"name":"Startseite","item":"https:\/\/inzainox.com\/de\/neue-startseite\/"},{"@type":"ListItem","position":2,"name":"Inza-Shop","item":"https:\/\/inzainox.com\/de\/inza-shop\/"},{"@type":"ListItem","position":3,"name":"Industrielle und K\u00fcchen-Fettabscheider f\u00fcr vertikalen Einbau"}]},{"@type":"WebSite","@id":"https:\/\/inzainox.com\/de\/#website","url":"https:\/\/inzainox.com\/de\/","name":"Inza Rinnen und Abl\u00e4ufe aus Edelstahl. Edelstahl-Entw\u00e4sserung f\u00fcr die Industrie","description":"Edelstahl-Entw\u00e4sserung f\u00fcr die Industrie","publisher":{"@id":"https:\/\/inzainox.com\/de\/#organization"},"alternateName":"Inza Inox","potentialAction":[{"@type":"SearchAction","target":{"@type":"EntryPoint","urlTemplate":"https:\/\/inzainox.com\/de\/?s={search_term_string}"},"query-input":{"@type":"PropertyValueSpecification","valueRequired":true,"valueName":"search_term_string"}}],"inLanguage":"de"},{"@type":"Organization","@id":"https:\/\/inzainox.com\/de\/#organization","name":"Inza Inox S.L.","alternateName":"Inza","url":"https:\/\/inzainox.com\/de\/","logo":{"@type":"ImageObject","inLanguage":"de","@id":"https:\/\/inzainox.com\/de\/#\/schema\/logo\/image\/","url":"https:\/\/inzainox.com\/wp-content\/uploads\/2020\/05\/cropped-NUEVA-INZA-2-5.png","contentUrl":"https:\/\/inzainox.com\/wp-content\/uploads\/2020\/05\/cropped-NUEVA-INZA-2-5.png","width":549,"height":264,"caption":"Inza Inox S.L."},"image":{"@id":"https:\/\/inzainox.com\/de\/#\/schema\/logo\/image\/"}}]}},"_links":{"self":[{"href":"https:\/\/inzainox.com\/de\/wp-json\/wp\/v2\/product\/10728","targetHints":{"allow":["GET"]}}],"collection":[{"href":"https:\/\/inzainox.com\/de\/wp-json\/wp\/v2\/product"}],"about":[{"href":"https:\/\/inzainox.com\/de\/wp-json\/wp\/v2\/types\/product"}],"replies":[{"embeddable":true,"href":"https:\/\/inzainox.com\/de\/wp-json\/wp\/v2\/comments?post=10728"}],"version-history":[{"count":1,"href":"https:\/\/inzainox.com\/de\/wp-json\/wp\/v2\/product\/10728\/revisions"}],"predecessor-version":[{"id":10748,"href":"https:\/\/inzainox.com\/de\/wp-json\/wp\/v2\/product\/10728\/revisions\/10748"}],"wp:featuredmedia":[{"embeddable":true,"href":"https:\/\/inzainox.com\/de\/wp-json\/wp\/v2\/media\/5300"}],"wp:attachment":[{"href":"https:\/\/inzainox.com\/de\/wp-json\/wp\/v2\/media?parent=10728"}],"wp:term":[{"taxonomy":"product_brand","embeddable":true,"href":"https:\/\/inzainox.com\/de\/wp-json\/wp\/v2\/product_brand?post=10728"},{"taxonomy":"product_cat","embeddable":true,"href":"https:\/\/inzainox.com\/de\/wp-json\/wp\/v2\/product_cat?post=10728"},{"taxonomy":"product_tag","embeddable":true,"href":"https:\/\/inzainox.com\/de\/wp-json\/wp\/v2\/product_tag?post=10728"}],"curies":[{"name":"wp","href":"https:\/\/api.w.org\/{rel}","templated":true}]}}