{"id":10715,"date":"2025-04-19T07:09:13","date_gmt":"2025-04-19T07:09:13","guid":{"rendered":"https:\/\/inzainox.com\/producto\/fettabscheider-aus-edelstahl\/"},"modified":"2026-03-30T15:03:35","modified_gmt":"2026-03-30T15:03:35","slug":"fettabscheider-aus-edelstahl","status":"publish","type":"product","link":"https:\/\/inzainox.com\/de\/produkt\/fettabscheider-aus-edelstahl\/","title":{"rendered":"Fettabscheider aus Edelstahl"},"content":{"rendered":"\t\t<div data-elementor-type=\"wp-post\" data-elementor-id=\"10715\" class=\"elementor elementor-10715 elementor-4513\">\n\t\t\t\t<div class=\"elementor-element elementor-element-758b215d e-flex e-con-boxed e-con e-parent\" data-id=\"758b215d\" data-element_type=\"container\" data-e-type=\"container\">\n\t\t\t\t\t<div class=\"e-con-inner\">\n\t\t\t\t<div class=\"elementor-element elementor-element-102539dc elementor-widget elementor-widget-text-editor\" data-id=\"102539dc\" data-element_type=\"widget\" data-e-type=\"widget\" data-widget_type=\"text-editor.default\">\n\t\t\t\t<div class=\"elementor-widget-container\">\n\t\t\t\t\t\t\t\t\t<p>Fettabscheider sind Ger\u00e4te, die die Trennung und Beseitigung von pflanzlichen und tierischen Fetten erleichtern, die in einer K\u00fcche anfallen, und so verhindern, dass diese in das nachgeschaltete Abwassersystem gelangen und Probleme wie Verstopfungen und schlechte Ger\u00fcche verursachen. Das Wasser wird dank des Dichteunterschieds vom Fett getrennt, weshalb Fettabscheider so konzipiert und hergestellt werden, dass sie die Funktionen der Entsandung, Trennung und Speicherung von Fetten als Vorbehandlung der Abw\u00e4sser vor deren Einleitung in die Kanalisation gew\u00e4hrleisten.<br>Der Fettabscheider zeichnet sich durch zwei Kammern aus:<br>Der Sandfang, der die Sedimentation von Schlamm und Feststoffen erm\u00f6glicht. Dieser kann durch eine Trennwand oder einen<br>geneigten Boden begrenzt sein.<br>Die Trennkammer (Abscheider), die dazu dient, Fette und \u00d6le mit geringerer Dichte als Wasser zur\u00fcckzuhalten.  <\/p>\t\t\t\t\t\t\t\t<\/div>\n\t\t\t\t<\/div>\n\t\t\t\t\t<\/div>\n\t\t\t\t<\/div>\n\t\t<div class=\"elementor-element elementor-element-021c17d e-flex e-con-boxed e-con e-parent\" data-id=\"021c17d\" data-element_type=\"container\" data-e-type=\"container\">\n\t\t\t\t\t<div class=\"e-con-inner\">\n\t\t\t\t<div class=\"elementor-element elementor-element-41a7de8 elementor-widget elementor-widget-heading\" data-id=\"41a7de8\" data-element_type=\"widget\" data-e-type=\"widget\" data-widget_type=\"heading.default\">\n\t\t\t\t<div class=\"elementor-widget-container\">\n\t\t\t\t\t<h2 class=\"elementor-heading-title elementor-size-medium\">Fettabscheider aus Edelstahl<\/h2>\t\t\t\t<\/div>\n\t\t\t\t<\/div>\n\t\t\t\t<div class=\"elementor-element elementor-element-75b1040 elementor-widget elementor-widget-image\" data-id=\"75b1040\" data-element_type=\"widget\" data-e-type=\"widget\" data-widget_type=\"image.default\">\n\t\t\t\t<div class=\"elementor-widget-container\">\n\t\t\t\t\t\t\t\t\t\t\t\t\t\t\t<img fetchpriority=\"high\" decoding=\"async\" width=\"595\" height=\"309\" src=\"https:\/\/inzainox.com\/wp-content\/uploads\/2025\/04\/ISGI.png\" class=\"attachment-large size-large wp-image-10718\" alt=\"\" srcset=\"https:\/\/inzainox.com\/wp-content\/uploads\/2025\/04\/ISGI.png 595w, https:\/\/inzainox.com\/wp-content\/uploads\/2025\/04\/ISGI-300x156.png 300w\" sizes=\"(max-width: 595px) 100vw, 595px\" \/>\t\t\t\t\t\t\t\t\t\t\t\t\t\t\t<\/div>\n\t\t\t\t<\/div>\n\t\t<div class=\"elementor-element elementor-element-ae6ef0c e-con-full e-grid e-con e-child\" data-id=\"ae6ef0c\" data-element_type=\"container\" data-e-type=\"container\">\n\t\t\t\t<div class=\"elementor-element elementor-element-5c2cf97 elementor-widget elementor-widget-image\" data-id=\"5c2cf97\" data-element_type=\"widget\" data-e-type=\"widget\" data-widget_type=\"image.default\">\n\t\t\t\t<div class=\"elementor-widget-container\">\n\t\t\t\t\t\t\t\t\t\t\t\t\t\t\t<img decoding=\"async\" width=\"1024\" height=\"190\" src=\"https:\/\/inzainox.com\/wp-content\/uploads\/2025\/04\/ISGI-1-1024x190.png\" class=\"attachment-large size-large wp-image-10719\" alt=\"\" srcset=\"https:\/\/inzainox.com\/wp-content\/uploads\/2025\/04\/ISGI-1-1024x190.png 1024w, https:\/\/inzainox.com\/wp-content\/uploads\/2025\/04\/ISGI-1-300x56.png 300w, https:\/\/inzainox.com\/wp-content\/uploads\/2025\/04\/ISGI-1-768x143.png 768w, https:\/\/inzainox.com\/wp-content\/uploads\/2025\/04\/ISGI-1-600x112.png 600w, https:\/\/inzainox.com\/wp-content\/uploads\/2025\/04\/ISGI-1.png 1280w\" sizes=\"(max-width: 1024px) 100vw, 1024px\" \/>\t\t\t\t\t\t\t\t\t\t\t\t\t\t\t<\/div>\n\t\t\t\t<\/div>\n\t\t\t\t<\/div>\n\t\t\t\t\t<\/div>\n\t\t\t\t<\/div>\n\t\t<div class=\"elementor-element elementor-element-799a19c e-flex e-con-boxed e-con e-parent\" data-id=\"799a19c\" data-element_type=\"container\" data-e-type=\"container\">\n\t\t\t\t\t<div class=\"e-con-inner\">\n\t\t\t\t<div class=\"elementor-element elementor-element-ee2a370 elementor-widget elementor-widget-text-editor\" data-id=\"ee2a370\" data-element_type=\"widget\" data-e-type=\"widget\" data-widget_type=\"text-editor.default\">\n\t\t\t\t<div class=\"elementor-widget-container\">\n\t\t\t\t\t\t\t\t\t<p> <\/p><p>Sie eignen sich sowohl f\u00fcr den Einbau vor Ort als auch f\u00fcr die m\u00f6gliche Platzierung und den Anschluss unter der Sp\u00fcle im Falle einer Renovierung.<\/p><p>Es ist m\u00f6glich, die INZA ISGI Fettabscheider mit der InzaBio-L\u00f6sung zu kombinieren, um die Leistung der Abscheider zu erh\u00f6hen. Diese enzymatische L\u00f6sung erleichtert die Fettverdauung und beugt Verstopfungen und Ger\u00fcchen vor. Es besteht die M\u00f6glichkeit, eine Pumpe f\u00fcr die automatische Dosierung anzuschlie\u00dfen.  <\/p><p>Die Ablaufleitung zum Fettabscheider muss mit einem<br>Entl\u00fcftungskamin ausgestattet sein. Die Inbetriebnahme besteht aus den<br>folgenden Schritten:<br>Bef\u00fcllen mit Klarwasser, bis es aus dem Auslaufrohr \u00fcberl\u00e4uft. Dieser<br>Vorgang wird auch nach jeder Entleerung durchgef\u00fchrt.<br>\u00dcberpr\u00fcfen Sie den Verschluss der Deckel, um Geruchsbel\u00e4stigungen zu vermeiden.  <\/p><p>Fettabscheider m\u00fcssen regelm\u00e4\u00dfig inspiziert, entleert und gereinigt<br>werden. Die H\u00e4ufigkeit der Inspektion, Entleerung und Reinigung sollte<br>in Abh\u00e4ngigkeit von der Speicherf\u00e4higkeit des Abscheiders f\u00fcr Fette und Schl\u00e4mme<br>und gem\u00e4\u00df den Betriebserfahrungen festgelegt werden.<br>Sofern keine andere Ma\u00dfnahme festgelegt ist, sollten die Abscheider mindestens einmal im Monat<br>entleert, gereinigt und wieder mit sauberem Wasser bef\u00fcllt werden, wobei<br>alle zwei Wochen gem\u00e4\u00df DIN EN 1825-2 vorzuziehen ist.<br>Die Option einer Fettnachweisalarmierung kann eine Hilfe f\u00fcr den<br>Betrieb darstellen, indem sie das Wartungspersonal darauf aufmerksam macht, dass die<br>maximale Fettretention f\u00fcr das Ger\u00e4t erreicht wurde.<br>Inbetriebnahme<br>Fettabscheider m\u00fcssen gem\u00e4\u00df den Empfehlungen<br>zur Installation, die im Kapitel \u201eAllgemeines\u201c aufgef\u00fchrt sind, installiert werden.<br>Die an die Fettabscheider angeschlossenen Leitungen m\u00fcssen<br>ausreichend bel\u00fcftet sein. Die Ablaufleitung zum Abscheider muss mit<br>einem Entl\u00fcftungskamin ausgestattet sein. Die Inbetriebnahme besteht aus den<br>folgenden Schritten:<br>Bef\u00fcllen mit Klarwasser, bis es aus dem Auslaufrohr \u00fcberl\u00e4uft. Dieser<br>Vorgang wird auch nach jeder Entleerung durchgef\u00fchrt.<br>\u00dcberpr\u00fcfen Sie den Verschluss der Deckel, um Geruchsbel\u00e4stigungen zu vermeiden.    <\/p><p> <\/p><p>Wartung eines Fettabscheiders<br>Im Rahmen dieser Wartungsarbeiten ist Folgendes zu tun:<br>Reinigen Sie die internen Komponenten (Prallbleche, Trennw\u00e4nde usw.).<br>\u00dcberpr\u00fcfen Sie die Beschichtung (bei beschichteten Stahlausf\u00fchrungen) und generell das Innere des Ger\u00e4ts.<br>\u00dcberpr\u00fcfen und reinigen Sie den Niveausensor gem\u00e4\u00df der Wartungsanleitung dieses Ger\u00e4ts.<\/p>\t\t\t\t\t\t\t\t<\/div>\n\t\t\t\t<\/div>\n\t\t\t\t\t<\/div>\n\t\t\t\t<\/div>\n\t\t\t\t<\/div>\n\t\t","protected":false},"excerpt":{"rendered":"<p>Edelstahl-Fettabscheider sind Ger\u00e4te, die die Trennung und Beseitigung von pflanzlichen und tierischen Fetten erleichtern, die in einer K\u00fcche anfallen, wodurch h\u00f6chste Wartungs- und Qualit\u00e4tsstandards eingehalten werden k\u00f6nnen. Edelstahl ist das am besten geeignete Material, um eine K\u00fcche frei von m\u00f6glichen Verunreinigungen zu halten. <\/p>\n","protected":false},"featured_media":320,"comment_status":"open","ping_status":"closed","template":"","meta":[],"product_brand":[],"product_cat":[832],"product_tag":[],"class_list":{"0":"post-10715","1":"product","2":"type-product","3":"status-publish","4":"has-post-thumbnail","6":"product_cat-fettabscheider","8":"first","9":"instock","10":"taxable","11":"shipping-taxable","12":"purchasable","13":"product-type-variable"},"yoast_head":"<!-- This site is optimized with the Yoast SEO plugin v27.1.1 - https:\/\/yoast.com\/product\/yoast-seo-wordpress\/ -->\n<title>Fettabscheider aus Edelstahl - Inza Rinnen und Abl\u00e4ufe aus Edelstahl. Edelstahl-Entw\u00e4sserung f\u00fcr die Industrie<\/title>\n<meta name=\"description\" content=\"Edelstahl-Fettabscheider f\u00fcr K\u00fcchen. F\u00fcr den Einbau vor Ort oder zur Installation unter der Sp\u00fcle. Verschiedene Gr\u00f6\u00dfen\" \/>\n<meta name=\"robots\" content=\"index, follow, max-snippet:-1, max-image-preview:large, max-video-preview:-1\" \/>\n<link rel=\"canonical\" href=\"https:\/\/inzainox.com\/de\/produkt\/fettabscheider-aus-edelstahl\/\" \/>\n<meta property=\"og:locale\" content=\"de_DE\" \/>\n<meta property=\"og:type\" content=\"article\" \/>\n<meta property=\"og:title\" content=\"Fettabscheider aus Edelstahl - Inza Rinnen und Abl\u00e4ufe aus Edelstahl. Edelstahl-Entw\u00e4sserung f\u00fcr die Industrie\" \/>\n<meta property=\"og:description\" content=\"Edelstahl-Fettabscheider f\u00fcr K\u00fcchen. F\u00fcr den Einbau vor Ort oder zur Installation unter der Sp\u00fcle. Verschiedene Gr\u00f6\u00dfen\" \/>\n<meta property=\"og:url\" content=\"https:\/\/inzainox.com\/de\/produkt\/fettabscheider-aus-edelstahl\/\" \/>\n<meta property=\"og:site_name\" content=\"Inza Rinnen und Abl\u00e4ufe aus Edelstahl. Edelstahl-Entw\u00e4sserung f\u00fcr die Industrie\" \/>\n<meta property=\"article:modified_time\" content=\"2026-03-30T15:03:35+00:00\" \/>\n<meta property=\"og:image\" content=\"https:\/\/inzainox.com\/wp-content\/uploads\/2020\/05\/SG.jpg\" \/>\n\t<meta property=\"og:image:width\" content=\"333\" \/>\n\t<meta property=\"og:image:height\" content=\"237\" \/>\n\t<meta property=\"og:image:type\" content=\"image\/jpeg\" \/>\n<meta name=\"twitter:card\" content=\"summary_large_image\" \/>\n<meta name=\"twitter:label1\" content=\"Gesch\u00e4tzte Lesezeit\" \/>\n\t<meta name=\"twitter:data1\" content=\"2\u00a0Minuten\" \/>\n<!-- \/ Yoast SEO plugin. -->","yoast_head_json":{"title":"Fettabscheider aus Edelstahl - Inza Rinnen und Abl\u00e4ufe aus Edelstahl. Edelstahl-Entw\u00e4sserung f\u00fcr die Industrie","description":"Edelstahl-Fettabscheider f\u00fcr K\u00fcchen. F\u00fcr den Einbau vor Ort oder zur Installation unter der Sp\u00fcle. Verschiedene Gr\u00f6\u00dfen","robots":{"index":"index","follow":"follow","max-snippet":"max-snippet:-1","max-image-preview":"max-image-preview:large","max-video-preview":"max-video-preview:-1"},"canonical":"https:\/\/inzainox.com\/de\/produkt\/fettabscheider-aus-edelstahl\/","og_locale":"de_DE","og_type":"article","og_title":"Fettabscheider aus Edelstahl - Inza Rinnen und Abl\u00e4ufe aus Edelstahl. Edelstahl-Entw\u00e4sserung f\u00fcr die Industrie","og_description":"Edelstahl-Fettabscheider f\u00fcr K\u00fcchen. F\u00fcr den Einbau vor Ort oder zur Installation unter der Sp\u00fcle. Verschiedene Gr\u00f6\u00dfen","og_url":"https:\/\/inzainox.com\/de\/produkt\/fettabscheider-aus-edelstahl\/","og_site_name":"Inza Rinnen und Abl\u00e4ufe aus Edelstahl. Edelstahl-Entw\u00e4sserung f\u00fcr die Industrie","article_modified_time":"2026-03-30T15:03:35+00:00","og_image":[{"width":333,"height":237,"url":"https:\/\/inzainox.com\/wp-content\/uploads\/2020\/05\/SG.jpg","type":"image\/jpeg"}],"twitter_card":"summary_large_image","twitter_misc":{"Gesch\u00e4tzte Lesezeit":"2\u00a0Minuten"},"schema":{"@context":"https:\/\/schema.org","@graph":[{"@type":"WebPage","@id":"https:\/\/inzainox.com\/de\/produkt\/fettabscheider-aus-edelstahl\/","url":"https:\/\/inzainox.com\/de\/produkt\/fettabscheider-aus-edelstahl\/","name":"Fettabscheider aus Edelstahl - Inza Rinnen und Abl\u00e4ufe aus Edelstahl. Edelstahl-Entw\u00e4sserung f\u00fcr die Industrie","isPartOf":{"@id":"https:\/\/inzainox.com\/de\/#website"},"primaryImageOfPage":{"@id":"https:\/\/inzainox.com\/de\/produkt\/fettabscheider-aus-edelstahl\/#primaryimage"},"image":{"@id":"https:\/\/inzainox.com\/de\/produkt\/fettabscheider-aus-edelstahl\/#primaryimage"},"thumbnailUrl":"https:\/\/inzainox.com\/wp-content\/uploads\/2020\/05\/SG.jpg","datePublished":"2025-04-19T07:09:13+00:00","dateModified":"2026-03-30T15:03:35+00:00","description":"Edelstahl-Fettabscheider f\u00fcr K\u00fcchen. F\u00fcr den Einbau vor Ort oder zur Installation unter der Sp\u00fcle. Verschiedene Gr\u00f6\u00dfen","breadcrumb":{"@id":"https:\/\/inzainox.com\/de\/produkt\/fettabscheider-aus-edelstahl\/#breadcrumb"},"inLanguage":"de","potentialAction":[{"@type":"ReadAction","target":["https:\/\/inzainox.com\/de\/produkt\/fettabscheider-aus-edelstahl\/"]}]},{"@type":"ImageObject","inLanguage":"de","@id":"https:\/\/inzainox.com\/de\/produkt\/fettabscheider-aus-edelstahl\/#primaryimage","url":"https:\/\/inzainox.com\/wp-content\/uploads\/2020\/05\/SG.jpg","contentUrl":"https:\/\/inzainox.com\/wp-content\/uploads\/2020\/05\/SG.jpg","width":333,"height":237,"caption":"separador de grasas acero inoxidable"},{"@type":"BreadcrumbList","@id":"https:\/\/inzainox.com\/de\/produkt\/fettabscheider-aus-edelstahl\/#breadcrumb","itemListElement":[{"@type":"ListItem","position":1,"name":"Startseite","item":"https:\/\/inzainox.com\/de\/neue-startseite\/"},{"@type":"ListItem","position":2,"name":"Inza-Shop","item":"https:\/\/inzainox.com\/de\/inza-shop\/"},{"@type":"ListItem","position":3,"name":"Fettabscheider aus Edelstahl"}]},{"@type":"WebSite","@id":"https:\/\/inzainox.com\/de\/#website","url":"https:\/\/inzainox.com\/de\/","name":"Inza Rinnen und Abl\u00e4ufe aus Edelstahl. Edelstahl-Entw\u00e4sserung f\u00fcr die Industrie","description":"Edelstahl-Entw\u00e4sserung f\u00fcr die Industrie","publisher":{"@id":"https:\/\/inzainox.com\/de\/#organization"},"alternateName":"Inza Inox","potentialAction":[{"@type":"SearchAction","target":{"@type":"EntryPoint","urlTemplate":"https:\/\/inzainox.com\/de\/?s={search_term_string}"},"query-input":{"@type":"PropertyValueSpecification","valueRequired":true,"valueName":"search_term_string"}}],"inLanguage":"de"},{"@type":"Organization","@id":"https:\/\/inzainox.com\/de\/#organization","name":"Inza Inox S.L.","alternateName":"Inza","url":"https:\/\/inzainox.com\/de\/","logo":{"@type":"ImageObject","inLanguage":"de","@id":"https:\/\/inzainox.com\/de\/#\/schema\/logo\/image\/","url":"https:\/\/inzainox.com\/wp-content\/uploads\/2020\/05\/cropped-NUEVA-INZA-2-5.png","contentUrl":"https:\/\/inzainox.com\/wp-content\/uploads\/2020\/05\/cropped-NUEVA-INZA-2-5.png","width":549,"height":264,"caption":"Inza Inox S.L."},"image":{"@id":"https:\/\/inzainox.com\/de\/#\/schema\/logo\/image\/"}}]}},"_links":{"self":[{"href":"https:\/\/inzainox.com\/de\/wp-json\/wp\/v2\/product\/10715","targetHints":{"allow":["GET"]}}],"collection":[{"href":"https:\/\/inzainox.com\/de\/wp-json\/wp\/v2\/product"}],"about":[{"href":"https:\/\/inzainox.com\/de\/wp-json\/wp\/v2\/types\/product"}],"replies":[{"embeddable":true,"href":"https:\/\/inzainox.com\/de\/wp-json\/wp\/v2\/comments?post=10715"}],"version-history":[{"count":1,"href":"https:\/\/inzainox.com\/de\/wp-json\/wp\/v2\/product\/10715\/revisions"}],"predecessor-version":[{"id":10729,"href":"https:\/\/inzainox.com\/de\/wp-json\/wp\/v2\/product\/10715\/revisions\/10729"}],"wp:featuredmedia":[{"embeddable":true,"href":"https:\/\/inzainox.com\/de\/wp-json\/wp\/v2\/media\/320"}],"wp:attachment":[{"href":"https:\/\/inzainox.com\/de\/wp-json\/wp\/v2\/media?parent=10715"}],"wp:term":[{"taxonomy":"product_brand","embeddable":true,"href":"https:\/\/inzainox.com\/de\/wp-json\/wp\/v2\/product_brand?post=10715"},{"taxonomy":"product_cat","embeddable":true,"href":"https:\/\/inzainox.com\/de\/wp-json\/wp\/v2\/product_cat?post=10715"},{"taxonomy":"product_tag","embeddable":true,"href":"https:\/\/inzainox.com\/de\/wp-json\/wp\/v2\/product_tag?post=10715"}],"curies":[{"name":"wp","href":"https:\/\/api.w.org\/{rel}","templated":true}]}}