{"id":10638,"date":"2025-09-04T14:56:26","date_gmt":"2025-09-04T14:56:26","guid":{"rendered":"https:\/\/inzainox.com\/producto\/kunststoff-fettabscheider-fuer-kuechen\/"},"modified":"2026-03-30T15:03:34","modified_gmt":"2026-03-30T15:03:34","slug":"kunststoff-fettabscheider-fuer-kuechen","status":"publish","type":"product","link":"https:\/\/inzainox.com\/de\/produkt\/kunststoff-fettabscheider-fuer-kuechen\/","title":{"rendered":"Kunststoff-Fettabscheider f\u00fcr K\u00fcchen"},"content":{"rendered":"\t\t<div data-elementor-type=\"wp-post\" data-elementor-id=\"10638\" class=\"elementor elementor-10638 elementor-5286\">\n\t\t\t\t<div class=\"elementor-element elementor-element-758b215d e-flex e-con-boxed e-con e-parent\" data-id=\"758b215d\" data-element_type=\"container\" data-e-type=\"container\">\n\t\t\t\t\t<div class=\"e-con-inner\">\n\t\t\t\t<div class=\"elementor-element elementor-element-102539dc elementor-widget elementor-widget-text-editor\" data-id=\"102539dc\" data-element_type=\"widget\" data-e-type=\"widget\" data-widget_type=\"text-editor.default\">\n\t\t\t\t<div class=\"elementor-widget-container\">\n\t\t\t\t\t\t\t\t\t<p>Die ISGP Fett- und \u00d6labscheider werden zur Trennung und R\u00fcckhaltung von pflanzlichen und\/oder tierischen Fetten und \u00d6len eingesetzt, die in K\u00fcchenabw\u00e4ssern enthalten sind. Diese Ger\u00e4te sind gem\u00e4\u00df der Norm UNE-EN 1825-1 gebaut. <\/p><p>\uf061Haltbarkeit: Materialien, die gegen\u00fcber Fetten und \u00d6len inert sind.<\/p><p>\uf061Konformit\u00e4t: CE-Kennzeichnung gem\u00e4\u00df UNE-EN 1825-1.<\/p><p>\uf061Handhabung: Leichte Ger\u00e4te f\u00fcr einfache Installation.<\/p><p>\uf061Verf\u00fcgbarkeit: Ger\u00e4te auf Lager.<\/p>\t\t\t\t\t\t\t\t<\/div>\n\t\t\t\t<\/div>\n\t\t\t\t\t<\/div>\n\t\t\t\t<\/div>\n\t\t<div class=\"elementor-element elementor-element-021c17d e-flex e-con-boxed e-con e-parent\" data-id=\"021c17d\" data-element_type=\"container\" data-e-type=\"container\">\n\t\t\t\t\t<div class=\"e-con-inner\">\n\t\t\t\t<div class=\"elementor-element elementor-element-41a7de8 elementor-widget elementor-widget-heading\" data-id=\"41a7de8\" data-element_type=\"widget\" data-e-type=\"widget\" data-widget_type=\"heading.default\">\n\t\t\t\t<div class=\"elementor-widget-container\">\n\t\t\t\t\t<h2 class=\"elementor-heading-title elementor-size-medium\">Fettabscheider f\u00fcr K\u00fcchen<\/h2>\t\t\t\t<\/div>\n\t\t\t\t<\/div>\n\t\t\t\t\t<\/div>\n\t\t\t\t<\/div>\n\t\t<div class=\"elementor-element elementor-element-ac6a47a e-grid e-con-boxed e-con e-parent\" data-id=\"ac6a47a\" data-element_type=\"container\" data-e-type=\"container\">\n\t\t\t\t\t<div class=\"e-con-inner\">\n\t\t\t\t<div class=\"elementor-element elementor-element-2cadbad elementor-widget elementor-widget-image\" data-id=\"2cadbad\" data-element_type=\"widget\" data-e-type=\"widget\" data-widget_type=\"image.default\">\n\t\t\t\t<div class=\"elementor-widget-container\">\n\t\t\t\t\t\t\t\t\t\t\t\t<figure class=\"wp-caption\">\n\t\t\t\t\t\t\t\t\t\t<img fetchpriority=\"high\" decoding=\"async\" width=\"380\" height=\"138\" src=\"https:\/\/inzainox.com\/wp-content\/uploads\/2025\/09\/ISGP80-cotas.png\" class=\"attachment-large size-large wp-image-10642\" alt=\"\" srcset=\"https:\/\/inzainox.com\/wp-content\/uploads\/2025\/09\/ISGP80-cotas.png 380w, https:\/\/inzainox.com\/wp-content\/uploads\/2025\/09\/ISGP80-cotas-300x109.png 300w\" sizes=\"(max-width: 380px) 100vw, 380px\" \/>\t\t\t\t\t\t\t\t\t\t\t<figcaption class=\"widget-image-caption wp-caption-text\">ISGP80<\/figcaption>\n\t\t\t\t\t\t\t\t\t\t<\/figure>\n\t\t\t\t\t\t\t\t\t<\/div>\n\t\t\t\t<\/div>\n\t\t\t\t<div class=\"elementor-element elementor-element-d48dbf3 elementor-widget elementor-widget-image\" data-id=\"d48dbf3\" data-element_type=\"widget\" data-e-type=\"widget\" data-widget_type=\"image.default\">\n\t\t\t\t<div class=\"elementor-widget-container\">\n\t\t\t\t\t\t\t\t\t\t\t\t<figure class=\"wp-caption\">\n\t\t\t\t\t\t\t\t\t\t<img decoding=\"async\" width=\"289\" height=\"211\" src=\"https:\/\/inzainox.com\/wp-content\/uploads\/2025\/09\/ISGP-cotas.png\" class=\"attachment-large size-large wp-image-10640\" alt=\"\" \/>\t\t\t\t\t\t\t\t\t\t\t<figcaption class=\"widget-image-caption wp-caption-text\">ISGP100-1000<\/figcaption>\n\t\t\t\t\t\t\t\t\t\t<\/figure>\n\t\t\t\t\t\t\t\t\t<\/div>\n\t\t\t\t<\/div>\n\t\t\t\t\t<\/div>\n\t\t\t\t<\/div>\n\t\t<div class=\"elementor-element elementor-element-799a19c e-flex e-con-boxed e-con e-parent\" data-id=\"799a19c\" data-element_type=\"container\" data-e-type=\"container\">\n\t\t\t\t\t<div class=\"e-con-inner\">\n\t\t\t\t<div class=\"elementor-element elementor-element-fa8c204 elementor-widget elementor-widget-image\" data-id=\"fa8c204\" data-element_type=\"widget\" data-e-type=\"widget\" data-widget_type=\"image.default\">\n\t\t\t\t<div class=\"elementor-widget-container\">\n\t\t\t\t\t\t\t\t\t\t\t\t\t\t\t<img decoding=\"async\" width=\"774\" height=\"199\" src=\"https:\/\/inzainox.com\/wp-content\/uploads\/2025\/09\/ISGP-1.png\" class=\"attachment-large size-large wp-image-10650\" alt=\"Inza Kunststoff-Fettabscheider Gr\u00f6\u00dfen f\u00fcr K\u00fcchen\" srcset=\"https:\/\/inzainox.com\/wp-content\/uploads\/2025\/09\/ISGP-1.png 774w, https:\/\/inzainox.com\/wp-content\/uploads\/2025\/09\/ISGP-1-300x77.png 300w, https:\/\/inzainox.com\/wp-content\/uploads\/2025\/09\/ISGP-1-768x197.png 768w, https:\/\/inzainox.com\/wp-content\/uploads\/2025\/09\/ISGP-1-600x154.png 600w\" sizes=\"(max-width: 774px) 100vw, 774px\" \/>\t\t\t\t\t\t\t\t\t\t\t\t\t\t\t<\/div>\n\t\t\t\t<\/div>\n\t\t\t\t<div class=\"elementor-element elementor-element-ee2a370 elementor-widget elementor-widget-text-editor\" data-id=\"ee2a370\" data-element_type=\"widget\" data-e-type=\"widget\" data-widget_type=\"text-editor.default\">\n\t\t\t\t<div class=\"elementor-widget-container\">\n\t\t\t\t\t\t\t\t\t<p>FUNKTIONSWEISE<\/p><p>Der Dichteunterschied der verschiedenen Verunreinigungen erm\u00f6glicht eine Trennung in zwei Phasen: Gr\u00f6\u00dfere Feststoffe, wie Speisereste oder andere Abf\u00e4lle, setzen sich am Boden des Abscheiders ab, w\u00e4hrend Fette und \u00d6le aufgrund ihrer geringeren Dichte an der Oberfl\u00e4che schwimmen. Die Funktion des Ger\u00e4ts ist gew\u00e4hrleistet, sofern es korrekt dimensioniert ist und die Wartungsarbeiten durchgef\u00fchrt werden. Reinigungsleistung: pflanzliche und tierische Fette und \u00d6le &lt; 40 %; Schwebstoffe &lt; 90 %.  <\/p><p>INSTALLATION<\/p><p>Das Ger\u00e4t muss auf einer horizontalen Ebene installiert werden. Vor der Inbetriebnahme und nach jeder Entleerung mit Wasser f\u00fcllen. <\/p><p>WARTUNG<\/p><p>Die Entleerung und Reinigung des Ger\u00e4ts muss gem\u00e4\u00df der in der Norm EN1825-2 beschriebenen Interventionsh\u00e4ufigkeit erfolgen, d.h. einmal pro Monat und vorzugsweise alle 15 Tage.<\/p>\t\t\t\t\t\t\t\t<\/div>\n\t\t\t\t<\/div>\n\t\t\t\t\t<\/div>\n\t\t\t\t<\/div>\n\t\t\t\t<\/div>\n\t\t","protected":false},"excerpt":{"rendered":"<p>Kunststoff-Fettabscheider sind Ger\u00e4te, die die Trennung und Entfernung von pflanzlichen und tierischen Fetten erleichtern, die in einer K\u00fcche anfallen, wodurch h\u00f6chste Wartungs- und Qualit\u00e4tsstandards eingehalten werden k\u00f6nnen. Es handelt sich um kompakte und leichte Ger\u00e4te, die eine einfache Installation erm\u00f6glichen. Sie sind ideal f\u00fcr die Installation eines Fettabscheiders bei der Renovierung oder Erweiterung einer K\u00fcche, ohne dass Bauarbeiten erforderlich sind.  <\/p>\n","protected":false},"featured_media":5294,"comment_status":"open","ping_status":"closed","template":"","meta":[],"product_brand":[],"product_cat":[832],"product_tag":[],"class_list":{"0":"post-10638","1":"product","2":"type-product","3":"status-publish","4":"has-post-thumbnail","6":"product_cat-fettabscheider","8":"first","9":"instock","10":"taxable","11":"shipping-taxable","12":"purchasable","13":"product-type-variable"},"yoast_head":"<!-- This site is optimized with the Yoast SEO plugin v27.1.1 - https:\/\/yoast.com\/product\/yoast-seo-wordpress\/ -->\n<title>Kunststoff-Fettabscheider f\u00fcr K\u00fcchen - Inza Rinnen und Abl\u00e4ufe aus Edelstahl. Edelstahl-Entw\u00e4sserung f\u00fcr die Industrie<\/title>\n<meta name=\"description\" content=\"Kunststoff-Fettabscheider f\u00fcr K\u00fcchen. Nahezu installationsfrei, mit kompakter Gr\u00f6\u00dfe, ideal zur Platzierung unter der Sp\u00fcle.\" \/>\n<meta name=\"robots\" content=\"index, follow, max-snippet:-1, max-image-preview:large, max-video-preview:-1\" \/>\n<link rel=\"canonical\" href=\"https:\/\/inzainox.com\/de\/produkt\/kunststoff-fettabscheider-fuer-kuechen\/\" \/>\n<meta property=\"og:locale\" content=\"de_DE\" \/>\n<meta property=\"og:type\" content=\"article\" \/>\n<meta property=\"og:title\" content=\"Kunststoff-Fettabscheider f\u00fcr K\u00fcchen - Inza Rinnen und Abl\u00e4ufe aus Edelstahl. Edelstahl-Entw\u00e4sserung f\u00fcr die Industrie\" \/>\n<meta property=\"og:description\" content=\"Kunststoff-Fettabscheider f\u00fcr K\u00fcchen. Nahezu installationsfrei, mit kompakter Gr\u00f6\u00dfe, ideal zur Platzierung unter der Sp\u00fcle.\" \/>\n<meta property=\"og:url\" content=\"https:\/\/inzainox.com\/de\/produkt\/kunststoff-fettabscheider-fuer-kuechen\/\" \/>\n<meta property=\"og:site_name\" content=\"Inza Rinnen und Abl\u00e4ufe aus Edelstahl. Edelstahl-Entw\u00e4sserung f\u00fcr die Industrie\" \/>\n<meta property=\"article:modified_time\" content=\"2026-03-30T15:03:34+00:00\" \/>\n<meta property=\"og:image\" content=\"https:\/\/inzainox.com\/wp-content\/uploads\/2025\/09\/ISGP.png\" \/>\n\t<meta property=\"og:image:width\" content=\"287\" \/>\n\t<meta property=\"og:image:height\" content=\"263\" \/>\n\t<meta property=\"og:image:type\" content=\"image\/png\" \/>\n<meta name=\"twitter:card\" content=\"summary_large_image\" \/>\n<meta name=\"twitter:label1\" content=\"Gesch\u00e4tzte Lesezeit\" \/>\n\t<meta name=\"twitter:data1\" content=\"1\u00a0Minute\" \/>\n<!-- \/ Yoast SEO plugin. -->","yoast_head_json":{"title":"Kunststoff-Fettabscheider f\u00fcr K\u00fcchen - Inza Rinnen und Abl\u00e4ufe aus Edelstahl. Edelstahl-Entw\u00e4sserung f\u00fcr die Industrie","description":"Kunststoff-Fettabscheider f\u00fcr K\u00fcchen. Nahezu installationsfrei, mit kompakter Gr\u00f6\u00dfe, ideal zur Platzierung unter der Sp\u00fcle.","robots":{"index":"index","follow":"follow","max-snippet":"max-snippet:-1","max-image-preview":"max-image-preview:large","max-video-preview":"max-video-preview:-1"},"canonical":"https:\/\/inzainox.com\/de\/produkt\/kunststoff-fettabscheider-fuer-kuechen\/","og_locale":"de_DE","og_type":"article","og_title":"Kunststoff-Fettabscheider f\u00fcr K\u00fcchen - Inza Rinnen und Abl\u00e4ufe aus Edelstahl. Edelstahl-Entw\u00e4sserung f\u00fcr die Industrie","og_description":"Kunststoff-Fettabscheider f\u00fcr K\u00fcchen. Nahezu installationsfrei, mit kompakter Gr\u00f6\u00dfe, ideal zur Platzierung unter der Sp\u00fcle.","og_url":"https:\/\/inzainox.com\/de\/produkt\/kunststoff-fettabscheider-fuer-kuechen\/","og_site_name":"Inza Rinnen und Abl\u00e4ufe aus Edelstahl. Edelstahl-Entw\u00e4sserung f\u00fcr die Industrie","article_modified_time":"2026-03-30T15:03:34+00:00","og_image":[{"width":287,"height":263,"url":"https:\/\/inzainox.com\/wp-content\/uploads\/2025\/09\/ISGP.png","type":"image\/png"}],"twitter_card":"summary_large_image","twitter_misc":{"Gesch\u00e4tzte Lesezeit":"1\u00a0Minute"},"schema":{"@context":"https:\/\/schema.org","@graph":[{"@type":"WebPage","@id":"https:\/\/inzainox.com\/de\/produkt\/kunststoff-fettabscheider-fuer-kuechen\/","url":"https:\/\/inzainox.com\/de\/produkt\/kunststoff-fettabscheider-fuer-kuechen\/","name":"Kunststoff-Fettabscheider f\u00fcr K\u00fcchen - Inza Rinnen und Abl\u00e4ufe aus Edelstahl. Edelstahl-Entw\u00e4sserung f\u00fcr die Industrie","isPartOf":{"@id":"https:\/\/inzainox.com\/de\/#website"},"primaryImageOfPage":{"@id":"https:\/\/inzainox.com\/de\/produkt\/kunststoff-fettabscheider-fuer-kuechen\/#primaryimage"},"image":{"@id":"https:\/\/inzainox.com\/de\/produkt\/kunststoff-fettabscheider-fuer-kuechen\/#primaryimage"},"thumbnailUrl":"https:\/\/inzainox.com\/wp-content\/uploads\/2025\/09\/ISGP.png","datePublished":"2025-09-04T14:56:26+00:00","dateModified":"2026-03-30T15:03:34+00:00","description":"Kunststoff-Fettabscheider f\u00fcr K\u00fcchen. Nahezu installationsfrei, mit kompakter Gr\u00f6\u00dfe, ideal zur Platzierung unter der Sp\u00fcle.","breadcrumb":{"@id":"https:\/\/inzainox.com\/de\/produkt\/kunststoff-fettabscheider-fuer-kuechen\/#breadcrumb"},"inLanguage":"de","potentialAction":[{"@type":"ReadAction","target":["https:\/\/inzainox.com\/de\/produkt\/kunststoff-fettabscheider-fuer-kuechen\/"]}]},{"@type":"ImageObject","inLanguage":"de","@id":"https:\/\/inzainox.com\/de\/produkt\/kunststoff-fettabscheider-fuer-kuechen\/#primaryimage","url":"https:\/\/inzainox.com\/wp-content\/uploads\/2025\/09\/ISGP.png","contentUrl":"https:\/\/inzainox.com\/wp-content\/uploads\/2025\/09\/ISGP.png","width":287,"height":263,"caption":"Inza separador grasas pl\u00e1stico para cocinas"},{"@type":"BreadcrumbList","@id":"https:\/\/inzainox.com\/de\/produkt\/kunststoff-fettabscheider-fuer-kuechen\/#breadcrumb","itemListElement":[{"@type":"ListItem","position":1,"name":"Startseite","item":"https:\/\/inzainox.com\/de\/neue-startseite\/"},{"@type":"ListItem","position":2,"name":"Inza-Shop","item":"https:\/\/inzainox.com\/de\/inza-shop\/"},{"@type":"ListItem","position":3,"name":"Kunststoff-Fettabscheider f\u00fcr K\u00fcchen"}]},{"@type":"WebSite","@id":"https:\/\/inzainox.com\/de\/#website","url":"https:\/\/inzainox.com\/de\/","name":"Inza Rinnen und Abl\u00e4ufe aus Edelstahl. Edelstahl-Entw\u00e4sserung f\u00fcr die Industrie","description":"Edelstahl-Entw\u00e4sserung f\u00fcr die Industrie","publisher":{"@id":"https:\/\/inzainox.com\/de\/#organization"},"alternateName":"Inza Inox","potentialAction":[{"@type":"SearchAction","target":{"@type":"EntryPoint","urlTemplate":"https:\/\/inzainox.com\/de\/?s={search_term_string}"},"query-input":{"@type":"PropertyValueSpecification","valueRequired":true,"valueName":"search_term_string"}}],"inLanguage":"de"},{"@type":"Organization","@id":"https:\/\/inzainox.com\/de\/#organization","name":"Inza Inox S.L.","alternateName":"Inza","url":"https:\/\/inzainox.com\/de\/","logo":{"@type":"ImageObject","inLanguage":"de","@id":"https:\/\/inzainox.com\/de\/#\/schema\/logo\/image\/","url":"https:\/\/inzainox.com\/wp-content\/uploads\/2020\/05\/cropped-NUEVA-INZA-2-5.png","contentUrl":"https:\/\/inzainox.com\/wp-content\/uploads\/2020\/05\/cropped-NUEVA-INZA-2-5.png","width":549,"height":264,"caption":"Inza Inox S.L."},"image":{"@id":"https:\/\/inzainox.com\/de\/#\/schema\/logo\/image\/"}}]}},"_links":{"self":[{"href":"https:\/\/inzainox.com\/de\/wp-json\/wp\/v2\/product\/10638","targetHints":{"allow":["GET"]}}],"collection":[{"href":"https:\/\/inzainox.com\/de\/wp-json\/wp\/v2\/product"}],"about":[{"href":"https:\/\/inzainox.com\/de\/wp-json\/wp\/v2\/types\/product"}],"replies":[{"embeddable":true,"href":"https:\/\/inzainox.com\/de\/wp-json\/wp\/v2\/comments?post=10638"}],"version-history":[{"count":1,"href":"https:\/\/inzainox.com\/de\/wp-json\/wp\/v2\/product\/10638\/revisions"}],"predecessor-version":[{"id":10674,"href":"https:\/\/inzainox.com\/de\/wp-json\/wp\/v2\/product\/10638\/revisions\/10674"}],"wp:featuredmedia":[{"embeddable":true,"href":"https:\/\/inzainox.com\/de\/wp-json\/wp\/v2\/media\/5294"}],"wp:attachment":[{"href":"https:\/\/inzainox.com\/de\/wp-json\/wp\/v2\/media?parent=10638"}],"wp:term":[{"taxonomy":"product_brand","embeddable":true,"href":"https:\/\/inzainox.com\/de\/wp-json\/wp\/v2\/product_brand?post=10638"},{"taxonomy":"product_cat","embeddable":true,"href":"https:\/\/inzainox.com\/de\/wp-json\/wp\/v2\/product_cat?post=10638"},{"taxonomy":"product_tag","embeddable":true,"href":"https:\/\/inzainox.com\/de\/wp-json\/wp\/v2\/product_tag?post=10638"}],"curies":[{"name":"wp","href":"https:\/\/api.w.org\/{rel}","templated":true}]}}