{"id":10430,"date":"2023-12-05T10:59:44","date_gmt":"2023-12-05T10:59:44","guid":{"rendered":"https:\/\/inzainox.com\/producto\/gitterroste-aus-verzinktem-stahl-mit-quadratischem-rahmen\/"},"modified":"2023-12-05T10:59:44","modified_gmt":"2023-12-05T10:59:44","slug":"gitterroste-aus-verzinktem-stahl-mit-quadratischem-rahmen","status":"publish","type":"product","link":"https:\/\/inzainox.com\/de\/produkt\/gitterroste-aus-verzinktem-stahl-mit-quadratischem-rahmen\/","title":{"rendered":"Gitterroste aus verzinktem Stahl mit quadratischem Rahmen"},"content":{"rendered":"<p>Quadratische Gitterroste aus verzinktem Stahl mit quadratischem Rahmen f\u00fcr die Installation. F\u00fcr Fu\u00dfg\u00e4ngerverkehr<br \/>\nMa\u00dfe von 200&#215;200 mm bis 800&#215;800 mm.<br \/>\nSowohl f\u00fcr die Installation als Entw\u00e4sserungspunkt als auch zur Bel\u00fcftung oder einfach als Halterung.<br \/>\nFalls Sie rutschfeste Gitterroste ben\u00f6tigen<br \/>\nFalls Sie barfu\u00dffreundliche\/hochhackensichere Gitterroste ben\u00f6tigen<br \/>\nFalls Sie Sonderma\u00dfe ben\u00f6tigen<br \/>\nFalls Sie h\u00f6here Belastungsklassen ben\u00f6tigen<br \/>\nIn jedem dieser F\u00e4lle kontaktieren Sie uns unter info@inzainox.com oder telefonisch unter +34 91 127 90 05. <\/p>\n","protected":false},"excerpt":{"rendered":"<p>Quadratische Gitterroste aus verzinktem Stahl mit geschlossenem Rahmen<\/p>\n","protected":false},"featured_media":3161,"comment_status":"open","ping_status":"closed","template":"","meta":[],"product_brand":[],"product_cat":[732,751],"product_tag":[],"class_list":{"0":"post-10430","1":"product","2":"type-product","3":"status-publish","4":"has-post-thumbnail","6":"product_cat-gitterroste","7":"product_cat-gitterroste-aus-verzinktem-stahl","9":"first","10":"instock","11":"taxable","12":"shipping-taxable","13":"purchasable","14":"product-type-variable"},"yoast_head":"<!-- This site is optimized with the Yoast SEO plugin v27.1.1 - https:\/\/yoast.com\/product\/yoast-seo-wordpress\/ -->\n<title>Quadratische Gitterroste mit Rahmen<\/title>\n<meta name=\"description\" content=\"W\u00e4hlen Sie das ben\u00f6tigte Ma\u00df aus und wir senden es Ihnen zu. Quadratische Tramex-Gitterroste aus verzinktem Stahl mit Rahmen. Ma\u00dfe von 200x200 bis 800x800 mm\" \/>\n<meta name=\"robots\" content=\"index, follow, max-snippet:-1, max-image-preview:large, max-video-preview:-1\" \/>\n<link rel=\"canonical\" href=\"https:\/\/inzainox.com\/de\/produkt\/gitterroste-aus-verzinktem-stahl-mit-quadratischem-rahmen\/\" \/>\n<meta property=\"og:locale\" content=\"de_DE\" \/>\n<meta property=\"og:type\" content=\"article\" \/>\n<meta property=\"og:title\" content=\"Quadratische Gitterroste mit Rahmen\" \/>\n<meta property=\"og:description\" content=\"W\u00e4hlen Sie das ben\u00f6tigte Ma\u00df aus und wir senden es Ihnen zu. Quadratische Tramex-Gitterroste aus verzinktem Stahl mit Rahmen. Ma\u00dfe von 200x200 bis 800x800 mm\" \/>\n<meta property=\"og:url\" content=\"https:\/\/inzainox.com\/de\/produkt\/gitterroste-aus-verzinktem-stahl-mit-quadratischem-rahmen\/\" \/>\n<meta property=\"og:site_name\" content=\"Inza Rinnen und Abl\u00e4ufe aus Edelstahl. Edelstahl-Entw\u00e4sserung f\u00fcr die Industrie\" \/>\n<meta property=\"og:image\" content=\"https:\/\/inzainox.com\/wp-content\/uploads\/2026\/02\/Canales-de-Acero-Inoxidable.png\" \/>\n\t<meta property=\"og:image:width\" content=\"350\" \/>\n\t<meta property=\"og:image:height\" content=\"613\" \/>\n\t<meta property=\"og:image:type\" content=\"image\/png\" \/>\n<meta name=\"twitter:card\" content=\"summary_large_image\" \/>\n<!-- \/ Yoast SEO plugin. -->","yoast_head_json":{"title":"Quadratische Gitterroste mit Rahmen","description":"W\u00e4hlen Sie das ben\u00f6tigte Ma\u00df aus und wir senden es Ihnen zu. Quadratische Tramex-Gitterroste aus verzinktem Stahl mit Rahmen. Ma\u00dfe von 200x200 bis 800x800 mm","robots":{"index":"index","follow":"follow","max-snippet":"max-snippet:-1","max-image-preview":"max-image-preview:large","max-video-preview":"max-video-preview:-1"},"canonical":"https:\/\/inzainox.com\/de\/produkt\/gitterroste-aus-verzinktem-stahl-mit-quadratischem-rahmen\/","og_locale":"de_DE","og_type":"article","og_title":"Quadratische Gitterroste mit Rahmen","og_description":"W\u00e4hlen Sie das ben\u00f6tigte Ma\u00df aus und wir senden es Ihnen zu. Quadratische Tramex-Gitterroste aus verzinktem Stahl mit Rahmen. Ma\u00dfe von 200x200 bis 800x800 mm","og_url":"https:\/\/inzainox.com\/de\/produkt\/gitterroste-aus-verzinktem-stahl-mit-quadratischem-rahmen\/","og_site_name":"Inza Rinnen und Abl\u00e4ufe aus Edelstahl. Edelstahl-Entw\u00e4sserung f\u00fcr die Industrie","og_image":[{"width":350,"height":613,"url":"https:\/\/inzainox.com\/wp-content\/uploads\/2026\/02\/Canales-de-Acero-Inoxidable.png","type":"image\/png"}],"twitter_card":"summary_large_image","schema":{"@context":"https:\/\/schema.org","@graph":[{"@type":"WebPage","@id":"https:\/\/inzainox.com\/de\/produkt\/gitterroste-aus-verzinktem-stahl-mit-quadratischem-rahmen\/","url":"https:\/\/inzainox.com\/de\/produkt\/gitterroste-aus-verzinktem-stahl-mit-quadratischem-rahmen\/","name":"Quadratische Gitterroste mit Rahmen","isPartOf":{"@id":"https:\/\/inzainox.com\/de\/#website"},"primaryImageOfPage":{"@id":"https:\/\/inzainox.com\/de\/produkt\/gitterroste-aus-verzinktem-stahl-mit-quadratischem-rahmen\/#primaryimage"},"image":{"@id":"https:\/\/inzainox.com\/de\/produkt\/gitterroste-aus-verzinktem-stahl-mit-quadratischem-rahmen\/#primaryimage"},"thumbnailUrl":"https:\/\/inzainox.com\/wp-content\/uploads\/2023\/12\/MARCOS-Y-REJAS-CUADRADAS-pdf.jpg","datePublished":"2023-12-05T10:59:44+00:00","description":"W\u00e4hlen Sie das ben\u00f6tigte Ma\u00df aus und wir senden es Ihnen zu. Quadratische Tramex-Gitterroste aus verzinktem Stahl mit Rahmen. Ma\u00dfe von 200x200 bis 800x800 mm","breadcrumb":{"@id":"https:\/\/inzainox.com\/de\/produkt\/gitterroste-aus-verzinktem-stahl-mit-quadratischem-rahmen\/#breadcrumb"},"inLanguage":"de","potentialAction":[{"@type":"ReadAction","target":["https:\/\/inzainox.com\/de\/produkt\/gitterroste-aus-verzinktem-stahl-mit-quadratischem-rahmen\/"]}]},{"@type":"ImageObject","inLanguage":"de","@id":"https:\/\/inzainox.com\/de\/produkt\/gitterroste-aus-verzinktem-stahl-mit-quadratischem-rahmen\/#primaryimage","url":"https:\/\/inzainox.com\/wp-content\/uploads\/2023\/12\/MARCOS-Y-REJAS-CUADRADAS-pdf.jpg","contentUrl":"https:\/\/inzainox.com\/wp-content\/uploads\/2023\/12\/MARCOS-Y-REJAS-CUADRADAS-pdf.jpg","caption":"Rahmen und quadratischer Gitterrost aus Edelstahl oder verzinktem Stahl."},{"@type":"BreadcrumbList","@id":"https:\/\/inzainox.com\/de\/produkt\/gitterroste-aus-verzinktem-stahl-mit-quadratischem-rahmen\/#breadcrumb","itemListElement":[{"@type":"ListItem","position":1,"name":"Startseite","item":"https:\/\/inzainox.com\/de\/neue-startseite\/"},{"@type":"ListItem","position":2,"name":"Inza-Shop","item":"https:\/\/inzainox.com\/de\/inza-shop\/"},{"@type":"ListItem","position":3,"name":"Gitterroste aus verzinktem Stahl mit quadratischem Rahmen"}]},{"@type":"WebSite","@id":"https:\/\/inzainox.com\/de\/#website","url":"https:\/\/inzainox.com\/de\/","name":"Inza Rinnen und Abl\u00e4ufe aus Edelstahl. Edelstahl-Entw\u00e4sserung f\u00fcr die Industrie","description":"Edelstahl-Entw\u00e4sserung f\u00fcr die Industrie","publisher":{"@id":"https:\/\/inzainox.com\/de\/#organization"},"alternateName":"Inza Inox","potentialAction":[{"@type":"SearchAction","target":{"@type":"EntryPoint","urlTemplate":"https:\/\/inzainox.com\/de\/?s={search_term_string}"},"query-input":{"@type":"PropertyValueSpecification","valueRequired":true,"valueName":"search_term_string"}}],"inLanguage":"de"},{"@type":"Organization","@id":"https:\/\/inzainox.com\/de\/#organization","name":"Inza Inox S.L.","alternateName":"Inza","url":"https:\/\/inzainox.com\/de\/","logo":{"@type":"ImageObject","inLanguage":"de","@id":"https:\/\/inzainox.com\/de\/#\/schema\/logo\/image\/","url":"https:\/\/inzainox.com\/wp-content\/uploads\/2020\/05\/cropped-NUEVA-INZA-2-5.png","contentUrl":"https:\/\/inzainox.com\/wp-content\/uploads\/2020\/05\/cropped-NUEVA-INZA-2-5.png","width":549,"height":264,"caption":"Inza Inox S.L."},"image":{"@id":"https:\/\/inzainox.com\/de\/#\/schema\/logo\/image\/"}}]}},"_links":{"self":[{"href":"https:\/\/inzainox.com\/de\/wp-json\/wp\/v2\/product\/10430","targetHints":{"allow":["GET"]}}],"collection":[{"href":"https:\/\/inzainox.com\/de\/wp-json\/wp\/v2\/product"}],"about":[{"href":"https:\/\/inzainox.com\/de\/wp-json\/wp\/v2\/types\/product"}],"replies":[{"embeddable":true,"href":"https:\/\/inzainox.com\/de\/wp-json\/wp\/v2\/comments?post=10430"}],"version-history":[{"count":0,"href":"https:\/\/inzainox.com\/de\/wp-json\/wp\/v2\/product\/10430\/revisions"}],"wp:featuredmedia":[{"embeddable":true,"href":"https:\/\/inzainox.com\/de\/wp-json\/wp\/v2\/media\/3161"}],"wp:attachment":[{"href":"https:\/\/inzainox.com\/de\/wp-json\/wp\/v2\/media?parent=10430"}],"wp:term":[{"taxonomy":"product_brand","embeddable":true,"href":"https:\/\/inzainox.com\/de\/wp-json\/wp\/v2\/product_brand?post=10430"},{"taxonomy":"product_cat","embeddable":true,"href":"https:\/\/inzainox.com\/de\/wp-json\/wp\/v2\/product_cat?post=10430"},{"taxonomy":"product_tag","embeddable":true,"href":"https:\/\/inzainox.com\/de\/wp-json\/wp\/v2\/product_tag?post=10430"}],"curies":[{"name":"wp","href":"https:\/\/api.w.org\/{rel}","templated":true}]}}