{"id":10409,"date":"2023-12-05T07:57:55","date_gmt":"2023-12-05T07:57:55","guid":{"rendered":"https:\/\/inzainox.com\/producto\/gitterroste-aus-edelstahl-fuer-bauseitige-rinnen-mit-oder-ohne-rahmen-1-m-laenge\/"},"modified":"2023-12-05T07:57:55","modified_gmt":"2023-12-05T07:57:55","slug":"gitterroste-aus-edelstahl-fuer-bauseitige-rinnen-mit-oder-ohne-rahmen-1-m-laenge","status":"publish","type":"product","link":"https:\/\/inzainox.com\/de\/produkt\/gitterroste-aus-edelstahl-fuer-bauseitige-rinnen-mit-oder-ohne-rahmen-1-m-laenge\/","title":{"rendered":"Gitterroste aus Edelstahl f\u00fcr bauseitige Rinnen mit oder ohne Rahmen. 1 m L\u00e4nge"},"content":{"rendered":"<p>Gitterroste aus Edelstahl in verschiedenen Breiten. Verkauf nur der Roste oder zusammen mit den Auflagerahmen.<br \/>\nDie aus Edelstahl gefertigten Rahmen bestehen aus 2 L\u00e4ngsprofilen, die unten durch 2 Flachst\u00e4hle verbunden sind, die als Verankerungsklauen im Einbau-Beton dienen. Gesamtl\u00e4nge 1000 mm.<br \/>\nVerschiedene Breiten verf\u00fcgbar von 100 bis 500 mm.<br \/>\nM\u00f6glicherweise finden Sie den Preis f\u00fcr einige sehr breite Roste nicht.<br \/>\nWenn Sie rutschhemmende Roste ben\u00f6tigen<br \/>\nWenn Sie Absatzsichere Roste ben\u00f6tigen<br \/>\nWenn Sie Sonderma\u00dfe ben\u00f6tigen<br \/>\nWenn Sie h\u00f6here Belastbarkeiten ben\u00f6tigen<br \/>\nKontaktieren Sie uns in all diesen F\u00e4llen unter info@inzainox.com oder telefonisch unter 91 127 90 05.  <\/p>\n","protected":false},"excerpt":{"rendered":"<p>Gitterroste aus Edelstahl, 1 m L\u00e4nge. Breiten von 100 mm bis 500 mm ab Lager. Wir k\u00f6nnen sie auch mit Auflagerahmen liefern.  <\/p>\n","protected":false},"featured_media":474,"comment_status":"open","ping_status":"closed","template":"","meta":[],"product_brand":[],"product_cat":[732,733],"product_tag":[],"class_list":{"0":"post-10409","1":"product","2":"type-product","3":"status-publish","4":"has-post-thumbnail","6":"product_cat-gitterroste","7":"product_cat-gitterroste-aus-edelstahl","9":"first","10":"instock","11":"taxable","12":"shipping-taxable","13":"purchasable","14":"product-type-variable"},"yoast_head":"<!-- This site is optimized with the Yoast SEO plugin v27.1.1 - https:\/\/yoast.com\/product\/yoast-seo-wordpress\/ -->\n<title>Gitterroste aus Edelstahl f\u00fcr Entw\u00e4sserungsrinnen im Bau<\/title>\n<meta name=\"description\" content=\"W\u00e4hlen Sie die gew\u00fcnschte Breite, und wir senden sie Ihnen zu. Tramex-Edelstahlroste zur Montage auf Entw\u00e4sserungsrinnen im Bau. Auch mit Rahmen erh\u00e4ltlich.\" \/>\n<meta name=\"robots\" content=\"index, follow, max-snippet:-1, max-image-preview:large, max-video-preview:-1\" \/>\n<link rel=\"canonical\" href=\"https:\/\/inzainox.com\/de\/produkt\/gitterroste-aus-edelstahl-fuer-bauseitige-rinnen-mit-oder-ohne-rahmen-1-m-laenge\/\" \/>\n<meta property=\"og:locale\" content=\"de_DE\" \/>\n<meta property=\"og:type\" content=\"article\" \/>\n<meta property=\"og:title\" content=\"Gitterroste aus Edelstahl f\u00fcr Entw\u00e4sserungsrinnen im Bau\" \/>\n<meta property=\"og:description\" content=\"W\u00e4hlen Sie die gew\u00fcnschte Breite, und wir senden sie Ihnen zu. Tramex-Edelstahlroste zur Montage auf Entw\u00e4sserungsrinnen im Bau. Auch mit Rahmen erh\u00e4ltlich.\" \/>\n<meta property=\"og:url\" content=\"https:\/\/inzainox.com\/de\/produkt\/gitterroste-aus-edelstahl-fuer-bauseitige-rinnen-mit-oder-ohne-rahmen-1-m-laenge\/\" \/>\n<meta property=\"og:site_name\" content=\"Inza Rinnen und Abl\u00e4ufe aus Edelstahl. Edelstahl-Entw\u00e4sserung f\u00fcr die Industrie\" \/>\n<meta property=\"og:image\" content=\"https:\/\/inzainox.com\/wp-content\/uploads\/2020\/05\/tramex-2.jpg\" \/>\n\t<meta property=\"og:image:width\" content=\"657\" \/>\n\t<meta property=\"og:image:height\" content=\"399\" \/>\n\t<meta property=\"og:image:type\" content=\"image\/jpeg\" \/>\n<meta name=\"twitter:card\" content=\"summary_large_image\" \/>\n<meta name=\"twitter:label1\" content=\"Gesch\u00e4tzte Lesezeit\" \/>\n\t<meta name=\"twitter:data1\" content=\"1\u00a0Minute\" \/>\n<!-- \/ Yoast SEO plugin. -->","yoast_head_json":{"title":"Gitterroste aus Edelstahl f\u00fcr Entw\u00e4sserungsrinnen im Bau","description":"W\u00e4hlen Sie die gew\u00fcnschte Breite, und wir senden sie Ihnen zu. Tramex-Edelstahlroste zur Montage auf Entw\u00e4sserungsrinnen im Bau. Auch mit Rahmen erh\u00e4ltlich.","robots":{"index":"index","follow":"follow","max-snippet":"max-snippet:-1","max-image-preview":"max-image-preview:large","max-video-preview":"max-video-preview:-1"},"canonical":"https:\/\/inzainox.com\/de\/produkt\/gitterroste-aus-edelstahl-fuer-bauseitige-rinnen-mit-oder-ohne-rahmen-1-m-laenge\/","og_locale":"de_DE","og_type":"article","og_title":"Gitterroste aus Edelstahl f\u00fcr Entw\u00e4sserungsrinnen im Bau","og_description":"W\u00e4hlen Sie die gew\u00fcnschte Breite, und wir senden sie Ihnen zu. Tramex-Edelstahlroste zur Montage auf Entw\u00e4sserungsrinnen im Bau. Auch mit Rahmen erh\u00e4ltlich.","og_url":"https:\/\/inzainox.com\/de\/produkt\/gitterroste-aus-edelstahl-fuer-bauseitige-rinnen-mit-oder-ohne-rahmen-1-m-laenge\/","og_site_name":"Inza Rinnen und Abl\u00e4ufe aus Edelstahl. Edelstahl-Entw\u00e4sserung f\u00fcr die Industrie","og_image":[{"width":657,"height":399,"url":"https:\/\/inzainox.com\/wp-content\/uploads\/2020\/05\/tramex-2.jpg","type":"image\/jpeg"}],"twitter_card":"summary_large_image","twitter_misc":{"Gesch\u00e4tzte Lesezeit":"1\u00a0Minute"},"schema":{"@context":"https:\/\/schema.org","@graph":[{"@type":"WebPage","@id":"https:\/\/inzainox.com\/de\/produkt\/gitterroste-aus-edelstahl-fuer-bauseitige-rinnen-mit-oder-ohne-rahmen-1-m-laenge\/","url":"https:\/\/inzainox.com\/de\/produkt\/gitterroste-aus-edelstahl-fuer-bauseitige-rinnen-mit-oder-ohne-rahmen-1-m-laenge\/","name":"Gitterroste aus Edelstahl f\u00fcr Entw\u00e4sserungsrinnen im Bau","isPartOf":{"@id":"https:\/\/inzainox.com\/de\/#website"},"primaryImageOfPage":{"@id":"https:\/\/inzainox.com\/de\/produkt\/gitterroste-aus-edelstahl-fuer-bauseitige-rinnen-mit-oder-ohne-rahmen-1-m-laenge\/#primaryimage"},"image":{"@id":"https:\/\/inzainox.com\/de\/produkt\/gitterroste-aus-edelstahl-fuer-bauseitige-rinnen-mit-oder-ohne-rahmen-1-m-laenge\/#primaryimage"},"thumbnailUrl":"https:\/\/inzainox.com\/wp-content\/uploads\/2020\/05\/tramex-2.jpg","datePublished":"2023-12-05T07:57:55+00:00","description":"W\u00e4hlen Sie die gew\u00fcnschte Breite, und wir senden sie Ihnen zu. Tramex-Edelstahlroste zur Montage auf Entw\u00e4sserungsrinnen im Bau. Auch mit Rahmen erh\u00e4ltlich.","breadcrumb":{"@id":"https:\/\/inzainox.com\/de\/produkt\/gitterroste-aus-edelstahl-fuer-bauseitige-rinnen-mit-oder-ohne-rahmen-1-m-laenge\/#breadcrumb"},"inLanguage":"de","potentialAction":[{"@type":"ReadAction","target":["https:\/\/inzainox.com\/de\/produkt\/gitterroste-aus-edelstahl-fuer-bauseitige-rinnen-mit-oder-ohne-rahmen-1-m-laenge\/"]}]},{"@type":"ImageObject","inLanguage":"de","@id":"https:\/\/inzainox.com\/de\/produkt\/gitterroste-aus-edelstahl-fuer-bauseitige-rinnen-mit-oder-ohne-rahmen-1-m-laenge\/#primaryimage","url":"https:\/\/inzainox.com\/wp-content\/uploads\/2020\/05\/tramex-2.jpg","contentUrl":"https:\/\/inzainox.com\/wp-content\/uploads\/2020\/05\/tramex-2.jpg","width":657,"height":399,"caption":"GITTERROST EDELSTAHL"},{"@type":"BreadcrumbList","@id":"https:\/\/inzainox.com\/de\/produkt\/gitterroste-aus-edelstahl-fuer-bauseitige-rinnen-mit-oder-ohne-rahmen-1-m-laenge\/#breadcrumb","itemListElement":[{"@type":"ListItem","position":1,"name":"Startseite","item":"https:\/\/inzainox.com\/de\/neue-startseite\/"},{"@type":"ListItem","position":2,"name":"Inza-Shop","item":"https:\/\/inzainox.com\/de\/inza-shop\/"},{"@type":"ListItem","position":3,"name":"Gitterroste aus Edelstahl f\u00fcr bauseitige Rinnen mit oder ohne Rahmen. 1 m L\u00e4nge"}]},{"@type":"WebSite","@id":"https:\/\/inzainox.com\/de\/#website","url":"https:\/\/inzainox.com\/de\/","name":"Inza Rinnen und Abl\u00e4ufe aus Edelstahl. Edelstahl-Entw\u00e4sserung f\u00fcr die Industrie","description":"Edelstahl-Entw\u00e4sserung f\u00fcr die Industrie","publisher":{"@id":"https:\/\/inzainox.com\/de\/#organization"},"alternateName":"Inza Inox","potentialAction":[{"@type":"SearchAction","target":{"@type":"EntryPoint","urlTemplate":"https:\/\/inzainox.com\/de\/?s={search_term_string}"},"query-input":{"@type":"PropertyValueSpecification","valueRequired":true,"valueName":"search_term_string"}}],"inLanguage":"de"},{"@type":"Organization","@id":"https:\/\/inzainox.com\/de\/#organization","name":"Inza Inox S.L.","alternateName":"Inza","url":"https:\/\/inzainox.com\/de\/","logo":{"@type":"ImageObject","inLanguage":"de","@id":"https:\/\/inzainox.com\/de\/#\/schema\/logo\/image\/","url":"https:\/\/inzainox.com\/wp-content\/uploads\/2020\/05\/cropped-NUEVA-INZA-2-5.png","contentUrl":"https:\/\/inzainox.com\/wp-content\/uploads\/2020\/05\/cropped-NUEVA-INZA-2-5.png","width":549,"height":264,"caption":"Inza Inox S.L."},"image":{"@id":"https:\/\/inzainox.com\/de\/#\/schema\/logo\/image\/"}}]}},"_links":{"self":[{"href":"https:\/\/inzainox.com\/de\/wp-json\/wp\/v2\/product\/10409","targetHints":{"allow":["GET"]}}],"collection":[{"href":"https:\/\/inzainox.com\/de\/wp-json\/wp\/v2\/product"}],"about":[{"href":"https:\/\/inzainox.com\/de\/wp-json\/wp\/v2\/types\/product"}],"replies":[{"embeddable":true,"href":"https:\/\/inzainox.com\/de\/wp-json\/wp\/v2\/comments?post=10409"}],"version-history":[{"count":0,"href":"https:\/\/inzainox.com\/de\/wp-json\/wp\/v2\/product\/10409\/revisions"}],"wp:featuredmedia":[{"embeddable":true,"href":"https:\/\/inzainox.com\/de\/wp-json\/wp\/v2\/media\/474"}],"wp:attachment":[{"href":"https:\/\/inzainox.com\/de\/wp-json\/wp\/v2\/media?parent=10409"}],"wp:term":[{"taxonomy":"product_brand","embeddable":true,"href":"https:\/\/inzainox.com\/de\/wp-json\/wp\/v2\/product_brand?post=10409"},{"taxonomy":"product_cat","embeddable":true,"href":"https:\/\/inzainox.com\/de\/wp-json\/wp\/v2\/product_cat?post=10409"},{"taxonomy":"product_tag","embeddable":true,"href":"https:\/\/inzainox.com\/de\/wp-json\/wp\/v2\/product_tag?post=10409"}],"curies":[{"name":"wp","href":"https:\/\/api.w.org\/{rel}","templated":true}]}}