{"id":10185,"date":"2022-03-05T06:43:44","date_gmt":"2022-03-05T06:43:44","guid":{"rendered":"https:\/\/inzainox.com\/producto\/schlitzrinne-inza-o100\/"},"modified":"2022-03-05T06:43:44","modified_gmt":"2022-03-05T06:43:44","slug":"schlitzrinne-inza-o100","status":"publish","type":"product","link":"https:\/\/inzainox.com\/de\/produkt\/schlitzrinne-inza-o100\/","title":{"rendered":"Schlitzrinne INZA O100"},"content":{"rendered":"<p>Schlitzrinne Inza O100 aus Polymerbeton, mit einem Schlitzrost f\u00fcr Pflasterh\u00f6hen H25 oder H50 mm aus verzinktem Stahl\/Edelstahl der Belastungsklasse A15 nach UNE EN1233. Innenbreite 100 mm und variable H\u00f6he je nach Pflasterh\u00f6he des Rostes. Mit Nut-Feder-System zur Verbindung und Vorformungen f\u00fcr den Anschluss von Abl\u00e4ufen  <\/p>\n<p>Die Schlitzrinne Inza O100 kann Folgendes aufweisen:<\/p>\n<p>Schlitzrinnen aus Polymerbeton sind nach dem Einbau nahezu unsichtbar.<\/p>\n<p>Es gibt verschiedene Rosth\u00f6hen, abh\u00e4ngig von der Art des Bodenbelags.<\/p>\n<p>Der Schlitz der Rinne hat eine Innenbreite von 15 mm. Der Rost verf\u00fcgt \u00fcber eine Kantung im oberen Bereich, um die Materialst\u00e4rke an den am st\u00e4rksten beanspruchten Stellen zu verdoppeln.<\/p>\n<p>&nbsp;<\/p>\n<p>&nbsp;<\/p>\n","protected":false},"excerpt":{"rendered":"<p>Schlitzrinne Inza O100 aus Polymerbeton, mit einem Schlitzrost f\u00fcr Pflasterh\u00f6hen H40\u2013120 mm aus verzinktem Stahl\/Edelstahl der Belastungsklasse A15\u2013D400 nach UNE EN1233. Innenbreite 100 mm und variable H\u00f6he je nach Pflasterh\u00f6he des Rostes. Mit Nut-Feder-System zur Verbindung und Vorformungen f\u00fcr den Anschluss von Abl\u00e4ufen  <\/p>\n","protected":false},"featured_media":2268,"comment_status":"open","ping_status":"closed","template":"","meta":[],"product_brand":[],"product_cat":[538,698],"product_tag":[],"class_list":{"0":"post-10185","1":"product","2":"type-product","3":"status-publish","4":"has-post-thumbnail","6":"product_cat-polymerbeton-rinnen","7":"product_cat-verdeckte-rinnen","8":"pa_altura-exterior-de-canal-100mm","9":"pa_altura-exterior-de-canal-60mm","11":"first","12":"instock","13":"taxable","14":"shipping-taxable","15":"purchasable","16":"product-type-variable"},"yoast_head":"<!-- This site is optimized with the Yoast SEO plugin v27.1.1 - https:\/\/yoast.com\/product\/yoast-seo-wordpress\/ -->\n<title>Schlitzrinne Inza O100<\/title>\n<meta name=\"description\" content=\"Schlitzrinne Inza O100. Rinne aus Polymerbeton und Schlitzrost aus verzinktem Stahl \/ Edelstahl der Belastungsklasse A15\" \/>\n<meta name=\"robots\" content=\"index, follow, max-snippet:-1, max-image-preview:large, max-video-preview:-1\" \/>\n<link rel=\"canonical\" href=\"https:\/\/inzainox.com\/de\/produkt\/schlitzrinne-inza-o100\/\" \/>\n<meta property=\"og:locale\" content=\"de_DE\" \/>\n<meta property=\"og:type\" content=\"article\" \/>\n<meta property=\"og:title\" content=\"Schlitzrinne Inza O100\" \/>\n<meta property=\"og:description\" content=\"Schlitzrinne Inza O100. Rinne aus Polymerbeton und Schlitzrost aus verzinktem Stahl \/ Edelstahl der Belastungsklasse A15\" \/>\n<meta property=\"og:url\" content=\"https:\/\/inzainox.com\/de\/produkt\/schlitzrinne-inza-o100\/\" \/>\n<meta property=\"og:site_name\" content=\"Inza Rinnen und Abl\u00e4ufe aus Edelstahl. Edelstahl-Entw\u00e4sserung f\u00fcr die Industrie\" \/>\n<meta property=\"og:image\" content=\"https:\/\/inzainox.com\/wp-content\/uploads\/2022\/03\/S100GLH100.jpg\" \/>\n\t<meta property=\"og:image:width\" content=\"694\" \/>\n\t<meta property=\"og:image:height\" content=\"445\" \/>\n\t<meta property=\"og:image:type\" content=\"image\/jpeg\" \/>\n<meta name=\"twitter:card\" content=\"summary_large_image\" \/>\n<meta name=\"twitter:label1\" content=\"Gesch\u00e4tzte Lesezeit\" \/>\n\t<meta name=\"twitter:data1\" content=\"1\u00a0Minute\" \/>\n<!-- \/ Yoast SEO plugin. -->","yoast_head_json":{"title":"Schlitzrinne Inza O100","description":"Schlitzrinne Inza O100. Rinne aus Polymerbeton und Schlitzrost aus verzinktem Stahl \/ Edelstahl der Belastungsklasse A15","robots":{"index":"index","follow":"follow","max-snippet":"max-snippet:-1","max-image-preview":"max-image-preview:large","max-video-preview":"max-video-preview:-1"},"canonical":"https:\/\/inzainox.com\/de\/produkt\/schlitzrinne-inza-o100\/","og_locale":"de_DE","og_type":"article","og_title":"Schlitzrinne Inza O100","og_description":"Schlitzrinne Inza O100. Rinne aus Polymerbeton und Schlitzrost aus verzinktem Stahl \/ Edelstahl der Belastungsklasse A15","og_url":"https:\/\/inzainox.com\/de\/produkt\/schlitzrinne-inza-o100\/","og_site_name":"Inza Rinnen und Abl\u00e4ufe aus Edelstahl. Edelstahl-Entw\u00e4sserung f\u00fcr die Industrie","og_image":[{"width":694,"height":445,"url":"https:\/\/inzainox.com\/wp-content\/uploads\/2022\/03\/S100GLH100.jpg","type":"image\/jpeg"}],"twitter_card":"summary_large_image","twitter_misc":{"Gesch\u00e4tzte Lesezeit":"1\u00a0Minute"},"schema":{"@context":"https:\/\/schema.org","@graph":[{"@type":"WebPage","@id":"https:\/\/inzainox.com\/de\/produkt\/schlitzrinne-inza-o100\/","url":"https:\/\/inzainox.com\/de\/produkt\/schlitzrinne-inza-o100\/","name":"Schlitzrinne Inza O100","isPartOf":{"@id":"https:\/\/inzainox.com\/de\/#website"},"primaryImageOfPage":{"@id":"https:\/\/inzainox.com\/de\/produkt\/schlitzrinne-inza-o100\/#primaryimage"},"image":{"@id":"https:\/\/inzainox.com\/de\/produkt\/schlitzrinne-inza-o100\/#primaryimage"},"thumbnailUrl":"https:\/\/inzainox.com\/wp-content\/uploads\/2022\/03\/S100GLH100.jpg","datePublished":"2022-03-05T06:43:44+00:00","description":"Schlitzrinne Inza O100. Rinne aus Polymerbeton und Schlitzrost aus verzinktem Stahl \/ Edelstahl der Belastungsklasse A15","breadcrumb":{"@id":"https:\/\/inzainox.com\/de\/produkt\/schlitzrinne-inza-o100\/#breadcrumb"},"inLanguage":"de","potentialAction":[{"@type":"ReadAction","target":["https:\/\/inzainox.com\/de\/produkt\/schlitzrinne-inza-o100\/"]}]},{"@type":"ImageObject","inLanguage":"de","@id":"https:\/\/inzainox.com\/de\/produkt\/schlitzrinne-inza-o100\/#primaryimage","url":"https:\/\/inzainox.com\/wp-content\/uploads\/2022\/03\/S100GLH100.jpg","contentUrl":"https:\/\/inzainox.com\/wp-content\/uploads\/2022\/03\/S100GLH100.jpg","width":694,"height":445,"caption":"canal de hormig\u00f3n pol\u00edmero con reja ranurada oculta"},{"@type":"BreadcrumbList","@id":"https:\/\/inzainox.com\/de\/produkt\/schlitzrinne-inza-o100\/#breadcrumb","itemListElement":[{"@type":"ListItem","position":1,"name":"Startseite","item":"https:\/\/inzainox.com\/de\/neue-startseite\/"},{"@type":"ListItem","position":2,"name":"Inza-Shop","item":"https:\/\/inzainox.com\/de\/inza-shop\/"},{"@type":"ListItem","position":3,"name":"Schlitzrinne INZA O100"}]},{"@type":"WebSite","@id":"https:\/\/inzainox.com\/de\/#website","url":"https:\/\/inzainox.com\/de\/","name":"Inza Rinnen und Abl\u00e4ufe aus Edelstahl. Edelstahl-Entw\u00e4sserung f\u00fcr die Industrie","description":"Edelstahl-Entw\u00e4sserung f\u00fcr die Industrie","publisher":{"@id":"https:\/\/inzainox.com\/de\/#organization"},"alternateName":"Inza Inox","potentialAction":[{"@type":"SearchAction","target":{"@type":"EntryPoint","urlTemplate":"https:\/\/inzainox.com\/de\/?s={search_term_string}"},"query-input":{"@type":"PropertyValueSpecification","valueRequired":true,"valueName":"search_term_string"}}],"inLanguage":"de"},{"@type":"Organization","@id":"https:\/\/inzainox.com\/de\/#organization","name":"Inza Inox S.L.","alternateName":"Inza","url":"https:\/\/inzainox.com\/de\/","logo":{"@type":"ImageObject","inLanguage":"de","@id":"https:\/\/inzainox.com\/de\/#\/schema\/logo\/image\/","url":"https:\/\/inzainox.com\/wp-content\/uploads\/2020\/05\/cropped-cropped-NUEVA-INZA-2-1.png","contentUrl":"https:\/\/inzainox.com\/wp-content\/uploads\/2020\/05\/cropped-cropped-NUEVA-INZA-2-1.png","width":487,"height":165,"caption":"Inza Inox S.L."},"image":{"@id":"https:\/\/inzainox.com\/de\/#\/schema\/logo\/image\/"}}]}},"_links":{"self":[{"href":"https:\/\/inzainox.com\/de\/wp-json\/wp\/v2\/product\/10185","targetHints":{"allow":["GET"]}}],"collection":[{"href":"https:\/\/inzainox.com\/de\/wp-json\/wp\/v2\/product"}],"about":[{"href":"https:\/\/inzainox.com\/de\/wp-json\/wp\/v2\/types\/product"}],"replies":[{"embeddable":true,"href":"https:\/\/inzainox.com\/de\/wp-json\/wp\/v2\/comments?post=10185"}],"version-history":[{"count":0,"href":"https:\/\/inzainox.com\/de\/wp-json\/wp\/v2\/product\/10185\/revisions"}],"wp:featuredmedia":[{"embeddable":true,"href":"https:\/\/inzainox.com\/de\/wp-json\/wp\/v2\/media\/2268"}],"wp:attachment":[{"href":"https:\/\/inzainox.com\/de\/wp-json\/wp\/v2\/media?parent=10185"}],"wp:term":[{"taxonomy":"product_brand","embeddable":true,"href":"https:\/\/inzainox.com\/de\/wp-json\/wp\/v2\/product_brand?post=10185"},{"taxonomy":"product_cat","embeddable":true,"href":"https:\/\/inzainox.com\/de\/wp-json\/wp\/v2\/product_cat?post=10185"},{"taxonomy":"product_tag","embeddable":true,"href":"https:\/\/inzainox.com\/de\/wp-json\/wp\/v2\/product_tag?post=10185"}],"curies":[{"name":"wp","href":"https:\/\/api.w.org\/{rel}","templated":true}]}}