{"id":10147,"date":"2020-11-19T09:20:44","date_gmt":"2020-11-19T09:20:44","guid":{"rendered":"https:\/\/inzainox.com\/producto\/edelstahl-siphon-bodenablauf-mit-quadratischem-lochrost\/"},"modified":"2020-11-19T09:20:44","modified_gmt":"2020-11-19T09:20:44","slug":"edelstahl-siphon-bodenablauf-mit-quadratischem-lochrost","status":"publish","type":"product","link":"https:\/\/inzainox.com\/de\/produkt\/edelstahl-siphon-bodenablauf-mit-quadratischem-lochrost\/","title":{"rendered":"Edelstahl-Siphon-Bodenablauf mit quadratischem Lochrost"},"content":{"rendered":"<p>Edelstahl-Siphon-Bodenablauf mit quadratischem Lochrost. Geh\u00e4use und Rost aus Edelstahl. Mit horizontalem Abgang DN 50 mm. Mit herausnehmbarem Geruchsverschluss f\u00fcr einfache Wartung. Mit umlaufendem Flansch zur Unterst\u00fctzung der Abdichtung und des Fliesenbelags.<\/p>\n<p>Verschiedene Edelstahlrost-Designs verf\u00fcgbar. Optionale Nivellierf\u00fc\u00dfe und Dichtungsbahn. <\/p>\n<p><img fetchpriority=\"high\" decoding=\"async\" class=\"wp-image-1742 aligncenter\" src=\"https:\/\/inzainox.com\/wp-content\/uploads\/2020\/11\/plano-SM-reja-cuadrada.jpg\" alt=\"Abmessungen Edelstahl-Bodenablauf INZA SM\" width=\"645\" height=\"645\" srcset=\"https:\/\/inzainox.com\/wp-content\/uploads\/2020\/11\/plano-SM-reja-cuadrada.jpg 1000w, https:\/\/inzainox.com\/wp-content\/uploads\/2020\/11\/plano-SM-reja-cuadrada-300x300.jpg 300w, https:\/\/inzainox.com\/wp-content\/uploads\/2020\/11\/plano-SM-reja-cuadrada-150x150.jpg 150w, https:\/\/inzainox.com\/wp-content\/uploads\/2020\/11\/plano-SM-reja-cuadrada-768x768.jpg 768w, https:\/\/inzainox.com\/wp-content\/uploads\/2020\/11\/plano-SM-reja-cuadrada-600x600.jpg 600w, https:\/\/inzainox.com\/wp-content\/uploads\/2020\/11\/plano-SM-reja-cuadrada-100x100.jpg 100w\" sizes=\"(max-width: 645px) 100vw, 645px\" \/><\/p>\n","protected":false},"excerpt":{"rendered":"<p>Edelstahl-Siphon-Bodenablauf mit quadratischem Lochrost. Geh\u00e4use und Rost aus Edelstahl. <\/p>\n","protected":false},"featured_media":1725,"comment_status":"open","ping_status":"closed","template":"","meta":[],"product_brand":[],"product_cat":[661],"product_tag":[],"class_list":{"0":"post-10147","1":"product","2":"type-product","3":"status-publish","4":"has-post-thumbnail","6":"product_cat-bodenablaufe-mit-geruchsverschluss-aus-edelstahl","8":"first","9":"instock","10":"taxable","11":"shipping-taxable","12":"purchasable","13":"product-type-variable"},"yoast_head":"<!-- This site is optimized with the Yoast SEO plugin v27.1.1 - https:\/\/yoast.com\/product\/yoast-seo-wordpress\/ -->\n<title>Edelstahl-Siphon-Bodenablauf mit quadratischem Lochrost<\/title>\n<meta name=\"description\" content=\"Edelstahl-Siphon-Bodenablauf mit quadratischem Lochrost. Geh\u00e4use und Rost aus Edelstahl. Horizontaler Abgang DN 50 mm\" \/>\n<meta name=\"robots\" content=\"index, follow, max-snippet:-1, max-image-preview:large, max-video-preview:-1\" \/>\n<link rel=\"canonical\" href=\"https:\/\/inzainox.com\/de\/produkt\/edelstahl-siphon-bodenablauf-mit-quadratischem-lochrost\/\" \/>\n<meta property=\"og:locale\" content=\"de_DE\" \/>\n<meta property=\"og:type\" content=\"article\" \/>\n<meta property=\"og:title\" content=\"Edelstahl-Siphon-Bodenablauf mit quadratischem Lochrost\" \/>\n<meta property=\"og:description\" content=\"Edelstahl-Siphon-Bodenablauf mit quadratischem Lochrost. Geh\u00e4use und Rost aus Edelstahl. Horizontaler Abgang DN 50 mm\" \/>\n<meta property=\"og:url\" content=\"https:\/\/inzainox.com\/de\/produkt\/edelstahl-siphon-bodenablauf-mit-quadratischem-lochrost\/\" \/>\n<meta property=\"og:site_name\" content=\"Inza Rinnen und Abl\u00e4ufe aus Edelstahl. Edelstahl-Entw\u00e4sserung f\u00fcr die Industrie\" \/>\n<meta property=\"og:image\" content=\"https:\/\/inzainox.com\/wp-content\/uploads\/2020\/11\/cuadrado.jpg\" \/>\n\t<meta property=\"og:image:width\" content=\"444\" \/>\n\t<meta property=\"og:image:height\" content=\"293\" \/>\n\t<meta property=\"og:image:type\" content=\"image\/jpeg\" \/>\n<meta name=\"twitter:card\" content=\"summary_large_image\" \/>\n<!-- \/ Yoast SEO plugin. -->","yoast_head_json":{"title":"Edelstahl-Siphon-Bodenablauf mit quadratischem Lochrost","description":"Edelstahl-Siphon-Bodenablauf mit quadratischem Lochrost. Geh\u00e4use und Rost aus Edelstahl. Horizontaler Abgang DN 50 mm","robots":{"index":"index","follow":"follow","max-snippet":"max-snippet:-1","max-image-preview":"max-image-preview:large","max-video-preview":"max-video-preview:-1"},"canonical":"https:\/\/inzainox.com\/de\/produkt\/edelstahl-siphon-bodenablauf-mit-quadratischem-lochrost\/","og_locale":"de_DE","og_type":"article","og_title":"Edelstahl-Siphon-Bodenablauf mit quadratischem Lochrost","og_description":"Edelstahl-Siphon-Bodenablauf mit quadratischem Lochrost. Geh\u00e4use und Rost aus Edelstahl. Horizontaler Abgang DN 50 mm","og_url":"https:\/\/inzainox.com\/de\/produkt\/edelstahl-siphon-bodenablauf-mit-quadratischem-lochrost\/","og_site_name":"Inza Rinnen und Abl\u00e4ufe aus Edelstahl. Edelstahl-Entw\u00e4sserung f\u00fcr die Industrie","og_image":[{"width":444,"height":293,"url":"https:\/\/inzainox.com\/wp-content\/uploads\/2020\/11\/cuadrado.jpg","type":"image\/jpeg"}],"twitter_card":"summary_large_image","schema":{"@context":"https:\/\/schema.org","@graph":[{"@type":"WebPage","@id":"https:\/\/inzainox.com\/de\/produkt\/edelstahl-siphon-bodenablauf-mit-quadratischem-lochrost\/","url":"https:\/\/inzainox.com\/de\/produkt\/edelstahl-siphon-bodenablauf-mit-quadratischem-lochrost\/","name":"Edelstahl-Siphon-Bodenablauf mit quadratischem Lochrost","isPartOf":{"@id":"https:\/\/inzainox.com\/de\/#website"},"primaryImageOfPage":{"@id":"https:\/\/inzainox.com\/de\/produkt\/edelstahl-siphon-bodenablauf-mit-quadratischem-lochrost\/#primaryimage"},"image":{"@id":"https:\/\/inzainox.com\/de\/produkt\/edelstahl-siphon-bodenablauf-mit-quadratischem-lochrost\/#primaryimage"},"thumbnailUrl":"https:\/\/inzainox.com\/wp-content\/uploads\/2020\/11\/cuadrado.jpg","datePublished":"2020-11-19T09:20:44+00:00","description":"Edelstahl-Siphon-Bodenablauf mit quadratischem Lochrost. Geh\u00e4use und Rost aus Edelstahl. Horizontaler Abgang DN 50 mm","breadcrumb":{"@id":"https:\/\/inzainox.com\/de\/produkt\/edelstahl-siphon-bodenablauf-mit-quadratischem-lochrost\/#breadcrumb"},"inLanguage":"de","potentialAction":[{"@type":"ReadAction","target":["https:\/\/inzainox.com\/de\/produkt\/edelstahl-siphon-bodenablauf-mit-quadratischem-lochrost\/"]}]},{"@type":"ImageObject","inLanguage":"de","@id":"https:\/\/inzainox.com\/de\/produkt\/edelstahl-siphon-bodenablauf-mit-quadratischem-lochrost\/#primaryimage","url":"https:\/\/inzainox.com\/wp-content\/uploads\/2020\/11\/cuadrado.jpg","contentUrl":"https:\/\/inzainox.com\/wp-content\/uploads\/2020\/11\/cuadrado.jpg","width":444,"height":293,"caption":"sumidero de ducha de acero inoxidable"},{"@type":"BreadcrumbList","@id":"https:\/\/inzainox.com\/de\/produkt\/edelstahl-siphon-bodenablauf-mit-quadratischem-lochrost\/#breadcrumb","itemListElement":[{"@type":"ListItem","position":1,"name":"Startseite","item":"https:\/\/inzainox.com\/de\/neue-startseite\/"},{"@type":"ListItem","position":2,"name":"Inza-Shop","item":"https:\/\/inzainox.com\/de\/inza-shop\/"},{"@type":"ListItem","position":3,"name":"Edelstahl-Siphon-Bodenablauf mit quadratischem Lochrost"}]},{"@type":"WebSite","@id":"https:\/\/inzainox.com\/de\/#website","url":"https:\/\/inzainox.com\/de\/","name":"Inza Rinnen und Abl\u00e4ufe aus Edelstahl. Edelstahl-Entw\u00e4sserung f\u00fcr die Industrie","description":"Edelstahl-Entw\u00e4sserung f\u00fcr die Industrie","publisher":{"@id":"https:\/\/inzainox.com\/de\/#organization"},"alternateName":"Inza Inox","potentialAction":[{"@type":"SearchAction","target":{"@type":"EntryPoint","urlTemplate":"https:\/\/inzainox.com\/de\/?s={search_term_string}"},"query-input":{"@type":"PropertyValueSpecification","valueRequired":true,"valueName":"search_term_string"}}],"inLanguage":"de"},{"@type":"Organization","@id":"https:\/\/inzainox.com\/de\/#organization","name":"Inza Inox S.L.","alternateName":"Inza","url":"https:\/\/inzainox.com\/de\/","logo":{"@type":"ImageObject","inLanguage":"de","@id":"https:\/\/inzainox.com\/de\/#\/schema\/logo\/image\/","url":"https:\/\/inzainox.com\/wp-content\/uploads\/2020\/05\/cropped-NUEVA-INZA-2-5.png","contentUrl":"https:\/\/inzainox.com\/wp-content\/uploads\/2020\/05\/cropped-NUEVA-INZA-2-5.png","width":549,"height":264,"caption":"Inza Inox S.L."},"image":{"@id":"https:\/\/inzainox.com\/de\/#\/schema\/logo\/image\/"}}]}},"_links":{"self":[{"href":"https:\/\/inzainox.com\/de\/wp-json\/wp\/v2\/product\/10147","targetHints":{"allow":["GET"]}}],"collection":[{"href":"https:\/\/inzainox.com\/de\/wp-json\/wp\/v2\/product"}],"about":[{"href":"https:\/\/inzainox.com\/de\/wp-json\/wp\/v2\/types\/product"}],"replies":[{"embeddable":true,"href":"https:\/\/inzainox.com\/de\/wp-json\/wp\/v2\/comments?post=10147"}],"version-history":[{"count":0,"href":"https:\/\/inzainox.com\/de\/wp-json\/wp\/v2\/product\/10147\/revisions"}],"wp:featuredmedia":[{"embeddable":true,"href":"https:\/\/inzainox.com\/de\/wp-json\/wp\/v2\/media\/1725"}],"wp:attachment":[{"href":"https:\/\/inzainox.com\/de\/wp-json\/wp\/v2\/media?parent=10147"}],"wp:term":[{"taxonomy":"product_brand","embeddable":true,"href":"https:\/\/inzainox.com\/de\/wp-json\/wp\/v2\/product_brand?post=10147"},{"taxonomy":"product_cat","embeddable":true,"href":"https:\/\/inzainox.com\/de\/wp-json\/wp\/v2\/product_cat?post=10147"},{"taxonomy":"product_tag","embeddable":true,"href":"https:\/\/inzainox.com\/de\/wp-json\/wp\/v2\/product_tag?post=10147"}],"curies":[{"name":"wp","href":"https:\/\/api.w.org\/{rel}","templated":true}]}}