{"id":10128,"date":"2022-03-03T12:20:22","date_gmt":"2022-03-03T12:20:22","guid":{"rendered":"https:\/\/inzainox.com\/producto\/inza-s100-rinne-aus-polymerbeton-breite-100-mm\/"},"modified":"2026-03-30T15:02:51","modified_gmt":"2026-03-30T15:02:51","slug":"inza-s100-rinne-aus-polymerbeton-breite-100-mm","status":"publish","type":"product","link":"https:\/\/inzainox.com\/de\/produkt\/inza-s100-rinne-aus-polymerbeton-breite-100-mm\/","title":{"rendered":"INZA S100 Rinne aus Polymerbeton, Breite 100 mm"},"content":{"rendered":"\t\t<div data-elementor-type=\"wp-post\" data-elementor-id=\"10128\" class=\"elementor elementor-10128 elementor-2287\">\n\t\t\t\t<div class=\"elementor-element elementor-element-156c8aaf e-flex e-con-boxed e-con e-parent\" data-id=\"156c8aaf\" data-element_type=\"container\" data-e-type=\"container\">\n\t\t\t\t\t<div class=\"e-con-inner\">\n\t\t\t\t<div class=\"elementor-element elementor-element-69cbc51d elementor-widget elementor-widget-text-editor\" data-id=\"69cbc51d\" data-element_type=\"widget\" data-e-type=\"widget\" data-widget_type=\"text-editor.default\">\n\t\t\t\t<div class=\"elementor-widget-container\">\n\t\t\t\t\t\t\t\t\t<p>Polymerbetonrinne mit Rost S100. Innenbreite 100 mm und verschiedene H\u00f6hen. Teilst\u00fccke in 1000 mm L\u00e4nge. Mit Nut-Feder-System zur Verbindung und Vorpr\u00e4gungen f\u00fcr den Anschluss von Abl\u00e4ufen   <\/p><p>Verf\u00fcgbar mit Rosten aus verzinktem Stahl, Edelstahl, Gusseisen und Polypropylen<\/p><p>Die Rinnen entsprechen der Belastungsklasse C250; Roste sind f\u00fcr die Belastungsklassen A15 \u2013 Fu\u00dfg\u00e4ngerverkehr, B125 \u2013 PKW-Verkehr und C250 \u2013 Stadtverkehr erh\u00e4ltlich<\/p><p> <\/p><p>Stegrost aus verzinktem Stahl und Edelstahl, begehbar A15<\/p><p><img decoding=\"async\" class=\"alignnone wp-image-2265\" src=\"https:\/\/inzainox.com\/wp-content\/uploads\/2022\/03\/reja-pasarela.png\" alt=\"Stegrost aus verzinktem Stahl, begehbar, f\u00fcr Polymerbetonrinne Inza\" width=\"205\" height=\"93\" srcset=\"https:\/\/inzainox.com\/wp-content\/uploads\/2022\/03\/reja-pasarela.png 849w, https:\/\/inzainox.com\/wp-content\/uploads\/2022\/03\/reja-pasarela-300x136.png 300w, https:\/\/inzainox.com\/wp-content\/uploads\/2022\/03\/reja-pasarela-768x349.png 768w, https:\/\/inzainox.com\/wp-content\/uploads\/2022\/03\/reja-pasarela-600x273.png 600w\" sizes=\"(max-width: 205px) 100vw, 205px\" \/><\/p><p>Gitterrost aus verzinktem Stahl und Edelstahl<\/p><p><img decoding=\"async\" class=\"alignnone wp-image-2261\" src=\"https:\/\/inzainox.com\/wp-content\/uploads\/2022\/03\/reja-entramada.png\" alt=\"\" width=\"207\" height=\"97\" srcset=\"https:\/\/inzainox.com\/wp-content\/uploads\/2022\/03\/reja-entramada.png 846w, https:\/\/inzainox.com\/wp-content\/uploads\/2022\/03\/reja-entramada-300x141.png 300w, https:\/\/inzainox.com\/wp-content\/uploads\/2022\/03\/reja-entramada-768x360.png 768w, https:\/\/inzainox.com\/wp-content\/uploads\/2022\/03\/reja-entramada-600x282.png 600w\" sizes=\"(max-width: 207px) 100vw, 207px\" \/><\/p><p>Gussrost C250 f\u00fcr Verkehrsbelastungen. Speziell f\u00fcr Garageneinfahrten konzipiert <\/p><p><img decoding=\"async\" class=\"alignnone wp-image-2262 \" src=\"https:\/\/inzainox.com\/wp-content\/uploads\/2022\/03\/REJA-FUNDICION-300x140.png\" alt=\"\" width=\"196\" height=\"91\" srcset=\"https:\/\/inzainox.com\/wp-content\/uploads\/2022\/03\/REJA-FUNDICION-300x140.png 300w, https:\/\/inzainox.com\/wp-content\/uploads\/2022\/03\/REJA-FUNDICION-768x359.png 768w, https:\/\/inzainox.com\/wp-content\/uploads\/2022\/03\/REJA-FUNDICION-600x280.png 600w, https:\/\/inzainox.com\/wp-content\/uploads\/2022\/03\/REJA-FUNDICION.png 846w\" sizes=\"(max-width: 196px) 100vw, 196px\" \/><\/p><p>Schlitzaufsatz in T- oder L-Form aus verzinktem Stahl oder Edelstahl f\u00fcr eine nahezu unsichtbare Entw\u00e4sserung bei verschiedenen Bodenbelagsh\u00f6hen<\/p><p><img loading=\"lazy\" decoding=\"async\" class=\"alignnone wp-image-2268\" src=\"https:\/\/inzainox.com\/wp-content\/uploads\/2022\/03\/S100GLH100.jpg\" alt=\"Rinne mit verdecktem Schlitzrost\" width=\"262\" height=\"168\" srcset=\"https:\/\/inzainox.com\/wp-content\/uploads\/2022\/03\/S100GLH100.jpg 694w, https:\/\/inzainox.com\/wp-content\/uploads\/2022\/03\/S100GLH100-300x192.jpg 300w, https:\/\/inzainox.com\/wp-content\/uploads\/2022\/03\/S100GLH100-600x385.jpg 600w\" sizes=\"(max-width: 262px) 100vw, 262px\" \/><\/p><p>Spezialroste aus Edelstahl mit Premium-Finish f\u00fcr INZA Entw\u00e4sserungsrinnen<\/p><p><img loading=\"lazy\" decoding=\"async\" class=\"alignnone wp-image-2245\" src=\"https:\/\/inzainox.com\/wp-content\/uploads\/2022\/03\/REJAS-ESPECIALES.jpg\" alt=\"Spezialroste aus Edelstahl\" width=\"463\" height=\"81\" srcset=\"https:\/\/inzainox.com\/wp-content\/uploads\/2022\/03\/REJAS-ESPECIALES.jpg 993w, https:\/\/inzainox.com\/wp-content\/uploads\/2022\/03\/REJAS-ESPECIALES-300x53.jpg 300w, https:\/\/inzainox.com\/wp-content\/uploads\/2022\/03\/REJAS-ESPECIALES-768x135.jpg 768w, https:\/\/inzainox.com\/wp-content\/uploads\/2022\/03\/REJAS-ESPECIALES-600x105.jpg 600w\" sizes=\"(max-width: 463px) 100vw, 463px\" \/><\/p><p>Es gibt verschiedenes Zubeh\u00f6r f\u00fcr die Entw\u00e4sserungsrinne mit Gussrost S100RP, wie Stirnw\u00e4nde, Siphon-Abl\u00e4ufe, Schlammfangeimer etc. (kontaktieren Sie uns per E-Mail unter info@inzainox.com f\u00fcr Anfragen)<\/p><p><img loading=\"lazy\" decoding=\"async\" class=\"alignnone size-full wp-image-2246\" src=\"https:\/\/inzainox.com\/wp-content\/uploads\/2022\/03\/PIEZAS-ESPECIALES.jpg\" alt=\"Spezialteile f\u00fcr Polymerbetonrinnen\" width=\"585\" height=\"169\" srcset=\"https:\/\/inzainox.com\/wp-content\/uploads\/2022\/03\/PIEZAS-ESPECIALES.jpg 585w, https:\/\/inzainox.com\/wp-content\/uploads\/2022\/03\/PIEZAS-ESPECIALES-300x87.jpg 300w\" sizes=\"(max-width: 585px) 100vw, 585px\" \/><\/p><p> <\/p>\t\t\t\t\t\t\t\t<\/div>\n\t\t\t\t<\/div>\n\t\t\t\t\t<\/div>\n\t\t\t\t<\/div>\n\t\t\t\t<\/div>\n\t\t","protected":false},"excerpt":{"rendered":"<p>Entw\u00e4sserungsrinnen aus Polymerbeton mit Rost S100. Innenbreite 100 mm und verschiedene H\u00f6hen. Teilst\u00fccke in 1000 mm L\u00e4nge. Mit Nut-Feder-System zur Verbindung und Vorpr\u00e4gungen f\u00fcr den Anschluss von Abl\u00e4ufen   <\/p>\n<p>Verf\u00fcgbar mit Rosten aus verzinktem Stahl, Edelstahl, Gusseisen und Polypropylen<\/p>\n<p>Die Rinnen entsprechen der Belastungsklasse C250; Roste sind f\u00fcr die Belastungsklassen A15 \u2013 Fu\u00dfg\u00e4ngerverkehr, B125 \u2013 PKW-Verkehr und C250 \u2013 Stadtverkehr erh\u00e4ltlich<\/p>\n<p>&nbsp;<\/p>\n<p>Stegrost aus verzinktem Stahl, begehbar A15<\/p>\n","protected":false},"featured_media":2267,"comment_status":"open","ping_status":"closed","template":"","meta":[],"product_brand":[],"product_cat":[537,538],"product_tag":[],"class_list":{"0":"post-10128","1":"product","2":"type-product","3":"status-publish","4":"has-post-thumbnail","6":"product_cat-entwasserungsrinnen-mit-rost","7":"product_cat-polymerbeton-rinnen","8":"pa_altura-exterior-de-canal-100mm","9":"pa_altura-exterior-de-canal-150mm","10":"pa_altura-exterior-de-canal-60mm","12":"first","13":"instock","14":"taxable","15":"shipping-taxable","16":"purchasable","17":"product-type-variable","18":"has-default-attributes"},"yoast_head":"<!-- This site is optimized with the Yoast SEO plugin v27.1.1 - https:\/\/yoast.com\/product\/yoast-seo-wordpress\/ -->\n<title>Inza Rinnen und Abl\u00e4ufe aus Edelstahl. Edelstahl-Entw\u00e4sserung f\u00fcr die Industrie<\/title>\n<meta name=\"description\" content=\"Entw\u00e4sserungsrinnen aus Polymerbeton in der Breite 100 mit verschiedenen H\u00f6hen und Breiten. Ab Lager f\u00fcr sofortigen Versand verf\u00fcgbar\" \/>\n<meta name=\"robots\" content=\"index, follow, max-snippet:-1, max-image-preview:large, max-video-preview:-1\" \/>\n<link rel=\"canonical\" href=\"https:\/\/inzainox.com\/de\/produkt\/inza-s100-rinne-aus-polymerbeton-breite-100-mm\/\" \/>\n<meta property=\"og:locale\" content=\"de_DE\" \/>\n<meta property=\"og:type\" content=\"article\" \/>\n<meta property=\"og:title\" content=\"Inza Rinnen und Abl\u00e4ufe aus Edelstahl. Edelstahl-Entw\u00e4sserung f\u00fcr die Industrie\" \/>\n<meta property=\"og:description\" content=\"Entw\u00e4sserungsrinnen aus Polymerbeton in der Breite 100 mit verschiedenen H\u00f6hen und Breiten. Ab Lager f\u00fcr sofortigen Versand verf\u00fcgbar\" \/>\n<meta property=\"og:url\" content=\"https:\/\/inzainox.com\/de\/produkt\/inza-s100-rinne-aus-polymerbeton-breite-100-mm\/\" \/>\n<meta property=\"og:site_name\" content=\"Inza Rinnen und Abl\u00e4ufe aus Edelstahl. Edelstahl-Entw\u00e4sserung f\u00fcr die Industrie\" \/>\n<meta property=\"article:modified_time\" content=\"2026-03-30T15:02:51+00:00\" \/>\n<meta property=\"og:image\" content=\"https:\/\/inzainox.com\/wp-content\/uploads\/2022\/03\/S100.jpg\" \/>\n\t<meta property=\"og:image:width\" content=\"615\" \/>\n\t<meta property=\"og:image:height\" content=\"422\" \/>\n\t<meta property=\"og:image:type\" content=\"image\/jpeg\" \/>\n<meta name=\"twitter:card\" content=\"summary_large_image\" \/>\n<meta name=\"twitter:label1\" content=\"Gesch\u00e4tzte Lesezeit\" \/>\n\t<meta name=\"twitter:data1\" content=\"1\u00a0Minute\" \/>\n<!-- \/ Yoast SEO plugin. -->","yoast_head_json":{"title":"Inza Rinnen und Abl\u00e4ufe aus Edelstahl. Edelstahl-Entw\u00e4sserung f\u00fcr die Industrie","description":"Entw\u00e4sserungsrinnen aus Polymerbeton in der Breite 100 mit verschiedenen H\u00f6hen und Breiten. Ab Lager f\u00fcr sofortigen Versand verf\u00fcgbar","robots":{"index":"index","follow":"follow","max-snippet":"max-snippet:-1","max-image-preview":"max-image-preview:large","max-video-preview":"max-video-preview:-1"},"canonical":"https:\/\/inzainox.com\/de\/produkt\/inza-s100-rinne-aus-polymerbeton-breite-100-mm\/","og_locale":"de_DE","og_type":"article","og_title":"Inza Rinnen und Abl\u00e4ufe aus Edelstahl. Edelstahl-Entw\u00e4sserung f\u00fcr die Industrie","og_description":"Entw\u00e4sserungsrinnen aus Polymerbeton in der Breite 100 mit verschiedenen H\u00f6hen und Breiten. Ab Lager f\u00fcr sofortigen Versand verf\u00fcgbar","og_url":"https:\/\/inzainox.com\/de\/produkt\/inza-s100-rinne-aus-polymerbeton-breite-100-mm\/","og_site_name":"Inza Rinnen und Abl\u00e4ufe aus Edelstahl. Edelstahl-Entw\u00e4sserung f\u00fcr die Industrie","article_modified_time":"2026-03-30T15:02:51+00:00","og_image":[{"width":615,"height":422,"url":"https:\/\/inzainox.com\/wp-content\/uploads\/2022\/03\/S100.jpg","type":"image\/jpeg"}],"twitter_card":"summary_large_image","twitter_misc":{"Gesch\u00e4tzte Lesezeit":"1\u00a0Minute"},"schema":{"@context":"https:\/\/schema.org","@graph":[{"@type":"WebPage","@id":"https:\/\/inzainox.com\/de\/produkt\/inza-s100-rinne-aus-polymerbeton-breite-100-mm\/","url":"https:\/\/inzainox.com\/de\/produkt\/inza-s100-rinne-aus-polymerbeton-breite-100-mm\/","name":"Inza Rinnen und Abl\u00e4ufe aus Edelstahl. Edelstahl-Entw\u00e4sserung f\u00fcr die Industrie","isPartOf":{"@id":"https:\/\/inzainox.com\/de\/#website"},"primaryImageOfPage":{"@id":"https:\/\/inzainox.com\/de\/produkt\/inza-s100-rinne-aus-polymerbeton-breite-100-mm\/#primaryimage"},"image":{"@id":"https:\/\/inzainox.com\/de\/produkt\/inza-s100-rinne-aus-polymerbeton-breite-100-mm\/#primaryimage"},"thumbnailUrl":"https:\/\/inzainox.com\/wp-content\/uploads\/2022\/03\/S100.jpg","datePublished":"2022-03-03T12:20:22+00:00","dateModified":"2026-03-30T15:02:51+00:00","description":"Entw\u00e4sserungsrinnen aus Polymerbeton in der Breite 100 mit verschiedenen H\u00f6hen und Breiten. Ab Lager f\u00fcr sofortigen Versand verf\u00fcgbar","breadcrumb":{"@id":"https:\/\/inzainox.com\/de\/produkt\/inza-s100-rinne-aus-polymerbeton-breite-100-mm\/#breadcrumb"},"inLanguage":"de","potentialAction":[{"@type":"ReadAction","target":["https:\/\/inzainox.com\/de\/produkt\/inza-s100-rinne-aus-polymerbeton-breite-100-mm\/"]}]},{"@type":"ImageObject","inLanguage":"de","@id":"https:\/\/inzainox.com\/de\/produkt\/inza-s100-rinne-aus-polymerbeton-breite-100-mm\/#primaryimage","url":"https:\/\/inzainox.com\/wp-content\/uploads\/2022\/03\/S100.jpg","contentUrl":"https:\/\/inzainox.com\/wp-content\/uploads\/2022\/03\/S100.jpg","width":615,"height":422},{"@type":"BreadcrumbList","@id":"https:\/\/inzainox.com\/de\/produkt\/inza-s100-rinne-aus-polymerbeton-breite-100-mm\/#breadcrumb","itemListElement":[{"@type":"ListItem","position":1,"name":"Startseite","item":"https:\/\/inzainox.com\/de\/neue-startseite\/"},{"@type":"ListItem","position":2,"name":"Inza-Shop","item":"https:\/\/inzainox.com\/de\/inza-shop\/"},{"@type":"ListItem","position":3,"name":"INZA S100 Rinne aus Polymerbeton, Breite 100 mm"}]},{"@type":"WebSite","@id":"https:\/\/inzainox.com\/de\/#website","url":"https:\/\/inzainox.com\/de\/","name":"Inza Rinnen und Abl\u00e4ufe aus Edelstahl. Edelstahl-Entw\u00e4sserung f\u00fcr die Industrie","description":"Edelstahl-Entw\u00e4sserung f\u00fcr die Industrie","publisher":{"@id":"https:\/\/inzainox.com\/de\/#organization"},"alternateName":"Inza Inox","potentialAction":[{"@type":"SearchAction","target":{"@type":"EntryPoint","urlTemplate":"https:\/\/inzainox.com\/de\/?s={search_term_string}"},"query-input":{"@type":"PropertyValueSpecification","valueRequired":true,"valueName":"search_term_string"}}],"inLanguage":"de"},{"@type":"Organization","@id":"https:\/\/inzainox.com\/de\/#organization","name":"Inza Inox S.L.","alternateName":"Inza","url":"https:\/\/inzainox.com\/de\/","logo":{"@type":"ImageObject","inLanguage":"de","@id":"https:\/\/inzainox.com\/de\/#\/schema\/logo\/image\/","url":"https:\/\/inzainox.com\/wp-content\/uploads\/2020\/05\/cropped-NUEVA-INZA-2-5.png","contentUrl":"https:\/\/inzainox.com\/wp-content\/uploads\/2020\/05\/cropped-NUEVA-INZA-2-5.png","width":549,"height":264,"caption":"Inza Inox S.L."},"image":{"@id":"https:\/\/inzainox.com\/de\/#\/schema\/logo\/image\/"}}]}},"_links":{"self":[{"href":"https:\/\/inzainox.com\/de\/wp-json\/wp\/v2\/product\/10128","targetHints":{"allow":["GET"]}}],"collection":[{"href":"https:\/\/inzainox.com\/de\/wp-json\/wp\/v2\/product"}],"about":[{"href":"https:\/\/inzainox.com\/de\/wp-json\/wp\/v2\/types\/product"}],"replies":[{"embeddable":true,"href":"https:\/\/inzainox.com\/de\/wp-json\/wp\/v2\/comments?post=10128"}],"version-history":[{"count":1,"href":"https:\/\/inzainox.com\/de\/wp-json\/wp\/v2\/product\/10128\/revisions"}],"predecessor-version":[{"id":10152,"href":"https:\/\/inzainox.com\/de\/wp-json\/wp\/v2\/product\/10128\/revisions\/10152"}],"wp:featuredmedia":[{"embeddable":true,"href":"https:\/\/inzainox.com\/de\/wp-json\/wp\/v2\/media\/2267"}],"wp:attachment":[{"href":"https:\/\/inzainox.com\/de\/wp-json\/wp\/v2\/media?parent=10128"}],"wp:term":[{"taxonomy":"product_brand","embeddable":true,"href":"https:\/\/inzainox.com\/de\/wp-json\/wp\/v2\/product_brand?post=10128"},{"taxonomy":"product_cat","embeddable":true,"href":"https:\/\/inzainox.com\/de\/wp-json\/wp\/v2\/product_cat?post=10128"},{"taxonomy":"product_tag","embeddable":true,"href":"https:\/\/inzainox.com\/de\/wp-json\/wp\/v2\/product_tag?post=10128"}],"curies":[{"name":"wp","href":"https:\/\/api.w.org\/{rel}","templated":true}]}}