{"id":10102,"date":"2020-11-18T19:32:22","date_gmt":"2020-11-18T19:32:22","guid":{"rendered":"https:\/\/inzainox.com\/producto\/siphon-bodenablauf-aus-edelstahl-mit-befuellbarem-rost\/"},"modified":"2020-11-18T19:32:22","modified_gmt":"2020-11-18T19:32:22","slug":"siphon-bodenablauf-aus-edelstahl-mit-befuellbarem-rost","status":"publish","type":"product","link":"https:\/\/inzainox.com\/de\/produkt\/siphon-bodenablauf-aus-edelstahl-mit-befuellbarem-rost\/","title":{"rendered":"Siphon-Bodenablauf aus Edelstahl mit bef\u00fcllbarem Rost"},"content":{"rendered":"<p>Siphon-Bodenablauf aus Edelstahl mit bef\u00fcllbarem Rost. Zum Belegen mit demselben Bodenbelag wie im restlichen Bad. Geh\u00e4use und Rost aus Edelstahl. Mit horizontalem Abgang DN50 mm. Mit herausnehmbarem Geruchsverschluss f\u00fcr einfache Wartung. Mit umlaufendem Flansch zur Auflage der Abdichtung und der Fliese.<\/p>\n<p>Verschiedene Designs von Edelstahlrosten verf\u00fcgbar. Optionale Nivellierf\u00fc\u00dfe und Abdichtungsbahn. <\/p>\n<p><img fetchpriority=\"high\" decoding=\"async\" class=\"alignnone size-full wp-image-1744\" src=\"https:\/\/inzainox.com\/wp-content\/uploads\/2020\/11\/plano-SM-reja-rellenable.jpg\" alt=\"Ma\u00dfzeichnung Edelstahl-Bodenablauf INZA SM\" width=\"1000\" height=\"1000\" srcset=\"https:\/\/inzainox.com\/wp-content\/uploads\/2020\/11\/plano-SM-reja-rellenable.jpg 1000w, https:\/\/inzainox.com\/wp-content\/uploads\/2020\/11\/plano-SM-reja-rellenable-300x300.jpg 300w, https:\/\/inzainox.com\/wp-content\/uploads\/2020\/11\/plano-SM-reja-rellenable-150x150.jpg 150w, https:\/\/inzainox.com\/wp-content\/uploads\/2020\/11\/plano-SM-reja-rellenable-768x768.jpg 768w, https:\/\/inzainox.com\/wp-content\/uploads\/2020\/11\/plano-SM-reja-rellenable-600x600.jpg 600w, https:\/\/inzainox.com\/wp-content\/uploads\/2020\/11\/plano-SM-reja-rellenable-100x100.jpg 100w\" sizes=\"(max-width: 1000px) 100vw, 1000px\" \/><\/p>\n","protected":false},"excerpt":{"rendered":"<p>Siphon-Bodenablauf aus Edelstahl mit bef\u00fcllbarem Rost. Zum Belegen mit demselben Bodenbelag wie im restlichen Bad. Geh\u00e4use und Rost aus Edelstahl.<\/p>\n","protected":false},"featured_media":1728,"comment_status":"open","ping_status":"closed","template":"","meta":[],"product_brand":[],"product_cat":[661],"product_tag":[],"class_list":{"0":"post-10102","1":"product","2":"type-product","3":"status-publish","4":"has-post-thumbnail","6":"product_cat-bodenablaufe-mit-geruchsverschluss-aus-edelstahl","8":"first","9":"instock","10":"taxable","11":"shipping-taxable","12":"purchasable","13":"product-type-variable"},"yoast_head":"<!-- This site is optimized with the Yoast SEO plugin v27.1.1 - https:\/\/yoast.com\/product\/yoast-seo-wordpress\/ -->\n<title>Siphon-Bodenablauf aus Edelstahl mit bef\u00fcllbarem Rost<\/title>\n<meta name=\"description\" content=\"Siphon-Bodenablauf aus Edelstahl mit bef\u00fcllbarem Rost. Zum Belegen mit demselben Bodenbelag wie im restlichen Bad. Geh\u00e4use und Rost aus Edelstahl.\" \/>\n<meta name=\"robots\" content=\"index, follow, max-snippet:-1, max-image-preview:large, max-video-preview:-1\" \/>\n<link rel=\"canonical\" href=\"https:\/\/inzainox.com\/de\/produkt\/siphon-bodenablauf-aus-edelstahl-mit-befuellbarem-rost\/\" \/>\n<meta property=\"og:locale\" content=\"de_DE\" \/>\n<meta property=\"og:type\" content=\"article\" \/>\n<meta property=\"og:title\" content=\"Siphon-Bodenablauf aus Edelstahl mit bef\u00fcllbarem Rost\" \/>\n<meta property=\"og:description\" content=\"Siphon-Bodenablauf aus Edelstahl mit bef\u00fcllbarem Rost. Zum Belegen mit demselben Bodenbelag wie im restlichen Bad. Geh\u00e4use und Rost aus Edelstahl.\" \/>\n<meta property=\"og:url\" content=\"https:\/\/inzainox.com\/de\/produkt\/siphon-bodenablauf-aus-edelstahl-mit-befuellbarem-rost\/\" \/>\n<meta property=\"og:site_name\" content=\"Inza Rinnen und Abl\u00e4ufe aus Edelstahl. Edelstahl-Entw\u00e4sserung f\u00fcr die Industrie\" \/>\n<meta property=\"og:image\" content=\"https:\/\/inzainox.com\/wp-content\/uploads\/2020\/11\/SM-rellenable.jpg\" \/>\n\t<meta property=\"og:image:width\" content=\"1000\" \/>\n\t<meta property=\"og:image:height\" content=\"1000\" \/>\n\t<meta property=\"og:image:type\" content=\"image\/jpeg\" \/>\n<meta name=\"twitter:card\" content=\"summary_large_image\" \/>\n<!-- \/ Yoast SEO plugin. -->","yoast_head_json":{"title":"Siphon-Bodenablauf aus Edelstahl mit bef\u00fcllbarem Rost","description":"Siphon-Bodenablauf aus Edelstahl mit bef\u00fcllbarem Rost. Zum Belegen mit demselben Bodenbelag wie im restlichen Bad. Geh\u00e4use und Rost aus Edelstahl.","robots":{"index":"index","follow":"follow","max-snippet":"max-snippet:-1","max-image-preview":"max-image-preview:large","max-video-preview":"max-video-preview:-1"},"canonical":"https:\/\/inzainox.com\/de\/produkt\/siphon-bodenablauf-aus-edelstahl-mit-befuellbarem-rost\/","og_locale":"de_DE","og_type":"article","og_title":"Siphon-Bodenablauf aus Edelstahl mit bef\u00fcllbarem Rost","og_description":"Siphon-Bodenablauf aus Edelstahl mit bef\u00fcllbarem Rost. Zum Belegen mit demselben Bodenbelag wie im restlichen Bad. Geh\u00e4use und Rost aus Edelstahl.","og_url":"https:\/\/inzainox.com\/de\/produkt\/siphon-bodenablauf-aus-edelstahl-mit-befuellbarem-rost\/","og_site_name":"Inza Rinnen und Abl\u00e4ufe aus Edelstahl. Edelstahl-Entw\u00e4sserung f\u00fcr die Industrie","og_image":[{"width":1000,"height":1000,"url":"https:\/\/inzainox.com\/wp-content\/uploads\/2020\/11\/SM-rellenable.jpg","type":"image\/jpeg"}],"twitter_card":"summary_large_image","schema":{"@context":"https:\/\/schema.org","@graph":[{"@type":"WebPage","@id":"https:\/\/inzainox.com\/de\/produkt\/siphon-bodenablauf-aus-edelstahl-mit-befuellbarem-rost\/","url":"https:\/\/inzainox.com\/de\/produkt\/siphon-bodenablauf-aus-edelstahl-mit-befuellbarem-rost\/","name":"Siphon-Bodenablauf aus Edelstahl mit bef\u00fcllbarem Rost","isPartOf":{"@id":"https:\/\/inzainox.com\/de\/#website"},"primaryImageOfPage":{"@id":"https:\/\/inzainox.com\/de\/produkt\/siphon-bodenablauf-aus-edelstahl-mit-befuellbarem-rost\/#primaryimage"},"image":{"@id":"https:\/\/inzainox.com\/de\/produkt\/siphon-bodenablauf-aus-edelstahl-mit-befuellbarem-rost\/#primaryimage"},"thumbnailUrl":"https:\/\/inzainox.com\/wp-content\/uploads\/2020\/11\/SM-rellenable.jpg","datePublished":"2020-11-18T19:32:22+00:00","description":"Siphon-Bodenablauf aus Edelstahl mit bef\u00fcllbarem Rost. Zum Belegen mit demselben Bodenbelag wie im restlichen Bad. Geh\u00e4use und Rost aus Edelstahl.","breadcrumb":{"@id":"https:\/\/inzainox.com\/de\/produkt\/siphon-bodenablauf-aus-edelstahl-mit-befuellbarem-rost\/#breadcrumb"},"inLanguage":"de","potentialAction":[{"@type":"ReadAction","target":["https:\/\/inzainox.com\/de\/produkt\/siphon-bodenablauf-aus-edelstahl-mit-befuellbarem-rost\/"]}]},{"@type":"ImageObject","inLanguage":"de","@id":"https:\/\/inzainox.com\/de\/produkt\/siphon-bodenablauf-aus-edelstahl-mit-befuellbarem-rost\/#primaryimage","url":"https:\/\/inzainox.com\/wp-content\/uploads\/2020\/11\/SM-rellenable.jpg","contentUrl":"https:\/\/inzainox.com\/wp-content\/uploads\/2020\/11\/SM-rellenable.jpg","width":1000,"height":1000,"caption":"Sumidero sif\u00f3nico de inox con reja pavimentable"},{"@type":"BreadcrumbList","@id":"https:\/\/inzainox.com\/de\/produkt\/siphon-bodenablauf-aus-edelstahl-mit-befuellbarem-rost\/#breadcrumb","itemListElement":[{"@type":"ListItem","position":1,"name":"Startseite","item":"https:\/\/inzainox.com\/de\/neue-startseite\/"},{"@type":"ListItem","position":2,"name":"Inza-Shop","item":"https:\/\/inzainox.com\/de\/inza-shop\/"},{"@type":"ListItem","position":3,"name":"Siphon-Bodenablauf aus Edelstahl mit bef\u00fcllbarem Rost"}]},{"@type":"WebSite","@id":"https:\/\/inzainox.com\/de\/#website","url":"https:\/\/inzainox.com\/de\/","name":"Inza Rinnen und Abl\u00e4ufe aus Edelstahl. Edelstahl-Entw\u00e4sserung f\u00fcr die Industrie","description":"Edelstahl-Entw\u00e4sserung f\u00fcr die Industrie","publisher":{"@id":"https:\/\/inzainox.com\/de\/#organization"},"alternateName":"Inza Inox","potentialAction":[{"@type":"SearchAction","target":{"@type":"EntryPoint","urlTemplate":"https:\/\/inzainox.com\/de\/?s={search_term_string}"},"query-input":{"@type":"PropertyValueSpecification","valueRequired":true,"valueName":"search_term_string"}}],"inLanguage":"de"},{"@type":"Organization","@id":"https:\/\/inzainox.com\/de\/#organization","name":"Inza Inox S.L.","alternateName":"Inza","url":"https:\/\/inzainox.com\/de\/","logo":{"@type":"ImageObject","inLanguage":"de","@id":"https:\/\/inzainox.com\/de\/#\/schema\/logo\/image\/","url":"https:\/\/inzainox.com\/wp-content\/uploads\/2020\/05\/cropped-NUEVA-INZA-2-5.png","contentUrl":"https:\/\/inzainox.com\/wp-content\/uploads\/2020\/05\/cropped-NUEVA-INZA-2-5.png","width":549,"height":264,"caption":"Inza Inox S.L."},"image":{"@id":"https:\/\/inzainox.com\/de\/#\/schema\/logo\/image\/"}}]}},"_links":{"self":[{"href":"https:\/\/inzainox.com\/de\/wp-json\/wp\/v2\/product\/10102","targetHints":{"allow":["GET"]}}],"collection":[{"href":"https:\/\/inzainox.com\/de\/wp-json\/wp\/v2\/product"}],"about":[{"href":"https:\/\/inzainox.com\/de\/wp-json\/wp\/v2\/types\/product"}],"replies":[{"embeddable":true,"href":"https:\/\/inzainox.com\/de\/wp-json\/wp\/v2\/comments?post=10102"}],"version-history":[{"count":0,"href":"https:\/\/inzainox.com\/de\/wp-json\/wp\/v2\/product\/10102\/revisions"}],"wp:featuredmedia":[{"embeddable":true,"href":"https:\/\/inzainox.com\/de\/wp-json\/wp\/v2\/media\/1728"}],"wp:attachment":[{"href":"https:\/\/inzainox.com\/de\/wp-json\/wp\/v2\/media?parent=10102"}],"wp:term":[{"taxonomy":"product_brand","embeddable":true,"href":"https:\/\/inzainox.com\/de\/wp-json\/wp\/v2\/product_brand?post=10102"},{"taxonomy":"product_cat","embeddable":true,"href":"https:\/\/inzainox.com\/de\/wp-json\/wp\/v2\/product_cat?post=10102"},{"taxonomy":"product_tag","embeddable":true,"href":"https:\/\/inzainox.com\/de\/wp-json\/wp\/v2\/product_tag?post=10102"}],"curies":[{"name":"wp","href":"https:\/\/api.w.org\/{rel}","templated":true}]}}