{"id":9326,"date":"2020-05-05T18:06:42","date_gmt":"2020-05-05T18:06:42","guid":{"rendered":"https:\/\/inzainox.com\/datenschutzerklaerung\/"},"modified":"2026-03-30T12:30:11","modified_gmt":"2026-03-30T12:30:11","slug":"datenschutzerklaerung","status":"publish","type":"page","link":"https:\/\/inzainox.com\/de\/datenschutzerklaerung\/","title":{"rendered":"Datenschutzerkl\u00e4rung"},"content":{"rendered":"\t\t<div data-elementor-type=\"wp-page\" data-elementor-id=\"9326\" class=\"elementor elementor-9326 elementor-388\">\n\t\t\t\t\t\t<section class=\"elementor-section elementor-top-section elementor-element elementor-element-70b13fe1 elementor-section-boxed elementor-section-height-default elementor-section-height-default\" data-id=\"70b13fe1\" data-element_type=\"section\" data-e-type=\"section\">\n\t\t\t\t\t\t<div class=\"elementor-container elementor-column-gap-default\">\n\t\t\t\t\t<div class=\"elementor-column elementor-col-100 elementor-top-column elementor-element elementor-element-3e7772bc\" data-id=\"3e7772bc\" data-element_type=\"column\" data-e-type=\"column\">\n\t\t\t<div class=\"elementor-widget-wrap elementor-element-populated\">\n\t\t\t\t\t\t<div class=\"elementor-element elementor-element-12219a8f elementor-widget elementor-widget-text-editor\" data-id=\"12219a8f\" data-element_type=\"widget\" data-e-type=\"widget\" data-widget_type=\"text-editor.default\">\n\t\t\t\t<div class=\"elementor-widget-container\">\n\t\t\t\t\t\t\t\t\t<p data-path-to-node=\"5\">Gem\u00e4\u00df der Verordnung (EU) 2016\/679 (DSGVO) und dem Organgesetz 3\/2018 (LOPDGDD) informiert der Verantwortliche dieser Website die Nutzer dar\u00fcber, dass ihre personenbezogenen Daten rechtm\u00e4\u00dfig, nach Treu und Glauben sowie transparent verarbeitet werden.<\/p>\n<p data-path-to-node=\"6\"><b data-path-to-node=\"6\" data-index-in-node=\"0\">Zwecke der Verarbeitung:<\/b> Durch Ankreuzen des K\u00e4stchens erkl\u00e4ren sich die Nutzer damit einverstanden, dass ihre Daten verarbeitet werden, um:<\/p>\n<ul data-path-to-node=\"7\">\n<li>\n<p data-path-to-node=\"7,0,0\">Werbliche kommerzielle Mitteilungen per E-Mail oder \u00fcber andere elektronische oder physische Medien zu versenden. Diese Mitteilungen beziehen sich auf Produkte und Dienstleistungen, die mit dem T\u00e4tigkeitsbereich des Anbieters zusammenh\u00e4ngen. <\/p>\n<\/li>\n<li>\n<p data-path-to-node=\"7,1,0\">Statistische Studien und Traffic-Analysen durchzuf\u00fchren.<\/p>\n<\/li>\n<li>\n<p data-path-to-node=\"7,2,0\">Auftr\u00e4ge, Anfragen oder vom Nutzer gestellte Ersuchen zu bearbeiten.<\/p>\n<\/li>\n<li>\n<p data-path-to-node=\"7,3,0\">Den Newsletter (<i data-path-to-node=\"7,3,0\" data-index-in-node=\"34\">newsletter<\/i>) zu versenden.<\/p>\n<\/li>\n<\/ul>\n<p data-path-to-node=\"8\"><b data-path-to-node=\"8\" data-index-in-node=\"0\">Rechtsgrundlage und Sicherheit:<\/b> Die Verarbeitung basiert auf der Einwilligung der betroffenen Person. Der Anbieter garantiert, dass die Daten ohne vorherige Einwilligung nicht an Dritte weitergegeben werden, au\u00dfer bei gesetzlicher Verpflichtung. Au\u00dferdem wurden alle technischen Sicherheitsma\u00dfnahmen (Firewalls, Kryptografie) ergriffen, um die Integrit\u00e4t der Daten zu gew\u00e4hrleisten.  <\/p>\n<p data-path-to-node=\"9\"><b data-path-to-node=\"9\" data-index-in-node=\"0\">Rechte des Nutzers:<\/b> Der Nutzer kann seine Rechte auf <b data-path-to-node=\"9\" data-index-in-node=\"63\">Auskunft, Berichtigung, L\u00f6schung (Vergessenwerden), Einschr\u00e4nkung, Daten\u00fcbertragbarkeit und Widerspruch<\/b> aus\u00fcben. Dazu muss er einen Antrag zusammen mit einer Kopie seines Personalausweises an folgende Adresse senden: <\/p>\n<ul data-path-to-node=\"10\">\n<li>\n<p data-path-to-node=\"10,0,0\"><b data-path-to-node=\"10,0,0\" data-index-in-node=\"0\">E-Mail:<\/b> info@inzainox.com<\/p>\n<\/li>\n<li>\n<p data-path-to-node=\"10,1,0\"><b data-path-to-node=\"10,1,0\" data-index-in-node=\"0\">Adresse:<\/b> C\/ Maria Auxiliadora 35, CP 28221 Majadahonda (Madrid)<\/p>\n<\/li>\n<\/ul>\n<p><\/p>\t\t\t\t\t\t\t\t<\/div>\n\t\t\t\t<\/div>\n\t\t\t\t\t<\/div>\n\t\t<\/div>\n\t\t\t\t\t<\/div>\n\t\t<\/section>\n\t\t\t\t<\/div>\n\t\t","protected":false},"excerpt":{"rendered":"<p>Gem\u00e4\u00df der Verordnung (EU) 2016\/679 (DSGVO) und dem Organgesetz 3\/2018 (LOPDGDD) informiert der Verantwortliche dieser Website die Nutzer dar\u00fcber, dass ihre personenbezogenen Daten rechtm\u00e4\u00dfig, nach Treu und Glauben sowie transparent verarbeitet werden. Zwecke der Verarbeitung: Durch Ankreuzen des K\u00e4stchens erkl\u00e4ren sich die Nutzer damit einverstanden, dass ihre Daten verarbeitet werden, um: Werbliche kommerzielle Mitteilungen per &#8230; <a title=\"Datenschutzerkl\u00e4rung\" class=\"read-more\" href=\"https:\/\/inzainox.com\/de\/datenschutzerklaerung\/\" aria-label=\"Mehr Informationen \u00fcber Datenschutzerkl\u00e4rung\">Weiterlesen<\/a><\/p>\n","protected":false},"author":1,"featured_media":0,"parent":0,"menu_order":0,"comment_status":"closed","ping_status":"closed","template":"","meta":{"footnotes":""},"class_list":["post-9326","page","type-page","status-publish"],"yoast_head":"<!-- This site is optimized with the Yoast SEO plugin v27.1.1 - https:\/\/yoast.com\/product\/yoast-seo-wordpress\/ -->\n<title>Datenschutzerkl\u00e4rung - Inza Rinnen und Abl\u00e4ufe aus Edelstahl. Edelstahl-Entw\u00e4sserung f\u00fcr die Industrie<\/title>\n<meta name=\"robots\" content=\"noindex, nofollow\" \/>\n<meta property=\"og:locale\" content=\"de_DE\" \/>\n<meta property=\"og:type\" content=\"article\" \/>\n<meta property=\"og:title\" content=\"Datenschutzerkl\u00e4rung - Inza Rinnen und Abl\u00e4ufe aus Edelstahl. Edelstahl-Entw\u00e4sserung f\u00fcr die Industrie\" \/>\n<meta property=\"og:description\" content=\"Gem\u00e4\u00df der Verordnung (EU) 2016\/679 (DSGVO) und dem Organgesetz 3\/2018 (LOPDGDD) informiert der Verantwortliche dieser Website die Nutzer dar\u00fcber, dass ihre personenbezogenen Daten rechtm\u00e4\u00dfig, nach Treu und Glauben sowie transparent verarbeitet werden. Zwecke der Verarbeitung: Durch Ankreuzen des K\u00e4stchens erkl\u00e4ren sich die Nutzer damit einverstanden, dass ihre Daten verarbeitet werden, um: Werbliche kommerzielle Mitteilungen per ... Weiterlesen\" \/>\n<meta property=\"og:url\" content=\"https:\/\/inzainox.com\/de\/datenschutzerklaerung\/\" \/>\n<meta property=\"og:site_name\" content=\"Inza Rinnen und Abl\u00e4ufe aus Edelstahl. Edelstahl-Entw\u00e4sserung f\u00fcr die Industrie\" \/>\n<meta property=\"article:modified_time\" content=\"2026-03-30T12:30:11+00:00\" \/>\n<meta property=\"og:image\" content=\"https:\/\/inzainox.com\/wp-content\/uploads\/2026\/02\/Canales-de-Acero-Inoxidable.png\" \/>\n\t<meta property=\"og:image:width\" content=\"350\" \/>\n\t<meta property=\"og:image:height\" content=\"613\" \/>\n\t<meta property=\"og:image:type\" content=\"image\/png\" \/>\n<meta name=\"twitter:card\" content=\"summary_large_image\" \/>\n<meta name=\"twitter:label1\" content=\"Gesch\u00e4tzte Lesezeit\" \/>\n\t<meta name=\"twitter:data1\" content=\"1\u00a0Minute\" \/>\n<!-- \/ Yoast SEO plugin. -->","yoast_head_json":{"title":"Datenschutzerkl\u00e4rung - Inza Rinnen und Abl\u00e4ufe aus Edelstahl. Edelstahl-Entw\u00e4sserung f\u00fcr die Industrie","robots":{"index":"noindex","follow":"nofollow"},"og_locale":"de_DE","og_type":"article","og_title":"Datenschutzerkl\u00e4rung - Inza Rinnen und Abl\u00e4ufe aus Edelstahl. Edelstahl-Entw\u00e4sserung f\u00fcr die Industrie","og_description":"Gem\u00e4\u00df der Verordnung (EU) 2016\/679 (DSGVO) und dem Organgesetz 3\/2018 (LOPDGDD) informiert der Verantwortliche dieser Website die Nutzer dar\u00fcber, dass ihre personenbezogenen Daten rechtm\u00e4\u00dfig, nach Treu und Glauben sowie transparent verarbeitet werden. Zwecke der Verarbeitung: Durch Ankreuzen des K\u00e4stchens erkl\u00e4ren sich die Nutzer damit einverstanden, dass ihre Daten verarbeitet werden, um: Werbliche kommerzielle Mitteilungen per ... Weiterlesen","og_url":"https:\/\/inzainox.com\/de\/datenschutzerklaerung\/","og_site_name":"Inza Rinnen und Abl\u00e4ufe aus Edelstahl. Edelstahl-Entw\u00e4sserung f\u00fcr die Industrie","article_modified_time":"2026-03-30T12:30:11+00:00","og_image":[{"width":350,"height":613,"url":"https:\/\/inzainox.com\/wp-content\/uploads\/2026\/02\/Canales-de-Acero-Inoxidable.png","type":"image\/png"}],"twitter_card":"summary_large_image","twitter_misc":{"Gesch\u00e4tzte Lesezeit":"1\u00a0Minute"},"schema":{"@context":"https:\/\/schema.org","@graph":[{"@type":"WebPage","@id":"https:\/\/inzainox.com\/de\/datenschutzerklaerung\/","url":"https:\/\/inzainox.com\/de\/datenschutzerklaerung\/","name":"Datenschutzerkl\u00e4rung - Inza Rinnen und Abl\u00e4ufe aus Edelstahl. Edelstahl-Entw\u00e4sserung f\u00fcr die Industrie","isPartOf":{"@id":"https:\/\/inzainox.com\/de\/#website"},"datePublished":"2020-05-05T18:06:42+00:00","dateModified":"2026-03-30T12:30:11+00:00","breadcrumb":{"@id":"https:\/\/inzainox.com\/de\/datenschutzerklaerung\/#breadcrumb"},"inLanguage":"de","potentialAction":[{"@type":"ReadAction","target":["https:\/\/inzainox.com\/de\/datenschutzerklaerung\/"]}]},{"@type":"BreadcrumbList","@id":"https:\/\/inzainox.com\/de\/datenschutzerklaerung\/#breadcrumb","itemListElement":[{"@type":"ListItem","position":1,"name":"Startseite","item":"https:\/\/inzainox.com\/de\/neue-startseite\/"},{"@type":"ListItem","position":2,"name":"Datenschutzerkl\u00e4rung"}]},{"@type":"WebSite","@id":"https:\/\/inzainox.com\/de\/#website","url":"https:\/\/inzainox.com\/de\/","name":"Inza Rinnen und Abl\u00e4ufe aus Edelstahl. Edelstahl-Entw\u00e4sserung f\u00fcr die Industrie","description":"Edelstahl-Entw\u00e4sserung f\u00fcr die Industrie","publisher":{"@id":"https:\/\/inzainox.com\/de\/#organization"},"alternateName":"Inza Inox","potentialAction":[{"@type":"SearchAction","target":{"@type":"EntryPoint","urlTemplate":"https:\/\/inzainox.com\/de\/?s={search_term_string}"},"query-input":{"@type":"PropertyValueSpecification","valueRequired":true,"valueName":"search_term_string"}}],"inLanguage":"de"},{"@type":"Organization","@id":"https:\/\/inzainox.com\/de\/#organization","name":"Inza Inox S.L.","alternateName":"Inza","url":"https:\/\/inzainox.com\/de\/","logo":{"@type":"ImageObject","inLanguage":"de","@id":"https:\/\/inzainox.com\/de\/#\/schema\/logo\/image\/","url":"https:\/\/inzainox.com\/wp-content\/uploads\/2020\/05\/cropped-NUEVA-INZA-2-5.png","contentUrl":"https:\/\/inzainox.com\/wp-content\/uploads\/2020\/05\/cropped-NUEVA-INZA-2-5.png","width":549,"height":264,"caption":"Inza Inox S.L."},"image":{"@id":"https:\/\/inzainox.com\/de\/#\/schema\/logo\/image\/"}}]}},"_links":{"self":[{"href":"https:\/\/inzainox.com\/de\/wp-json\/wp\/v2\/pages\/9326","targetHints":{"allow":["GET"]}}],"collection":[{"href":"https:\/\/inzainox.com\/de\/wp-json\/wp\/v2\/pages"}],"about":[{"href":"https:\/\/inzainox.com\/de\/wp-json\/wp\/v2\/types\/page"}],"author":[{"embeddable":true,"href":"https:\/\/inzainox.com\/de\/wp-json\/wp\/v2\/users\/1"}],"replies":[{"embeddable":true,"href":"https:\/\/inzainox.com\/de\/wp-json\/wp\/v2\/comments?post=9326"}],"version-history":[{"count":1,"href":"https:\/\/inzainox.com\/de\/wp-json\/wp\/v2\/pages\/9326\/revisions"}],"predecessor-version":[{"id":9327,"href":"https:\/\/inzainox.com\/de\/wp-json\/wp\/v2\/pages\/9326\/revisions\/9327"}],"wp:attachment":[{"href":"https:\/\/inzainox.com\/de\/wp-json\/wp\/v2\/media?parent=9326"}],"curies":[{"name":"wp","href":"https:\/\/api.w.org\/{rel}","templated":true}]}}