{"id":8641,"date":"2020-08-13T08:13:08","date_gmt":"2020-08-13T08:13:08","guid":{"rendered":"https:\/\/inzainox.com\/downloads\/"},"modified":"2026-03-30T11:59:52","modified_gmt":"2026-03-30T11:59:52","slug":"downloads","status":"publish","type":"page","link":"https:\/\/inzainox.com\/de\/downloads\/","title":{"rendered":"Downloads"},"content":{"rendered":"\t\t<div data-elementor-type=\"wp-post\" data-elementor-id=\"8641\" class=\"elementor elementor-8641 elementor-725\">\n\t\t\t\t\t\t<section class=\"elementor-section elementor-top-section elementor-element elementor-element-80acb2f elementor-section-content-middle elementor-section-boxed elementor-section-height-default elementor-section-height-default\" data-id=\"80acb2f\" data-element_type=\"section\" data-e-type=\"section\">\n\t\t\t\t\t\t<div class=\"elementor-container elementor-column-gap-default\">\n\t\t\t\t\t<div class=\"elementor-column elementor-col-100 elementor-top-column elementor-element elementor-element-1403654\" data-id=\"1403654\" data-element_type=\"column\" data-e-type=\"column\">\n\t\t\t<div class=\"elementor-widget-wrap elementor-element-populated\">\n\t\t\t\t\t\t<div class=\"elementor-element elementor-element-e633d8e elementor-widget elementor-widget-text-editor\" data-id=\"e633d8e\" data-element_type=\"widget\" data-e-type=\"widget\" data-widget_type=\"text-editor.default\">\n\t\t\t\t<div class=\"elementor-widget-container\">\n\t\t\t\t\t\t\t\t\t<h1 style=\"text-align: center;\"><a class=\"aligncenter\" href=\"https:\/\/inzainox.com\/wp-content\/uploads\/2023\/06\/Catalogo-general-INZA-2023.pdf\">KATALOG INZA INDUSTRIE-ENTW\u00c4SSERUNG 2026<\/a><\/h1>\t\t\t\t\t\t\t\t<\/div>\n\t\t\t\t<\/div>\n\t\t\t\t<div class=\"elementor-element elementor-element-44f347d elementor-widget elementor-widget-text-editor\" data-id=\"44f347d\" data-element_type=\"widget\" data-e-type=\"widget\" data-widget_type=\"text-editor.default\">\n\t\t\t\t<div class=\"elementor-widget-container\">\n\t\t\t\t\t\t\t\t\t<h2>Die Produkte von Inza Inox S.L.<\/h2><p>Der Katalog von Inza Inox S.L. ist ein herausragendes Beispiel f\u00fcr unser breites Sortiment an Produkten aus Edelstahl, spezialisiert auf Rinnen und Abl\u00e4ufe f\u00fcr die Lebensmittelindustrie. Unser Hauptaugenmerk liegt auf der Bereitstellung von L\u00f6sungen, die Qualit\u00e4t, Langlebigkeit und hohe Leistungsf\u00e4higkeit vereinen und dabei die anspruchsvollsten Standards f\u00fcr Hygiene und Lebensmittelsicherheit erf\u00fcllen. <\/p><p>Unsere Rinnen und Abl\u00e4ufe aus Edelstahl werden sorgf\u00e4ltig entwickelt, um den spezifischen Anforderungen der Lebensmittelindustrie gerecht zu werden. Wir bieten eine Vielzahl von Designs und Gr\u00f6\u00dfen an, die sich an verschiedene Verarbeitungs- und Produktionsumgebungen anpassen. Diese Produkte werden aus hochwertigem Edelstahl gefertigt, was Korrosionsbest\u00e4ndigkeit, Langlebigkeit und eine einfache Reinigung garantiert.  <\/p><p>Hygiene ist ein kritischer Aspekt in der Lebensmittelindustrie. Daher sind unsere Rinnen und Abl\u00e4ufe so konzipiert, dass sie die Reinigung erleichtern und die Ansammlung von R\u00fcckst\u00e4nden und Bakterien verhindern. Die glatte Edelstahloberfl\u00e4che verhindert das Anhaften von Schmutz, was die Wartung erleichtert und den h\u00f6chsten Qualit\u00e4ts- und Lebensmittelsicherheitsstandards entspricht. <\/p><p>Zus\u00e4tzlich zu ihrer Funktionalit\u00e4t und Widerstandsf\u00e4higkeit bieten wir in unserem Katalog ma\u00dfgeschneiderte Optionen an, um uns an die spezifischen Bed\u00fcrfnisse jedes Kunden anzupassen. Unser Expertenteam arbeitet eng mit den Kunden zusammen, um deren Anforderungen zu verstehen und ma\u00dfgeschneiderte L\u00f6sungen anzubieten, die ihre Produktionsprozesse optimieren. <\/p><p>Zusammenfassend spiegelt der Katalog von Inza Inox S.L. unser Engagement wider, hochwertige Rinnen und Abl\u00e4ufe aus Edelstahl f\u00fcr die Lebensmittelindustrie bereitzustellen. Wir setzen uns daf\u00fcr ein, zuverl\u00e4ssige, langlebige und sichere L\u00f6sungen anzubieten, die den anspruchsvollsten Hygiene- und Lebensmittelqualit\u00e4tsstandards entsprechen. Vertrauen Sie auf uns, um Ihre Anforderungen zu erf\u00fcllen und Ihre Erwartungen im Bereich der Entw\u00e4sserung und Fl\u00fcssigkeitsverarbeitung in der Lebensmittelindustrie zu \u00fcbertreffen.  <\/p>\t\t\t\t\t\t\t\t<\/div>\n\t\t\t\t<\/div>\n\t\t\t\t<div class=\"elementor-element elementor-element-ec732f6 elementor-widget elementor-widget-text-editor\" data-id=\"ec732f6\" data-element_type=\"widget\" data-e-type=\"widget\" data-widget_type=\"text-editor.default\">\n\t\t\t\t<div class=\"elementor-widget-container\">\n\t\t\t\t\t\t\t\t\t<h2>TECHNISCHE DATENBL\u00c4TTER<\/h2>\t\t\t\t\t\t\t\t<\/div>\n\t\t\t\t<\/div>\n\t\t\t\t\t<\/div>\n\t\t<\/div>\n\t\t\t\t\t<\/div>\n\t\t<\/section>\n\t\t\t\t<\/div>\n\t\t","protected":false},"excerpt":{"rendered":"<p>KATALOG INZA INDUSTRIE-ENTW\u00c4SSERUNG 2026 Die Produkte von Inza Inox S.L. Der Katalog von Inza Inox S.L. ist ein herausragendes Beispiel f\u00fcr unser breites Sortiment an Produkten aus Edelstahl, spezialisiert auf Rinnen und Abl\u00e4ufe f\u00fcr die Lebensmittelindustrie. Unser Hauptaugenmerk liegt auf der Bereitstellung von L\u00f6sungen, die Qualit\u00e4t, Langlebigkeit und hohe Leistungsf\u00e4higkeit vereinen und dabei die anspruchsvollsten &#8230; <a title=\"Downloads\" class=\"read-more\" href=\"https:\/\/inzainox.com\/de\/downloads\/\" aria-label=\"Mehr Informationen \u00fcber Downloads\">Weiterlesen<\/a><\/p>\n","protected":false},"author":1,"featured_media":0,"parent":0,"menu_order":0,"comment_status":"closed","ping_status":"closed","template":"","meta":{"footnotes":""},"class_list":["post-8641","page","type-page","status-publish"],"yoast_head":"<!-- This site is optimized with the Yoast SEO plugin v27.1.1 - https:\/\/yoast.com\/product\/yoast-seo-wordpress\/ -->\n<title>Downloads - Inza Rinnen und Abl\u00e4ufe aus Edelstahl. Edelstahl-Entw\u00e4sserung f\u00fcr die Industrie<\/title>\n<meta name=\"robots\" content=\"index, follow, max-snippet:-1, max-image-preview:large, max-video-preview:-1\" \/>\n<link rel=\"canonical\" href=\"https:\/\/inzainox.com\/de\/downloads\/\" \/>\n<meta property=\"og:locale\" content=\"de_DE\" \/>\n<meta property=\"og:type\" content=\"article\" \/>\n<meta property=\"og:title\" content=\"Downloads - Inza Rinnen und Abl\u00e4ufe aus Edelstahl. Edelstahl-Entw\u00e4sserung f\u00fcr die Industrie\" \/>\n<meta property=\"og:description\" content=\"KATALOG INZA INDUSTRIE-ENTW\u00c4SSERUNG 2026 Die Produkte von Inza Inox S.L. Der Katalog von Inza Inox S.L. ist ein herausragendes Beispiel f\u00fcr unser breites Sortiment an Produkten aus Edelstahl, spezialisiert auf Rinnen und Abl\u00e4ufe f\u00fcr die Lebensmittelindustrie. Unser Hauptaugenmerk liegt auf der Bereitstellung von L\u00f6sungen, die Qualit\u00e4t, Langlebigkeit und hohe Leistungsf\u00e4higkeit vereinen und dabei die anspruchsvollsten ... Weiterlesen\" \/>\n<meta property=\"og:url\" content=\"https:\/\/inzainox.com\/de\/downloads\/\" \/>\n<meta property=\"og:site_name\" content=\"Inza Rinnen und Abl\u00e4ufe aus Edelstahl. Edelstahl-Entw\u00e4sserung f\u00fcr die Industrie\" \/>\n<meta property=\"article:modified_time\" content=\"2026-03-30T11:59:52+00:00\" \/>\n<meta property=\"og:image\" content=\"https:\/\/inzainox.com\/wp-content\/uploads\/2026\/02\/Canales-de-Acero-Inoxidable.png\" \/>\n\t<meta property=\"og:image:width\" content=\"350\" \/>\n\t<meta property=\"og:image:height\" content=\"613\" \/>\n\t<meta property=\"og:image:type\" content=\"image\/png\" \/>\n<meta name=\"twitter:card\" content=\"summary_large_image\" \/>\n<meta name=\"twitter:label1\" content=\"Gesch\u00e4tzte Lesezeit\" \/>\n\t<meta name=\"twitter:data1\" content=\"2\u00a0Minuten\" \/>\n<!-- \/ Yoast SEO plugin. -->","yoast_head_json":{"title":"Downloads - Inza Rinnen und Abl\u00e4ufe aus Edelstahl. Edelstahl-Entw\u00e4sserung f\u00fcr die Industrie","robots":{"index":"index","follow":"follow","max-snippet":"max-snippet:-1","max-image-preview":"max-image-preview:large","max-video-preview":"max-video-preview:-1"},"canonical":"https:\/\/inzainox.com\/de\/downloads\/","og_locale":"de_DE","og_type":"article","og_title":"Downloads - Inza Rinnen und Abl\u00e4ufe aus Edelstahl. Edelstahl-Entw\u00e4sserung f\u00fcr die Industrie","og_description":"KATALOG INZA INDUSTRIE-ENTW\u00c4SSERUNG 2026 Die Produkte von Inza Inox S.L. Der Katalog von Inza Inox S.L. ist ein herausragendes Beispiel f\u00fcr unser breites Sortiment an Produkten aus Edelstahl, spezialisiert auf Rinnen und Abl\u00e4ufe f\u00fcr die Lebensmittelindustrie. Unser Hauptaugenmerk liegt auf der Bereitstellung von L\u00f6sungen, die Qualit\u00e4t, Langlebigkeit und hohe Leistungsf\u00e4higkeit vereinen und dabei die anspruchsvollsten ... Weiterlesen","og_url":"https:\/\/inzainox.com\/de\/downloads\/","og_site_name":"Inza Rinnen und Abl\u00e4ufe aus Edelstahl. Edelstahl-Entw\u00e4sserung f\u00fcr die Industrie","article_modified_time":"2026-03-30T11:59:52+00:00","og_image":[{"width":350,"height":613,"url":"https:\/\/inzainox.com\/wp-content\/uploads\/2026\/02\/Canales-de-Acero-Inoxidable.png","type":"image\/png"}],"twitter_card":"summary_large_image","twitter_misc":{"Gesch\u00e4tzte Lesezeit":"2\u00a0Minuten"},"schema":{"@context":"https:\/\/schema.org","@graph":[{"@type":"WebPage","@id":"https:\/\/inzainox.com\/de\/downloads\/","url":"https:\/\/inzainox.com\/de\/downloads\/","name":"Downloads - Inza Rinnen und Abl\u00e4ufe aus Edelstahl. Edelstahl-Entw\u00e4sserung f\u00fcr die Industrie","isPartOf":{"@id":"https:\/\/inzainox.com\/de\/#website"},"datePublished":"2020-08-13T08:13:08+00:00","dateModified":"2026-03-30T11:59:52+00:00","breadcrumb":{"@id":"https:\/\/inzainox.com\/de\/downloads\/#breadcrumb"},"inLanguage":"de","potentialAction":[{"@type":"ReadAction","target":["https:\/\/inzainox.com\/de\/downloads\/"]}]},{"@type":"BreadcrumbList","@id":"https:\/\/inzainox.com\/de\/downloads\/#breadcrumb","itemListElement":[{"@type":"ListItem","position":1,"name":"Startseite","item":"https:\/\/inzainox.com\/de\/neue-startseite\/"},{"@type":"ListItem","position":2,"name":"Downloads"}]},{"@type":"WebSite","@id":"https:\/\/inzainox.com\/de\/#website","url":"https:\/\/inzainox.com\/de\/","name":"Inza Rinnen und Abl\u00e4ufe aus Edelstahl. Edelstahl-Entw\u00e4sserung f\u00fcr die Industrie","description":"Edelstahl-Entw\u00e4sserung f\u00fcr die Industrie","publisher":{"@id":"https:\/\/inzainox.com\/de\/#organization"},"alternateName":"Inza Inox","potentialAction":[{"@type":"SearchAction","target":{"@type":"EntryPoint","urlTemplate":"https:\/\/inzainox.com\/de\/?s={search_term_string}"},"query-input":{"@type":"PropertyValueSpecification","valueRequired":true,"valueName":"search_term_string"}}],"inLanguage":"de"},{"@type":"Organization","@id":"https:\/\/inzainox.com\/de\/#organization","name":"Inza Inox S.L.","alternateName":"Inza","url":"https:\/\/inzainox.com\/de\/","logo":{"@type":"ImageObject","inLanguage":"de","@id":"https:\/\/inzainox.com\/de\/#\/schema\/logo\/image\/","url":"https:\/\/inzainox.com\/wp-content\/uploads\/2020\/05\/cropped-NUEVA-INZA-2-5.png","contentUrl":"https:\/\/inzainox.com\/wp-content\/uploads\/2020\/05\/cropped-NUEVA-INZA-2-5.png","width":549,"height":264,"caption":"Inza Inox S.L."},"image":{"@id":"https:\/\/inzainox.com\/de\/#\/schema\/logo\/image\/"}}]}},"_links":{"self":[{"href":"https:\/\/inzainox.com\/de\/wp-json\/wp\/v2\/pages\/8641","targetHints":{"allow":["GET"]}}],"collection":[{"href":"https:\/\/inzainox.com\/de\/wp-json\/wp\/v2\/pages"}],"about":[{"href":"https:\/\/inzainox.com\/de\/wp-json\/wp\/v2\/types\/page"}],"author":[{"embeddable":true,"href":"https:\/\/inzainox.com\/de\/wp-json\/wp\/v2\/users\/1"}],"replies":[{"embeddable":true,"href":"https:\/\/inzainox.com\/de\/wp-json\/wp\/v2\/comments?post=8641"}],"version-history":[{"count":1,"href":"https:\/\/inzainox.com\/de\/wp-json\/wp\/v2\/pages\/8641\/revisions"}],"predecessor-version":[{"id":8642,"href":"https:\/\/inzainox.com\/de\/wp-json\/wp\/v2\/pages\/8641\/revisions\/8642"}],"wp:attachment":[{"href":"https:\/\/inzainox.com\/de\/wp-json\/wp\/v2\/media?parent=8641"}],"curies":[{"name":"wp","href":"https:\/\/api.w.org\/{rel}","templated":true}]}}