{"id":8555,"date":"2021-12-21T11:56:37","date_gmt":"2021-12-21T11:56:37","guid":{"rendered":"https:\/\/inzainox.com\/impressum\/"},"modified":"2026-03-30T11:55:37","modified_gmt":"2026-03-30T11:55:37","slug":"impressum","status":"publish","type":"page","link":"https:\/\/inzainox.com\/de\/impressum\/","title":{"rendered":"Impressum"},"content":{"rendered":"\t\t<div data-elementor-type=\"wp-page\" data-elementor-id=\"8555\" class=\"elementor elementor-8555 elementor-2188\">\n\t\t\t\t\t\t<section class=\"elementor-section elementor-top-section elementor-element elementor-element-70b13fe1 elementor-section-boxed elementor-section-height-default elementor-section-height-default\" data-id=\"70b13fe1\" data-element_type=\"section\" data-e-type=\"section\">\n\t\t\t\t\t\t<div class=\"elementor-container elementor-column-gap-default\">\n\t\t\t\t\t<div class=\"elementor-column elementor-col-100 elementor-top-column elementor-element elementor-element-3e7772bc\" data-id=\"3e7772bc\" data-element_type=\"column\" data-e-type=\"column\">\n\t\t\t<div class=\"elementor-widget-wrap elementor-element-populated\">\n\t\t\t\t\t\t<div class=\"elementor-element elementor-element-12219a8f elementor-widget elementor-widget-text-editor\" data-id=\"12219a8f\" data-element_type=\"widget\" data-e-type=\"widget\" data-widget_type=\"text-editor.default\">\n\t\t\t\t<div class=\"elementor-widget-container\">\n\t\t\t\t\t\t\t\t\t<p><strong>Impressum<\/strong><\/p><ol><li><strong>  IDENTIFIKATIONSDATEN<\/strong><\/li><\/ol><p>In Erf\u00fcllung der Informationspflicht gem\u00e4\u00df Artikel 10 des Gesetzes 34\/2002 vom 11. Juli \u00fcber Dienste der Informationsgesellschaft und des elektronischen Gesch\u00e4ftsverkehrs werden im Folgenden die entsprechenden Daten aufgef\u00fchrt:<\/p><p>Firmenbezeichnung: Inza Inox, S.L.<\/p><p>Handelsname: Inza<\/p><p>Sitz der Gesellschaft: C\/Mar\u00eda Auxiliadora 35, CP28221 Majadahonda (Madrid)<\/p><p>CIF \/ NIF (Steuernummer): B-16678591<\/p><p>E-Mail: info@inzainox.com<\/p><p>Domainname: inzainox.com<\/p><ol start=\"2\"><li><strong>  NUTZER<\/strong><\/li><\/ol><p>Der Zugriff auf und\/oder die Nutzung dieses Portals von Inza verleiht die Eigenschaft als NUTZER, der mit diesem Zugriff und\/oder dieser Nutzung die hier aufgef\u00fchrten Allgemeinen Nutzungsbedingungen akzeptiert. Die genannten Bedingungen gelten unabh\u00e4ngig von den Allgemeinen Gesch\u00e4ftsbedingungen, die gegebenenfalls verbindlich sind. <\/p><ol start=\"3\"><li><strong>  NUTZUNG DES PORTALS<\/strong><\/li><\/ol><p>Inza bietet Zugang zu einer Vielzahl von Informationen, Diensten, Programmen oder Daten (im Folgenden \u201edie Inhalte\u201c) im Internet, die Inza oder seinen Lizenzgebern geh\u00f6ren und auf die der NUTZER Zugriff haben kann. Der NUTZER \u00fcbernimmt die Verantwortung f\u00fcr die Nutzung des Portals. Diese Verantwortung erstreckt sich auch auf eine eventuell erforderliche Registrierung f\u00fcr den Zugriff auf bestimmte Dienste oder Inhalte. Bei dieser Registrierung ist der NUTZER daf\u00fcr verantwortlich, wahrheitsgem\u00e4\u00dfe und rechtm\u00e4\u00dfige Angaben zu machen. Infolge dieser Registrierung kann dem NUTZER ein Passwort zugewiesen werden, f\u00fcr das er verantwortlich ist und zu dessen sorgf\u00e4ltiger und vertraulicher Verwendung er sich verpflichtet.    <\/p><p>Der NUTZER verpflichtet sich, die Inhalte, die Inza \u00fcber sein Portal anbietet, angemessen zu nutzen und sie \u2013 beispielhaft, aber nicht abschlie\u00dfend \u2013 nicht zu verwenden f\u00fcr: (i) unerlaubte, rechtswidrige Aktivit\u00e4ten oder solche, die gegen Treu und Glauben sowie die \u00f6ffentliche Ordnung versto\u00dfen; (ii) die Verbreitung von Inhalten oder Propaganda rassistischer, fremdenfeindlicher, illegal-pornografischer Natur, zur Verherrlichung von Terrorismus oder gegen die Menschenrechte; (iii) die Verursachung von Sch\u00e4den an den physischen und logischen Systemen von Inza, seinen Lieferanten oder Dritten, sowie das Einschleusen oder Verbreiten von Computerviren oder anderen physischen oder logischen Systemen im Netz, die geeignet sind, die vorgenannten Sch\u00e4den zu verursachen; (iv) den Versuch, auf die E-Mail-Konten anderer Nutzer zuzugreifen und diese gegebenenfalls zu nutzen sowie deren Nachrichten zu \u00e4ndern oder zu manipulieren. Inza beh\u00e4lt sich das Recht vor, alle Kommentare und Beitr\u00e4ge zu entfernen, die die W\u00fcrde der Person verletzen, die diskriminierend, fremdenfeindlich, rassistisch oder pornografisch sind, die den Jugendschutz, die \u00f6ffentliche Ordnung oder Sicherheit gef\u00e4hrden oder die nach eigenem Ermessen nicht zur Ver\u00f6ffentlichung geeignet sind. In jedem Fall ist Inza nicht verantwortlich f\u00fcr die Meinungen, die von Nutzern \u00fcber Foren, Chats oder andere Beteiligungswerkzeuge ge\u00e4u\u00dfert werden.      <\/p><ol start=\"4\"><li><strong>  DATENSCHUTZ<\/strong><\/li><\/ol><p data-path-to-node=\"4,1\">Inza erf\u00fcllt die Richtlinien der Verordnung (EU) 2016\/679 des Europ\u00e4ischen Parlaments und des Rates vom 27. April 2016 zum Schutz nat\u00fcrlicher Personen (DSGVO) sowie das Organgesetz 3\/2018 vom 5. Dezember \u00fcber den Schutz personenbezogener Daten und die Gew\u00e4hrleistung digitaler Rechte (LOPDGDD) und weitere jeweils geltende Vorschriften und tr\u00e4gt Sorge f\u00fcr die korrekte Verwendung und Verarbeitung der personenbezogenen Daten des Nutzers.<\/p><p data-path-to-node=\"4,2\">Zu diesem Zweck stellt Inza den Nutzern die <span class=\"citation-147 citation-end-147\">Datenschutzerkl\u00e4rung des Unternehmens zur Verf\u00fcgung und informiert die Nutzer \u00fcber folgende Aspekte:<\/span><\/p><div class=\"source-inline-chip-container ng-star-inserted\"> <\/div><ul data-path-to-node=\"4,3\"><li><p data-path-to-node=\"4,3,0,0\"><span class=\"citation-146 citation-end-146\">Daten des f\u00fcr die Verarbeitung Verantwortlichen.<\/span><\/p><div class=\"source-inline-chip-container ng-star-inserted\"> <\/div><\/li><li><p data-path-to-node=\"4,3,1,0\"><span class=\"citation-145 citation-end-145\">Verarbeitete Daten und Zweck der Verarbeitung.<\/span><\/p><div class=\"source-inline-chip-container ng-star-inserted\"> <\/div><\/li><li><p data-path-to-node=\"4,3,2,0\"><span class=\"citation-144 citation-end-144\">Rechtsgrundlage<\/span> und Aufbewahrungsfrist der Daten.<\/p><div class=\"source-inline-chip-container ng-star-inserted\"> <\/div><\/li><li><p data-path-to-node=\"4,3,3,0\">Verpflichtung oder Freiwilligkeit der Bereitstellung sowie die Folgen einer Nichtbereitstellung.<\/p><\/li><li><p data-path-to-node=\"4,3,4,0\">\u00dcber die Rechte, die jedem Nutzer zustehen (Auskunft, Berichtigung, L\u00f6schung, Einschr\u00e4nkung, \u00dcbertragbarkeit und Widerspruch) und das Verfahren zu deren Aus\u00fcbung.<\/p><\/li><\/ul><ol start=\"5\"><li><strong>  GEISTIGES UND GEWERBLICHES EIGENTUM<\/strong><\/li><\/ol><p>Die Website, einschlie\u00dflich, aber nicht beschr\u00e4nkt auf Programmierung, Bearbeitung, Zusammenstellung und andere f\u00fcr ihren Betrieb erforderliche Elemente, Designs, Logos, Texte und\/oder Grafiken, ist Eigentum von Inza oder verf\u00fcgt gegebenenfalls \u00fcber eine Lizenz oder ausdr\u00fcckliche Genehmigung der Autoren. Alle Inhalte der Website sind ordnungsgem\u00e4\u00df durch die Vorschriften zum geistigen und gewerblichen Eigentum gesch\u00fctzt und in den entsprechenden \u00f6ffentlichen Registern eingetragen. <\/p><p>Unabh\u00e4ngig vom Verwendungszweck bedarf die vollst\u00e4ndige oder teilweise Vervielf\u00e4ltigung, Nutzung, Verwertung, Verbreitung und Vermarktung in jedem Fall der vorherigen schriftlichen Genehmigung durch Inza. Jede nicht zuvor von Inza genehmigte Nutzung gilt als schwerwiegende Verletzung der geistigen oder gewerblichen Eigentumsrechte des Autors. <\/p><p>Die Designs, Logos, Texte und\/oder Grafiken, die nicht Inza geh\u00f6ren und auf der Website erscheinen k\u00f6nnen, geh\u00f6ren ihren jeweiligen Eigent\u00fcmern, die selbst f\u00fcr eventuelle Streitigkeiten verantwortlich sind, die in Bezug auf diese entstehen k\u00f6nnten. In jedem Fall verf\u00fcgt der Anbieter \u00fcber die ausdr\u00fcckliche und vorherige Genehmigung derselben. <\/p><p>Inza gestattet Dritten ausdr\u00fccklich, direkt auf die spezifischen Inhalte der Website zu verlinken.<\/p><p>Inza erkennt zugunsten der Inhaber die entsprechenden gewerblichen und geistigen Eigentumsrechte an; die blo\u00dfe Erw\u00e4hnung oder das Erscheinen auf der Website impliziert weder das Bestehen von Rechten oder einer Verantwortung seitens Inza f\u00fcr diese, noch eine Unterst\u00fctzung, Sponsoring oder Empfehlung durch Inza.<\/p><p>Um Anmerkungen zu m\u00f6glichen Verletzungen von geistigen oder gewerblichen Eigentumsrechten sowie zu den Inhalten der Website zu machen, k\u00f6nnen Sie dies \u00fcber die folgende E-Mail-Adresse tun: info@inzainox.com<\/p><ol start=\"6\"><li><strong>  AUSSCHLUSS VON GEW\u00c4HRLEISTUNG UND HAFTUNG<\/strong><\/li><\/ol><p>Inza lehnt jede Art von Verantwortung f\u00fcr die auf seiner Website ver\u00f6ffentlichten Informationen ab, sofern diese Informationen von einem Dritten au\u00dferhalb des Unternehmens manipuliert oder eingef\u00fcgt wurden.<\/p><p>Die Website kann Cookies verwenden (kleine Informationsdateien, die der Server an den Computer desjenigen sendet, der auf die Seite zugreift), um bestimmte Funktionen auszuf\u00fchren, die f\u00fcr das ordnungsgem\u00e4\u00dfe Funktionieren und die Anzeige der Website als wesentlich erachtet werden. Die auf der Website verwendeten Cookies sind in jedem Fall vor\u00fcbergehender Natur und dienen ausschlie\u00dflich dazu, die sp\u00e4tere \u00dcbertragung effizienter zu gestalten; sie verschwinden am Ende der Nutzersitzung. In keinem Fall werden Cookies zur Erhebung personenbezogener Daten verwendet.  <\/p><p>Von der Website aus ist es m\u00f6glich, auf Inhalte von Websites Dritter weitergeleitet zu werden. Da Inza die von Dritten auf ihren Websites eingestellten Inhalte nicht immer kontrollieren kann, \u00fcbernimmt Inza keinerlei Verantwortung f\u00fcr diese Inhalte. In jedem Fall erkl\u00e4rt Inza, dass Inhalte, die gegen nationale oder internationale Gesetze, die Moral oder die \u00f6ffentliche Ordnung versto\u00dfen k\u00f6nnten, unverz\u00fcglich entfernt werden, wobei die Weiterleitung zu dieser Website sofort unterbunden und der betreffende Inhalt den zust\u00e4ndigen Beh\u00f6rden gemeldet wird.  <\/p><p>Inza haftet nicht f\u00fcr Informationen und Inhalte, die \u2013 beispielhaft, aber nicht abschlie\u00dfend \u2013 in Foren, Chats, Blog-Generatoren, Kommentaren, sozialen Netzwerken oder anderen Medien gespeichert sind, die es Dritten erm\u00f6glichen, Inhalte unabh\u00e4ngig auf der Website zu ver\u00f6ffentlichen. Dennoch und in \u00dcbereinstimmung mit den Bestimmungen der Art. 11 und 16 des LSSI-CE stellt sich der Anbieter allen Nutzern, Beh\u00f6rden und Sicherheitskr\u00e4ften zur Verf\u00fcgung und arbeitet aktiv an der Entfernung oder gegebenenfalls Sperrung all jener Inhalte mit, die die nationale oder internationale Gesetzgebung, Rechte Dritter oder die Moral und die \u00f6ffentliche Ordnung beeintr\u00e4chtigen oder verletzen k\u00f6nnten. Falls der Nutzer der Ansicht ist, dass auf der Website Inhalte vorhanden sind, die f\u00fcr diese Einstufung in Frage kommen k\u00f6nnten, wird er gebeten, dies unverz\u00fcglich dem Website-Administrator mitzuteilen.  <\/p><p>Diese Website wurde auf ihre ordnungsgem\u00e4\u00dfe Funktion hin \u00fcberpr\u00fcft und getestet. Grunds\u00e4tzlich kann ein reibungsloser Betrieb an 365 Tagen im Jahr, 24 Stunden am Tag garantiert werden. Der Anbieter schlie\u00dft jedoch nicht aus, dass bestimmte Programmierfehler vorliegen oder dass F\u00e4lle h\u00f6herer Gewalt, Naturkatastrophen, Streiks oder \u00e4hnliche Umst\u00e4nde eintreten, die den Zugriff auf die Website unm\u00f6glich machen.  <\/p><ol start=\"7\"><li><strong>  \u00c4NDERUNGEN<\/strong><\/li><\/ol><p>Inza beh\u00e4lt sich das Recht vor, ohne vorherige Ank\u00fcndigung die \u00c4nderungen an seinem Portal vorzunehmen, die es f\u00fcr angemessen h\u00e4lt. Dies umfasst die \u00c4nderung, L\u00f6schung oder Erg\u00e4nzung sowohl der \u00fcber das Portal bereitgestellten Inhalte und Dienste als auch der Art und Weise, wie diese dargestellt oder lokalisiert werden.<\/p><ol start=\"8\"><li><strong>  LINKS<\/strong><\/li><\/ol><p>F\u00fcr den Fall, dass auf dem Domainnamen Links oder Hyperlinks zu anderen Internetseiten bereitgestellt werden, \u00fcbt Inza keinerlei Kontrolle \u00fcber diese Seiten und Inhalte aus. In keinem Fall \u00fcbernimmt Inza die Verantwortung f\u00fcr die Inhalte eines Links, der zu einer fremden Website geh\u00f6rt, noch garantiert Inza die technische Verf\u00fcgbarkeit, Qualit\u00e4t, Zuverl\u00e4ssigkeit, Genauigkeit, Vollst\u00e4ndigkeit, Wahrhaftigkeit, G\u00fcltigkeit und Verfassungsm\u00e4\u00dfigkeit von Material oder Informationen, die in solchen Hyperlinks oder auf anderen Internetseiten enthalten sind. Ebenso impliziert die Einbeziehung dieser externen Verbindungen keinerlei Art von Assoziierung, Fusion oder Beteiligung mit den verbundenen Unternehmen.  <\/p><ol start=\"9\"><li><strong>  AUSSCHLUSSRECHT<\/strong><\/li><\/ol><p>Inza beh\u00e4lt sich das Recht vor, Nutzern, die gegen diese Allgemeinen Nutzungsbedingungen versto\u00dfen, den Zugriff auf das Portal und\/oder die angebotenen Dienste ohne vorherige Ank\u00fcndigung von sich aus oder auf Verlangen Dritter zu verweigern oder zu entziehen.<\/p><ol start=\"10\"><li><strong>  ALLGEMEINES<\/strong><\/li><\/ol><p>Inza wird den Versto\u00df gegen diese Bedingungen sowie jede missbr\u00e4uchliche Nutzung seines Portals verfolgen und alle zivil- und strafrechtlichen Schritte einleiten, die rechtlich m\u00f6glich sind.<\/p><ol start=\"11\"><li><strong>  \u00c4NDERUNG DIESER BEDINGUNGEN UND DAUER<\/strong><\/li><\/ol><p>Inza kann die hier festgelegten Bedingungen jederzeit \u00e4ndern, wobei sie in der hier vorliegenden Form ordnungsgem\u00e4\u00df ver\u00f6ffentlicht werden. Die G\u00fcltigkeit der genannten Bedingungen richtet sich nach ihrer Ver\u00f6ffentlichung und sie bleiben in Kraft, bis sie durch andere, ordnungsgem\u00e4\u00df ver\u00f6ffentlichte Bedingungen ge\u00e4ndert werden. <\/p><ol start=\"12\"><li><strong>  ANWENDBARES RECHT UND GERICHTSSTAND<\/strong><\/li><\/ol><p>Die Beziehung zwischen Inza und dem NUTZER unterliegt den geltenden spanischen Vorschriften, und alle Streitigkeiten werden den Gerichten von Madrid unterbreitet.<\/p>\t\t\t\t\t\t\t\t<\/div>\n\t\t\t\t<\/div>\n\t\t\t\t\t<\/div>\n\t\t<\/div>\n\t\t\t\t\t<\/div>\n\t\t<\/section>\n\t\t\t\t<\/div>\n\t\t","protected":false},"excerpt":{"rendered":"<p>Impressum IDENTIFIKATIONSDATEN In Erf\u00fcllung der Informationspflicht gem\u00e4\u00df Artikel 10 des Gesetzes 34\/2002 vom 11. Juli \u00fcber Dienste der Informationsgesellschaft und des elektronischen Gesch\u00e4ftsverkehrs werden im Folgenden die entsprechenden Daten aufgef\u00fchrt: Firmenbezeichnung: Inza Inox, S.L. Handelsname: Inza Sitz der Gesellschaft: C\/Mar\u00eda Auxiliadora 35, CP28221 Majadahonda (Madrid) CIF \/ NIF (Steuernummer): B-16678591 E-Mail: info@inzainox.com Domainname: inzainox.com NUTZER &#8230; <a title=\"Impressum\" class=\"read-more\" href=\"https:\/\/inzainox.com\/de\/impressum\/\" aria-label=\"Mehr Informationen \u00fcber Impressum\">Weiterlesen<\/a><\/p>\n","protected":false},"author":1,"featured_media":0,"parent":0,"menu_order":0,"comment_status":"closed","ping_status":"closed","template":"","meta":{"footnotes":""},"class_list":["post-8555","page","type-page","status-publish"],"yoast_head":"<!-- This site is optimized with the Yoast SEO plugin v27.1.1 - https:\/\/yoast.com\/product\/yoast-seo-wordpress\/ -->\n<title>Impressum - Inza Rinnen und Abl\u00e4ufe aus Edelstahl. Edelstahl-Entw\u00e4sserung f\u00fcr die Industrie<\/title>\n<meta name=\"robots\" content=\"noindex, nofollow\" \/>\n<meta property=\"og:locale\" content=\"de_DE\" \/>\n<meta property=\"og:type\" content=\"article\" \/>\n<meta property=\"og:title\" content=\"Impressum - Inza Rinnen und Abl\u00e4ufe aus Edelstahl. Edelstahl-Entw\u00e4sserung f\u00fcr die Industrie\" \/>\n<meta property=\"og:description\" content=\"Impressum IDENTIFIKATIONSDATEN In Erf\u00fcllung der Informationspflicht gem\u00e4\u00df Artikel 10 des Gesetzes 34\/2002 vom 11. Juli \u00fcber Dienste der Informationsgesellschaft und des elektronischen Gesch\u00e4ftsverkehrs werden im Folgenden die entsprechenden Daten aufgef\u00fchrt: Firmenbezeichnung: Inza Inox, S.L. Handelsname: Inza Sitz der Gesellschaft: C\/Mar\u00eda Auxiliadora 35, CP28221 Majadahonda (Madrid) CIF \/ NIF (Steuernummer): B-16678591 E-Mail: info@inzainox.com Domainname: inzainox.com NUTZER ... Weiterlesen\" \/>\n<meta property=\"og:url\" content=\"https:\/\/inzainox.com\/de\/impressum\/\" \/>\n<meta property=\"og:site_name\" content=\"Inza Rinnen und Abl\u00e4ufe aus Edelstahl. Edelstahl-Entw\u00e4sserung f\u00fcr die Industrie\" \/>\n<meta property=\"article:modified_time\" content=\"2026-03-30T11:55:37+00:00\" \/>\n<meta property=\"og:image\" content=\"https:\/\/inzainox.com\/wp-content\/uploads\/2026\/02\/Canales-de-Acero-Inoxidable.png\" \/>\n\t<meta property=\"og:image:width\" content=\"350\" \/>\n\t<meta property=\"og:image:height\" content=\"613\" \/>\n\t<meta property=\"og:image:type\" content=\"image\/png\" \/>\n<meta name=\"twitter:card\" content=\"summary_large_image\" \/>\n<meta name=\"twitter:label1\" content=\"Gesch\u00e4tzte Lesezeit\" \/>\n\t<meta name=\"twitter:data1\" content=\"7\u00a0Minuten\" \/>\n<!-- \/ Yoast SEO plugin. -->","yoast_head_json":{"title":"Impressum - Inza Rinnen und Abl\u00e4ufe aus Edelstahl. Edelstahl-Entw\u00e4sserung f\u00fcr die Industrie","robots":{"index":"noindex","follow":"nofollow"},"og_locale":"de_DE","og_type":"article","og_title":"Impressum - Inza Rinnen und Abl\u00e4ufe aus Edelstahl. Edelstahl-Entw\u00e4sserung f\u00fcr die Industrie","og_description":"Impressum IDENTIFIKATIONSDATEN In Erf\u00fcllung der Informationspflicht gem\u00e4\u00df Artikel 10 des Gesetzes 34\/2002 vom 11. Juli \u00fcber Dienste der Informationsgesellschaft und des elektronischen Gesch\u00e4ftsverkehrs werden im Folgenden die entsprechenden Daten aufgef\u00fchrt: Firmenbezeichnung: Inza Inox, S.L. Handelsname: Inza Sitz der Gesellschaft: C\/Mar\u00eda Auxiliadora 35, CP28221 Majadahonda (Madrid) CIF \/ NIF (Steuernummer): B-16678591 E-Mail: info@inzainox.com Domainname: inzainox.com NUTZER ... Weiterlesen","og_url":"https:\/\/inzainox.com\/de\/impressum\/","og_site_name":"Inza Rinnen und Abl\u00e4ufe aus Edelstahl. Edelstahl-Entw\u00e4sserung f\u00fcr die Industrie","article_modified_time":"2026-03-30T11:55:37+00:00","og_image":[{"width":350,"height":613,"url":"https:\/\/inzainox.com\/wp-content\/uploads\/2026\/02\/Canales-de-Acero-Inoxidable.png","type":"image\/png"}],"twitter_card":"summary_large_image","twitter_misc":{"Gesch\u00e4tzte Lesezeit":"7\u00a0Minuten"},"schema":{"@context":"https:\/\/schema.org","@graph":[{"@type":"WebPage","@id":"https:\/\/inzainox.com\/de\/impressum\/","url":"https:\/\/inzainox.com\/de\/impressum\/","name":"Impressum - Inza Rinnen und Abl\u00e4ufe aus Edelstahl. Edelstahl-Entw\u00e4sserung f\u00fcr die Industrie","isPartOf":{"@id":"https:\/\/inzainox.com\/de\/#website"},"datePublished":"2021-12-21T11:56:37+00:00","dateModified":"2026-03-30T11:55:37+00:00","breadcrumb":{"@id":"https:\/\/inzainox.com\/de\/impressum\/#breadcrumb"},"inLanguage":"de","potentialAction":[{"@type":"ReadAction","target":["https:\/\/inzainox.com\/de\/impressum\/"]}]},{"@type":"BreadcrumbList","@id":"https:\/\/inzainox.com\/de\/impressum\/#breadcrumb","itemListElement":[{"@type":"ListItem","position":1,"name":"Startseite","item":"https:\/\/inzainox.com\/de\/neue-startseite\/"},{"@type":"ListItem","position":2,"name":"Impressum"}]},{"@type":"WebSite","@id":"https:\/\/inzainox.com\/de\/#website","url":"https:\/\/inzainox.com\/de\/","name":"Inza Rinnen und Abl\u00e4ufe aus Edelstahl. Edelstahl-Entw\u00e4sserung f\u00fcr die Industrie","description":"Edelstahl-Entw\u00e4sserung f\u00fcr die Industrie","publisher":{"@id":"https:\/\/inzainox.com\/de\/#organization"},"alternateName":"Inza Inox","potentialAction":[{"@type":"SearchAction","target":{"@type":"EntryPoint","urlTemplate":"https:\/\/inzainox.com\/de\/?s={search_term_string}"},"query-input":{"@type":"PropertyValueSpecification","valueRequired":true,"valueName":"search_term_string"}}],"inLanguage":"de"},{"@type":"Organization","@id":"https:\/\/inzainox.com\/de\/#organization","name":"Inza Inox S.L.","alternateName":"Inza","url":"https:\/\/inzainox.com\/de\/","logo":{"@type":"ImageObject","inLanguage":"de","@id":"https:\/\/inzainox.com\/de\/#\/schema\/logo\/image\/","url":"https:\/\/inzainox.com\/wp-content\/uploads\/2020\/05\/cropped-NUEVA-INZA-2-5.png","contentUrl":"https:\/\/inzainox.com\/wp-content\/uploads\/2020\/05\/cropped-NUEVA-INZA-2-5.png","width":549,"height":264,"caption":"Inza Inox S.L."},"image":{"@id":"https:\/\/inzainox.com\/de\/#\/schema\/logo\/image\/"}}]}},"_links":{"self":[{"href":"https:\/\/inzainox.com\/de\/wp-json\/wp\/v2\/pages\/8555","targetHints":{"allow":["GET"]}}],"collection":[{"href":"https:\/\/inzainox.com\/de\/wp-json\/wp\/v2\/pages"}],"about":[{"href":"https:\/\/inzainox.com\/de\/wp-json\/wp\/v2\/types\/page"}],"author":[{"embeddable":true,"href":"https:\/\/inzainox.com\/de\/wp-json\/wp\/v2\/users\/1"}],"replies":[{"embeddable":true,"href":"https:\/\/inzainox.com\/de\/wp-json\/wp\/v2\/comments?post=8555"}],"version-history":[{"count":1,"href":"https:\/\/inzainox.com\/de\/wp-json\/wp\/v2\/pages\/8555\/revisions"}],"predecessor-version":[{"id":8556,"href":"https:\/\/inzainox.com\/de\/wp-json\/wp\/v2\/pages\/8555\/revisions\/8556"}],"wp:attachment":[{"href":"https:\/\/inzainox.com\/de\/wp-json\/wp\/v2\/media?parent=8555"}],"curies":[{"name":"wp","href":"https:\/\/api.w.org\/{rel}","templated":true}]}}