{"id":8527,"date":"2020-05-05T13:30:13","date_gmt":"2020-05-05T13:30:13","guid":{"rendered":"https:\/\/inzainox.com\/cookie-richtlinie\/"},"modified":"2026-03-30T11:54:36","modified_gmt":"2026-03-30T11:54:36","slug":"cookie-richtlinie","status":"publish","type":"page","link":"https:\/\/inzainox.com\/de\/cookie-richtlinie\/","title":{"rendered":"Cookie-Richtlinie"},"content":{"rendered":"\t\t<div data-elementor-type=\"wp-page\" data-elementor-id=\"8527\" class=\"elementor elementor-8527 elementor-358\">\n\t\t\t\t\t\t<section class=\"elementor-section elementor-top-section elementor-element elementor-element-c0c666b elementor-section-boxed elementor-section-height-default elementor-section-height-default\" data-id=\"c0c666b\" data-element_type=\"section\" data-e-type=\"section\">\n\t\t\t\t\t\t<div class=\"elementor-container elementor-column-gap-default\">\n\t\t\t\t\t<div class=\"elementor-column elementor-col-100 elementor-top-column elementor-element elementor-element-92863f4\" data-id=\"92863f4\" data-element_type=\"column\" data-e-type=\"column\">\n\t\t\t<div class=\"elementor-widget-wrap elementor-element-populated\">\n\t\t\t\t\t\t<div class=\"elementor-element elementor-element-24e78ce elementor-widget elementor-widget-text-editor\" data-id=\"24e78ce\" data-element_type=\"widget\" data-e-type=\"widget\" data-widget_type=\"text-editor.default\">\n\t\t\t\t<div class=\"elementor-widget-container\">\n\t\t\t\t\t\t\t\t\t<p> <\/p><p data-path-to-node=\"6\">Auf <b data-path-to-node=\"6\" data-index-in-node=\"3\">inzainox.com<\/b> verwenden wir <i data-path-to-node=\"6\" data-index-in-node=\"27\">Cookies<\/i>, um Ihr Surferlebnis n\u00fctzlicher und einfacher zu gestalten. Im Folgenden erkl\u00e4ren wir Ihnen, was diese sind, welche wir verwenden und wie Sie diese nach Ihren W\u00fcnschen konfigurieren oder deaktivieren k\u00f6nnen. <\/p><p data-path-to-node=\"7\"><b data-path-to-node=\"7\" data-index-in-node=\"0\">1. Was sind Cookies?<\/b><\/p><p style=\"padding-left: 40px;\" data-path-to-node=\"7\">Ein <i data-path-to-node=\"7\" data-index-in-node=\"29\">Cookie<\/i> ist eine Datei, die auf Ihr Ger\u00e4t heruntergeladen wird, um Daten zu speichern, die von der f\u00fcr die Installation verantwortlichen Stelle wieder abgerufen werden k\u00f6nnen. Sie werden verwendet, um die logische Funktion der Website zu erm\u00f6glichen (z. B. das Vorhalten von Produkten im Warenkorb) und um statistische Informationen zu sammeln. <\/p><p data-path-to-node=\"8\"><b data-path-to-node=\"8\" data-index-in-node=\"0\">2. Arten von Cookies nach Verwaltung, Dauer und Zweck<\/b><\/p><ul data-path-to-node=\"9\"><li><p data-path-to-node=\"9,0,0\"><b data-path-to-node=\"9,0,0\" data-index-in-node=\"0\">Eigene Cookies:<\/b> Verwaltet durch <b data-path-to-node=\"9,0,0\" data-index-in-node=\"25\">inzainox.com<\/b>.<\/p><\/li><li><p data-path-to-node=\"9,1,0\"><b data-path-to-node=\"9,1,0\" data-index-in-node=\"0\">Drittanbieter-Cookies:<\/b> Verwaltet von anderen Stellen (z. B. Google Analytics).<\/p><\/li><li><p data-path-to-node=\"9,2,0\"><b data-path-to-node=\"9,2,0\" data-index-in-node=\"0\">Sitzungs-Cookies:<\/b> Speichern Daten nur w\u00e4hrend des aktuellen Besuchs.<\/p><\/li><li><p data-path-to-node=\"9,3,0\"><b data-path-to-node=\"9,3,0\" data-index-in-node=\"0\">Persistente Cookies:<\/b> Die Daten bleiben \u00fcber einen festgelegten Zeitraum gespeichert.<\/p><\/li><li><p data-path-to-node=\"9,4,0\"><b data-path-to-node=\"9,4,0\" data-index-in-node=\"0\">Technische Cookies (Notwendig):<\/b> Unverzichtbar f\u00fcr das Funktionieren der Website (Sitzungsidentifikation, Kaufvorgang).<\/p><\/li><li><p data-path-to-node=\"9,5,0\"><b data-path-to-node=\"9,5,0\" data-index-in-node=\"0\">Personalisierungs-Cookies:<\/b> Speichern Optionen wie die Sprache.<\/p><\/li><li><p data-path-to-node=\"9,6,0\"><b data-path-to-node=\"9,6,0\" data-index-in-node=\"0\">Analyse-Cookies:<\/b> Erm\u00f6glichen die Messung der Website-Aktivit\u00e4t, um Verbesserungen einzuf\u00fchren.<\/p><\/li><\/ul><p data-path-to-node=\"10\"><b data-path-to-node=\"10\" data-index-in-node=\"0\">3. Auf dieser Website verwendete Cookies<\/b><\/p><ul data-path-to-node=\"11\"><li><p data-path-to-node=\"11,0,0\"><b data-path-to-node=\"11,0,0\" data-index-in-node=\"0\">Unbedingt erforderlich:<\/b> Technische Cookies f\u00fcr den Warenkorb und sicheres Surfen.<\/p><\/li><li><p data-path-to-node=\"11,1,0\"><b data-path-to-node=\"11,1,0\" data-index-in-node=\"0\">Analytische Cookies:<\/b> Wir verwenden Google Analytics, um den Datenverkehr in aggregierter Form zu analysieren.<\/p><\/li><\/ul><p data-path-to-node=\"12\"><b data-path-to-node=\"12\" data-index-in-node=\"0\">4. Verwaltung und Einwilligung<\/b><\/p><p style=\"padding-left: 40px;\" data-path-to-node=\"12\">Sie k\u00f6nnen alle <i data-path-to-node=\"12\" data-index-in-node=\"53\">Cookies<\/i> akzeptieren, ablehnen oder Ihre Pr\u00e4ferenzen \u00fcber unser <b data-path-to-node=\"12\" data-index-in-node=\"124\">Konfigurations-Panel<\/b> anpassen. Sie k\u00f6nnen diese auch \u00fcber die Einstellungen Ihres Browsers (Chrome, Firefox, Safari, Edge) verwalten. <\/p><p style=\"padding-left: 40px;\" data-path-to-node=\"12\"><b data-path-to-node=\"12\" data-index-in-node=\"246\">Hinweis:<\/b> Das Blockieren bestimmter <i data-path-to-node=\"12\" data-index-in-node=\"274\">Cookies<\/i> kann die Funktionalit\u00e4t des Online-Shops beeintr\u00e4chtigen.<\/p>\t\t\t\t\t\t\t\t<\/div>\n\t\t\t\t<\/div>\n\t\t\t\t\t<\/div>\n\t\t<\/div>\n\t\t\t\t\t<\/div>\n\t\t<\/section>\n\t\t\t\t<\/div>\n\t\t","protected":false},"excerpt":{"rendered":"<p>Auf inzainox.com verwenden wir Cookies, um Ihr Surferlebnis n\u00fctzlicher und einfacher zu gestalten. Im Folgenden erkl\u00e4ren wir Ihnen, was diese sind, welche wir verwenden und wie Sie diese nach Ihren W\u00fcnschen konfigurieren oder deaktivieren k\u00f6nnen. 1. Was sind Cookies? Ein Cookie ist eine Datei, die auf Ihr Ger\u00e4t heruntergeladen wird, um Daten zu speichern, die &#8230; <a title=\"Cookie-Richtlinie\" class=\"read-more\" href=\"https:\/\/inzainox.com\/de\/cookie-richtlinie\/\" aria-label=\"Mehr Informationen \u00fcber Cookie-Richtlinie\">Weiterlesen<\/a><\/p>\n","protected":false},"author":1,"featured_media":0,"parent":0,"menu_order":0,"comment_status":"closed","ping_status":"closed","template":"","meta":{"footnotes":""},"class_list":["post-8527","page","type-page","status-publish"],"yoast_head":"<!-- This site is optimized with the Yoast SEO plugin v27.1.1 - https:\/\/yoast.com\/product\/yoast-seo-wordpress\/ -->\n<title>Cookie-Richtlinie - Inza Rinnen und Abl\u00e4ufe aus Edelstahl. Edelstahl-Entw\u00e4sserung f\u00fcr die Industrie<\/title>\n<meta name=\"robots\" content=\"noindex, follow\" \/>\n<meta property=\"og:locale\" content=\"de_DE\" \/>\n<meta property=\"og:type\" content=\"article\" \/>\n<meta property=\"og:title\" content=\"Cookie-Richtlinie - Inza Rinnen und Abl\u00e4ufe aus Edelstahl. Edelstahl-Entw\u00e4sserung f\u00fcr die Industrie\" \/>\n<meta property=\"og:description\" content=\"Auf inzainox.com verwenden wir Cookies, um Ihr Surferlebnis n\u00fctzlicher und einfacher zu gestalten. Im Folgenden erkl\u00e4ren wir Ihnen, was diese sind, welche wir verwenden und wie Sie diese nach Ihren W\u00fcnschen konfigurieren oder deaktivieren k\u00f6nnen. 1. Was sind Cookies? Ein Cookie ist eine Datei, die auf Ihr Ger\u00e4t heruntergeladen wird, um Daten zu speichern, die ... Weiterlesen\" \/>\n<meta property=\"og:url\" content=\"https:\/\/inzainox.com\/de\/cookie-richtlinie\/\" \/>\n<meta property=\"og:site_name\" content=\"Inza Rinnen und Abl\u00e4ufe aus Edelstahl. Edelstahl-Entw\u00e4sserung f\u00fcr die Industrie\" \/>\n<meta property=\"article:modified_time\" content=\"2026-03-30T11:54:36+00:00\" \/>\n<meta property=\"og:image\" content=\"https:\/\/inzainox.com\/wp-content\/uploads\/2026\/02\/Canales-de-Acero-Inoxidable.png\" \/>\n\t<meta property=\"og:image:width\" content=\"350\" \/>\n\t<meta property=\"og:image:height\" content=\"613\" \/>\n\t<meta property=\"og:image:type\" content=\"image\/png\" \/>\n<meta name=\"twitter:card\" content=\"summary_large_image\" \/>\n<meta name=\"twitter:label1\" content=\"Gesch\u00e4tzte Lesezeit\" \/>\n\t<meta name=\"twitter:data1\" content=\"1\u00a0Minute\" \/>\n<!-- \/ Yoast SEO plugin. -->","yoast_head_json":{"title":"Cookie-Richtlinie - Inza Rinnen und Abl\u00e4ufe aus Edelstahl. Edelstahl-Entw\u00e4sserung f\u00fcr die Industrie","robots":{"index":"noindex","follow":"follow"},"og_locale":"de_DE","og_type":"article","og_title":"Cookie-Richtlinie - Inza Rinnen und Abl\u00e4ufe aus Edelstahl. Edelstahl-Entw\u00e4sserung f\u00fcr die Industrie","og_description":"Auf inzainox.com verwenden wir Cookies, um Ihr Surferlebnis n\u00fctzlicher und einfacher zu gestalten. Im Folgenden erkl\u00e4ren wir Ihnen, was diese sind, welche wir verwenden und wie Sie diese nach Ihren W\u00fcnschen konfigurieren oder deaktivieren k\u00f6nnen. 1. Was sind Cookies? Ein Cookie ist eine Datei, die auf Ihr Ger\u00e4t heruntergeladen wird, um Daten zu speichern, die ... Weiterlesen","og_url":"https:\/\/inzainox.com\/de\/cookie-richtlinie\/","og_site_name":"Inza Rinnen und Abl\u00e4ufe aus Edelstahl. Edelstahl-Entw\u00e4sserung f\u00fcr die Industrie","article_modified_time":"2026-03-30T11:54:36+00:00","og_image":[{"width":350,"height":613,"url":"https:\/\/inzainox.com\/wp-content\/uploads\/2026\/02\/Canales-de-Acero-Inoxidable.png","type":"image\/png"}],"twitter_card":"summary_large_image","twitter_misc":{"Gesch\u00e4tzte Lesezeit":"1\u00a0Minute"},"schema":{"@context":"https:\/\/schema.org","@graph":[{"@type":"WebPage","@id":"https:\/\/inzainox.com\/de\/cookie-richtlinie\/","url":"https:\/\/inzainox.com\/de\/cookie-richtlinie\/","name":"Cookie-Richtlinie - Inza Rinnen und Abl\u00e4ufe aus Edelstahl. Edelstahl-Entw\u00e4sserung f\u00fcr die Industrie","isPartOf":{"@id":"https:\/\/inzainox.com\/de\/#website"},"datePublished":"2020-05-05T13:30:13+00:00","dateModified":"2026-03-30T11:54:36+00:00","breadcrumb":{"@id":"https:\/\/inzainox.com\/de\/cookie-richtlinie\/#breadcrumb"},"inLanguage":"de","potentialAction":[{"@type":"ReadAction","target":["https:\/\/inzainox.com\/de\/cookie-richtlinie\/"]}]},{"@type":"BreadcrumbList","@id":"https:\/\/inzainox.com\/de\/cookie-richtlinie\/#breadcrumb","itemListElement":[{"@type":"ListItem","position":1,"name":"Startseite","item":"https:\/\/inzainox.com\/de\/neue-startseite\/"},{"@type":"ListItem","position":2,"name":"Cookie-Richtlinie"}]},{"@type":"WebSite","@id":"https:\/\/inzainox.com\/de\/#website","url":"https:\/\/inzainox.com\/de\/","name":"Inza Rinnen und Abl\u00e4ufe aus Edelstahl. Edelstahl-Entw\u00e4sserung f\u00fcr die Industrie","description":"Edelstahl-Entw\u00e4sserung f\u00fcr die Industrie","publisher":{"@id":"https:\/\/inzainox.com\/de\/#organization"},"alternateName":"Inza Inox","potentialAction":[{"@type":"SearchAction","target":{"@type":"EntryPoint","urlTemplate":"https:\/\/inzainox.com\/de\/?s={search_term_string}"},"query-input":{"@type":"PropertyValueSpecification","valueRequired":true,"valueName":"search_term_string"}}],"inLanguage":"de"},{"@type":"Organization","@id":"https:\/\/inzainox.com\/de\/#organization","name":"Inza Inox S.L.","alternateName":"Inza","url":"https:\/\/inzainox.com\/de\/","logo":{"@type":"ImageObject","inLanguage":"de","@id":"https:\/\/inzainox.com\/de\/#\/schema\/logo\/image\/","url":"https:\/\/inzainox.com\/wp-content\/uploads\/2020\/05\/cropped-NUEVA-INZA-2-5.png","contentUrl":"https:\/\/inzainox.com\/wp-content\/uploads\/2020\/05\/cropped-NUEVA-INZA-2-5.png","width":549,"height":264,"caption":"Inza Inox S.L."},"image":{"@id":"https:\/\/inzainox.com\/de\/#\/schema\/logo\/image\/"}}]}},"_links":{"self":[{"href":"https:\/\/inzainox.com\/de\/wp-json\/wp\/v2\/pages\/8527","targetHints":{"allow":["GET"]}}],"collection":[{"href":"https:\/\/inzainox.com\/de\/wp-json\/wp\/v2\/pages"}],"about":[{"href":"https:\/\/inzainox.com\/de\/wp-json\/wp\/v2\/types\/page"}],"author":[{"embeddable":true,"href":"https:\/\/inzainox.com\/de\/wp-json\/wp\/v2\/users\/1"}],"replies":[{"embeddable":true,"href":"https:\/\/inzainox.com\/de\/wp-json\/wp\/v2\/comments?post=8527"}],"version-history":[{"count":1,"href":"https:\/\/inzainox.com\/de\/wp-json\/wp\/v2\/pages\/8527\/revisions"}],"predecessor-version":[{"id":8528,"href":"https:\/\/inzainox.com\/de\/wp-json\/wp\/v2\/pages\/8527\/revisions\/8528"}],"wp:attachment":[{"href":"https:\/\/inzainox.com\/de\/wp-json\/wp\/v2\/media?parent=8527"}],"curies":[{"name":"wp","href":"https:\/\/api.w.org\/{rel}","templated":true}]}}