{"id":11595,"date":"2021-12-21T12:13:08","date_gmt":"2021-12-21T12:13:08","guid":{"rendered":"https:\/\/inzainox.com\/allgemeine-geschaeftsbedingungen\/"},"modified":"2026-03-31T18:58:21","modified_gmt":"2026-03-31T18:58:21","slug":"allgemeine-geschaeftsbedingungen","status":"publish","type":"page","link":"https:\/\/inzainox.com\/de\/allgemeine-geschaeftsbedingungen\/","title":{"rendered":"Allgemeine Gesch\u00e4ftsbedingungen"},"content":{"rendered":"\t\t<div data-elementor-type=\"wp-page\" data-elementor-id=\"11595\" class=\"elementor elementor-11595 elementor-2196\">\n\t\t\t\t\t\t<section class=\"elementor-section elementor-top-section elementor-element elementor-element-70b13fe1 elementor-section-boxed elementor-section-height-default elementor-section-height-default\" data-id=\"70b13fe1\" data-element_type=\"section\" data-e-type=\"section\">\n\t\t\t\t\t\t<div class=\"elementor-container elementor-column-gap-default\">\n\t\t\t\t\t<div class=\"elementor-column elementor-col-100 elementor-top-column elementor-element elementor-element-3e7772bc\" data-id=\"3e7772bc\" data-element_type=\"column\" data-e-type=\"column\">\n\t\t\t<div class=\"elementor-widget-wrap elementor-element-populated\">\n\t\t\t\t\t\t<div class=\"elementor-element elementor-element-12219a8f elementor-widget elementor-widget-text-editor\" data-id=\"12219a8f\" data-element_type=\"widget\" data-e-type=\"widget\" data-widget_type=\"text-editor.default\">\n\t\t\t\t<div class=\"elementor-widget-container\">\n\t\t\t\t\t\t\t\t\t<h2 data-path-to-node=\"4\">Allgemeine Gesch\u00e4ftsbedingungen<\/h2>\n<p data-path-to-node=\"5\"><b data-path-to-node=\"5\" data-index-in-node=\"0\">1. GEGENSTAND UND ALLGEMEINES<\/b> Die vorliegenden Allgemeinen Nutzungsbedingungen, Verkaufsbedingungen und die Datenschutzrichtlinie regeln die Nutzung der Website inzainox.com (im Folgenden \u201edie Website\u201c), deren Inhaber Inza Inox S.L. (im Folgenden DAS UNTERNEHMEN) mit der Steuernummer (CIF) B-16678591 und Sitz in C\/ Mar\u00eda Auxiliadora 35, Majadahonda, PLZ 28221 (Madrid), ist.<\/p>\n<p data-path-to-node=\"6\">\u00dcber ihre Website inzainox.com stellt DAS UNTERNEHMEN Informationen \u00fcber ihre Produkte bereit und bietet die M\u00f6glichkeit des Erwerbs sowohl f\u00fcr Privatkunden (B2C) als auch f\u00fcr Fachleute und Unternehmen (B2B). Die Aufgabe einer Bestellung bedeutet die vollst\u00e4ndige und vorbehaltlose Annahme der vorliegenden Bedingungen in der zum Zeitpunkt des Zugriffs auf die Website ver\u00f6ffentlichten Fassung. <\/p>\n<p data-path-to-node=\"7\">DAS UNTERNEHMEN vertreibt und versendet seine Produkte in die <b data-path-to-node=\"7\" data-index-in-node=\"46\">gesamte Europ\u00e4ische Union<\/b> (im Folgenden das \u201eGebiet\u201c). Sollte ein Nutzer am Erhalt eines Artikels au\u00dferhalb dieses Gebiets interessiert sein, muss er DAS UNTERNEHMEN \u00fcber die E-Mail-Adresse info@inzainox.com kontaktieren, um die Durchf\u00fchrbarkeit der Anfrage zu pr\u00fcfen. <\/p>\n<p data-path-to-node=\"8\"><b data-path-to-node=\"8\" data-index-in-node=\"0\">2. PRODUKTINFORMATIONEN<\/b> Die Beschreibungen der auf der Website ausgestellten Produkte erfolgen auf Grundlage der von den Lieferanten bereitgestellten Informationen und der technischen Datenbl\u00e4tter DES UNTERNEHMENS. Die Fotos, Videos und Spezifikationen werden auf inzainox.com zu Orientierungszwecken dargestellt, um gr\u00f6\u00dftm\u00f6gliche Genauigkeit zu bieten. <\/p>\n<p data-path-to-node=\"9\"><b data-path-to-node=\"9\" data-index-in-node=\"0\">3. PREISE UND STEUERN<\/b> Die f\u00fcr jedes Produkt angegebenen Preise werden in Euro (\u20ac) ausgedr\u00fcckt und enthalten standardm\u00e4\u00dfig <b data-path-to-node=\"9\" data-index-in-node=\"116\">weder die Mehrwertsteuer (MwSt.)<\/b> noch die Versandkosten.<\/p>\n<ul data-path-to-node=\"10\">\n<li>\n<p data-path-to-node=\"10,0,0\"><b data-path-to-node=\"10,0,0\" data-index-in-node=\"0\">Steuerberechnung:<\/b> Im abschlie\u00dfenden Kaufprozess (Checkout) wird die entsprechende MwSt. je nach Bestimmungsland und Kundentyp angewendet.<\/p>\n<\/li>\n<li>\n<p data-path-to-node=\"10,1,0\"><b data-path-to-node=\"10,1,0\" data-index-in-node=\"0\">Innergemeinschaftliche Unternehmer (VIES):<\/b> K\u00e4ufe von Unternehmen oder Gewerbetreibenden aus der Europ\u00e4ischen Union (au\u00dferhalb Spaniens), die \u00fcber eine g\u00fcltige innergemeinschaftliche USt-IdNr. (VIES) verf\u00fcgen, sind von der MwSt. befreit (0 %). Das System \u00fcberpr\u00fcft die G\u00fcltigkeit der VIES-Nummer und wendet die Befreiung automatisch vor der Zahlung an. <\/p>\n<\/li>\n<\/ul>\n<p data-path-to-node=\"11\"><b data-path-to-node=\"11\" data-index-in-node=\"0\">4. VERSANDKOSTEN<\/b> Die Versandkosten sind nicht im Produktpreis enthalten. Sie werden w\u00e4hrend des Kaufvorgangs automatisch berechnet, abh\u00e4ngig vom Land, der Postleitzahl des Bestimmungsorts und dem Gewicht\/Volumen der Bestellung. DAS UNTERNEHMEN bietet <b data-path-to-node=\"11\" data-index-in-node=\"242\">kostenlosen Versand<\/b> ab einem bestimmten Bestellwert an. Diese Schwelle f\u00fcr kostenlosen Versand variiert je nach Zielgebiet und wird dem Kunden w\u00e4hrend des Zahlungsvorgangs deutlich angezeigt.   <\/p>\n<p data-path-to-node=\"12\"><b data-path-to-node=\"12\" data-index-in-node=\"0\">5. ZAHLUNGSMETHODEN<\/b> Der Kunde kann den Betrag seiner Bestellung bezahlen, indem er w\u00e4hrend des Kaufvorgangs eine der folgenden Zahlungsarten w\u00e4hlt:<\/p>\n<ul data-path-to-node=\"13\">\n<li>\n<p data-path-to-node=\"13,0,0\"><b data-path-to-node=\"13,0,0\" data-index-in-node=\"0\">Kredit-\/Debitkarte:<\/b> \u00dcber das sichere Zahlungsgateway von Redsys, das die Verschl\u00fcsselung und maximale Sicherheit der Bankdaten gew\u00e4hrleistet.<\/p>\n<\/li>\n<li>\n<p data-path-to-node=\"13,1,0\"><b data-path-to-node=\"13,1,0\" data-index-in-node=\"0\">Bank\u00fcberweisung:<\/b> Die Bestellung wird bearbeitet, sobald der Betrag auf dem Bankkonto DES UNTERNEHMENS eingegangen ist.<\/p>\n<\/li>\n<\/ul>\n<p data-path-to-node=\"14\">Der Kunde kann die Rechnung in Papierform oder digitalem Format anfordern, indem er sich mit DEM UNTERNEHMEN \u00fcber die E-Mail-Adresse info@inzainox.com in Verbindung setzt.<\/p>\n<p data-path-to-node=\"15\"><b data-path-to-node=\"15\" data-index-in-node=\"0\">6. VERF\u00dcGBARKEIT<\/b> DAS UNTERNEHMEN h\u00e4lt den Lagerbestand aktuell. Sollte jedoch aufgrund au\u00dfergew\u00f6hnlicher Umst\u00e4nde oder IT-St\u00f6rungen ein erworbenes Produkt nicht verf\u00fcgbar sein, wird der Kunde per E-Mail informiert und erh\u00e4lt eine Alternative mit \u00e4hnlichen Eigenschaften oder die sofortige R\u00fcckerstattung des f\u00fcr dieses Produkt gezahlten Betrags angeboten. <\/p>\n<p data-path-to-node=\"16\"><b data-path-to-node=\"16\" data-index-in-node=\"0\">7. LIEFERFRISTEN UND ZUSTELLUNG<\/b> Die Bestellungen werden an die vom Kunden angegebene Adresse geliefert. DAS UNTERNEHMEN \u00fcbernimmt keine Verantwortung f\u00fcr Zustellfehler, wenn die eingegebene Adresse unvollst\u00e4ndig oder falsch ist. <\/p>\n<ul data-path-to-node=\"17\">\n<li>\n<p data-path-to-node=\"17,0,0\"><b data-path-to-node=\"17,0,0\" data-index-in-node=\"0\">Lieferfrist:<\/b> Die gesch\u00e4tzte Lieferzeit betr\u00e4gt <b data-path-to-node=\"17,0,0\" data-index-in-node=\"55\">zwischen 2 und 21 Werktagen<\/b>, abh\u00e4ngig von der Adresse und dem Bestimmungsland sowie der Verf\u00fcgbarkeit des Artikels (Standardfertigung oder Ma\u00dfanfertigung).<\/p>\n<\/li>\n<li>\n<p data-path-to-node=\"17,1,0\"><b data-path-to-node=\"17,1,0\" data-index-in-node=\"0\">Sorgfalt bei der Zustellung:<\/b> Der Kunde muss den einwandfreien Zustand des Pakets in Anwesenheit des Spediteurs \u00fcberpr\u00fcfen. Sollte er Anomalien, St\u00f6\u00dfe oder Besch\u00e4digungen an der Verpackung feststellen, muss er dies im Lieferschein des Spediteurs vermerken und DAS UNTERNEHMEN innerhalb von 24 Stunden nach Zustellung unter info@inzainox.com informieren. <\/p>\n<\/li>\n<\/ul>\n<p data-path-to-node=\"18\"><b data-path-to-node=\"18\" data-index-in-node=\"0\">8. WIDERRUFSRECHT UND R\u00dcCKSENDUNGEN<\/b><\/p>\n<ul data-path-to-node=\"19\">\n<li>\n<p data-path-to-node=\"19,0,0\"><b data-path-to-node=\"19,0,0\" data-index-in-node=\"0\">F\u00fcr Privatkunden (B2C):<\/b> Der Verbraucher hat ab Erhalt der Bestellung eine Frist von 14 Kalendertagen, um sein Widerrufsrecht auszu\u00fcben.<\/p>\n<\/li>\n<li>\n<p data-path-to-node=\"19,1,0\"><b data-path-to-node=\"19,1,0\" data-index-in-node=\"0\">R\u00fccksendebedingungen:<\/b> Das Produkt muss in einwandfreiem Zustand, ohne installiert oder verwendet worden zu sein, und in seiner Originalverpackung zur\u00fcckgesandt werden. Die Versandkosten f\u00fcr die R\u00fccksendung tr\u00e4gt der Kunde. <\/p>\n<\/li>\n<li>\n<p data-path-to-node=\"19,2,0\"><b data-path-to-node=\"19,2,0\" data-index-in-node=\"0\">Ausnahmen:<\/b> Die R\u00fccksendung von ma\u00dfgefertigten Produkten, die nach den Spezifikationen des Kunden personalisiert wurden, oder solchen, die aus hygienischen Gr\u00fcnden nach dem Entsiegeln nicht f\u00fcr eine R\u00fccksendung geeignet sind, wird nicht akzeptiert.<\/p>\n<\/li>\n<li>\n<p data-path-to-node=\"19,3,0\">Die R\u00fcckerstattung wird unter Verwendung derselben Zahlungsmethode wie beim urspr\u00fcnglichen Kauf innerhalb von maximal 14 Tagen nach Erhalt und Pr\u00fcfung der Ware in unseren Lagern abgewickelt.<\/p>\n<\/li>\n<\/ul>\n<p data-path-to-node=\"20\"><b data-path-to-node=\"20\" data-index-in-node=\"0\">9. PRODUKTGARANTIE<\/b><\/p>\n<ul data-path-to-node=\"21\">\n<li>\n<p data-path-to-node=\"21,0,0\"><b data-path-to-node=\"21,0,0\" data-index-in-node=\"0\">Privatkunden (B2C):<\/b> Die Produkte verf\u00fcgen \u00fcber eine gesetzliche Garantie von <b data-path-to-node=\"21,0,0\" data-index-in-node=\"77\">3 Jahren<\/b> gegen Herstellungsfehler gem\u00e4\u00df den geltenden Verbraucherschutzbestimmungen (Real Decreto Legislativo 1\/2007 in aktualisierter Fassung).<\/p>\n<\/li>\n<li>\n<p data-path-to-node=\"21,1,0\"><b data-path-to-node=\"21,1,0\" data-index-in-node=\"0\">Gewerbliche Kunden oder Unternehmen (B2B):<\/b> F\u00fcr K\u00e4ufe zu gewerblichen oder industriellen Zwecken betr\u00e4gt die Garantie <b data-path-to-node=\"21,1,0\" data-index-in-node=\"123\">1 Jahr<\/b> gegen Herstellungsfehler. Die Garantie deckt keine Sch\u00e4den ab, die durch unsachgem\u00e4\u00dfe Verwendung, fehlerhafte Installation, normalen Verschlei\u00df oder die Verwendung korrosiver Reinigungschemikalien verursacht wurden, die f\u00fcr den erworbenen Edelstahl nicht geeignet sind. <\/p>\n<\/li>\n<\/ul>\n<p data-path-to-node=\"22\"><b data-path-to-node=\"22\" data-index-in-node=\"0\">10. ANWENDBARES RECHT UND GERICHTSSTAND<\/b> Die vorliegenden Bedingungen unterliegen spanischem Recht.<\/p>\n<ul data-path-to-node=\"23\">\n<li>\n<p data-path-to-node=\"23,0,0\">Zur Beilegung von Streitigkeiten mit <b data-path-to-node=\"23,0,0\" data-index-in-node=\"49\">gewerblichen Kunden (B2B)<\/b> unterwerfen sich die Parteien ausdr\u00fccklich der Zust\u00e4ndigkeit der Gerichte der Stadt Madrid (Spanien).<\/p>\n<\/li>\n<li>\n<p data-path-to-node=\"23,1,0\">Bei Streitigkeiten mit <b data-path-to-node=\"23,1,0\" data-index-in-node=\"20\">Privatkunden (B2C)<\/b> liegt die \u00f6rtliche Zust\u00e4ndigkeit bei den Gerichten des Wohnsitzes des Verbrauchers gem\u00e4\u00df den europ\u00e4ischen Verbraucherschutzbestimmungen.<\/p>\n<\/li>\n<\/ul>\n<p><\/p>\t\t\t\t\t\t\t\t<\/div>\n\t\t\t\t<\/div>\n\t\t\t\t\t<\/div>\n\t\t<\/div>\n\t\t\t\t\t<\/div>\n\t\t<\/section>\n\t\t\t\t<\/div>\n\t\t","protected":false},"excerpt":{"rendered":"<p>Allgemeine Gesch\u00e4ftsbedingungen 1. GEGENSTAND UND ALLGEMEINES Die vorliegenden Allgemeinen Nutzungsbedingungen, Verkaufsbedingungen und die Datenschutzrichtlinie regeln die Nutzung der Website inzainox.com (im Folgenden \u201edie Website\u201c), deren Inhaber Inza Inox S.L. (im Folgenden DAS UNTERNEHMEN) mit der Steuernummer (CIF) B-16678591 und Sitz in C\/ Mar\u00eda Auxiliadora 35, Majadahonda, PLZ 28221 (Madrid), ist. \u00dcber ihre Website inzainox.com stellt &#8230; <a title=\"Allgemeine Gesch\u00e4ftsbedingungen\" class=\"read-more\" href=\"https:\/\/inzainox.com\/de\/allgemeine-geschaeftsbedingungen\/\" aria-label=\"Mehr Informationen \u00fcber Allgemeine Gesch\u00e4ftsbedingungen\">Weiterlesen<\/a><\/p>\n","protected":false},"author":1,"featured_media":0,"parent":0,"menu_order":0,"comment_status":"closed","ping_status":"closed","template":"","meta":{"footnotes":""},"class_list":["post-11595","page","type-page","status-publish"],"yoast_head":"<!-- This site is optimized with the Yoast SEO plugin v27.1.1 - https:\/\/yoast.com\/product\/yoast-seo-wordpress\/ -->\n<title>Allgemeine Gesch\u00e4ftsbedingungen - Inza Rinnen und Abl\u00e4ufe aus Edelstahl. Edelstahl-Entw\u00e4sserung f\u00fcr die Industrie<\/title>\n<meta name=\"robots\" content=\"noindex, nofollow\" \/>\n<meta property=\"og:locale\" content=\"de_DE\" \/>\n<meta property=\"og:type\" content=\"article\" \/>\n<meta property=\"og:title\" content=\"Allgemeine Gesch\u00e4ftsbedingungen - Inza Rinnen und Abl\u00e4ufe aus Edelstahl. Edelstahl-Entw\u00e4sserung f\u00fcr die Industrie\" \/>\n<meta property=\"og:description\" content=\"Allgemeine Gesch\u00e4ftsbedingungen 1. GEGENSTAND UND ALLGEMEINES Die vorliegenden Allgemeinen Nutzungsbedingungen, Verkaufsbedingungen und die Datenschutzrichtlinie regeln die Nutzung der Website inzainox.com (im Folgenden \u201edie Website\u201c), deren Inhaber Inza Inox S.L. (im Folgenden DAS UNTERNEHMEN) mit der Steuernummer (CIF) B-16678591 und Sitz in C\/ Mar\u00eda Auxiliadora 35, Majadahonda, PLZ 28221 (Madrid), ist. \u00dcber ihre Website inzainox.com stellt ... Weiterlesen\" \/>\n<meta property=\"og:url\" content=\"https:\/\/inzainox.com\/de\/allgemeine-geschaeftsbedingungen\/\" \/>\n<meta property=\"og:site_name\" content=\"Inza Rinnen und Abl\u00e4ufe aus Edelstahl. Edelstahl-Entw\u00e4sserung f\u00fcr die Industrie\" \/>\n<meta property=\"article:modified_time\" content=\"2026-03-31T18:58:21+00:00\" \/>\n<meta property=\"og:image\" content=\"https:\/\/inzainox.com\/wp-content\/uploads\/2026\/02\/Canales-de-Acero-Inoxidable.png\" \/>\n\t<meta property=\"og:image:width\" content=\"350\" \/>\n\t<meta property=\"og:image:height\" content=\"613\" \/>\n\t<meta property=\"og:image:type\" content=\"image\/png\" \/>\n<meta name=\"twitter:card\" content=\"summary_large_image\" \/>\n<meta name=\"twitter:label1\" content=\"Gesch\u00e4tzte Lesezeit\" \/>\n\t<meta name=\"twitter:data1\" content=\"4\u00a0Minuten\" \/>\n<!-- \/ Yoast SEO plugin. -->","yoast_head_json":{"title":"Allgemeine Gesch\u00e4ftsbedingungen - Inza Rinnen und Abl\u00e4ufe aus Edelstahl. Edelstahl-Entw\u00e4sserung f\u00fcr die Industrie","robots":{"index":"noindex","follow":"nofollow"},"og_locale":"de_DE","og_type":"article","og_title":"Allgemeine Gesch\u00e4ftsbedingungen - Inza Rinnen und Abl\u00e4ufe aus Edelstahl. Edelstahl-Entw\u00e4sserung f\u00fcr die Industrie","og_description":"Allgemeine Gesch\u00e4ftsbedingungen 1. GEGENSTAND UND ALLGEMEINES Die vorliegenden Allgemeinen Nutzungsbedingungen, Verkaufsbedingungen und die Datenschutzrichtlinie regeln die Nutzung der Website inzainox.com (im Folgenden \u201edie Website\u201c), deren Inhaber Inza Inox S.L. (im Folgenden DAS UNTERNEHMEN) mit der Steuernummer (CIF) B-16678591 und Sitz in C\/ Mar\u00eda Auxiliadora 35, Majadahonda, PLZ 28221 (Madrid), ist. \u00dcber ihre Website inzainox.com stellt ... Weiterlesen","og_url":"https:\/\/inzainox.com\/de\/allgemeine-geschaeftsbedingungen\/","og_site_name":"Inza Rinnen und Abl\u00e4ufe aus Edelstahl. Edelstahl-Entw\u00e4sserung f\u00fcr die Industrie","article_modified_time":"2026-03-31T18:58:21+00:00","og_image":[{"width":350,"height":613,"url":"https:\/\/inzainox.com\/wp-content\/uploads\/2026\/02\/Canales-de-Acero-Inoxidable.png","type":"image\/png"}],"twitter_card":"summary_large_image","twitter_misc":{"Gesch\u00e4tzte Lesezeit":"4\u00a0Minuten"},"schema":{"@context":"https:\/\/schema.org","@graph":[{"@type":"WebPage","@id":"https:\/\/inzainox.com\/de\/allgemeine-geschaeftsbedingungen\/","url":"https:\/\/inzainox.com\/de\/allgemeine-geschaeftsbedingungen\/","name":"Allgemeine Gesch\u00e4ftsbedingungen - Inza Rinnen und Abl\u00e4ufe aus Edelstahl. Edelstahl-Entw\u00e4sserung f\u00fcr die Industrie","isPartOf":{"@id":"https:\/\/inzainox.com\/de\/#website"},"datePublished":"2021-12-21T12:13:08+00:00","dateModified":"2026-03-31T18:58:21+00:00","breadcrumb":{"@id":"https:\/\/inzainox.com\/de\/allgemeine-geschaeftsbedingungen\/#breadcrumb"},"inLanguage":"de","potentialAction":[{"@type":"ReadAction","target":["https:\/\/inzainox.com\/de\/allgemeine-geschaeftsbedingungen\/"]}]},{"@type":"BreadcrumbList","@id":"https:\/\/inzainox.com\/de\/allgemeine-geschaeftsbedingungen\/#breadcrumb","itemListElement":[{"@type":"ListItem","position":1,"name":"Startseite","item":"https:\/\/inzainox.com\/de\/neue-startseite\/"},{"@type":"ListItem","position":2,"name":"Allgemeine Gesch\u00e4ftsbedingungen"}]},{"@type":"WebSite","@id":"https:\/\/inzainox.com\/de\/#website","url":"https:\/\/inzainox.com\/de\/","name":"Inza Rinnen und Abl\u00e4ufe aus Edelstahl. Edelstahl-Entw\u00e4sserung f\u00fcr die Industrie","description":"Edelstahl-Entw\u00e4sserung f\u00fcr die Industrie","publisher":{"@id":"https:\/\/inzainox.com\/de\/#organization"},"alternateName":"Inza Inox","potentialAction":[{"@type":"SearchAction","target":{"@type":"EntryPoint","urlTemplate":"https:\/\/inzainox.com\/de\/?s={search_term_string}"},"query-input":{"@type":"PropertyValueSpecification","valueRequired":true,"valueName":"search_term_string"}}],"inLanguage":"de"},{"@type":"Organization","@id":"https:\/\/inzainox.com\/de\/#organization","name":"Inza Inox S.L.","alternateName":"Inza","url":"https:\/\/inzainox.com\/de\/","logo":{"@type":"ImageObject","inLanguage":"de","@id":"https:\/\/inzainox.com\/de\/#\/schema\/logo\/image\/","url":"https:\/\/inzainox.com\/wp-content\/uploads\/2020\/05\/cropped-NUEVA-INZA-2-5.png","contentUrl":"https:\/\/inzainox.com\/wp-content\/uploads\/2020\/05\/cropped-NUEVA-INZA-2-5.png","width":549,"height":264,"caption":"Inza Inox S.L."},"image":{"@id":"https:\/\/inzainox.com\/de\/#\/schema\/logo\/image\/"}}]}},"_links":{"self":[{"href":"https:\/\/inzainox.com\/de\/wp-json\/wp\/v2\/pages\/11595","targetHints":{"allow":["GET"]}}],"collection":[{"href":"https:\/\/inzainox.com\/de\/wp-json\/wp\/v2\/pages"}],"about":[{"href":"https:\/\/inzainox.com\/de\/wp-json\/wp\/v2\/types\/page"}],"author":[{"embeddable":true,"href":"https:\/\/inzainox.com\/de\/wp-json\/wp\/v2\/users\/1"}],"replies":[{"embeddable":true,"href":"https:\/\/inzainox.com\/de\/wp-json\/wp\/v2\/comments?post=11595"}],"version-history":[{"count":1,"href":"https:\/\/inzainox.com\/de\/wp-json\/wp\/v2\/pages\/11595\/revisions"}],"predecessor-version":[{"id":11596,"href":"https:\/\/inzainox.com\/de\/wp-json\/wp\/v2\/pages\/11595\/revisions\/11596"}],"wp:attachment":[{"href":"https:\/\/inzainox.com\/de\/wp-json\/wp\/v2\/media?parent=11595"}],"curies":[{"name":"wp","href":"https:\/\/api.w.org\/{rel}","templated":true}]}}